{"id":265,"date":"2017-07-28T11:17:43","date_gmt":"2017-07-28T09:17:43","guid":{"rendered":"https:\/\/iste.yhello.co\/product\/formes-en-devenir\/"},"modified":"2024-01-03T13:39:09","modified_gmt":"2024-01-03T13:39:09","slug":"formes-en-devenir","status":"publish","type":"product","link":"https:\/\/www.istegroup.com\/en\/produit\/formes-en-devenir\/","title":{"rendered":"Formes en devenir"},"content":{"rendered":"<p>La vie sociale est structur\u00e9e par des formes, donnant tout leur sens aux relations, aux communaut\u00e9s, \u00e0 la construction des exp\u00e9riences individuelles et \u00e0 la transmission des valeurs collectives.<\/p>\n<p>Ces formes constituent des instances de m\u00e9diation structurant les processus de communication, tout en configurant la perception que les acteurs ont de la r\u00e9alit\u00e9 sociale. Elles sont \u00e0 la fois technologiques, linguistiques, narratives interactionnelles, symboliques (tels les rites), culturelles, organisationnelles et architecturales. Mais il peut aussi s\u2019agir de dispositifs techno-m\u00e9diatiques ou encore de repr\u00e9sentations, comme les formes mentales.<\/p>\n<p>Toutes contribuent \u00e0 \u00ab architecturer \u00bb notre rapport \u00e0 nous-m\u00eames, aux autres et au monde, formant notre perception m\u00eame des choses. Proposant des analyses th\u00e9matiques, m\u00ealant approches th\u00e9oriques et empiriques, cet ouvrage traite des formes de la communication dans toute leur richesse et leur complexit\u00e9.<\/p>\n","protected":false},"excerpt":{"rendered":"<p>La vie sociale est structur\u00e9e par des formes, donnant tout leur sens aux relations, aux communaut\u00e9s, \u00e0 la construction des exp\u00e9riences individuelles et \u00e0 la transmission des valeurs collectives. Ces formes constituent des instances de m\u00e9diation structurant les processus de communication, tout en configurant la perception que les acteurs ont de la r\u00e9alit\u00e9 sociale. Elles [&hellip;]<\/p>\n","protected":false},"featured_media":266,"template":"","meta":{"_acf_changed":false,"_links_to":"","_links_to_target":""},"product_brand":[],"product_cat":[684],"product_tag":[1325,1326,170,1005,31,196,1327,1328,197,198,199,21,200,22,201,1329,1330,203,204,63,25,172,209,1008,212,38,192,145,28,1331,1332],"class_list":{"0":"post-265","1":"product","2":"type-product","3":"status-publish","4":"has-post-thumbnail","6":"product_cat-sciences-socit-et-nouvelles-technologies-188422468","7":"product_tag-apprentissage","8":"product_tag-cognition","9":"product_tag-communication","10":"product_tag-connaissances","11":"product_tag-ebook","12":"product_tag-ebooks","13":"product_tag-formes-en-devenir","14":"product_tag-isbn-978-1-78405-011-5","15":"product_tag-iste","16":"product_tag-iste-edition","17":"product_tag-iste-editions","18":"product_tag-iste-group","19":"product_tag-isteedition","20":"product_tag-istegroup","21":"product_tag-kindle","22":"product_tag-lardellier","23":"product_tag-linguistique-computationnelle","24":"product_tag-liseuse","25":"product_tag-livre","26":"product_tag-livre-electronique","27":"product_tag-livre-numerique","28":"product_tag-livre-scientifique","29":"product_tag-livres-scientifiques","30":"product_tag-management","31":"product_tag-ouvrage","32":"product_tag-ouvrage-numerique","33":"product_tag-ouvrage-science","34":"product_tag-ouvrage-scientifique","35":"product_tag-ouvrage-scientifique-francais","36":"product_tag-pascal-lardellier","37":"product_tag-simulationjeuxserieux","39":"first","40":"instock","41":"shipping-taxable","42":"purchasable","43":"product-type-variable"},"acf":[],"yoast_head":"<!-- This site is optimized with the Yoast SEO plugin v27.2 - https:\/\/yoast.com\/product\/yoast-seo-wordpress\/ -->\n<title>Formes en devenir - ISTE Group<\/title>\n<meta name=\"description\" content=\"M\u00ealant approches th\u00e9oriques et empiriques, cet ouvrage traite des formes de la communication dans toute leur richesse et leur complexit\u00e9.\" \/>\n<meta name=\"robots\" content=\"index, follow, max-snippet:-1, max-image-preview:large, max-video-preview:-1\" \/>\n<link rel=\"canonical\" href=\"https:\/\/www.istegroup.com\/fr\/produit\/formes-en-devenir\/\" \/>\n<meta property=\"og:locale\" content=\"en_US\" \/>\n<meta property=\"og:type\" content=\"article\" \/>\n<meta property=\"og:title\" content=\"Formes en devenir - ISTE Group\" \/>\n<meta property=\"og:description\" content=\"M\u00ealant approches th\u00e9oriques et empiriques, cet ouvrage traite des formes de la communication dans toute leur richesse et leur complexit\u00e9.\" \/>\n<meta property=\"og:url\" content=\"https:\/\/www.istegroup.com\/fr\/produit\/formes-en-devenir\/\" \/>\n<meta property=\"og:site_name\" content=\"ISTE Group\" \/>\n<meta property=\"article:modified_time\" content=\"2024-01-03T13:39:09+00:00\" \/>\n<meta property=\"og:image\" content=\"https:\/\/www.istegroup.com\/wp-content\/uploads\/2017\/07\/430393405_200069093-1.jpg\" \/>\n\t<meta property=\"og:image:width\" content=\"300\" \/>\n\t<meta property=\"og:image:height\" content=\"451\" \/>\n\t<meta property=\"og:image:type\" content=\"image\/jpeg\" \/>\n<meta name=\"twitter:card\" content=\"summary_large_image\" \/>\n<meta name=\"twitter:label1\" content=\"Est. reading time\" \/>\n\t<meta name=\"twitter:data1\" content=\"1 minute\" \/>\n<script type=\"application\/ld+json\" class=\"yoast-schema-graph\">{\"@context\":\"https:\/\/schema.org\",\"@graph\":[{\"@type\":\"WebPage\",\"@id\":\"https:\/\/www.istegroup.com\/fr\/produit\/formes-en-devenir\/\",\"url\":\"https:\/\/www.istegroup.com\/fr\/produit\/formes-en-devenir\/\",\"name\":\"Formes en devenir - ISTE Group\",\"isPartOf\":{\"@id\":\"https:\/\/www.istegroup.com\/#website\"},\"primaryImageOfPage\":{\"@id\":\"https:\/\/www.istegroup.com\/fr\/produit\/formes-en-devenir\/#primaryimage\"},\"image\":{\"@id\":\"https:\/\/www.istegroup.com\/fr\/produit\/formes-en-devenir\/#primaryimage\"},\"thumbnailUrl\":\"https:\/\/www.istegroup.com\/wp-content\/uploads\/2017\/07\/430393405_200069093-1.jpg\",\"datePublished\":\"2017-07-28T09:17:43+00:00\",\"dateModified\":\"2024-01-03T13:39:09+00:00\",\"description\":\"M\u00ealant approches th\u00e9oriques et empiriques, cet ouvrage traite des formes de la communication dans toute leur richesse et leur complexit\u00e9.\",\"breadcrumb\":{\"@id\":\"https:\/\/www.istegroup.com\/fr\/produit\/formes-en-devenir\/#breadcrumb\"},\"inLanguage\":\"en-US\",\"potentialAction\":[{\"@type\":\"ReadAction\",\"target\":[\"https:\/\/www.istegroup.com\/fr\/produit\/formes-en-devenir\/\"]}]},{\"@type\":\"ImageObject\",\"inLanguage\":\"en-US\",\"@id\":\"https:\/\/www.istegroup.com\/fr\/produit\/formes-en-devenir\/#primaryimage\",\"url\":\"https:\/\/www.istegroup.com\/wp-content\/uploads\/2017\/07\/430393405_200069093-1.jpg\",\"contentUrl\":\"https:\/\/www.istegroup.com\/wp-content\/uploads\/2017\/07\/430393405_200069093-1.jpg\",\"width\":300,\"height\":451,\"caption\":\"Approches technologiques, communicationnelles et symboliques\"},{\"@type\":\"BreadcrumbList\",\"@id\":\"https:\/\/www.istegroup.com\/fr\/produit\/formes-en-devenir\/#breadcrumb\",\"itemListElement\":[{\"@type\":\"ListItem\",\"position\":1,\"name\":\"Home\",\"item\":\"https:\/\/www.istegroup.com\/\"},{\"@type\":\"ListItem\",\"position\":2,\"name\":\"Shop\",\"item\":\"https:\/\/www.istegroup.com\/fr\/nouveautes\/\"},{\"@type\":\"ListItem\",\"position\":3,\"name\":\"Formes en devenir\"}]},{\"@type\":\"WebSite\",\"@id\":\"https:\/\/www.istegroup.com\/#website\",\"url\":\"https:\/\/www.istegroup.com\/\",\"name\":\"ISTE Group\",\"description\":\"Publishing Knowledge\",\"potentialAction\":[{\"@type\":\"SearchAction\",\"target\":{\"@type\":\"EntryPoint\",\"urlTemplate\":\"https:\/\/www.istegroup.com\/?s={search_term_string}\"},\"query-input\":{\"@type\":\"PropertyValueSpecification\",\"valueRequired\":true,\"valueName\":\"search_term_string\"}}],\"inLanguage\":\"en-US\"}]}<\/script>\n<!-- \/ Yoast SEO plugin. -->","yoast_head_json":{"title":"Formes en devenir - ISTE Group","description":"M\u00ealant approches th\u00e9oriques et empiriques, cet ouvrage traite des formes de la communication dans toute leur richesse et leur complexit\u00e9.","robots":{"index":"index","follow":"follow","max-snippet":"max-snippet:-1","max-image-preview":"max-image-preview:large","max-video-preview":"max-video-preview:-1"},"canonical":"https:\/\/www.istegroup.com\/fr\/produit\/formes-en-devenir\/","og_locale":"en_US","og_type":"article","og_title":"Formes en devenir - ISTE Group","og_description":"M\u00ealant approches th\u00e9oriques et empiriques, cet ouvrage traite des formes de la communication dans toute leur richesse et leur complexit\u00e9.","og_url":"https:\/\/www.istegroup.com\/fr\/produit\/formes-en-devenir\/","og_site_name":"ISTE Group","article_modified_time":"2024-01-03T13:39:09+00:00","og_image":[{"width":300,"height":451,"url":"https:\/\/www.istegroup.com\/wp-content\/uploads\/2017\/07\/430393405_200069093-1.jpg","type":"image\/jpeg"}],"twitter_card":"summary_large_image","twitter_misc":{"Est. reading time":"1 minute"},"schema":{"@context":"https:\/\/schema.org","@graph":[{"@type":"WebPage","@id":"https:\/\/www.istegroup.com\/fr\/produit\/formes-en-devenir\/","url":"https:\/\/www.istegroup.com\/fr\/produit\/formes-en-devenir\/","name":"Formes en devenir - ISTE Group","isPartOf":{"@id":"https:\/\/www.istegroup.com\/#website"},"primaryImageOfPage":{"@id":"https:\/\/www.istegroup.com\/fr\/produit\/formes-en-devenir\/#primaryimage"},"image":{"@id":"https:\/\/www.istegroup.com\/fr\/produit\/formes-en-devenir\/#primaryimage"},"thumbnailUrl":"https:\/\/www.istegroup.com\/wp-content\/uploads\/2017\/07\/430393405_200069093-1.jpg","datePublished":"2017-07-28T09:17:43+00:00","dateModified":"2024-01-03T13:39:09+00:00","description":"M\u00ealant approches th\u00e9oriques et empiriques, cet ouvrage traite des formes de la communication dans toute leur richesse et leur complexit\u00e9.","breadcrumb":{"@id":"https:\/\/www.istegroup.com\/fr\/produit\/formes-en-devenir\/#breadcrumb"},"inLanguage":"en-US","potentialAction":[{"@type":"ReadAction","target":["https:\/\/www.istegroup.com\/fr\/produit\/formes-en-devenir\/"]}]},{"@type":"ImageObject","inLanguage":"en-US","@id":"https:\/\/www.istegroup.com\/fr\/produit\/formes-en-devenir\/#primaryimage","url":"https:\/\/www.istegroup.com\/wp-content\/uploads\/2017\/07\/430393405_200069093-1.jpg","contentUrl":"https:\/\/www.istegroup.com\/wp-content\/uploads\/2017\/07\/430393405_200069093-1.jpg","width":300,"height":451,"caption":"Approches technologiques, communicationnelles et symboliques"},{"@type":"BreadcrumbList","@id":"https:\/\/www.istegroup.com\/fr\/produit\/formes-en-devenir\/#breadcrumb","itemListElement":[{"@type":"ListItem","position":1,"name":"Home","item":"https:\/\/www.istegroup.com\/"},{"@type":"ListItem","position":2,"name":"Shop","item":"https:\/\/www.istegroup.com\/fr\/nouveautes\/"},{"@type":"ListItem","position":3,"name":"Formes en devenir"}]},{"@type":"WebSite","@id":"https:\/\/www.istegroup.com\/#website","url":"https:\/\/www.istegroup.com\/","name":"ISTE Group","description":"Publishing Knowledge","potentialAction":[{"@type":"SearchAction","target":{"@type":"EntryPoint","urlTemplate":"https:\/\/www.istegroup.com\/?s={search_term_string}"},"query-input":{"@type":"PropertyValueSpecification","valueRequired":true,"valueName":"search_term_string"}}],"inLanguage":"en-US"}]}},"_links":{"self":[{"href":"https:\/\/www.istegroup.com\/en\/wp-json\/wp\/v2\/product\/265","targetHints":{"allow":["GET"]}}],"collection":[{"href":"https:\/\/www.istegroup.com\/en\/wp-json\/wp\/v2\/product"}],"about":[{"href":"https:\/\/www.istegroup.com\/en\/wp-json\/wp\/v2\/types\/product"}],"wp:featuredmedia":[{"embeddable":true,"href":"https:\/\/www.istegroup.com\/en\/wp-json\/wp\/v2\/media\/266"}],"wp:attachment":[{"href":"https:\/\/www.istegroup.com\/en\/wp-json\/wp\/v2\/media?parent=265"}],"wp:term":[{"taxonomy":"product_brand","embeddable":true,"href":"https:\/\/www.istegroup.com\/en\/wp-json\/wp\/v2\/product_brand?post=265"},{"taxonomy":"product_cat","embeddable":true,"href":"https:\/\/www.istegroup.com\/en\/wp-json\/wp\/v2\/product_cat?post=265"},{"taxonomy":"product_tag","embeddable":true,"href":"https:\/\/www.istegroup.com\/en\/wp-json\/wp\/v2\/product_tag?post=265"}],"curies":[{"name":"wp","href":"https:\/\/api.w.org\/{rel}","templated":true}]}}