{"id":261,"date":"2017-07-28T11:17:33","date_gmt":"2017-07-28T09:17:33","guid":{"rendered":"https:\/\/iste.yhello.co\/product\/formation-et-enseignement-a-distance\/"},"modified":"2024-01-03T14:24:31","modified_gmt":"2024-01-03T14:24:31","slug":"formation-et-enseignement-a-distance","status":"publish","type":"product","link":"https:\/\/www.istegroup.com\/en\/produit\/formation-et-enseignement-a-distance\/","title":{"rendered":"Formation et enseignement \u00e0 distance"},"content":{"rendered":"<p>Proposer aux \u00e9tudiants les modalit\u00e9s de l\u2019enseignement \u00e0 distance, tel \u00e9tait le projet novateur d\u2019une \u00e9cole d\u2019ing\u00e9nieurs fran\u00e7aise pionni\u00e8re dans l\u2019enseignement sup\u00e9rieur, T\u00e9l\u00e9com Lille. Depuis une vingtaine d\u2019ann\u00e9es, cette formation \u00e0 distance perdure dans le fonctionnement de l\u2019\u00e9tablissement, transformant les pratiques du corps enseignant et offrant un soutien permanent aux \u00e9tudiants.<\/p>\n<p><em>Formation et enseignement \u00e0 distance<\/em>\u00a0relate la mise en place de ce dispositif qui combine regroupement virtuel et tutorat efficace. Alternant expos\u00e9s des faits et points de vue des acteurs, il rend ainsi compte des difficult\u00e9s rencontr\u00e9es au cours de cette exp\u00e9rience tout en prouvant la r\u00e9ussite de cette nouvelle fa\u00e7on d\u2019enseigner et d\u2019apprendre. Il d\u00e9taille \u00e9galement la diversit\u00e9 des techniques de communication qui ont permis, tout au long de l\u2019\u00e9volution du projet, d\u2019\u00e9tablir et d\u2019enrichir les relations et les \u00e9changes entre les deux communaut\u00e9s.<\/p>\n<p>T\u00e9moignage d\u2019un bouleversement pr\u00e9curseur, cet ouvrage rappelle l\u2019importance des principes p\u00e9dagogiques fond\u00e9s sur l\u2019exp\u00e9rience concr\u00e8te des \u00e9tudiants ainsi que sur l\u2019accueil d\u2019un public de formation permanente, soucieux de promotion sociale et dipl\u00f4mante.<\/p>\n","protected":false},"excerpt":{"rendered":"<p>Proposer aux \u00e9tudiants les modalit\u00e9s de l\u2019enseignement \u00e0 distance, tel \u00e9tait le projet novateur d\u2019une \u00e9cole d\u2019ing\u00e9nieurs fran\u00e7aise pionni\u00e8re dans l\u2019enseignement sup\u00e9rieur, T\u00e9l\u00e9com Lille. Depuis une vingtaine d\u2019ann\u00e9es, cette formation \u00e0 distance perdure dans le fonctionnement de l\u2019\u00e9tablissement, transformant les pratiques du corps enseignant et offrant un soutien permanent aux \u00e9tudiants. Formation et enseignement \u00e0 [&hellip;]<\/p>\n","protected":false},"featured_media":262,"template":"","meta":{"_acf_changed":false,"_links_to":"","_links_to_target":""},"product_brand":[],"product_cat":[669,675],"product_tag":[31,196,1314,1302,1303,1304,1315,1305,1306,1307,197,198,199,21,200,22,1308,201,203,204,63,25,172,209,815,292,212,38,192,145,28,1309,1311,1310,1312,253,1313],"class_list":{"0":"post-261","1":"product","2":"type-product","3":"status-publish","4":"has-post-thumbnail","6":"product_cat-innovation-en-sciences-de-lducation-433942033","7":"product_cat-nouveauts-12519446","8":"product_tag-ebook","9":"product_tag-ebooks","10":"product_tag-ecole-dingenieurs","11":"product_tag-enseignants","12":"product_tag-enseignement","13":"product_tag-enseignement-a-distance","14":"product_tag-etudiants","15":"product_tag-experience","16":"product_tag-formation","17":"product_tag-formation-et-enseignement-a-distance","18":"product_tag-iste","19":"product_tag-iste-edition","20":"product_tag-iste-editions","21":"product_tag-iste-group","22":"product_tag-isteedition","23":"product_tag-istegroup","24":"product_tag-jean-louis-lafon","25":"product_tag-kindle","26":"product_tag-liseuse","27":"product_tag-livre","28":"product_tag-livre-electronique","29":"product_tag-livre-numerique","30":"product_tag-livre-scientifique","31":"product_tag-livres-scientifiques","32":"product_tag-mooc","33":"product_tag-numerique","34":"product_tag-ouvrage","35":"product_tag-ouvrage-numerique","36":"product_tag-ouvrage-science","37":"product_tag-ouvrage-scientifique","38":"product_tag-ouvrage-scientifique-francais","39":"product_tag-pascale-meloni-braquehais","40":"product_tag-pedagogie","41":"product_tag-precurseur","42":"product_tag-techniques-de-communications","43":"product_tag-technologie","44":"product_tag-tutorat","46":"first","47":"instock","48":"shipping-taxable","49":"purchasable","50":"product-type-variable"},"acf":[],"yoast_head":"<!-- This site is optimized with the Yoast SEO plugin v27.2 - https:\/\/yoast.com\/product\/yoast-seo-wordpress\/ -->\n<title>Formation et enseignement \u00e0 distance - ISTE Group<\/title>\n<meta name=\"description\" content=\"L&#039;ouvrage rappelle l\u2019importance des principes p\u00e9dagogiques fond\u00e9s sur l\u2019exp\u00e9rience concr\u00e8te des \u00e9tudiants et sur l\u2019accueil d\u2019un public de formation permanente.\" \/>\n<meta name=\"robots\" content=\"index, follow, max-snippet:-1, max-image-preview:large, max-video-preview:-1\" \/>\n<link rel=\"canonical\" href=\"https:\/\/www.istegroup.com\/fr\/produit\/formation-et-enseignement-a-distance\/\" \/>\n<meta property=\"og:locale\" content=\"en_US\" \/>\n<meta property=\"og:type\" content=\"article\" \/>\n<meta property=\"og:title\" content=\"Formation et enseignement \u00e0 distance - ISTE Group\" \/>\n<meta property=\"og:description\" content=\"L&#039;ouvrage rappelle l\u2019importance des principes p\u00e9dagogiques fond\u00e9s sur l\u2019exp\u00e9rience concr\u00e8te des \u00e9tudiants et sur l\u2019accueil d\u2019un public de formation permanente.\" \/>\n<meta property=\"og:url\" content=\"https:\/\/www.istegroup.com\/fr\/produit\/formation-et-enseignement-a-distance\/\" \/>\n<meta property=\"og:site_name\" content=\"ISTE Group\" \/>\n<meta property=\"article:modified_time\" content=\"2024-01-03T14:24:31+00:00\" \/>\n<meta property=\"og:image\" content=\"https:\/\/www.istegroup.com\/wp-content\/uploads\/2017\/07\/17278425800_8216660680-1.jpg\" \/>\n\t<meta property=\"og:image:width\" content=\"1361\" \/>\n\t<meta property=\"og:image:height\" content=\"2048\" \/>\n\t<meta property=\"og:image:type\" content=\"image\/jpeg\" \/>\n<meta name=\"twitter:card\" content=\"summary_large_image\" \/>\n<meta name=\"twitter:label1\" content=\"Est. reading time\" \/>\n\t<meta name=\"twitter:data1\" content=\"1 minute\" \/>\n<script type=\"application\/ld+json\" class=\"yoast-schema-graph\">{\"@context\":\"https:\/\/schema.org\",\"@graph\":[{\"@type\":\"WebPage\",\"@id\":\"https:\/\/www.istegroup.com\/fr\/produit\/formation-et-enseignement-a-distance\/\",\"url\":\"https:\/\/www.istegroup.com\/fr\/produit\/formation-et-enseignement-a-distance\/\",\"name\":\"Formation et enseignement \u00e0 distance - ISTE Group\",\"isPartOf\":{\"@id\":\"https:\/\/www.istegroup.com\/#website\"},\"primaryImageOfPage\":{\"@id\":\"https:\/\/www.istegroup.com\/fr\/produit\/formation-et-enseignement-a-distance\/#primaryimage\"},\"image\":{\"@id\":\"https:\/\/www.istegroup.com\/fr\/produit\/formation-et-enseignement-a-distance\/#primaryimage\"},\"thumbnailUrl\":\"https:\/\/www.istegroup.com\/wp-content\/uploads\/2017\/07\/17278425800_8216660680-1.jpg\",\"datePublished\":\"2017-07-28T09:17:33+00:00\",\"dateModified\":\"2024-01-03T14:24:31+00:00\",\"description\":\"L'ouvrage rappelle l\u2019importance des principes p\u00e9dagogiques fond\u00e9s sur l\u2019exp\u00e9rience concr\u00e8te des \u00e9tudiants et sur l\u2019accueil d\u2019un public de formation permanente.\",\"breadcrumb\":{\"@id\":\"https:\/\/www.istegroup.com\/fr\/produit\/formation-et-enseignement-a-distance\/#breadcrumb\"},\"inLanguage\":\"en-US\",\"potentialAction\":[{\"@type\":\"ReadAction\",\"target\":[\"https:\/\/www.istegroup.com\/fr\/produit\/formation-et-enseignement-a-distance\/\"]}]},{\"@type\":\"ImageObject\",\"inLanguage\":\"en-US\",\"@id\":\"https:\/\/www.istegroup.com\/fr\/produit\/formation-et-enseignement-a-distance\/#primaryimage\",\"url\":\"https:\/\/www.istegroup.com\/wp-content\/uploads\/2017\/07\/17278425800_8216660680-1.jpg\",\"contentUrl\":\"https:\/\/www.istegroup.com\/wp-content\/uploads\/2017\/07\/17278425800_8216660680-1.jpg\",\"width\":1361,\"height\":2048,\"caption\":\"Les MOOC's \u00e0 T\u00e9l\u00e9com Lille\"},{\"@type\":\"BreadcrumbList\",\"@id\":\"https:\/\/www.istegroup.com\/fr\/produit\/formation-et-enseignement-a-distance\/#breadcrumb\",\"itemListElement\":[{\"@type\":\"ListItem\",\"position\":1,\"name\":\"Home\",\"item\":\"https:\/\/www.istegroup.com\/\"},{\"@type\":\"ListItem\",\"position\":2,\"name\":\"Shop\",\"item\":\"https:\/\/www.istegroup.com\/fr\/nouveautes\/\"},{\"@type\":\"ListItem\",\"position\":3,\"name\":\"Formation et enseignement \u00e0 distance\"}]},{\"@type\":\"WebSite\",\"@id\":\"https:\/\/www.istegroup.com\/#website\",\"url\":\"https:\/\/www.istegroup.com\/\",\"name\":\"ISTE Group\",\"description\":\"Publishing Knowledge\",\"potentialAction\":[{\"@type\":\"SearchAction\",\"target\":{\"@type\":\"EntryPoint\",\"urlTemplate\":\"https:\/\/www.istegroup.com\/?s={search_term_string}\"},\"query-input\":{\"@type\":\"PropertyValueSpecification\",\"valueRequired\":true,\"valueName\":\"search_term_string\"}}],\"inLanguage\":\"en-US\"}]}<\/script>\n<!-- \/ Yoast SEO plugin. -->","yoast_head_json":{"title":"Formation et enseignement \u00e0 distance - ISTE Group","description":"L'ouvrage rappelle l\u2019importance des principes p\u00e9dagogiques fond\u00e9s sur l\u2019exp\u00e9rience concr\u00e8te des \u00e9tudiants et sur l\u2019accueil d\u2019un public de formation permanente.","robots":{"index":"index","follow":"follow","max-snippet":"max-snippet:-1","max-image-preview":"max-image-preview:large","max-video-preview":"max-video-preview:-1"},"canonical":"https:\/\/www.istegroup.com\/fr\/produit\/formation-et-enseignement-a-distance\/","og_locale":"en_US","og_type":"article","og_title":"Formation et enseignement \u00e0 distance - ISTE Group","og_description":"L'ouvrage rappelle l\u2019importance des principes p\u00e9dagogiques fond\u00e9s sur l\u2019exp\u00e9rience concr\u00e8te des \u00e9tudiants et sur l\u2019accueil d\u2019un public de formation permanente.","og_url":"https:\/\/www.istegroup.com\/fr\/produit\/formation-et-enseignement-a-distance\/","og_site_name":"ISTE Group","article_modified_time":"2024-01-03T14:24:31+00:00","og_image":[{"width":1361,"height":2048,"url":"https:\/\/www.istegroup.com\/wp-content\/uploads\/2017\/07\/17278425800_8216660680-1.jpg","type":"image\/jpeg"}],"twitter_card":"summary_large_image","twitter_misc":{"Est. reading time":"1 minute"},"schema":{"@context":"https:\/\/schema.org","@graph":[{"@type":"WebPage","@id":"https:\/\/www.istegroup.com\/fr\/produit\/formation-et-enseignement-a-distance\/","url":"https:\/\/www.istegroup.com\/fr\/produit\/formation-et-enseignement-a-distance\/","name":"Formation et enseignement \u00e0 distance - ISTE Group","isPartOf":{"@id":"https:\/\/www.istegroup.com\/#website"},"primaryImageOfPage":{"@id":"https:\/\/www.istegroup.com\/fr\/produit\/formation-et-enseignement-a-distance\/#primaryimage"},"image":{"@id":"https:\/\/www.istegroup.com\/fr\/produit\/formation-et-enseignement-a-distance\/#primaryimage"},"thumbnailUrl":"https:\/\/www.istegroup.com\/wp-content\/uploads\/2017\/07\/17278425800_8216660680-1.jpg","datePublished":"2017-07-28T09:17:33+00:00","dateModified":"2024-01-03T14:24:31+00:00","description":"L'ouvrage rappelle l\u2019importance des principes p\u00e9dagogiques fond\u00e9s sur l\u2019exp\u00e9rience concr\u00e8te des \u00e9tudiants et sur l\u2019accueil d\u2019un public de formation permanente.","breadcrumb":{"@id":"https:\/\/www.istegroup.com\/fr\/produit\/formation-et-enseignement-a-distance\/#breadcrumb"},"inLanguage":"en-US","potentialAction":[{"@type":"ReadAction","target":["https:\/\/www.istegroup.com\/fr\/produit\/formation-et-enseignement-a-distance\/"]}]},{"@type":"ImageObject","inLanguage":"en-US","@id":"https:\/\/www.istegroup.com\/fr\/produit\/formation-et-enseignement-a-distance\/#primaryimage","url":"https:\/\/www.istegroup.com\/wp-content\/uploads\/2017\/07\/17278425800_8216660680-1.jpg","contentUrl":"https:\/\/www.istegroup.com\/wp-content\/uploads\/2017\/07\/17278425800_8216660680-1.jpg","width":1361,"height":2048,"caption":"Les MOOC's \u00e0 T\u00e9l\u00e9com Lille"},{"@type":"BreadcrumbList","@id":"https:\/\/www.istegroup.com\/fr\/produit\/formation-et-enseignement-a-distance\/#breadcrumb","itemListElement":[{"@type":"ListItem","position":1,"name":"Home","item":"https:\/\/www.istegroup.com\/"},{"@type":"ListItem","position":2,"name":"Shop","item":"https:\/\/www.istegroup.com\/fr\/nouveautes\/"},{"@type":"ListItem","position":3,"name":"Formation et enseignement \u00e0 distance"}]},{"@type":"WebSite","@id":"https:\/\/www.istegroup.com\/#website","url":"https:\/\/www.istegroup.com\/","name":"ISTE Group","description":"Publishing Knowledge","potentialAction":[{"@type":"SearchAction","target":{"@type":"EntryPoint","urlTemplate":"https:\/\/www.istegroup.com\/?s={search_term_string}"},"query-input":{"@type":"PropertyValueSpecification","valueRequired":true,"valueName":"search_term_string"}}],"inLanguage":"en-US"}]}},"_links":{"self":[{"href":"https:\/\/www.istegroup.com\/en\/wp-json\/wp\/v2\/product\/261","targetHints":{"allow":["GET"]}}],"collection":[{"href":"https:\/\/www.istegroup.com\/en\/wp-json\/wp\/v2\/product"}],"about":[{"href":"https:\/\/www.istegroup.com\/en\/wp-json\/wp\/v2\/types\/product"}],"wp:featuredmedia":[{"embeddable":true,"href":"https:\/\/www.istegroup.com\/en\/wp-json\/wp\/v2\/media\/262"}],"wp:attachment":[{"href":"https:\/\/www.istegroup.com\/en\/wp-json\/wp\/v2\/media?parent=261"}],"wp:term":[{"taxonomy":"product_brand","embeddable":true,"href":"https:\/\/www.istegroup.com\/en\/wp-json\/wp\/v2\/product_brand?post=261"},{"taxonomy":"product_cat","embeddable":true,"href":"https:\/\/www.istegroup.com\/en\/wp-json\/wp\/v2\/product_cat?post=261"},{"taxonomy":"product_tag","embeddable":true,"href":"https:\/\/www.istegroup.com\/en\/wp-json\/wp\/v2\/product_tag?post=261"}],"curies":[{"name":"wp","href":"https:\/\/api.w.org\/{rel}","templated":true}]}}