{"id":257,"date":"2017-05-05T11:16:48","date_gmt":"2017-05-05T09:16:48","guid":{"rendered":"https:\/\/iste.yhello.co\/product\/fiabilite-en-biomecanique\/"},"modified":"2024-01-03T13:39:08","modified_gmt":"2024-01-03T13:39:08","slug":"fiabilite-en-biomecanique","status":"publish","type":"product","link":"https:\/\/www.istegroup.com\/en\/produit\/fiabilite-en-biomecanique\/","title":{"rendered":"Fiabilit\u00e9 en biom\u00e9canique"},"content":{"rendered":"<p>La s\u00e9rie\u00a0<em>Fiabilit\u00e9 des syst\u00e8mes multiphysiques<\/em>\u00a0s\u2019int\u00e9resse aux avanc\u00e9es de la recherche et de l\u2019industrie appliqu\u00e9es aux domaines de l\u2019optimisation, de la fiabilit\u00e9 et de la prise en compte des incertitudes des syst\u00e8mes. Ce couplage est \u00e0 la base de la comp\u00e9titivit\u00e9 des entreprises dans les secteurs de l\u2019automobile, de l\u2019a\u00e9ronautique, du g\u00e9nie civil ou de la d\u00e9fense.<\/p>\n<p>Cet ouvrage multidisciplinaire analyse les outils n\u00e9cessaires pour l\u2019int\u00e9gration du concept de fiabilit\u00e9 dans les applications biom\u00e9caniques en particulier la conception des proth\u00e8ses orthop\u00e9diques et orthodontiques.<\/p>\n<p>Il \u00e9tudie la fiabilit\u00e9 des structures pour l\u2019int\u00e9grer dans les applications biom\u00e9caniques en consid\u00e9rant l\u2019incertitude sur le chargement, la g\u00e9om\u00e9trie et les mat\u00e9riaux. La fiabilit\u00e9 des syst\u00e8mes est par la suite abord\u00e9e en consid\u00e9rant plusieurs sc\u00e9narios de d\u00e9faillances.<\/p>\n<p>Des formulations de haut niveau de pr\u00e9cision permettent de traiter les mat\u00e9riaux des tissus vivants. Plusieurs m\u00e9thodes r\u00e9centes sont propos\u00e9es afin d\u2019effectuer l\u2019analyse de fiabilit\u00e9 sur les applications biom\u00e9caniques surtout les proth\u00e8ses orthop\u00e9diques et orthodontiques.<\/p>\n","protected":false},"excerpt":{"rendered":"<p>La s\u00e9rie\u00a0Fiabilit\u00e9 des syst\u00e8mes multiphysiques\u00a0s\u2019int\u00e9resse aux avanc\u00e9es de la recherche et de l\u2019industrie appliqu\u00e9es aux domaines de l\u2019optimisation, de la fiabilit\u00e9 et de la prise en compte des incertitudes des syst\u00e8mes. Ce couplage est \u00e0 la base de la comp\u00e9titivit\u00e9 des entreprises dans les secteurs de l\u2019automobile, de l\u2019a\u00e9ronautique, du g\u00e9nie civil ou de la [&hellip;]<\/p>\n","protected":false},"featured_media":258,"template":"","meta":{"_acf_changed":false,"_links_to":"","_links_to_target":""},"product_brand":[],"product_cat":[664,675,692],"product_tag":[152,163,18,20,167,165,21,22,26,27,38,28],"class_list":{"0":"post-257","1":"product","2":"type-product","3":"status-publish","4":"has-post-thumbnail","6":"product_cat-gnie-mcanique-et-mcanique-des-solides-12506462","7":"product_cat-nouveauts-12519446","8":"product_cat-srie-fiabilit-des-systmes-multiphysiques-185854340","9":"product_tag-abdelkhalak-el-hami","10":"product_tag-biomecanique","11":"product_tag-edition-scientifique","12":"product_tag-editions-technique","13":"product_tag-fiabilite-en-biomecanique","14":"product_tag-ghias-kharmanda","15":"product_tag-iste-group","16":"product_tag-istegroup","17":"product_tag-livre-scientifique-francais","18":"product_tag-livre-technique-francais","19":"product_tag-ouvrage-numerique","20":"product_tag-ouvrage-scientifique-francais","22":"first","23":"instock","24":"shipping-taxable","25":"purchasable","26":"product-type-variable"},"acf":[],"yoast_head":"<!-- This site is optimized with the Yoast SEO plugin v27.2 - https:\/\/yoast.com\/product\/yoast-seo-wordpress\/ -->\n<title>Fiabilit\u00e9 en biom\u00e9canique - ISTE Group<\/title>\n<meta name=\"description\" content=\"Ouvrage multidisciplinaire, Fiabilit\u00e9 en biom\u00e9canique \u00e9tudie la fiabilit\u00e9 des structures pour l\u2019int\u00e9grer dans les applications biom\u00e9caniques.\" \/>\n<meta name=\"robots\" content=\"index, follow, max-snippet:-1, max-image-preview:large, max-video-preview:-1\" \/>\n<link rel=\"canonical\" href=\"https:\/\/www.istegroup.com\/fr\/produit\/fiabilite-en-biomecanique\/\" \/>\n<meta property=\"og:locale\" content=\"en_US\" \/>\n<meta property=\"og:type\" content=\"article\" \/>\n<meta property=\"og:title\" content=\"Fiabilit\u00e9 en biom\u00e9canique - ISTE Group\" \/>\n<meta property=\"og:description\" content=\"Ouvrage multidisciplinaire, Fiabilit\u00e9 en biom\u00e9canique \u00e9tudie la fiabilit\u00e9 des structures pour l\u2019int\u00e9grer dans les applications biom\u00e9caniques.\" \/>\n<meta property=\"og:url\" content=\"https:\/\/www.istegroup.com\/fr\/produit\/fiabilite-en-biomecanique\/\" \/>\n<meta property=\"og:site_name\" content=\"ISTE Group\" \/>\n<meta property=\"article:modified_time\" content=\"2024-01-03T13:39:08+00:00\" \/>\n<meta property=\"og:image\" content=\"https:\/\/www.istegroup.com\/wp-content\/uploads\/2017\/07\/20531998225_9221962513-1-scaled.jpg\" \/>\n\t<meta property=\"og:image:width\" content=\"1702\" \/>\n\t<meta property=\"og:image:height\" content=\"2560\" \/>\n\t<meta property=\"og:image:type\" content=\"image\/jpeg\" \/>\n<meta name=\"twitter:card\" content=\"summary_large_image\" \/>\n<meta name=\"twitter:label1\" content=\"Est. reading time\" \/>\n\t<meta name=\"twitter:data1\" content=\"1 minute\" \/>\n<script type=\"application\/ld+json\" class=\"yoast-schema-graph\">{\"@context\":\"https:\/\/schema.org\",\"@graph\":[{\"@type\":\"WebPage\",\"@id\":\"https:\/\/www.istegroup.com\/fr\/produit\/fiabilite-en-biomecanique\/\",\"url\":\"https:\/\/www.istegroup.com\/fr\/produit\/fiabilite-en-biomecanique\/\",\"name\":\"Fiabilit\u00e9 en biom\u00e9canique - ISTE Group\",\"isPartOf\":{\"@id\":\"https:\/\/www.istegroup.com\/#website\"},\"primaryImageOfPage\":{\"@id\":\"https:\/\/www.istegroup.com\/fr\/produit\/fiabilite-en-biomecanique\/#primaryimage\"},\"image\":{\"@id\":\"https:\/\/www.istegroup.com\/fr\/produit\/fiabilite-en-biomecanique\/#primaryimage\"},\"thumbnailUrl\":\"https:\/\/www.istegroup.com\/wp-content\/uploads\/2017\/07\/20531998225_9221962513-1-scaled.jpg\",\"datePublished\":\"2017-05-05T09:16:48+00:00\",\"dateModified\":\"2024-01-03T13:39:08+00:00\",\"description\":\"Ouvrage multidisciplinaire, Fiabilit\u00e9 en biom\u00e9canique \u00e9tudie la fiabilit\u00e9 des structures pour l\u2019int\u00e9grer dans les applications biom\u00e9caniques.\",\"breadcrumb\":{\"@id\":\"https:\/\/www.istegroup.com\/fr\/produit\/fiabilite-en-biomecanique\/#breadcrumb\"},\"inLanguage\":\"en-US\",\"potentialAction\":[{\"@type\":\"ReadAction\",\"target\":[\"https:\/\/www.istegroup.com\/fr\/produit\/fiabilite-en-biomecanique\/\"]}]},{\"@type\":\"ImageObject\",\"inLanguage\":\"en-US\",\"@id\":\"https:\/\/www.istegroup.com\/fr\/produit\/fiabilite-en-biomecanique\/#primaryimage\",\"url\":\"https:\/\/www.istegroup.com\/wp-content\/uploads\/2017\/07\/20531998225_9221962513-1-scaled.jpg\",\"contentUrl\":\"https:\/\/www.istegroup.com\/wp-content\/uploads\/2017\/07\/20531998225_9221962513-1-scaled.jpg\",\"width\":1702,\"height\":2560,\"caption\":\"Analyse et applications\"},{\"@type\":\"BreadcrumbList\",\"@id\":\"https:\/\/www.istegroup.com\/fr\/produit\/fiabilite-en-biomecanique\/#breadcrumb\",\"itemListElement\":[{\"@type\":\"ListItem\",\"position\":1,\"name\":\"Home\",\"item\":\"https:\/\/www.istegroup.com\/\"},{\"@type\":\"ListItem\",\"position\":2,\"name\":\"Shop\",\"item\":\"https:\/\/www.istegroup.com\/fr\/nouveautes\/\"},{\"@type\":\"ListItem\",\"position\":3,\"name\":\"Fiabilit\u00e9 en biom\u00e9canique\"}]},{\"@type\":\"WebSite\",\"@id\":\"https:\/\/www.istegroup.com\/#website\",\"url\":\"https:\/\/www.istegroup.com\/\",\"name\":\"ISTE Group\",\"description\":\"Publishing Knowledge\",\"potentialAction\":[{\"@type\":\"SearchAction\",\"target\":{\"@type\":\"EntryPoint\",\"urlTemplate\":\"https:\/\/www.istegroup.com\/?s={search_term_string}\"},\"query-input\":{\"@type\":\"PropertyValueSpecification\",\"valueRequired\":true,\"valueName\":\"search_term_string\"}}],\"inLanguage\":\"en-US\"}]}<\/script>\n<!-- \/ Yoast SEO plugin. -->","yoast_head_json":{"title":"Fiabilit\u00e9 en biom\u00e9canique - ISTE Group","description":"Ouvrage multidisciplinaire, Fiabilit\u00e9 en biom\u00e9canique \u00e9tudie la fiabilit\u00e9 des structures pour l\u2019int\u00e9grer dans les applications biom\u00e9caniques.","robots":{"index":"index","follow":"follow","max-snippet":"max-snippet:-1","max-image-preview":"max-image-preview:large","max-video-preview":"max-video-preview:-1"},"canonical":"https:\/\/www.istegroup.com\/fr\/produit\/fiabilite-en-biomecanique\/","og_locale":"en_US","og_type":"article","og_title":"Fiabilit\u00e9 en biom\u00e9canique - ISTE Group","og_description":"Ouvrage multidisciplinaire, Fiabilit\u00e9 en biom\u00e9canique \u00e9tudie la fiabilit\u00e9 des structures pour l\u2019int\u00e9grer dans les applications biom\u00e9caniques.","og_url":"https:\/\/www.istegroup.com\/fr\/produit\/fiabilite-en-biomecanique\/","og_site_name":"ISTE Group","article_modified_time":"2024-01-03T13:39:08+00:00","og_image":[{"width":1702,"height":2560,"url":"https:\/\/www.istegroup.com\/wp-content\/uploads\/2017\/07\/20531998225_9221962513-1-scaled.jpg","type":"image\/jpeg"}],"twitter_card":"summary_large_image","twitter_misc":{"Est. reading time":"1 minute"},"schema":{"@context":"https:\/\/schema.org","@graph":[{"@type":"WebPage","@id":"https:\/\/www.istegroup.com\/fr\/produit\/fiabilite-en-biomecanique\/","url":"https:\/\/www.istegroup.com\/fr\/produit\/fiabilite-en-biomecanique\/","name":"Fiabilit\u00e9 en biom\u00e9canique - ISTE Group","isPartOf":{"@id":"https:\/\/www.istegroup.com\/#website"},"primaryImageOfPage":{"@id":"https:\/\/www.istegroup.com\/fr\/produit\/fiabilite-en-biomecanique\/#primaryimage"},"image":{"@id":"https:\/\/www.istegroup.com\/fr\/produit\/fiabilite-en-biomecanique\/#primaryimage"},"thumbnailUrl":"https:\/\/www.istegroup.com\/wp-content\/uploads\/2017\/07\/20531998225_9221962513-1-scaled.jpg","datePublished":"2017-05-05T09:16:48+00:00","dateModified":"2024-01-03T13:39:08+00:00","description":"Ouvrage multidisciplinaire, Fiabilit\u00e9 en biom\u00e9canique \u00e9tudie la fiabilit\u00e9 des structures pour l\u2019int\u00e9grer dans les applications biom\u00e9caniques.","breadcrumb":{"@id":"https:\/\/www.istegroup.com\/fr\/produit\/fiabilite-en-biomecanique\/#breadcrumb"},"inLanguage":"en-US","potentialAction":[{"@type":"ReadAction","target":["https:\/\/www.istegroup.com\/fr\/produit\/fiabilite-en-biomecanique\/"]}]},{"@type":"ImageObject","inLanguage":"en-US","@id":"https:\/\/www.istegroup.com\/fr\/produit\/fiabilite-en-biomecanique\/#primaryimage","url":"https:\/\/www.istegroup.com\/wp-content\/uploads\/2017\/07\/20531998225_9221962513-1-scaled.jpg","contentUrl":"https:\/\/www.istegroup.com\/wp-content\/uploads\/2017\/07\/20531998225_9221962513-1-scaled.jpg","width":1702,"height":2560,"caption":"Analyse et applications"},{"@type":"BreadcrumbList","@id":"https:\/\/www.istegroup.com\/fr\/produit\/fiabilite-en-biomecanique\/#breadcrumb","itemListElement":[{"@type":"ListItem","position":1,"name":"Home","item":"https:\/\/www.istegroup.com\/"},{"@type":"ListItem","position":2,"name":"Shop","item":"https:\/\/www.istegroup.com\/fr\/nouveautes\/"},{"@type":"ListItem","position":3,"name":"Fiabilit\u00e9 en biom\u00e9canique"}]},{"@type":"WebSite","@id":"https:\/\/www.istegroup.com\/#website","url":"https:\/\/www.istegroup.com\/","name":"ISTE Group","description":"Publishing Knowledge","potentialAction":[{"@type":"SearchAction","target":{"@type":"EntryPoint","urlTemplate":"https:\/\/www.istegroup.com\/?s={search_term_string}"},"query-input":{"@type":"PropertyValueSpecification","valueRequired":true,"valueName":"search_term_string"}}],"inLanguage":"en-US"}]}},"_links":{"self":[{"href":"https:\/\/www.istegroup.com\/en\/wp-json\/wp\/v2\/product\/257","targetHints":{"allow":["GET"]}}],"collection":[{"href":"https:\/\/www.istegroup.com\/en\/wp-json\/wp\/v2\/product"}],"about":[{"href":"https:\/\/www.istegroup.com\/en\/wp-json\/wp\/v2\/types\/product"}],"wp:featuredmedia":[{"embeddable":true,"href":"https:\/\/www.istegroup.com\/en\/wp-json\/wp\/v2\/media\/258"}],"wp:attachment":[{"href":"https:\/\/www.istegroup.com\/en\/wp-json\/wp\/v2\/media?parent=257"}],"wp:term":[{"taxonomy":"product_brand","embeddable":true,"href":"https:\/\/www.istegroup.com\/en\/wp-json\/wp\/v2\/product_brand?post=257"},{"taxonomy":"product_cat","embeddable":true,"href":"https:\/\/www.istegroup.com\/en\/wp-json\/wp\/v2\/product_cat?post=257"},{"taxonomy":"product_tag","embeddable":true,"href":"https:\/\/www.istegroup.com\/en\/wp-json\/wp\/v2\/product_tag?post=257"}],"curies":[{"name":"wp","href":"https:\/\/api.w.org\/{rel}","templated":true}]}}