{"id":25326,"date":"2020-10-28T16:01:26","date_gmt":"2020-10-28T16:01:26","guid":{"rendered":"https:\/\/www.istegroup.com\/?post_type=product&#038;p=25326"},"modified":"2024-01-03T13:43:44","modified_gmt":"2024-01-03T13:43:44","slug":"introduction-a-la-linguistique-de-corpus","status":"publish","type":"product","link":"https:\/\/www.istegroup.com\/en\/produit\/introduction-a-la-linguistique-de-corpus\/","title":{"rendered":"Introduction \u00e0 la linguistique de corpus"},"content":{"rendered":"<p>L\u2019usage de corpus est d\u00e9sormais courant dans l\u2019ensemble des domaines de la linguistique. La capacit\u00e9 \u00e0 analyser de mani\u00e8re quantitative des donn\u00e9es linguistiques issues de corpus fait ainsi de plus en plus partie de la \u00ab bo\u00eete \u00e0 outils \u00bb des linguistes.<\/p>\n<p>Cet ouvrage permet de comprendre les enjeux th\u00e9oriques et m\u00e9thodologiques qui sous-tendent l\u2019utilisation des corpus, d\u2019\u00e9valuer de mani\u00e8re critique la litt\u00e9rature scientifique ainsi que d\u2019utiliser des corpus dans le cadre de travaux universitaires.<\/p>\n<p><em>Introduction \u00e0 la linguistique de corpus<\/em> recense les donn\u00e9es \u00e0 disposition pour le fran\u00e7ais et pr\u00e9sente de nombreux exemples d\u2019\u00e9tudes de corpus portant sur cette langue. L\u2019objectif est de fournir un tour d\u2019horizon accessible mais complet des m\u00e9thodes et de leurs domaines d\u2019application en linguistique et de permettre une mise en pratique gr\u00e2ce \u00e0 des exercices avec corrig\u00e9s disponibles \u00e0 la fin de chaque chapitre.<\/p>","protected":false},"excerpt":{"rendered":"<p>L\u2019usage de corpus est d\u00e9sormais courant dans l\u2019ensemble des domaines de la linguistique. La capacit\u00e9 \u00e0 analyser de mani\u00e8re quantitative des donn\u00e9es linguistiques issues de corpus fait ainsi de plus en plus partie de la \u00ab bo\u00eete \u00e0 outils \u00bb des linguistes. Cet ouvrage permet de comprendre les enjeux th\u00e9oriques et m\u00e9thodologiques qui sous-tendent l\u2019utilisation [&hellip;]<\/p>\n","protected":false},"featured_media":25331,"template":"","meta":{"_acf_changed":false,"_links_to":"","_links_to_target":""},"product_brand":[],"product_cat":[3262],"product_tag":[],"class_list":{"0":"post-25326","1":"product","2":"type-product","3":"status-publish","4":"has-post-thumbnail","6":"product_cat-non-classe","8":"first","9":"instock","10":"shipping-taxable","11":"purchasable","12":"product-type-variable"},"acf":[],"yoast_head":"<!-- This site is optimized with the Yoast SEO plugin v27.2 - https:\/\/yoast.com\/product\/yoast-seo-wordpress\/ -->\n<title>Introduction \u00e0 la linguistique de corpus - ISTE Group<\/title>\n<meta name=\"description\" content=\"Introduction \u00e0 la linguistique de corpus recense les donn\u00e9es \u00e0 disposition pour le fran\u00e7ais et pr\u00e9sente de nombreux exemples d\u2019\u00e9tudes de corpus portant sur cette langue.\" \/>\n<meta name=\"robots\" content=\"index, follow, max-snippet:-1, max-image-preview:large, max-video-preview:-1\" \/>\n<link rel=\"canonical\" href=\"https:\/\/www.istegroup.com\/fr\/produit\/introduction-a-la-linguistique-de-corpus\/\" \/>\n<meta property=\"og:locale\" content=\"en_US\" \/>\n<meta property=\"og:type\" content=\"article\" \/>\n<meta property=\"og:title\" content=\"Introduction \u00e0 la linguistique de corpus - ISTE Group\" \/>\n<meta property=\"og:description\" content=\"Introduction \u00e0 la linguistique de corpus recense les donn\u00e9es \u00e0 disposition pour le fran\u00e7ais et pr\u00e9sente de nombreux exemples d\u2019\u00e9tudes de corpus portant sur cette langue.\" \/>\n<meta property=\"og:url\" content=\"https:\/\/www.istegroup.com\/fr\/produit\/introduction-a-la-linguistique-de-corpus\/\" \/>\n<meta property=\"og:site_name\" content=\"ISTE Group\" \/>\n<meta property=\"article:modified_time\" content=\"2024-01-03T13:43:44+00:00\" \/>\n<meta property=\"og:image\" content=\"https:\/\/www.istegroup.com\/wp-content\/uploads\/2020\/03\/Introduction-\u00e0-la-linguistique-de-corpus.jpg\" \/>\n\t<meta property=\"og:image:width\" content=\"300\" \/>\n\t<meta property=\"og:image:height\" content=\"453\" \/>\n\t<meta property=\"og:image:type\" content=\"image\/jpeg\" \/>\n<meta name=\"twitter:card\" content=\"summary_large_image\" \/>\n<meta name=\"twitter:label1\" content=\"Est. reading time\" \/>\n\t<meta name=\"twitter:data1\" content=\"2 minutes\" \/>\n<script type=\"application\/ld+json\" class=\"yoast-schema-graph\">{\"@context\":\"https:\/\/schema.org\",\"@graph\":[{\"@type\":\"WebPage\",\"@id\":\"https:\/\/www.istegroup.com\/fr\/produit\/introduction-a-la-linguistique-de-corpus\/\",\"url\":\"https:\/\/www.istegroup.com\/fr\/produit\/introduction-a-la-linguistique-de-corpus\/\",\"name\":\"Introduction \u00e0 la linguistique de corpus - ISTE Group\",\"isPartOf\":{\"@id\":\"https:\/\/www.istegroup.com\/#website\"},\"primaryImageOfPage\":{\"@id\":\"https:\/\/www.istegroup.com\/fr\/produit\/introduction-a-la-linguistique-de-corpus\/#primaryimage\"},\"image\":{\"@id\":\"https:\/\/www.istegroup.com\/fr\/produit\/introduction-a-la-linguistique-de-corpus\/#primaryimage\"},\"thumbnailUrl\":\"https:\/\/www.istegroup.com\/wp-content\/uploads\/2020\/03\/Introduction-\u00e0-la-linguistique-de-corpus.jpg\",\"datePublished\":\"2020-10-28T16:01:26+00:00\",\"dateModified\":\"2024-01-03T13:43:44+00:00\",\"description\":\"Introduction \u00e0 la linguistique de corpus recense les donn\u00e9es \u00e0 disposition pour le fran\u00e7ais et pr\u00e9sente de nombreux exemples d\u2019\u00e9tudes de corpus portant sur cette langue.\",\"breadcrumb\":{\"@id\":\"https:\/\/www.istegroup.com\/fr\/produit\/introduction-a-la-linguistique-de-corpus\/#breadcrumb\"},\"inLanguage\":\"en-US\",\"potentialAction\":[{\"@type\":\"ReadAction\",\"target\":[\"https:\/\/www.istegroup.com\/fr\/produit\/introduction-a-la-linguistique-de-corpus\/\"]}]},{\"@type\":\"ImageObject\",\"inLanguage\":\"en-US\",\"@id\":\"https:\/\/www.istegroup.com\/fr\/produit\/introduction-a-la-linguistique-de-corpus\/#primaryimage\",\"url\":\"https:\/\/www.istegroup.com\/wp-content\/uploads\/2020\/03\/Introduction-\u00e0-la-linguistique-de-corpus.jpg\",\"contentUrl\":\"https:\/\/www.istegroup.com\/wp-content\/uploads\/2020\/03\/Introduction-\u00e0-la-linguistique-de-corpus.jpg\",\"width\":300,\"height\":453,\"caption\":\"Livre scientifique - Introduction \u00e0 la linguistique de corpus - Sandrine Zufferey\"},{\"@type\":\"BreadcrumbList\",\"@id\":\"https:\/\/www.istegroup.com\/fr\/produit\/introduction-a-la-linguistique-de-corpus\/#breadcrumb\",\"itemListElement\":[{\"@type\":\"ListItem\",\"position\":1,\"name\":\"Home\",\"item\":\"https:\/\/www.istegroup.com\/\"},{\"@type\":\"ListItem\",\"position\":2,\"name\":\"Shop\",\"item\":\"https:\/\/www.istegroup.com\/fr\/nouveautes\/\"},{\"@type\":\"ListItem\",\"position\":3,\"name\":\"Introduction \u00e0 la linguistique de corpus\"}]},{\"@type\":\"WebSite\",\"@id\":\"https:\/\/www.istegroup.com\/#website\",\"url\":\"https:\/\/www.istegroup.com\/\",\"name\":\"ISTE Group\",\"description\":\"Publishing Knowledge\",\"potentialAction\":[{\"@type\":\"SearchAction\",\"target\":{\"@type\":\"EntryPoint\",\"urlTemplate\":\"https:\/\/www.istegroup.com\/?s={search_term_string}\"},\"query-input\":{\"@type\":\"PropertyValueSpecification\",\"valueRequired\":true,\"valueName\":\"search_term_string\"}}],\"inLanguage\":\"en-US\"}]}<\/script>\n<!-- \/ Yoast SEO plugin. -->","yoast_head_json":{"title":"Introduction \u00e0 la linguistique de corpus - ISTE Group","description":"Introduction \u00e0 la linguistique de corpus recense les donn\u00e9es \u00e0 disposition pour le fran\u00e7ais et pr\u00e9sente de nombreux exemples d\u2019\u00e9tudes de corpus portant sur cette langue.","robots":{"index":"index","follow":"follow","max-snippet":"max-snippet:-1","max-image-preview":"max-image-preview:large","max-video-preview":"max-video-preview:-1"},"canonical":"https:\/\/www.istegroup.com\/fr\/produit\/introduction-a-la-linguistique-de-corpus\/","og_locale":"en_US","og_type":"article","og_title":"Introduction \u00e0 la linguistique de corpus - ISTE Group","og_description":"Introduction \u00e0 la linguistique de corpus recense les donn\u00e9es \u00e0 disposition pour le fran\u00e7ais et pr\u00e9sente de nombreux exemples d\u2019\u00e9tudes de corpus portant sur cette langue.","og_url":"https:\/\/www.istegroup.com\/fr\/produit\/introduction-a-la-linguistique-de-corpus\/","og_site_name":"ISTE Group","article_modified_time":"2024-01-03T13:43:44+00:00","og_image":[{"width":300,"height":453,"url":"https:\/\/www.istegroup.com\/wp-content\/uploads\/2020\/03\/Introduction-\u00e0-la-linguistique-de-corpus.jpg","type":"image\/jpeg"}],"twitter_card":"summary_large_image","twitter_misc":{"Est. reading time":"2 minutes"},"schema":{"@context":"https:\/\/schema.org","@graph":[{"@type":"WebPage","@id":"https:\/\/www.istegroup.com\/fr\/produit\/introduction-a-la-linguistique-de-corpus\/","url":"https:\/\/www.istegroup.com\/fr\/produit\/introduction-a-la-linguistique-de-corpus\/","name":"Introduction \u00e0 la linguistique de corpus - ISTE Group","isPartOf":{"@id":"https:\/\/www.istegroup.com\/#website"},"primaryImageOfPage":{"@id":"https:\/\/www.istegroup.com\/fr\/produit\/introduction-a-la-linguistique-de-corpus\/#primaryimage"},"image":{"@id":"https:\/\/www.istegroup.com\/fr\/produit\/introduction-a-la-linguistique-de-corpus\/#primaryimage"},"thumbnailUrl":"https:\/\/www.istegroup.com\/wp-content\/uploads\/2020\/03\/Introduction-\u00e0-la-linguistique-de-corpus.jpg","datePublished":"2020-10-28T16:01:26+00:00","dateModified":"2024-01-03T13:43:44+00:00","description":"Introduction \u00e0 la linguistique de corpus recense les donn\u00e9es \u00e0 disposition pour le fran\u00e7ais et pr\u00e9sente de nombreux exemples d\u2019\u00e9tudes de corpus portant sur cette langue.","breadcrumb":{"@id":"https:\/\/www.istegroup.com\/fr\/produit\/introduction-a-la-linguistique-de-corpus\/#breadcrumb"},"inLanguage":"en-US","potentialAction":[{"@type":"ReadAction","target":["https:\/\/www.istegroup.com\/fr\/produit\/introduction-a-la-linguistique-de-corpus\/"]}]},{"@type":"ImageObject","inLanguage":"en-US","@id":"https:\/\/www.istegroup.com\/fr\/produit\/introduction-a-la-linguistique-de-corpus\/#primaryimage","url":"https:\/\/www.istegroup.com\/wp-content\/uploads\/2020\/03\/Introduction-\u00e0-la-linguistique-de-corpus.jpg","contentUrl":"https:\/\/www.istegroup.com\/wp-content\/uploads\/2020\/03\/Introduction-\u00e0-la-linguistique-de-corpus.jpg","width":300,"height":453,"caption":"Livre scientifique - Introduction \u00e0 la linguistique de corpus - Sandrine Zufferey"},{"@type":"BreadcrumbList","@id":"https:\/\/www.istegroup.com\/fr\/produit\/introduction-a-la-linguistique-de-corpus\/#breadcrumb","itemListElement":[{"@type":"ListItem","position":1,"name":"Home","item":"https:\/\/www.istegroup.com\/"},{"@type":"ListItem","position":2,"name":"Shop","item":"https:\/\/www.istegroup.com\/fr\/nouveautes\/"},{"@type":"ListItem","position":3,"name":"Introduction \u00e0 la linguistique de corpus"}]},{"@type":"WebSite","@id":"https:\/\/www.istegroup.com\/#website","url":"https:\/\/www.istegroup.com\/","name":"ISTE Group","description":"Publishing Knowledge","potentialAction":[{"@type":"SearchAction","target":{"@type":"EntryPoint","urlTemplate":"https:\/\/www.istegroup.com\/?s={search_term_string}"},"query-input":{"@type":"PropertyValueSpecification","valueRequired":true,"valueName":"search_term_string"}}],"inLanguage":"en-US"}]}},"_links":{"self":[{"href":"https:\/\/www.istegroup.com\/en\/wp-json\/wp\/v2\/product\/25326","targetHints":{"allow":["GET"]}}],"collection":[{"href":"https:\/\/www.istegroup.com\/en\/wp-json\/wp\/v2\/product"}],"about":[{"href":"https:\/\/www.istegroup.com\/en\/wp-json\/wp\/v2\/types\/product"}],"wp:featuredmedia":[{"embeddable":true,"href":"https:\/\/www.istegroup.com\/en\/wp-json\/wp\/v2\/media\/25331"}],"wp:attachment":[{"href":"https:\/\/www.istegroup.com\/en\/wp-json\/wp\/v2\/media?parent=25326"}],"wp:term":[{"taxonomy":"product_brand","embeddable":true,"href":"https:\/\/www.istegroup.com\/en\/wp-json\/wp\/v2\/product_brand?post=25326"},{"taxonomy":"product_cat","embeddable":true,"href":"https:\/\/www.istegroup.com\/en\/wp-json\/wp\/v2\/product_cat?post=25326"},{"taxonomy":"product_tag","embeddable":true,"href":"https:\/\/www.istegroup.com\/en\/wp-json\/wp\/v2\/product_tag?post=25326"}],"curies":[{"name":"wp","href":"https:\/\/api.w.org\/{rel}","templated":true}]}}