{"id":25309,"date":"2020-10-28T15:30:09","date_gmt":"2020-10-28T15:30:09","guid":{"rendered":"https:\/\/www.istegroup.com\/?post_type=product&#038;p=25309"},"modified":"2024-01-03T13:43:43","modified_gmt":"2024-01-03T13:43:43","slug":"lhumain-en-devenir","status":"publish","type":"product","link":"https:\/\/www.istegroup.com\/en\/produit\/lhumain-en-devenir\/","title":{"rendered":"L\u2019humain en devenir"},"content":{"rendered":"<p>Les descriptions actuelles du devenir de l\u2019humanit\u00e9 laissent deviner que le probl\u00e8me r\u00e9side dans notre relation \u00e0 la technique. Ce qu\u2019elle nous apporte et nous enl\u00e8ve, ce que nous sommes avec ou sans elle.<\/p>\n<p><em>L\u2019humain en devenir<\/em> relate la relation que nous avons avec la technique. Nous ne pouvons plus nous en passer, mais nous voudrions l\u2019oublier et pouvoir envisager un monde psychosocial qui n\u2019ait rien de sociotechnique, sans conna\u00eetre l\u2019origine de la technique, de son d\u00e9veloppement, de son intrication d\u00e8s le commencement avec ce qui sera l\u2019esp\u00e8ce humaine.<\/p>\n<p>Cet ouvrage analyse ainsi cette trajectoire gr\u00e2ce \u00e0 laquelle l\u2019esp\u00e8ce qui deviendra l\u2019humain, toujours en devenir, ne peut plus \u00eatre pens\u00e9e s\u00e9par\u00e9ment de la technique, et ce malgr\u00e9 2 600 ans de philosophies qui ont voulu l\u2019\u00e9carter. Il expose des successions de \u00ab choix \u00bb techniques, dans une des nombreuses lign\u00e9es des hominid\u00e9s, qui ont conduit \u00e0 l\u2019humain, incapable de vivre sans technique.<\/p>\n","protected":false},"excerpt":{"rendered":"<p>Les descriptions actuelles du devenir de l\u2019humanit\u00e9 laissent deviner que le probl\u00e8me r\u00e9side dans notre relation \u00e0 la technique. Ce qu\u2019elle nous apporte et nous enl\u00e8ve, ce que nous sommes avec ou sans elle. L\u2019humain en devenir relate la relation que nous avons avec la technique. Nous ne pouvons plus nous en passer, mais nous [&hellip;]<\/p>\n","protected":false},"featured_media":25314,"template":"","meta":{"_acf_changed":false,"_links_to":"","_links_to_target":""},"product_brand":[],"product_cat":[3262],"product_tag":[],"class_list":{"0":"post-25309","1":"product","2":"type-product","3":"status-publish","4":"has-post-thumbnail","6":"product_cat-non-classe","8":"first","9":"instock","10":"shipping-taxable","11":"purchasable","12":"product-type-variable"},"acf":[],"yoast_head":"<!-- This site is optimized with the Yoast SEO plugin v27.2 - https:\/\/yoast.com\/product\/yoast-seo-wordpress\/ -->\n<title>L\u2019humain en devenir - ISTE Group<\/title>\n<meta name=\"description\" content=\"L\u2019humain en devenir relate la relation que nous avons avec la technique. Nous ne pouvons plus nous en passer, mais nous voudrions l\u2019oublier et pouvoir envisager un monde psychosocial qui n\u2019ait rien de sociotechnique, sans conna\u00eetre l\u2019origine de la technique, de son d\u00e9veloppement, de son intrication d\u00e8s le commencement avec ce qui sera l\u2019esp\u00e8ce humaine.\" \/>\n<meta name=\"robots\" content=\"index, follow, max-snippet:-1, max-image-preview:large, max-video-preview:-1\" \/>\n<link rel=\"canonical\" href=\"https:\/\/www.istegroup.com\/fr\/produit\/lhumain-en-devenir\/\" \/>\n<meta property=\"og:locale\" content=\"en_US\" \/>\n<meta property=\"og:type\" content=\"article\" \/>\n<meta property=\"og:title\" content=\"L\u2019humain en devenir - ISTE Group\" \/>\n<meta property=\"og:description\" content=\"L\u2019humain en devenir relate la relation que nous avons avec la technique. Nous ne pouvons plus nous en passer, mais nous voudrions l\u2019oublier et pouvoir envisager un monde psychosocial qui n\u2019ait rien de sociotechnique, sans conna\u00eetre l\u2019origine de la technique, de son d\u00e9veloppement, de son intrication d\u00e8s le commencement avec ce qui sera l\u2019esp\u00e8ce humaine.\" \/>\n<meta property=\"og:url\" content=\"https:\/\/www.istegroup.com\/fr\/produit\/lhumain-en-devenir\/\" \/>\n<meta property=\"og:site_name\" content=\"ISTE Group\" \/>\n<meta property=\"article:modified_time\" content=\"2024-01-03T13:43:43+00:00\" \/>\n<meta property=\"og:image\" content=\"https:\/\/www.istegroup.com\/wp-content\/uploads\/2020\/03\/L\u2019humain-en-devenir.jpg\" \/>\n\t<meta property=\"og:image:width\" content=\"300\" \/>\n\t<meta property=\"og:image:height\" content=\"453\" \/>\n\t<meta property=\"og:image:type\" content=\"image\/jpeg\" \/>\n<meta name=\"twitter:card\" content=\"summary_large_image\" \/>\n<meta name=\"twitter:label1\" content=\"Est. reading time\" \/>\n\t<meta name=\"twitter:data1\" content=\"1 minute\" \/>\n<script type=\"application\/ld+json\" class=\"yoast-schema-graph\">{\"@context\":\"https:\/\/schema.org\",\"@graph\":[{\"@type\":\"WebPage\",\"@id\":\"https:\/\/www.istegroup.com\/fr\/produit\/lhumain-en-devenir\/\",\"url\":\"https:\/\/www.istegroup.com\/fr\/produit\/lhumain-en-devenir\/\",\"name\":\"L\u2019humain en devenir - ISTE Group\",\"isPartOf\":{\"@id\":\"https:\/\/www.istegroup.com\/#website\"},\"primaryImageOfPage\":{\"@id\":\"https:\/\/www.istegroup.com\/fr\/produit\/lhumain-en-devenir\/#primaryimage\"},\"image\":{\"@id\":\"https:\/\/www.istegroup.com\/fr\/produit\/lhumain-en-devenir\/#primaryimage\"},\"thumbnailUrl\":\"https:\/\/www.istegroup.com\/wp-content\/uploads\/2020\/03\/L\u2019humain-en-devenir.jpg\",\"datePublished\":\"2020-10-28T15:30:09+00:00\",\"dateModified\":\"2024-01-03T13:43:43+00:00\",\"description\":\"L\u2019humain en devenir relate la relation que nous avons avec la technique. Nous ne pouvons plus nous en passer, mais nous voudrions l\u2019oublier et pouvoir envisager un monde psychosocial qui n\u2019ait rien de sociotechnique, sans conna\u00eetre l\u2019origine de la technique, de son d\u00e9veloppement, de son intrication d\u00e8s le commencement avec ce qui sera l\u2019esp\u00e8ce humaine.\",\"breadcrumb\":{\"@id\":\"https:\/\/www.istegroup.com\/fr\/produit\/lhumain-en-devenir\/#breadcrumb\"},\"inLanguage\":\"en-US\",\"potentialAction\":[{\"@type\":\"ReadAction\",\"target\":[\"https:\/\/www.istegroup.com\/fr\/produit\/lhumain-en-devenir\/\"]}]},{\"@type\":\"ImageObject\",\"inLanguage\":\"en-US\",\"@id\":\"https:\/\/www.istegroup.com\/fr\/produit\/lhumain-en-devenir\/#primaryimage\",\"url\":\"https:\/\/www.istegroup.com\/wp-content\/uploads\/2020\/03\/L\u2019humain-en-devenir.jpg\",\"contentUrl\":\"https:\/\/www.istegroup.com\/wp-content\/uploads\/2020\/03\/L\u2019humain-en-devenir.jpg\",\"width\":300,\"height\":453,\"caption\":\"Livre scientifique - L\u2019humain en devenir - Michel J.F. Dubois\"},{\"@type\":\"BreadcrumbList\",\"@id\":\"https:\/\/www.istegroup.com\/fr\/produit\/lhumain-en-devenir\/#breadcrumb\",\"itemListElement\":[{\"@type\":\"ListItem\",\"position\":1,\"name\":\"Home\",\"item\":\"https:\/\/www.istegroup.com\/\"},{\"@type\":\"ListItem\",\"position\":2,\"name\":\"Shop\",\"item\":\"https:\/\/www.istegroup.com\/fr\/nouveautes\/\"},{\"@type\":\"ListItem\",\"position\":3,\"name\":\"L\u2019humain en devenir\"}]},{\"@type\":\"WebSite\",\"@id\":\"https:\/\/www.istegroup.com\/#website\",\"url\":\"https:\/\/www.istegroup.com\/\",\"name\":\"ISTE Group\",\"description\":\"Publishing Knowledge\",\"potentialAction\":[{\"@type\":\"SearchAction\",\"target\":{\"@type\":\"EntryPoint\",\"urlTemplate\":\"https:\/\/www.istegroup.com\/?s={search_term_string}\"},\"query-input\":{\"@type\":\"PropertyValueSpecification\",\"valueRequired\":true,\"valueName\":\"search_term_string\"}}],\"inLanguage\":\"en-US\"}]}<\/script>\n<!-- \/ Yoast SEO plugin. -->","yoast_head_json":{"title":"L\u2019humain en devenir - ISTE Group","description":"L\u2019humain en devenir relate la relation que nous avons avec la technique. Nous ne pouvons plus nous en passer, mais nous voudrions l\u2019oublier et pouvoir envisager un monde psychosocial qui n\u2019ait rien de sociotechnique, sans conna\u00eetre l\u2019origine de la technique, de son d\u00e9veloppement, de son intrication d\u00e8s le commencement avec ce qui sera l\u2019esp\u00e8ce humaine.","robots":{"index":"index","follow":"follow","max-snippet":"max-snippet:-1","max-image-preview":"max-image-preview:large","max-video-preview":"max-video-preview:-1"},"canonical":"https:\/\/www.istegroup.com\/fr\/produit\/lhumain-en-devenir\/","og_locale":"en_US","og_type":"article","og_title":"L\u2019humain en devenir - ISTE Group","og_description":"L\u2019humain en devenir relate la relation que nous avons avec la technique. Nous ne pouvons plus nous en passer, mais nous voudrions l\u2019oublier et pouvoir envisager un monde psychosocial qui n\u2019ait rien de sociotechnique, sans conna\u00eetre l\u2019origine de la technique, de son d\u00e9veloppement, de son intrication d\u00e8s le commencement avec ce qui sera l\u2019esp\u00e8ce humaine.","og_url":"https:\/\/www.istegroup.com\/fr\/produit\/lhumain-en-devenir\/","og_site_name":"ISTE Group","article_modified_time":"2024-01-03T13:43:43+00:00","og_image":[{"width":300,"height":453,"url":"https:\/\/www.istegroup.com\/wp-content\/uploads\/2020\/03\/L\u2019humain-en-devenir.jpg","type":"image\/jpeg"}],"twitter_card":"summary_large_image","twitter_misc":{"Est. reading time":"1 minute"},"schema":{"@context":"https:\/\/schema.org","@graph":[{"@type":"WebPage","@id":"https:\/\/www.istegroup.com\/fr\/produit\/lhumain-en-devenir\/","url":"https:\/\/www.istegroup.com\/fr\/produit\/lhumain-en-devenir\/","name":"L\u2019humain en devenir - ISTE Group","isPartOf":{"@id":"https:\/\/www.istegroup.com\/#website"},"primaryImageOfPage":{"@id":"https:\/\/www.istegroup.com\/fr\/produit\/lhumain-en-devenir\/#primaryimage"},"image":{"@id":"https:\/\/www.istegroup.com\/fr\/produit\/lhumain-en-devenir\/#primaryimage"},"thumbnailUrl":"https:\/\/www.istegroup.com\/wp-content\/uploads\/2020\/03\/L\u2019humain-en-devenir.jpg","datePublished":"2020-10-28T15:30:09+00:00","dateModified":"2024-01-03T13:43:43+00:00","description":"L\u2019humain en devenir relate la relation que nous avons avec la technique. Nous ne pouvons plus nous en passer, mais nous voudrions l\u2019oublier et pouvoir envisager un monde psychosocial qui n\u2019ait rien de sociotechnique, sans conna\u00eetre l\u2019origine de la technique, de son d\u00e9veloppement, de son intrication d\u00e8s le commencement avec ce qui sera l\u2019esp\u00e8ce humaine.","breadcrumb":{"@id":"https:\/\/www.istegroup.com\/fr\/produit\/lhumain-en-devenir\/#breadcrumb"},"inLanguage":"en-US","potentialAction":[{"@type":"ReadAction","target":["https:\/\/www.istegroup.com\/fr\/produit\/lhumain-en-devenir\/"]}]},{"@type":"ImageObject","inLanguage":"en-US","@id":"https:\/\/www.istegroup.com\/fr\/produit\/lhumain-en-devenir\/#primaryimage","url":"https:\/\/www.istegroup.com\/wp-content\/uploads\/2020\/03\/L\u2019humain-en-devenir.jpg","contentUrl":"https:\/\/www.istegroup.com\/wp-content\/uploads\/2020\/03\/L\u2019humain-en-devenir.jpg","width":300,"height":453,"caption":"Livre scientifique - L\u2019humain en devenir - Michel J.F. Dubois"},{"@type":"BreadcrumbList","@id":"https:\/\/www.istegroup.com\/fr\/produit\/lhumain-en-devenir\/#breadcrumb","itemListElement":[{"@type":"ListItem","position":1,"name":"Home","item":"https:\/\/www.istegroup.com\/"},{"@type":"ListItem","position":2,"name":"Shop","item":"https:\/\/www.istegroup.com\/fr\/nouveautes\/"},{"@type":"ListItem","position":3,"name":"L\u2019humain en devenir"}]},{"@type":"WebSite","@id":"https:\/\/www.istegroup.com\/#website","url":"https:\/\/www.istegroup.com\/","name":"ISTE Group","description":"Publishing Knowledge","potentialAction":[{"@type":"SearchAction","target":{"@type":"EntryPoint","urlTemplate":"https:\/\/www.istegroup.com\/?s={search_term_string}"},"query-input":{"@type":"PropertyValueSpecification","valueRequired":true,"valueName":"search_term_string"}}],"inLanguage":"en-US"}]}},"_links":{"self":[{"href":"https:\/\/www.istegroup.com\/en\/wp-json\/wp\/v2\/product\/25309","targetHints":{"allow":["GET"]}}],"collection":[{"href":"https:\/\/www.istegroup.com\/en\/wp-json\/wp\/v2\/product"}],"about":[{"href":"https:\/\/www.istegroup.com\/en\/wp-json\/wp\/v2\/types\/product"}],"wp:featuredmedia":[{"embeddable":true,"href":"https:\/\/www.istegroup.com\/en\/wp-json\/wp\/v2\/media\/25314"}],"wp:attachment":[{"href":"https:\/\/www.istegroup.com\/en\/wp-json\/wp\/v2\/media?parent=25309"}],"wp:term":[{"taxonomy":"product_brand","embeddable":true,"href":"https:\/\/www.istegroup.com\/en\/wp-json\/wp\/v2\/product_brand?post=25309"},{"taxonomy":"product_cat","embeddable":true,"href":"https:\/\/www.istegroup.com\/en\/wp-json\/wp\/v2\/product_cat?post=25309"},{"taxonomy":"product_tag","embeddable":true,"href":"https:\/\/www.istegroup.com\/en\/wp-json\/wp\/v2\/product_tag?post=25309"}],"curies":[{"name":"wp","href":"https:\/\/api.w.org\/{rel}","templated":true}]}}