{"id":253,"date":"2017-07-28T11:16:39","date_gmt":"2017-07-28T09:16:39","guid":{"rendered":"https:\/\/iste.yhello.co\/product\/fiabilite-des-led-infrarouges\/"},"modified":"2024-01-03T13:39:04","modified_gmt":"2024-01-03T13:39:04","slug":"fiabilite-des-led-infrarouges","status":"publish","type":"product","link":"https:\/\/www.istegroup.com\/en\/produit\/fiabilite-des-led-infrarouges\/","title":{"rendered":"Fiabilit\u00e9 des LED infrarouges"},"content":{"rendered":"<p>De nos jours, la fiabilit\u00e9 est devenue un centre d\u2019int\u00e9r\u00eat et un v\u00e9ritable enjeu pour l\u2019industrie mais \u00e9galement pour les laboratoires de recherche.<\/p>\n<p>Cet ouvrage traite des m\u00e9thodes modernes pour effectuer une analyse par la physique des d\u00e9faillances de LED infrarouges. Il est d\u00e9sormais tr\u00e8s rare d\u2019effectuer des recherches fondamentales sans avoir une possibilit\u00e9 d\u2019int\u00e9grer ces nouveaux dispositifs au sein d\u2019une application bien identifi\u00e9e.<\/p>\n<p>Les m\u00e9thodes propos\u00e9es dans\u00a0<em>Fiabilit\u00e9 des LED infrarouges\u00a0<\/em>permettent de comprendre l\u2019ensemble des m\u00e9thodes d\u2019analyses de d\u00e9faillance avec des r\u00e9sultats issus de cas d\u2019\u00e9tudes r\u00e9alis\u00e9s au laboratoire IMS, en prenant exemple sur un composant simple : la LED. La physique des d\u00e9faillances, la d\u00e9termination de loi physique de d\u00e9faillance ainsi que le calcul de la distribution de dur\u00e9e de vie sont ainsi abord\u00e9s.<\/p>\n","protected":false},"excerpt":{"rendered":"<p>De nos jours, la fiabilit\u00e9 est devenue un centre d\u2019int\u00e9r\u00eat et un v\u00e9ritable enjeu pour l\u2019industrie mais \u00e9galement pour les laboratoires de recherche. Cet ouvrage traite des m\u00e9thodes modernes pour effectuer une analyse par la physique des d\u00e9faillances de LED infrarouges. Il est d\u00e9sormais tr\u00e8s rare d\u2019effectuer des recherches fondamentales sans avoir une possibilit\u00e9 d\u2019int\u00e9grer [&hellip;]<\/p>\n","protected":false},"featured_media":23281,"template":"","meta":{"_acf_changed":false,"_links_to":"","_links_to_target":""},"product_brand":[],"product_cat":[659,675,689],"product_tag":[31,196,269,18,19,218,219,20,296,386,387,247,197,198,199,21,200,22,201,388,85,389,203,204,63,25,205,172,26,206,207,27,99,208,209,390,391,392,292,212,38,192,145,28,29,213,214,393,88],"class_list":{"0":"post-253","1":"product","2":"type-product","3":"status-publish","4":"has-post-thumbnail","6":"product_cat-electronique-11476903","7":"product_cat-nouveauts-12519446","8":"product_cat-srie-durabilit-robustesse-et-fiabilit-des-dispositifs-photoniques-410385041","9":"product_tag-ebook","10":"product_tag-ebooks","11":"product_tag-edition-francaise","12":"product_tag-edition-scientifique","13":"product_tag-editions-francaise","14":"product_tag-editions-ouvrage","15":"product_tag-editions-ouvrages","16":"product_tag-editions-technique","17":"product_tag-energie","18":"product_tag-fiabilite","19":"product_tag-fiabilite-des-led-infrarouges","20":"product_tag-industrie","21":"product_tag-iste","22":"product_tag-iste-edition","23":"product_tag-iste-editions","24":"product_tag-iste-group","25":"product_tag-isteedition","26":"product_tag-istegroup","27":"product_tag-kindle","28":"product_tag-laurent-bechou","29":"product_tag-led","30":"product_tag-led-infrarouge","31":"product_tag-liseuse","32":"product_tag-livre","33":"product_tag-livre-electronique","34":"product_tag-livre-numerique","35":"product_tag-livre-science","36":"product_tag-livre-scientifique","37":"product_tag-livre-scientifique-francais","38":"product_tag-livre-scientique","39":"product_tag-livre-technique","40":"product_tag-livre-technique-francais","41":"product_tag-livres-numeriques","42":"product_tag-livres-scientifique","43":"product_tag-livres-scientifiques","44":"product_tag-methodes","45":"product_tag-methodologie-devaluation","46":"product_tag-methodologie-devaluation-par-la-physique-des-defaillances","47":"product_tag-numerique","48":"product_tag-ouvrage","49":"product_tag-ouvrage-numerique","50":"product_tag-ouvrage-science","51":"product_tag-ouvrage-scientifique","52":"product_tag-ouvrage-scientifique-francais","53":"product_tag-ouvrage-technique","54":"product_tag-ouvrages-scientifiques","55":"product_tag-ouvrages-techniques","56":"product_tag-physique-des-defaillances","57":"product_tag-yannick-deshayes","59":"first","60":"instock","61":"shipping-taxable","62":"purchasable","63":"product-type-variable"},"acf":[],"yoast_head":"<!-- This site is optimized with the Yoast SEO plugin v27.2 - https:\/\/yoast.com\/product\/yoast-seo-wordpress\/ -->\n<title>Fiabilit\u00e9 des LED infrarouges - ISTE Group<\/title>\n<meta name=\"description\" content=\"Cet ouvrage traite des m\u00e9thodes modernes pour effectuer une analyse par la physique des d\u00e9faillances de LED infrarouges.\" \/>\n<meta name=\"robots\" content=\"index, follow, max-snippet:-1, max-image-preview:large, max-video-preview:-1\" \/>\n<link rel=\"canonical\" href=\"https:\/\/www.istegroup.com\/fr\/produit\/fiabilite-des-led-infrarouges\/\" \/>\n<meta property=\"og:locale\" content=\"en_US\" \/>\n<meta property=\"og:type\" content=\"article\" \/>\n<meta property=\"og:title\" content=\"Fiabilit\u00e9 des LED infrarouges - ISTE Group\" \/>\n<meta property=\"og:description\" content=\"Cet ouvrage traite des m\u00e9thodes modernes pour effectuer une analyse par la physique des d\u00e9faillances de LED infrarouges.\" \/>\n<meta property=\"og:url\" content=\"https:\/\/www.istegroup.com\/fr\/produit\/fiabilite-des-led-infrarouges\/\" \/>\n<meta property=\"og:site_name\" content=\"ISTE Group\" \/>\n<meta property=\"article:modified_time\" content=\"2024-01-03T13:39:04+00:00\" \/>\n<meta property=\"og:image\" content=\"https:\/\/www.istegroup.com\/wp-content\/uploads\/2019\/10\/Fiabilit\u00e9-des-LED-infrarouges.jpg\" \/>\n\t<meta property=\"og:image:width\" content=\"300\" \/>\n\t<meta property=\"og:image:height\" content=\"450\" \/>\n\t<meta property=\"og:image:type\" content=\"image\/jpeg\" \/>\n<meta name=\"twitter:card\" content=\"summary_large_image\" \/>\n<meta name=\"twitter:label1\" content=\"Est. reading time\" \/>\n\t<meta name=\"twitter:data1\" content=\"1 minute\" \/>\n<script type=\"application\/ld+json\" class=\"yoast-schema-graph\">{\"@context\":\"https:\/\/schema.org\",\"@graph\":[{\"@type\":\"WebPage\",\"@id\":\"https:\/\/www.istegroup.com\/fr\/produit\/fiabilite-des-led-infrarouges\/\",\"url\":\"https:\/\/www.istegroup.com\/fr\/produit\/fiabilite-des-led-infrarouges\/\",\"name\":\"Fiabilit\u00e9 des LED infrarouges - ISTE Group\",\"isPartOf\":{\"@id\":\"https:\/\/www.istegroup.com\/#website\"},\"primaryImageOfPage\":{\"@id\":\"https:\/\/www.istegroup.com\/fr\/produit\/fiabilite-des-led-infrarouges\/#primaryimage\"},\"image\":{\"@id\":\"https:\/\/www.istegroup.com\/fr\/produit\/fiabilite-des-led-infrarouges\/#primaryimage\"},\"thumbnailUrl\":\"https:\/\/www.istegroup.com\/wp-content\/uploads\/2019\/10\/Fiabilit\u00e9-des-LED-infrarouges.jpg\",\"datePublished\":\"2017-07-28T09:16:39+00:00\",\"dateModified\":\"2024-01-03T13:39:04+00:00\",\"description\":\"Cet ouvrage traite des m\u00e9thodes modernes pour effectuer une analyse par la physique des d\u00e9faillances de LED infrarouges.\",\"breadcrumb\":{\"@id\":\"https:\/\/www.istegroup.com\/fr\/produit\/fiabilite-des-led-infrarouges\/#breadcrumb\"},\"inLanguage\":\"en-US\",\"potentialAction\":[{\"@type\":\"ReadAction\",\"target\":[\"https:\/\/www.istegroup.com\/fr\/produit\/fiabilite-des-led-infrarouges\/\"]}]},{\"@type\":\"ImageObject\",\"inLanguage\":\"en-US\",\"@id\":\"https:\/\/www.istegroup.com\/fr\/produit\/fiabilite-des-led-infrarouges\/#primaryimage\",\"url\":\"https:\/\/www.istegroup.com\/wp-content\/uploads\/2019\/10\/Fiabilit\u00e9-des-LED-infrarouges.jpg\",\"contentUrl\":\"https:\/\/www.istegroup.com\/wp-content\/uploads\/2019\/10\/Fiabilit\u00e9-des-LED-infrarouges.jpg\",\"width\":300,\"height\":450,\"caption\":\"M\u00e9thodologie d\u2019\u00e9valuation par la physique des d\u00e9faillances\"},{\"@type\":\"BreadcrumbList\",\"@id\":\"https:\/\/www.istegroup.com\/fr\/produit\/fiabilite-des-led-infrarouges\/#breadcrumb\",\"itemListElement\":[{\"@type\":\"ListItem\",\"position\":1,\"name\":\"Home\",\"item\":\"https:\/\/www.istegroup.com\/\"},{\"@type\":\"ListItem\",\"position\":2,\"name\":\"Shop\",\"item\":\"https:\/\/www.istegroup.com\/fr\/nouveautes\/\"},{\"@type\":\"ListItem\",\"position\":3,\"name\":\"Fiabilit\u00e9 des LED infrarouges\"}]},{\"@type\":\"WebSite\",\"@id\":\"https:\/\/www.istegroup.com\/#website\",\"url\":\"https:\/\/www.istegroup.com\/\",\"name\":\"ISTE Group\",\"description\":\"Publishing Knowledge\",\"potentialAction\":[{\"@type\":\"SearchAction\",\"target\":{\"@type\":\"EntryPoint\",\"urlTemplate\":\"https:\/\/www.istegroup.com\/?s={search_term_string}\"},\"query-input\":{\"@type\":\"PropertyValueSpecification\",\"valueRequired\":true,\"valueName\":\"search_term_string\"}}],\"inLanguage\":\"en-US\"}]}<\/script>\n<!-- \/ Yoast SEO plugin. -->","yoast_head_json":{"title":"Fiabilit\u00e9 des LED infrarouges - ISTE Group","description":"Cet ouvrage traite des m\u00e9thodes modernes pour effectuer une analyse par la physique des d\u00e9faillances de LED infrarouges.","robots":{"index":"index","follow":"follow","max-snippet":"max-snippet:-1","max-image-preview":"max-image-preview:large","max-video-preview":"max-video-preview:-1"},"canonical":"https:\/\/www.istegroup.com\/fr\/produit\/fiabilite-des-led-infrarouges\/","og_locale":"en_US","og_type":"article","og_title":"Fiabilit\u00e9 des LED infrarouges - ISTE Group","og_description":"Cet ouvrage traite des m\u00e9thodes modernes pour effectuer une analyse par la physique des d\u00e9faillances de LED infrarouges.","og_url":"https:\/\/www.istegroup.com\/fr\/produit\/fiabilite-des-led-infrarouges\/","og_site_name":"ISTE Group","article_modified_time":"2024-01-03T13:39:04+00:00","og_image":[{"width":300,"height":450,"url":"https:\/\/www.istegroup.com\/wp-content\/uploads\/2019\/10\/Fiabilit\u00e9-des-LED-infrarouges.jpg","type":"image\/jpeg"}],"twitter_card":"summary_large_image","twitter_misc":{"Est. reading time":"1 minute"},"schema":{"@context":"https:\/\/schema.org","@graph":[{"@type":"WebPage","@id":"https:\/\/www.istegroup.com\/fr\/produit\/fiabilite-des-led-infrarouges\/","url":"https:\/\/www.istegroup.com\/fr\/produit\/fiabilite-des-led-infrarouges\/","name":"Fiabilit\u00e9 des LED infrarouges - ISTE Group","isPartOf":{"@id":"https:\/\/www.istegroup.com\/#website"},"primaryImageOfPage":{"@id":"https:\/\/www.istegroup.com\/fr\/produit\/fiabilite-des-led-infrarouges\/#primaryimage"},"image":{"@id":"https:\/\/www.istegroup.com\/fr\/produit\/fiabilite-des-led-infrarouges\/#primaryimage"},"thumbnailUrl":"https:\/\/www.istegroup.com\/wp-content\/uploads\/2019\/10\/Fiabilit\u00e9-des-LED-infrarouges.jpg","datePublished":"2017-07-28T09:16:39+00:00","dateModified":"2024-01-03T13:39:04+00:00","description":"Cet ouvrage traite des m\u00e9thodes modernes pour effectuer une analyse par la physique des d\u00e9faillances de LED infrarouges.","breadcrumb":{"@id":"https:\/\/www.istegroup.com\/fr\/produit\/fiabilite-des-led-infrarouges\/#breadcrumb"},"inLanguage":"en-US","potentialAction":[{"@type":"ReadAction","target":["https:\/\/www.istegroup.com\/fr\/produit\/fiabilite-des-led-infrarouges\/"]}]},{"@type":"ImageObject","inLanguage":"en-US","@id":"https:\/\/www.istegroup.com\/fr\/produit\/fiabilite-des-led-infrarouges\/#primaryimage","url":"https:\/\/www.istegroup.com\/wp-content\/uploads\/2019\/10\/Fiabilit\u00e9-des-LED-infrarouges.jpg","contentUrl":"https:\/\/www.istegroup.com\/wp-content\/uploads\/2019\/10\/Fiabilit\u00e9-des-LED-infrarouges.jpg","width":300,"height":450,"caption":"M\u00e9thodologie d\u2019\u00e9valuation par la physique des d\u00e9faillances"},{"@type":"BreadcrumbList","@id":"https:\/\/www.istegroup.com\/fr\/produit\/fiabilite-des-led-infrarouges\/#breadcrumb","itemListElement":[{"@type":"ListItem","position":1,"name":"Home","item":"https:\/\/www.istegroup.com\/"},{"@type":"ListItem","position":2,"name":"Shop","item":"https:\/\/www.istegroup.com\/fr\/nouveautes\/"},{"@type":"ListItem","position":3,"name":"Fiabilit\u00e9 des LED infrarouges"}]},{"@type":"WebSite","@id":"https:\/\/www.istegroup.com\/#website","url":"https:\/\/www.istegroup.com\/","name":"ISTE Group","description":"Publishing Knowledge","potentialAction":[{"@type":"SearchAction","target":{"@type":"EntryPoint","urlTemplate":"https:\/\/www.istegroup.com\/?s={search_term_string}"},"query-input":{"@type":"PropertyValueSpecification","valueRequired":true,"valueName":"search_term_string"}}],"inLanguage":"en-US"}]}},"_links":{"self":[{"href":"https:\/\/www.istegroup.com\/en\/wp-json\/wp\/v2\/product\/253","targetHints":{"allow":["GET"]}}],"collection":[{"href":"https:\/\/www.istegroup.com\/en\/wp-json\/wp\/v2\/product"}],"about":[{"href":"https:\/\/www.istegroup.com\/en\/wp-json\/wp\/v2\/types\/product"}],"wp:featuredmedia":[{"embeddable":true,"href":"https:\/\/www.istegroup.com\/en\/wp-json\/wp\/v2\/media\/23281"}],"wp:attachment":[{"href":"https:\/\/www.istegroup.com\/en\/wp-json\/wp\/v2\/media?parent=253"}],"wp:term":[{"taxonomy":"product_brand","embeddable":true,"href":"https:\/\/www.istegroup.com\/en\/wp-json\/wp\/v2\/product_brand?post=253"},{"taxonomy":"product_cat","embeddable":true,"href":"https:\/\/www.istegroup.com\/en\/wp-json\/wp\/v2\/product_cat?post=253"},{"taxonomy":"product_tag","embeddable":true,"href":"https:\/\/www.istegroup.com\/en\/wp-json\/wp\/v2\/product_tag?post=253"}],"curies":[{"name":"wp","href":"https:\/\/api.w.org\/{rel}","templated":true}]}}