{"id":25109,"date":"2020-10-28T10:21:35","date_gmt":"2020-10-28T10:21:35","guid":{"rendered":"https:\/\/www.istegroup.com\/?post_type=product&#038;p=25109"},"modified":"2024-01-03T13:43:43","modified_gmt":"2024-01-03T13:43:43","slug":"mobilites-face-aux-evenements-hydrometeorologiques-extremes-2","status":"publish","type":"product","link":"https:\/\/www.istegroup.com\/en\/produit\/mobilites-face-aux-evenements-hydrometeorologiques-extremes-2\/","title":{"rendered":"Mobilit\u00e9s face aux \u00e9v\u00e9nements hydrom\u00e9t\u00e9orologiques extr\u00eames 2"},"content":{"rendered":"<p>Les \u00e9v\u00e9nements hydrom\u00e9t\u00e9orologiques extr\u00eames se multiplient sous l\u2019effet des d\u00e9r\u00e8glements climatiques. Il est aujourd\u2019hui n\u00e9cessaire de mieux anticiper les interactions probl\u00e9matiques entre dynamiques physiques et sociales afin d\u2019en minorer leurs cons\u00e9quences.<\/p>\n<p>Cet ouvrage collectif, fruit du travail d\u2019une \u00e9quipe interdisciplinaire, vise \u00e0 explorer les dynamiques sociales et hydrologiques pour comprendre les m\u00e9canismes qui m\u00e8nent soit \u00e0 des catastrophes, soit \u00e0 des \u00e9v\u00e9nements d\u2019impacts limit\u00e9s, et ainsi de mieux s\u2019y pr\u00e9parer.<\/p>\n<p>Centr\u00e9 sur les crues rapides qui affectent particuli\u00e8rement le bassin m\u00e9diterran\u00e9en, cet ouvrage contribue \u00e0 mieux caract\u00e9riser les nombreuses dimensions de ces \u00e9v\u00e9nements, de leur pr\u00e9vision \u00e0 leurs cons\u00e9quences en termes d\u2019exposition humaine, de d\u00e9veloppement territorial et de mobilit\u00e9 sociale.<\/p>\n<p>Alors que le premier volume explore la question des \u00e9chelles d\u2019analyse sociohydrologique de l\u2019exposition des mobilit\u00e9s sociales aux crues rapides, ce volume traite de la question des rythmes d\u2019exposition et d\u2019adaptation \u00e0 de tels ph\u00e9nom\u00e8nes.<\/p>\n","protected":false},"excerpt":{"rendered":"<p>Les \u00e9v\u00e9nements hydrom\u00e9t\u00e9orologiques extr\u00eames se multiplient sous l\u2019effet des d\u00e9r\u00e8glements climatiques. Il est aujourd\u2019hui n\u00e9cessaire de mieux anticiper les interactions probl\u00e9matiques entre dynamiques physiques et sociales afin d\u2019en minorer leurs cons\u00e9quences. Cet ouvrage collectif, fruit du travail d\u2019une \u00e9quipe interdisciplinaire, vise \u00e0 explorer les dynamiques sociales et hydrologiques pour comprendre les m\u00e9canismes qui m\u00e8nent soit [&hellip;]<\/p>\n","protected":false},"featured_media":25118,"template":"","meta":{"_acf_changed":false,"_links_to":"","_links_to_target":""},"product_brand":[],"product_cat":[658,3262],"product_tag":[],"class_list":{"0":"post-25109","1":"product","2":"type-product","3":"status-publish","4":"has-post-thumbnail","6":"product_cat-ecologie-14419669","7":"product_cat-non-classe","9":"first","10":"instock","11":"shipping-taxable","12":"purchasable","13":"product-type-variable"},"acf":[],"yoast_head":"<!-- This site is optimized with the Yoast SEO plugin v27.2 - https:\/\/yoast.com\/product\/yoast-seo-wordpress\/ -->\n<title>Mobilit\u00e9s face aux \u00e9v\u00e9nements hydrom\u00e9t\u00e9orologiques extr\u00eames 2 - ISTE Group<\/title>\n<meta name=\"robots\" content=\"index, follow, max-snippet:-1, max-image-preview:large, max-video-preview:-1\" \/>\n<link rel=\"canonical\" href=\"https:\/\/www.istegroup.com\/fr\/produit\/mobilites-face-aux-evenements-hydrometeorologiques-extremes-2\/\" \/>\n<meta property=\"og:locale\" content=\"en_US\" \/>\n<meta property=\"og:type\" content=\"article\" \/>\n<meta property=\"og:title\" content=\"Mobilit\u00e9s face aux \u00e9v\u00e9nements hydrom\u00e9t\u00e9orologiques extr\u00eames 2 - ISTE Group\" \/>\n<meta property=\"og:description\" content=\"Les \u00e9v\u00e9nements hydrom\u00e9t\u00e9orologiques extr\u00eames se multiplient sous l\u2019effet des d\u00e9r\u00e8glements climatiques. Il est aujourd\u2019hui n\u00e9cessaire de mieux anticiper les interactions probl\u00e9matiques entre dynamiques physiques et sociales afin d\u2019en minorer leurs cons\u00e9quences. Cet ouvrage collectif, fruit du travail d\u2019une \u00e9quipe interdisciplinaire, vise \u00e0 explorer les dynamiques sociales et hydrologiques pour comprendre les m\u00e9canismes qui m\u00e8nent soit [&hellip;]\" \/>\n<meta property=\"og:url\" content=\"https:\/\/www.istegroup.com\/fr\/produit\/mobilites-face-aux-evenements-hydrometeorologiques-extremes-2\/\" \/>\n<meta property=\"og:site_name\" content=\"ISTE Group\" \/>\n<meta property=\"article:modified_time\" content=\"2024-01-03T13:43:43+00:00\" \/>\n<meta property=\"og:image\" content=\"https:\/\/www.istegroup.com\/wp-content\/uploads\/2020\/03\/Mobilit\u00e9s-face-aux-\u00e9v\u00e9nements-hydrom\u00e9t\u00e9orologiques-extr\u00eames-2.jpg\" \/>\n\t<meta property=\"og:image:width\" content=\"300\" \/>\n\t<meta property=\"og:image:height\" content=\"453\" \/>\n\t<meta property=\"og:image:type\" content=\"image\/jpeg\" \/>\n<meta name=\"twitter:card\" content=\"summary_large_image\" \/>\n<meta name=\"twitter:label1\" content=\"Est. reading time\" \/>\n\t<meta name=\"twitter:data1\" content=\"1 minute\" \/>\n<script type=\"application\/ld+json\" class=\"yoast-schema-graph\">{\"@context\":\"https:\/\/schema.org\",\"@graph\":[{\"@type\":\"WebPage\",\"@id\":\"https:\/\/www.istegroup.com\/fr\/produit\/mobilites-face-aux-evenements-hydrometeorologiques-extremes-2\/\",\"url\":\"https:\/\/www.istegroup.com\/fr\/produit\/mobilites-face-aux-evenements-hydrometeorologiques-extremes-2\/\",\"name\":\"Mobilit\u00e9s face aux \u00e9v\u00e9nements hydrom\u00e9t\u00e9orologiques extr\u00eames 2 - ISTE Group\",\"isPartOf\":{\"@id\":\"https:\/\/www.istegroup.com\/#website\"},\"primaryImageOfPage\":{\"@id\":\"https:\/\/www.istegroup.com\/fr\/produit\/mobilites-face-aux-evenements-hydrometeorologiques-extremes-2\/#primaryimage\"},\"image\":{\"@id\":\"https:\/\/www.istegroup.com\/fr\/produit\/mobilites-face-aux-evenements-hydrometeorologiques-extremes-2\/#primaryimage\"},\"thumbnailUrl\":\"https:\/\/www.istegroup.com\/wp-content\/uploads\/2020\/03\/Mobilit\u00e9s-face-aux-\u00e9v\u00e9nements-hydrom\u00e9t\u00e9orologiques-extr\u00eames-2.jpg\",\"datePublished\":\"2020-10-28T10:21:35+00:00\",\"dateModified\":\"2024-01-03T13:43:43+00:00\",\"breadcrumb\":{\"@id\":\"https:\/\/www.istegroup.com\/fr\/produit\/mobilites-face-aux-evenements-hydrometeorologiques-extremes-2\/#breadcrumb\"},\"inLanguage\":\"en-US\",\"potentialAction\":[{\"@type\":\"ReadAction\",\"target\":[\"https:\/\/www.istegroup.com\/fr\/produit\/mobilites-face-aux-evenements-hydrometeorologiques-extremes-2\/\"]}]},{\"@type\":\"ImageObject\",\"inLanguage\":\"en-US\",\"@id\":\"https:\/\/www.istegroup.com\/fr\/produit\/mobilites-face-aux-evenements-hydrometeorologiques-extremes-2\/#primaryimage\",\"url\":\"https:\/\/www.istegroup.com\/wp-content\/uploads\/2020\/03\/Mobilit\u00e9s-face-aux-\u00e9v\u00e9nements-hydrom\u00e9t\u00e9orologiques-extr\u00eames-2.jpg\",\"contentUrl\":\"https:\/\/www.istegroup.com\/wp-content\/uploads\/2020\/03\/Mobilit\u00e9s-face-aux-\u00e9v\u00e9nements-hydrom\u00e9t\u00e9orologiques-extr\u00eames-2.jpg\",\"width\":300,\"height\":453,\"caption\":\"Mobilit\u00e9s face aux \u00e9v\u00e9nements hydrom\u00e9t\u00e9orologiques extr\u00eames 2 - C\u00e9line Lutoff et S\u00e9verine Durand\"},{\"@type\":\"BreadcrumbList\",\"@id\":\"https:\/\/www.istegroup.com\/fr\/produit\/mobilites-face-aux-evenements-hydrometeorologiques-extremes-2\/#breadcrumb\",\"itemListElement\":[{\"@type\":\"ListItem\",\"position\":1,\"name\":\"Home\",\"item\":\"https:\/\/www.istegroup.com\/\"},{\"@type\":\"ListItem\",\"position\":2,\"name\":\"Shop\",\"item\":\"https:\/\/www.istegroup.com\/fr\/nouveautes\/\"},{\"@type\":\"ListItem\",\"position\":3,\"name\":\"Mobilit\u00e9s face aux \u00e9v\u00e9nements hydrom\u00e9t\u00e9orologiques extr\u00eames 2\"}]},{\"@type\":\"WebSite\",\"@id\":\"https:\/\/www.istegroup.com\/#website\",\"url\":\"https:\/\/www.istegroup.com\/\",\"name\":\"ISTE Group\",\"description\":\"Publishing Knowledge\",\"potentialAction\":[{\"@type\":\"SearchAction\",\"target\":{\"@type\":\"EntryPoint\",\"urlTemplate\":\"https:\/\/www.istegroup.com\/?s={search_term_string}\"},\"query-input\":{\"@type\":\"PropertyValueSpecification\",\"valueRequired\":true,\"valueName\":\"search_term_string\"}}],\"inLanguage\":\"en-US\"}]}<\/script>\n<!-- \/ Yoast SEO plugin. -->","yoast_head_json":{"title":"Mobilit\u00e9s face aux \u00e9v\u00e9nements hydrom\u00e9t\u00e9orologiques extr\u00eames 2 - ISTE Group","robots":{"index":"index","follow":"follow","max-snippet":"max-snippet:-1","max-image-preview":"max-image-preview:large","max-video-preview":"max-video-preview:-1"},"canonical":"https:\/\/www.istegroup.com\/fr\/produit\/mobilites-face-aux-evenements-hydrometeorologiques-extremes-2\/","og_locale":"en_US","og_type":"article","og_title":"Mobilit\u00e9s face aux \u00e9v\u00e9nements hydrom\u00e9t\u00e9orologiques extr\u00eames 2 - ISTE Group","og_description":"Les \u00e9v\u00e9nements hydrom\u00e9t\u00e9orologiques extr\u00eames se multiplient sous l\u2019effet des d\u00e9r\u00e8glements climatiques. Il est aujourd\u2019hui n\u00e9cessaire de mieux anticiper les interactions probl\u00e9matiques entre dynamiques physiques et sociales afin d\u2019en minorer leurs cons\u00e9quences. Cet ouvrage collectif, fruit du travail d\u2019une \u00e9quipe interdisciplinaire, vise \u00e0 explorer les dynamiques sociales et hydrologiques pour comprendre les m\u00e9canismes qui m\u00e8nent soit [&hellip;]","og_url":"https:\/\/www.istegroup.com\/fr\/produit\/mobilites-face-aux-evenements-hydrometeorologiques-extremes-2\/","og_site_name":"ISTE Group","article_modified_time":"2024-01-03T13:43:43+00:00","og_image":[{"width":300,"height":453,"url":"https:\/\/www.istegroup.com\/wp-content\/uploads\/2020\/03\/Mobilit\u00e9s-face-aux-\u00e9v\u00e9nements-hydrom\u00e9t\u00e9orologiques-extr\u00eames-2.jpg","type":"image\/jpeg"}],"twitter_card":"summary_large_image","twitter_misc":{"Est. reading time":"1 minute"},"schema":{"@context":"https:\/\/schema.org","@graph":[{"@type":"WebPage","@id":"https:\/\/www.istegroup.com\/fr\/produit\/mobilites-face-aux-evenements-hydrometeorologiques-extremes-2\/","url":"https:\/\/www.istegroup.com\/fr\/produit\/mobilites-face-aux-evenements-hydrometeorologiques-extremes-2\/","name":"Mobilit\u00e9s face aux \u00e9v\u00e9nements hydrom\u00e9t\u00e9orologiques extr\u00eames 2 - ISTE Group","isPartOf":{"@id":"https:\/\/www.istegroup.com\/#website"},"primaryImageOfPage":{"@id":"https:\/\/www.istegroup.com\/fr\/produit\/mobilites-face-aux-evenements-hydrometeorologiques-extremes-2\/#primaryimage"},"image":{"@id":"https:\/\/www.istegroup.com\/fr\/produit\/mobilites-face-aux-evenements-hydrometeorologiques-extremes-2\/#primaryimage"},"thumbnailUrl":"https:\/\/www.istegroup.com\/wp-content\/uploads\/2020\/03\/Mobilit\u00e9s-face-aux-\u00e9v\u00e9nements-hydrom\u00e9t\u00e9orologiques-extr\u00eames-2.jpg","datePublished":"2020-10-28T10:21:35+00:00","dateModified":"2024-01-03T13:43:43+00:00","breadcrumb":{"@id":"https:\/\/www.istegroup.com\/fr\/produit\/mobilites-face-aux-evenements-hydrometeorologiques-extremes-2\/#breadcrumb"},"inLanguage":"en-US","potentialAction":[{"@type":"ReadAction","target":["https:\/\/www.istegroup.com\/fr\/produit\/mobilites-face-aux-evenements-hydrometeorologiques-extremes-2\/"]}]},{"@type":"ImageObject","inLanguage":"en-US","@id":"https:\/\/www.istegroup.com\/fr\/produit\/mobilites-face-aux-evenements-hydrometeorologiques-extremes-2\/#primaryimage","url":"https:\/\/www.istegroup.com\/wp-content\/uploads\/2020\/03\/Mobilit\u00e9s-face-aux-\u00e9v\u00e9nements-hydrom\u00e9t\u00e9orologiques-extr\u00eames-2.jpg","contentUrl":"https:\/\/www.istegroup.com\/wp-content\/uploads\/2020\/03\/Mobilit\u00e9s-face-aux-\u00e9v\u00e9nements-hydrom\u00e9t\u00e9orologiques-extr\u00eames-2.jpg","width":300,"height":453,"caption":"Mobilit\u00e9s face aux \u00e9v\u00e9nements hydrom\u00e9t\u00e9orologiques extr\u00eames 2 - C\u00e9line Lutoff et S\u00e9verine Durand"},{"@type":"BreadcrumbList","@id":"https:\/\/www.istegroup.com\/fr\/produit\/mobilites-face-aux-evenements-hydrometeorologiques-extremes-2\/#breadcrumb","itemListElement":[{"@type":"ListItem","position":1,"name":"Home","item":"https:\/\/www.istegroup.com\/"},{"@type":"ListItem","position":2,"name":"Shop","item":"https:\/\/www.istegroup.com\/fr\/nouveautes\/"},{"@type":"ListItem","position":3,"name":"Mobilit\u00e9s face aux \u00e9v\u00e9nements hydrom\u00e9t\u00e9orologiques extr\u00eames 2"}]},{"@type":"WebSite","@id":"https:\/\/www.istegroup.com\/#website","url":"https:\/\/www.istegroup.com\/","name":"ISTE Group","description":"Publishing Knowledge","potentialAction":[{"@type":"SearchAction","target":{"@type":"EntryPoint","urlTemplate":"https:\/\/www.istegroup.com\/?s={search_term_string}"},"query-input":{"@type":"PropertyValueSpecification","valueRequired":true,"valueName":"search_term_string"}}],"inLanguage":"en-US"}]}},"_links":{"self":[{"href":"https:\/\/www.istegroup.com\/en\/wp-json\/wp\/v2\/product\/25109","targetHints":{"allow":["GET"]}}],"collection":[{"href":"https:\/\/www.istegroup.com\/en\/wp-json\/wp\/v2\/product"}],"about":[{"href":"https:\/\/www.istegroup.com\/en\/wp-json\/wp\/v2\/types\/product"}],"wp:featuredmedia":[{"embeddable":true,"href":"https:\/\/www.istegroup.com\/en\/wp-json\/wp\/v2\/media\/25118"}],"wp:attachment":[{"href":"https:\/\/www.istegroup.com\/en\/wp-json\/wp\/v2\/media?parent=25109"}],"wp:term":[{"taxonomy":"product_brand","embeddable":true,"href":"https:\/\/www.istegroup.com\/en\/wp-json\/wp\/v2\/product_brand?post=25109"},{"taxonomy":"product_cat","embeddable":true,"href":"https:\/\/www.istegroup.com\/en\/wp-json\/wp\/v2\/product_cat?post=25109"},{"taxonomy":"product_tag","embeddable":true,"href":"https:\/\/www.istegroup.com\/en\/wp-json\/wp\/v2\/product_tag?post=25109"}],"curies":[{"name":"wp","href":"https:\/\/api.w.org\/{rel}","templated":true}]}}