{"id":251,"date":"2017-07-28T11:16:35","date_gmt":"2017-07-28T09:16:35","guid":{"rendered":"https:\/\/iste.yhello.co\/product\/fiabilite-de-lenergie-renouvelable-et-nucleaire\/"},"modified":"2024-01-03T13:39:04","modified_gmt":"2024-01-03T13:39:04","slug":"fiabilite-de-lenergie-renouvelable-et-nucleaire","status":"publish","type":"product","link":"https:\/\/www.istegroup.com\/en\/produit\/fiabilite-de-lenergie-renouvelable-et-nucleaire\/","title":{"rendered":"Fiabilit\u00e9 de l\u2019\u00e9nergie renouvelable et nucl\u00e9aire"},"content":{"rendered":"<p>L\u2019accident nucl\u00e9aire de Fukushima a entra\u00een\u00e9 une remise en question de la s\u00fbret\u00e9 nucl\u00e9aire, poussant m\u00eame plusieurs pays \u00e0 renoncer compl\u00e8tement \u00e0 cette source d&#8217;\u00e9nergie.<\/p>\n<p><em>Fiabilit\u00e9 de l&#8217;\u00e9nergie renouvelable et nucl\u00e9aire<\/em>\u00a0examine les dangers potentiels, r\u00e9els ou imaginaires de l&#8217;\u00e9nergie nucl\u00e9aire, au regard de ceux de plusieurs autres sources d\u2019\u00e9nergie, notamment le charbon, le p\u00e9trole, le gaz et les \u00e9nergies renouvelables telles que les \u00e9nergies solaire, hydraulique, \u00e9olienne et marine. Ce livre \u00e9tudie les avantages et les inconv\u00e9nients de ce vaste choix de sources d&#8217;\u00e9nergie. Il d\u00e9taille \u00e9galement les politiques relatives aux technologies, aux ressources \u00e9nerg\u00e9tiques, \u00e0 la protection de l\u2019environnement et \u00e0 la s\u00e9curit\u00e9 au travail, en insistant sur le besoin d\u2019am\u00e9liorer la compr\u00e9hension du grand public vis-\u00e0-vis du concept de fiabilit\u00e9.<\/p>\n<p>Cet ouvrage propose une mise en perspective exhaustive des atouts relatifs et de l\u2019\u00e9tat des diff\u00e9rentes sources d&#8217;\u00e9nergie. Cette analyse prend en compte l\u2019exploitation, les \u00e9missions, la maintenabilit\u00e9, les co\u00fbts impliqu\u00e9s, la s\u00e9curit\u00e9 et la s\u00fbret\u00e9 \u00e9nerg\u00e9tiques.<\/p>\n","protected":false},"excerpt":{"rendered":"<p>L\u2019accident nucl\u00e9aire de Fukushima a entra\u00een\u00e9 une remise en question de la s\u00fbret\u00e9 nucl\u00e9aire, poussant m\u00eame plusieurs pays \u00e0 renoncer compl\u00e8tement \u00e0 cette source d&#8217;\u00e9nergie. Fiabilit\u00e9 de l&#8217;\u00e9nergie renouvelable et nucl\u00e9aire\u00a0examine les dangers potentiels, r\u00e9els ou imaginaires de l&#8217;\u00e9nergie nucl\u00e9aire, au regard de ceux de plusieurs autres sources d\u2019\u00e9nergie, notamment le charbon, le p\u00e9trole, le [&hellip;]<\/p>\n","protected":false},"featured_media":252,"template":"","meta":{"_acf_changed":false,"_links_to":"","_links_to_target":""},"product_brand":[],"product_cat":[660],"product_tag":[1286,31,196,296,1287,329,386,1288,1289,1290,197,198,199,21,200,22,201,203,204,63,25,172,209,1291,212,38,192,145,28,253,1292],"class_list":{"0":"post-251","1":"product","2":"type-product","3":"status-publish","4":"has-post-thumbnail","6":"product_cat-energie-12506414","7":"product_tag-city-university","8":"product_tag-ebook","9":"product_tag-ebooks","10":"product_tag-energie","11":"product_tag-energie-renouvelable","12":"product_tag-environnement","13":"product_tag-fiabilite","14":"product_tag-fiabilite-de-lenergie-renouvelable-et-nucleaire","15":"product_tag-fukushima","16":"product_tag-hong-kong","17":"product_tag-iste","18":"product_tag-iste-edition","19":"product_tag-iste-editions","20":"product_tag-iste-group","21":"product_tag-isteedition","22":"product_tag-istegroup","23":"product_tag-kindle","24":"product_tag-liseuse","25":"product_tag-livre","26":"product_tag-livre-electronique","27":"product_tag-livre-numerique","28":"product_tag-livre-scientifique","29":"product_tag-livres-scientifiques","30":"product_tag-nucleaire","31":"product_tag-ouvrage","32":"product_tag-ouvrage-numerique","33":"product_tag-ouvrage-science","34":"product_tag-ouvrage-scientifique","35":"product_tag-ouvrage-scientifique-francais","36":"product_tag-technologie","37":"product_tag-way-kuo","39":"first","40":"instock","41":"shipping-taxable","42":"purchasable","43":"product-type-variable"},"acf":[],"yoast_head":"<!-- This site is optimized with the Yoast SEO plugin v27.2 - https:\/\/yoast.com\/product\/yoast-seo-wordpress\/ -->\n<title>Fiabilit\u00e9 de l\u2019\u00e9nergie renouvelable et nucl\u00e9aire - ISTE Group<\/title>\n<meta name=\"description\" content=\"L&#039;ouvrage examine les dangers potentiels de l&#039;\u00e9nergie nucl\u00e9aire, au regard de ceux d&#039;autres sources d\u2019\u00e9nergie (charbon, p\u00e9trole, gaz, \u00e9nergies renouvelables)\" \/>\n<meta name=\"robots\" content=\"index, follow, max-snippet:-1, max-image-preview:large, max-video-preview:-1\" \/>\n<link rel=\"canonical\" href=\"https:\/\/www.istegroup.com\/fr\/produit\/fiabilite-de-lenergie-renouvelable-et-nucleaire\/\" \/>\n<meta property=\"og:locale\" content=\"en_US\" \/>\n<meta property=\"og:type\" content=\"article\" \/>\n<meta property=\"og:title\" content=\"Fiabilit\u00e9 de l\u2019\u00e9nergie renouvelable et nucl\u00e9aire - ISTE Group\" \/>\n<meta property=\"og:description\" content=\"L&#039;ouvrage examine les dangers potentiels de l&#039;\u00e9nergie nucl\u00e9aire, au regard de ceux d&#039;autres sources d\u2019\u00e9nergie (charbon, p\u00e9trole, gaz, \u00e9nergies renouvelables)\" \/>\n<meta property=\"og:url\" content=\"https:\/\/www.istegroup.com\/fr\/produit\/fiabilite-de-lenergie-renouvelable-et-nucleaire\/\" \/>\n<meta property=\"og:site_name\" content=\"ISTE Group\" \/>\n<meta property=\"article:modified_time\" content=\"2024-01-03T13:39:04+00:00\" \/>\n<meta property=\"og:image\" content=\"https:\/\/www.istegroup.com\/wp-content\/uploads\/2017\/07\/1145366940_401772148-1.jpg\" \/>\n\t<meta property=\"og:image:width\" content=\"300\" \/>\n\t<meta property=\"og:image:height\" content=\"450\" \/>\n\t<meta property=\"og:image:type\" content=\"image\/jpeg\" \/>\n<meta name=\"twitter:card\" content=\"summary_large_image\" \/>\n<meta name=\"twitter:label1\" content=\"Est. reading time\" \/>\n\t<meta name=\"twitter:data1\" content=\"1 minute\" \/>\n<script type=\"application\/ld+json\" class=\"yoast-schema-graph\">{\"@context\":\"https:\/\/schema.org\",\"@graph\":[{\"@type\":\"WebPage\",\"@id\":\"https:\/\/www.istegroup.com\/fr\/produit\/fiabilite-de-lenergie-renouvelable-et-nucleaire\/\",\"url\":\"https:\/\/www.istegroup.com\/fr\/produit\/fiabilite-de-lenergie-renouvelable-et-nucleaire\/\",\"name\":\"Fiabilit\u00e9 de l\u2019\u00e9nergie renouvelable et nucl\u00e9aire - ISTE Group\",\"isPartOf\":{\"@id\":\"https:\/\/www.istegroup.com\/#website\"},\"primaryImageOfPage\":{\"@id\":\"https:\/\/www.istegroup.com\/fr\/produit\/fiabilite-de-lenergie-renouvelable-et-nucleaire\/#primaryimage\"},\"image\":{\"@id\":\"https:\/\/www.istegroup.com\/fr\/produit\/fiabilite-de-lenergie-renouvelable-et-nucleaire\/#primaryimage\"},\"thumbnailUrl\":\"https:\/\/www.istegroup.com\/wp-content\/uploads\/2017\/07\/1145366940_401772148-1.jpg\",\"datePublished\":\"2017-07-28T09:16:35+00:00\",\"dateModified\":\"2024-01-03T13:39:04+00:00\",\"description\":\"L'ouvrage examine les dangers potentiels de l'\u00e9nergie nucl\u00e9aire, au regard de ceux d'autres sources d\u2019\u00e9nergie (charbon, p\u00e9trole, gaz, \u00e9nergies renouvelables)\",\"breadcrumb\":{\"@id\":\"https:\/\/www.istegroup.com\/fr\/produit\/fiabilite-de-lenergie-renouvelable-et-nucleaire\/#breadcrumb\"},\"inLanguage\":\"en-US\",\"potentialAction\":[{\"@type\":\"ReadAction\",\"target\":[\"https:\/\/www.istegroup.com\/fr\/produit\/fiabilite-de-lenergie-renouvelable-et-nucleaire\/\"]}]},{\"@type\":\"ImageObject\",\"inLanguage\":\"en-US\",\"@id\":\"https:\/\/www.istegroup.com\/fr\/produit\/fiabilite-de-lenergie-renouvelable-et-nucleaire\/#primaryimage\",\"url\":\"https:\/\/www.istegroup.com\/wp-content\/uploads\/2017\/07\/1145366940_401772148-1.jpg\",\"contentUrl\":\"https:\/\/www.istegroup.com\/wp-content\/uploads\/2017\/07\/1145366940_401772148-1.jpg\",\"width\":300,\"height\":450,\"caption\":\"Fiabilit\u00e9 de l\u2019\u00e9nergie renouvelable et nucl\u00e9aire\"},{\"@type\":\"BreadcrumbList\",\"@id\":\"https:\/\/www.istegroup.com\/fr\/produit\/fiabilite-de-lenergie-renouvelable-et-nucleaire\/#breadcrumb\",\"itemListElement\":[{\"@type\":\"ListItem\",\"position\":1,\"name\":\"Home\",\"item\":\"https:\/\/www.istegroup.com\/\"},{\"@type\":\"ListItem\",\"position\":2,\"name\":\"Shop\",\"item\":\"https:\/\/www.istegroup.com\/fr\/nouveautes\/\"},{\"@type\":\"ListItem\",\"position\":3,\"name\":\"Fiabilit\u00e9 de l\u2019\u00e9nergie renouvelable et nucl\u00e9aire\"}]},{\"@type\":\"WebSite\",\"@id\":\"https:\/\/www.istegroup.com\/#website\",\"url\":\"https:\/\/www.istegroup.com\/\",\"name\":\"ISTE Group\",\"description\":\"Publishing Knowledge\",\"potentialAction\":[{\"@type\":\"SearchAction\",\"target\":{\"@type\":\"EntryPoint\",\"urlTemplate\":\"https:\/\/www.istegroup.com\/?s={search_term_string}\"},\"query-input\":{\"@type\":\"PropertyValueSpecification\",\"valueRequired\":true,\"valueName\":\"search_term_string\"}}],\"inLanguage\":\"en-US\"}]}<\/script>\n<!-- \/ Yoast SEO plugin. -->","yoast_head_json":{"title":"Fiabilit\u00e9 de l\u2019\u00e9nergie renouvelable et nucl\u00e9aire - ISTE Group","description":"L'ouvrage examine les dangers potentiels de l'\u00e9nergie nucl\u00e9aire, au regard de ceux d'autres sources d\u2019\u00e9nergie (charbon, p\u00e9trole, gaz, \u00e9nergies renouvelables)","robots":{"index":"index","follow":"follow","max-snippet":"max-snippet:-1","max-image-preview":"max-image-preview:large","max-video-preview":"max-video-preview:-1"},"canonical":"https:\/\/www.istegroup.com\/fr\/produit\/fiabilite-de-lenergie-renouvelable-et-nucleaire\/","og_locale":"en_US","og_type":"article","og_title":"Fiabilit\u00e9 de l\u2019\u00e9nergie renouvelable et nucl\u00e9aire - ISTE Group","og_description":"L'ouvrage examine les dangers potentiels de l'\u00e9nergie nucl\u00e9aire, au regard de ceux d'autres sources d\u2019\u00e9nergie (charbon, p\u00e9trole, gaz, \u00e9nergies renouvelables)","og_url":"https:\/\/www.istegroup.com\/fr\/produit\/fiabilite-de-lenergie-renouvelable-et-nucleaire\/","og_site_name":"ISTE Group","article_modified_time":"2024-01-03T13:39:04+00:00","og_image":[{"width":300,"height":450,"url":"https:\/\/www.istegroup.com\/wp-content\/uploads\/2017\/07\/1145366940_401772148-1.jpg","type":"image\/jpeg"}],"twitter_card":"summary_large_image","twitter_misc":{"Est. reading time":"1 minute"},"schema":{"@context":"https:\/\/schema.org","@graph":[{"@type":"WebPage","@id":"https:\/\/www.istegroup.com\/fr\/produit\/fiabilite-de-lenergie-renouvelable-et-nucleaire\/","url":"https:\/\/www.istegroup.com\/fr\/produit\/fiabilite-de-lenergie-renouvelable-et-nucleaire\/","name":"Fiabilit\u00e9 de l\u2019\u00e9nergie renouvelable et nucl\u00e9aire - ISTE Group","isPartOf":{"@id":"https:\/\/www.istegroup.com\/#website"},"primaryImageOfPage":{"@id":"https:\/\/www.istegroup.com\/fr\/produit\/fiabilite-de-lenergie-renouvelable-et-nucleaire\/#primaryimage"},"image":{"@id":"https:\/\/www.istegroup.com\/fr\/produit\/fiabilite-de-lenergie-renouvelable-et-nucleaire\/#primaryimage"},"thumbnailUrl":"https:\/\/www.istegroup.com\/wp-content\/uploads\/2017\/07\/1145366940_401772148-1.jpg","datePublished":"2017-07-28T09:16:35+00:00","dateModified":"2024-01-03T13:39:04+00:00","description":"L'ouvrage examine les dangers potentiels de l'\u00e9nergie nucl\u00e9aire, au regard de ceux d'autres sources d\u2019\u00e9nergie (charbon, p\u00e9trole, gaz, \u00e9nergies renouvelables)","breadcrumb":{"@id":"https:\/\/www.istegroup.com\/fr\/produit\/fiabilite-de-lenergie-renouvelable-et-nucleaire\/#breadcrumb"},"inLanguage":"en-US","potentialAction":[{"@type":"ReadAction","target":["https:\/\/www.istegroup.com\/fr\/produit\/fiabilite-de-lenergie-renouvelable-et-nucleaire\/"]}]},{"@type":"ImageObject","inLanguage":"en-US","@id":"https:\/\/www.istegroup.com\/fr\/produit\/fiabilite-de-lenergie-renouvelable-et-nucleaire\/#primaryimage","url":"https:\/\/www.istegroup.com\/wp-content\/uploads\/2017\/07\/1145366940_401772148-1.jpg","contentUrl":"https:\/\/www.istegroup.com\/wp-content\/uploads\/2017\/07\/1145366940_401772148-1.jpg","width":300,"height":450,"caption":"Fiabilit\u00e9 de l\u2019\u00e9nergie renouvelable et nucl\u00e9aire"},{"@type":"BreadcrumbList","@id":"https:\/\/www.istegroup.com\/fr\/produit\/fiabilite-de-lenergie-renouvelable-et-nucleaire\/#breadcrumb","itemListElement":[{"@type":"ListItem","position":1,"name":"Home","item":"https:\/\/www.istegroup.com\/"},{"@type":"ListItem","position":2,"name":"Shop","item":"https:\/\/www.istegroup.com\/fr\/nouveautes\/"},{"@type":"ListItem","position":3,"name":"Fiabilit\u00e9 de l\u2019\u00e9nergie renouvelable et nucl\u00e9aire"}]},{"@type":"WebSite","@id":"https:\/\/www.istegroup.com\/#website","url":"https:\/\/www.istegroup.com\/","name":"ISTE Group","description":"Publishing Knowledge","potentialAction":[{"@type":"SearchAction","target":{"@type":"EntryPoint","urlTemplate":"https:\/\/www.istegroup.com\/?s={search_term_string}"},"query-input":{"@type":"PropertyValueSpecification","valueRequired":true,"valueName":"search_term_string"}}],"inLanguage":"en-US"}]}},"_links":{"self":[{"href":"https:\/\/www.istegroup.com\/en\/wp-json\/wp\/v2\/product\/251","targetHints":{"allow":["GET"]}}],"collection":[{"href":"https:\/\/www.istegroup.com\/en\/wp-json\/wp\/v2\/product"}],"about":[{"href":"https:\/\/www.istegroup.com\/en\/wp-json\/wp\/v2\/types\/product"}],"wp:featuredmedia":[{"embeddable":true,"href":"https:\/\/www.istegroup.com\/en\/wp-json\/wp\/v2\/media\/252"}],"wp:attachment":[{"href":"https:\/\/www.istegroup.com\/en\/wp-json\/wp\/v2\/media?parent=251"}],"wp:term":[{"taxonomy":"product_brand","embeddable":true,"href":"https:\/\/www.istegroup.com\/en\/wp-json\/wp\/v2\/product_brand?post=251"},{"taxonomy":"product_cat","embeddable":true,"href":"https:\/\/www.istegroup.com\/en\/wp-json\/wp\/v2\/product_cat?post=251"},{"taxonomy":"product_tag","embeddable":true,"href":"https:\/\/www.istegroup.com\/en\/wp-json\/wp\/v2\/product_tag?post=251"}],"curies":[{"name":"wp","href":"https:\/\/api.w.org\/{rel}","templated":true}]}}