{"id":24968,"date":"2020-08-25T11:34:32","date_gmt":"2020-08-25T10:34:32","guid":{"rendered":"https:\/\/www.istegroup.com\/?post_type=product&#038;p=24968"},"modified":"2024-01-03T13:43:39","modified_gmt":"2024-01-03T13:43:39","slug":"la-modelisation-en-geographie","status":"publish","type":"product","link":"https:\/\/www.istegroup.com\/en\/produit\/la-modelisation-en-geographie\/","title":{"rendered":"La mod\u00e9lisation en g\u00e9ographie"},"content":{"rendered":"<p>La mod\u00e9lisation des villes et des territoires a beaucoup progress\u00e9 depuis 20 ans gr\u00e2ce aux syst\u00e8mes d\u2019information g\u00e9ographique, \u00e0 la mise \u00e0 disposition sur Internet de grandes masses de donn\u00e9es g\u00e9olocalis\u00e9es, et \u00e0 la mont\u00e9e en performance des m\u00e9thodes informatiques pour la simulation et l\u2019exploration des mod\u00e8les dynamiques.<\/p>\n<p><em>La mod\u00e9lisation en g\u00e9ographie<\/em> explique les diff\u00e9rentes \u00e9tapes de la construction de ces mod\u00e8les, depuis leurs bases conceptuelles jusqu\u2019\u00e0 leurs utilisations pratiques, permettant de mieux comprendre les formes d\u2019organisation et les processus de l\u2019\u00e9volution des villes et territoires.<\/p>\n<p>Cet ouvrage rend ainsi accessibles les fondements th\u00e9oriques de la construction et les d\u00e9licates op\u00e9rations de la s\u00e9lection d\u2019un mod\u00e8le, les applications des fractales et des lois d\u2019\u00e9chelle \u00e0 la connaissance de la morphologie des villes et l\u2019organisation des transports urbains. Il pr\u00e9sente en d\u00e9tail des m\u00e9thodes in\u00e9dites de construction et d\u2019exploration des mod\u00e8les et de visualisation des donn\u00e9es et des r\u00e9sultats.<\/p>\n","protected":false},"excerpt":{"rendered":"<p>La mod\u00e9lisation des villes et des territoires a beaucoup progress\u00e9 depuis 20 ans gr\u00e2ce aux syst\u00e8mes d\u2019information g\u00e9ographique, \u00e0 la mise \u00e0 disposition sur Internet de grandes masses de donn\u00e9es g\u00e9olocalis\u00e9es, et \u00e0 la mont\u00e9e en performance des m\u00e9thodes informatiques pour la simulation et l\u2019exploration des mod\u00e8les dynamiques. La mod\u00e9lisation en g\u00e9ographie explique les diff\u00e9rentes [&hellip;]<\/p>\n","protected":false},"featured_media":24977,"template":"","meta":{"_acf_changed":false,"_links_to":"","_links_to_target":""},"product_brand":[],"product_cat":[684],"product_tag":[],"class_list":{"0":"post-24968","1":"product","2":"type-product","3":"status-publish","4":"has-post-thumbnail","6":"product_cat-sciences-socit-et-nouvelles-technologies-188422468","8":"first","9":"instock","10":"shipping-taxable","11":"purchasable","12":"product-type-variable"},"acf":[],"yoast_head":"<!-- This site is optimized with the Yoast SEO plugin v27.2 - https:\/\/yoast.com\/product\/yoast-seo-wordpress\/ -->\n<title>La mod\u00e9lisation en g\u00e9ographie - ISTE Group<\/title>\n<meta name=\"description\" content=\"Cet ouvrage rend accessibles les fondements th\u00e9oriques de la construction et les d\u00e9licates op\u00e9rations de la s\u00e9lection d\u2019un mod\u00e8le, les applications des fractales et des lois d\u2019\u00e9chelle \u00e0 la connaissance de la morphologie des villes et l\u2019organisation des transports urbains.\" \/>\n<meta name=\"robots\" content=\"index, follow, max-snippet:-1, max-image-preview:large, max-video-preview:-1\" \/>\n<link rel=\"canonical\" href=\"https:\/\/www.istegroup.com\/en\/produit\/la-modelisation-en-geographie\/\" \/>\n<meta property=\"og:locale\" content=\"en_US\" \/>\n<meta property=\"og:type\" content=\"article\" \/>\n<meta property=\"og:title\" content=\"La mod\u00e9lisation en g\u00e9ographie - ISTE Group\" \/>\n<meta property=\"og:description\" content=\"Cet ouvrage rend accessibles les fondements th\u00e9oriques de la construction et les d\u00e9licates op\u00e9rations de la s\u00e9lection d\u2019un mod\u00e8le, les applications des fractales et des lois d\u2019\u00e9chelle \u00e0 la connaissance de la morphologie des villes et l\u2019organisation des transports urbains.\" \/>\n<meta property=\"og:url\" content=\"https:\/\/www.istegroup.com\/en\/produit\/la-modelisation-en-geographie\/\" \/>\n<meta property=\"og:site_name\" content=\"ISTE Group\" \/>\n<meta property=\"article:modified_time\" content=\"2024-01-03T13:43:39+00:00\" \/>\n<meta property=\"og:image\" content=\"https:\/\/www.istegroup.com\/wp-content\/uploads\/2020\/02\/La-mod\u00e9lisation-en-g\u00e9ographie.jpg\" \/>\n\t<meta property=\"og:image:width\" content=\"300\" \/>\n\t<meta property=\"og:image:height\" content=\"452\" \/>\n\t<meta property=\"og:image:type\" content=\"image\/jpeg\" \/>\n<meta name=\"twitter:card\" content=\"summary_large_image\" \/>\n<meta name=\"twitter:label1\" content=\"Est. reading time\" \/>\n\t<meta name=\"twitter:data1\" content=\"1 minute\" \/>\n<script type=\"application\/ld+json\" class=\"yoast-schema-graph\">{\"@context\":\"https:\/\/schema.org\",\"@graph\":[{\"@type\":\"WebPage\",\"@id\":\"https:\/\/www.istegroup.com\/en\/produit\/la-modelisation-en-geographie\/\",\"url\":\"https:\/\/www.istegroup.com\/en\/produit\/la-modelisation-en-geographie\/\",\"name\":\"La mod\u00e9lisation en g\u00e9ographie - ISTE Group\",\"isPartOf\":{\"@id\":\"https:\/\/www.istegroup.com\/#website\"},\"primaryImageOfPage\":{\"@id\":\"https:\/\/www.istegroup.com\/en\/produit\/la-modelisation-en-geographie\/#primaryimage\"},\"image\":{\"@id\":\"https:\/\/www.istegroup.com\/en\/produit\/la-modelisation-en-geographie\/#primaryimage\"},\"thumbnailUrl\":\"https:\/\/www.istegroup.com\/wp-content\/uploads\/2020\/02\/La-mod\u00e9lisation-en-g\u00e9ographie.jpg\",\"datePublished\":\"2020-08-25T10:34:32+00:00\",\"dateModified\":\"2024-01-03T13:43:39+00:00\",\"description\":\"Cet ouvrage rend accessibles les fondements th\u00e9oriques de la construction et les d\u00e9licates op\u00e9rations de la s\u00e9lection d\u2019un mod\u00e8le, les applications des fractales et des lois d\u2019\u00e9chelle \u00e0 la connaissance de la morphologie des villes et l\u2019organisation des transports urbains.\",\"breadcrumb\":{\"@id\":\"https:\/\/www.istegroup.com\/en\/produit\/la-modelisation-en-geographie\/#breadcrumb\"},\"inLanguage\":\"en-US\",\"potentialAction\":[{\"@type\":\"ReadAction\",\"target\":[\"https:\/\/www.istegroup.com\/en\/produit\/la-modelisation-en-geographie\/\"]}]},{\"@type\":\"ImageObject\",\"inLanguage\":\"en-US\",\"@id\":\"https:\/\/www.istegroup.com\/en\/produit\/la-modelisation-en-geographie\/#primaryimage\",\"url\":\"https:\/\/www.istegroup.com\/wp-content\/uploads\/2020\/02\/La-mod\u00e9lisation-en-g\u00e9ographie.jpg\",\"contentUrl\":\"https:\/\/www.istegroup.com\/wp-content\/uploads\/2020\/02\/La-mod\u00e9lisation-en-g\u00e9ographie.jpg\",\"width\":300,\"height\":452,\"caption\":\"Villes et territoires\"},{\"@type\":\"BreadcrumbList\",\"@id\":\"https:\/\/www.istegroup.com\/en\/produit\/la-modelisation-en-geographie\/#breadcrumb\",\"itemListElement\":[{\"@type\":\"ListItem\",\"position\":1,\"name\":\"Home\",\"item\":\"https:\/\/www.istegroup.com\/\"},{\"@type\":\"ListItem\",\"position\":2,\"name\":\"Shop\",\"item\":\"https:\/\/www.istegroup.com\/fr\/nouveautes\/\"},{\"@type\":\"ListItem\",\"position\":3,\"name\":\"La mod\u00e9lisation en g\u00e9ographie\"}]},{\"@type\":\"WebSite\",\"@id\":\"https:\/\/www.istegroup.com\/#website\",\"url\":\"https:\/\/www.istegroup.com\/\",\"name\":\"ISTE Group\",\"description\":\"Publishing Knowledge\",\"potentialAction\":[{\"@type\":\"SearchAction\",\"target\":{\"@type\":\"EntryPoint\",\"urlTemplate\":\"https:\/\/www.istegroup.com\/?s={search_term_string}\"},\"query-input\":{\"@type\":\"PropertyValueSpecification\",\"valueRequired\":true,\"valueName\":\"search_term_string\"}}],\"inLanguage\":\"en-US\"}]}<\/script>\n<!-- \/ Yoast SEO plugin. -->","yoast_head_json":{"title":"La mod\u00e9lisation en g\u00e9ographie - ISTE Group","description":"Cet ouvrage rend accessibles les fondements th\u00e9oriques de la construction et les d\u00e9licates op\u00e9rations de la s\u00e9lection d\u2019un mod\u00e8le, les applications des fractales et des lois d\u2019\u00e9chelle \u00e0 la connaissance de la morphologie des villes et l\u2019organisation des transports urbains.","robots":{"index":"index","follow":"follow","max-snippet":"max-snippet:-1","max-image-preview":"max-image-preview:large","max-video-preview":"max-video-preview:-1"},"canonical":"https:\/\/www.istegroup.com\/en\/produit\/la-modelisation-en-geographie\/","og_locale":"en_US","og_type":"article","og_title":"La mod\u00e9lisation en g\u00e9ographie - ISTE Group","og_description":"Cet ouvrage rend accessibles les fondements th\u00e9oriques de la construction et les d\u00e9licates op\u00e9rations de la s\u00e9lection d\u2019un mod\u00e8le, les applications des fractales et des lois d\u2019\u00e9chelle \u00e0 la connaissance de la morphologie des villes et l\u2019organisation des transports urbains.","og_url":"https:\/\/www.istegroup.com\/en\/produit\/la-modelisation-en-geographie\/","og_site_name":"ISTE Group","article_modified_time":"2024-01-03T13:43:39+00:00","og_image":[{"width":300,"height":452,"url":"https:\/\/www.istegroup.com\/wp-content\/uploads\/2020\/02\/La-mod\u00e9lisation-en-g\u00e9ographie.jpg","type":"image\/jpeg"}],"twitter_card":"summary_large_image","twitter_misc":{"Est. reading time":"1 minute"},"schema":{"@context":"https:\/\/schema.org","@graph":[{"@type":"WebPage","@id":"https:\/\/www.istegroup.com\/en\/produit\/la-modelisation-en-geographie\/","url":"https:\/\/www.istegroup.com\/en\/produit\/la-modelisation-en-geographie\/","name":"La mod\u00e9lisation en g\u00e9ographie - ISTE Group","isPartOf":{"@id":"https:\/\/www.istegroup.com\/#website"},"primaryImageOfPage":{"@id":"https:\/\/www.istegroup.com\/en\/produit\/la-modelisation-en-geographie\/#primaryimage"},"image":{"@id":"https:\/\/www.istegroup.com\/en\/produit\/la-modelisation-en-geographie\/#primaryimage"},"thumbnailUrl":"https:\/\/www.istegroup.com\/wp-content\/uploads\/2020\/02\/La-mod\u00e9lisation-en-g\u00e9ographie.jpg","datePublished":"2020-08-25T10:34:32+00:00","dateModified":"2024-01-03T13:43:39+00:00","description":"Cet ouvrage rend accessibles les fondements th\u00e9oriques de la construction et les d\u00e9licates op\u00e9rations de la s\u00e9lection d\u2019un mod\u00e8le, les applications des fractales et des lois d\u2019\u00e9chelle \u00e0 la connaissance de la morphologie des villes et l\u2019organisation des transports urbains.","breadcrumb":{"@id":"https:\/\/www.istegroup.com\/en\/produit\/la-modelisation-en-geographie\/#breadcrumb"},"inLanguage":"en-US","potentialAction":[{"@type":"ReadAction","target":["https:\/\/www.istegroup.com\/en\/produit\/la-modelisation-en-geographie\/"]}]},{"@type":"ImageObject","inLanguage":"en-US","@id":"https:\/\/www.istegroup.com\/en\/produit\/la-modelisation-en-geographie\/#primaryimage","url":"https:\/\/www.istegroup.com\/wp-content\/uploads\/2020\/02\/La-mod\u00e9lisation-en-g\u00e9ographie.jpg","contentUrl":"https:\/\/www.istegroup.com\/wp-content\/uploads\/2020\/02\/La-mod\u00e9lisation-en-g\u00e9ographie.jpg","width":300,"height":452,"caption":"Villes et territoires"},{"@type":"BreadcrumbList","@id":"https:\/\/www.istegroup.com\/en\/produit\/la-modelisation-en-geographie\/#breadcrumb","itemListElement":[{"@type":"ListItem","position":1,"name":"Home","item":"https:\/\/www.istegroup.com\/"},{"@type":"ListItem","position":2,"name":"Shop","item":"https:\/\/www.istegroup.com\/fr\/nouveautes\/"},{"@type":"ListItem","position":3,"name":"La mod\u00e9lisation en g\u00e9ographie"}]},{"@type":"WebSite","@id":"https:\/\/www.istegroup.com\/#website","url":"https:\/\/www.istegroup.com\/","name":"ISTE Group","description":"Publishing Knowledge","potentialAction":[{"@type":"SearchAction","target":{"@type":"EntryPoint","urlTemplate":"https:\/\/www.istegroup.com\/?s={search_term_string}"},"query-input":{"@type":"PropertyValueSpecification","valueRequired":true,"valueName":"search_term_string"}}],"inLanguage":"en-US"}]}},"_links":{"self":[{"href":"https:\/\/www.istegroup.com\/en\/wp-json\/wp\/v2\/product\/24968","targetHints":{"allow":["GET"]}}],"collection":[{"href":"https:\/\/www.istegroup.com\/en\/wp-json\/wp\/v2\/product"}],"about":[{"href":"https:\/\/www.istegroup.com\/en\/wp-json\/wp\/v2\/types\/product"}],"wp:featuredmedia":[{"embeddable":true,"href":"https:\/\/www.istegroup.com\/en\/wp-json\/wp\/v2\/media\/24977"}],"wp:attachment":[{"href":"https:\/\/www.istegroup.com\/en\/wp-json\/wp\/v2\/media?parent=24968"}],"wp:term":[{"taxonomy":"product_brand","embeddable":true,"href":"https:\/\/www.istegroup.com\/en\/wp-json\/wp\/v2\/product_brand?post=24968"},{"taxonomy":"product_cat","embeddable":true,"href":"https:\/\/www.istegroup.com\/en\/wp-json\/wp\/v2\/product_cat?post=24968"},{"taxonomy":"product_tag","embeddable":true,"href":"https:\/\/www.istegroup.com\/en\/wp-json\/wp\/v2\/product_tag?post=24968"}],"curies":[{"name":"wp","href":"https:\/\/api.w.org\/{rel}","templated":true}]}}