{"id":24951,"date":"2020-08-25T10:44:33","date_gmt":"2020-08-25T09:44:33","guid":{"rendered":"https:\/\/www.istegroup.com\/?post_type=product&#038;p=24951"},"modified":"2024-01-03T13:43:39","modified_gmt":"2024-01-03T13:43:39","slug":"laccompagnement-et-lapprentissage-du-metier-dencadrant","status":"publish","type":"product","link":"https:\/\/www.istegroup.com\/en\/produit\/laccompagnement-et-lapprentissage-du-metier-dencadrant\/","title":{"rendered":"L\u2019accompagnement et l\u2019apprentissage du m\u00e9tier d\u2019encadrant"},"content":{"rendered":"<p>Cet ouvrage pr\u00e9sente le r\u00e9sultat d\u2019une recherche collaborative consacr\u00e9e aux m\u00e9tiers de l\u2019encadrement dans l\u2019\u00c9ducation nationale, et particuli\u00e8rement aux chefs d\u2019\u00e9tablissement et aux inspecteurs.<\/p>\n<p>Analysant les diff\u00e9rentes formes d\u2019accompagnement \u00e0 l\u2019oeuvre, ainsi que leurs enjeux et leurs tensions, il identifie leur contribution effective \u00e0 la formation et les apprentissages clandestins du m\u00e9tier qui \u00e9chappent \u00e0 toute programmation. Par ailleurs, une comparaison avec la situation qu\u00e9b\u00e9coise permet de rep\u00e9rer les mod\u00e8les et les d\u00e9fis en jeu dans un autre syst\u00e8me de formation des chefs d\u2019\u00e9tablissement. Enfin, des modalit\u00e9s sp\u00e9cifiques de formation aux m\u00e9tiers d\u2019encadrement ainsi que les limites de la transmission professionnelle sont examin\u00e9es.<\/p>\n<p><em>L\u2019accompagnement et l\u2019apprentissage du m\u00e9tier d\u2019encadrant<\/em> s\u2019adresse aux chercheurs et professionnels qui s\u2019int\u00e9ressent aux rapports entre tutorat-accompagnement en situation de travail et apprentissage.<\/p>\n","protected":false},"excerpt":{"rendered":"<p>Cet ouvrage pr\u00e9sente le r\u00e9sultat d\u2019une recherche collaborative consacr\u00e9e aux m\u00e9tiers de l\u2019encadrement dans l\u2019\u00c9ducation nationale, et particuli\u00e8rement aux chefs d\u2019\u00e9tablissement et aux inspecteurs. Analysant les diff\u00e9rentes formes d\u2019accompagnement \u00e0 l\u2019oeuvre, ainsi que leurs enjeux et leurs tensions, il identifie leur contribution effective \u00e0 la formation et les apprentissages clandestins du m\u00e9tier qui \u00e9chappent \u00e0 [&hellip;]<\/p>\n","protected":false},"featured_media":24967,"template":"","meta":{"_acf_changed":false,"_links_to":"","_links_to_target":""},"product_brand":[],"product_cat":[669],"product_tag":[],"class_list":{"0":"post-24951","1":"product","2":"type-product","3":"status-publish","4":"has-post-thumbnail","6":"product_cat-innovation-en-sciences-de-lducation-433942033","8":"first","9":"instock","10":"shipping-taxable","11":"purchasable","12":"product-type-variable"},"acf":[],"yoast_head":"<!-- This site is optimized with the Yoast SEO plugin v27.2 - https:\/\/yoast.com\/product\/yoast-seo-wordpress\/ -->\n<title>L\u2019accompagnement et l\u2019apprentissage du m\u00e9tier d\u2019encadrant - ISTE Group<\/title>\n<meta name=\"description\" content=\"Cet ouvrage pr\u00e9sente le r\u00e9sultat d\u2019une recherche collaborative consacr\u00e9e aux m\u00e9tiers de l\u2019encadrement dans l\u2019\u00c9ducation nationale, et particuli\u00e8rement aux chefs d\u2019\u00e9tablissement et aux inspecteurs.\" \/>\n<meta name=\"robots\" content=\"index, follow, max-snippet:-1, max-image-preview:large, max-video-preview:-1\" \/>\n<link rel=\"canonical\" href=\"https:\/\/www.istegroup.com\/fr\/produit\/laccompagnement-et-lapprentissage-du-metier-dencadrant\/\" \/>\n<meta property=\"og:locale\" content=\"en_US\" \/>\n<meta property=\"og:type\" content=\"article\" \/>\n<meta property=\"og:title\" content=\"L\u2019accompagnement et l\u2019apprentissage du m\u00e9tier d\u2019encadrant - ISTE Group\" \/>\n<meta property=\"og:description\" content=\"Cet ouvrage pr\u00e9sente le r\u00e9sultat d\u2019une recherche collaborative consacr\u00e9e aux m\u00e9tiers de l\u2019encadrement dans l\u2019\u00c9ducation nationale, et particuli\u00e8rement aux chefs d\u2019\u00e9tablissement et aux inspecteurs.\" \/>\n<meta property=\"og:url\" content=\"https:\/\/www.istegroup.com\/fr\/produit\/laccompagnement-et-lapprentissage-du-metier-dencadrant\/\" \/>\n<meta property=\"og:site_name\" content=\"ISTE Group\" \/>\n<meta property=\"article:modified_time\" content=\"2024-01-03T13:43:39+00:00\" \/>\n<meta property=\"og:image\" content=\"https:\/\/www.istegroup.com\/wp-content\/uploads\/2020\/02\/Laccompagnement-et-lapprentissage-du-m\u00e9tier-dencadrant.jpg\" \/>\n\t<meta property=\"og:image:width\" content=\"300\" \/>\n\t<meta property=\"og:image:height\" content=\"452\" \/>\n\t<meta property=\"og:image:type\" content=\"image\/jpeg\" \/>\n<meta name=\"twitter:card\" content=\"summary_large_image\" \/>\n<meta name=\"twitter:label1\" content=\"Est. reading time\" \/>\n\t<meta name=\"twitter:data1\" content=\"1 minute\" \/>\n<script type=\"application\/ld+json\" class=\"yoast-schema-graph\">{\"@context\":\"https:\/\/schema.org\",\"@graph\":[{\"@type\":\"WebPage\",\"@id\":\"https:\/\/www.istegroup.com\/fr\/produit\/laccompagnement-et-lapprentissage-du-metier-dencadrant\/\",\"url\":\"https:\/\/www.istegroup.com\/fr\/produit\/laccompagnement-et-lapprentissage-du-metier-dencadrant\/\",\"name\":\"L\u2019accompagnement et l\u2019apprentissage du m\u00e9tier d\u2019encadrant - ISTE Group\",\"isPartOf\":{\"@id\":\"https:\/\/www.istegroup.com\/#website\"},\"primaryImageOfPage\":{\"@id\":\"https:\/\/www.istegroup.com\/fr\/produit\/laccompagnement-et-lapprentissage-du-metier-dencadrant\/#primaryimage\"},\"image\":{\"@id\":\"https:\/\/www.istegroup.com\/fr\/produit\/laccompagnement-et-lapprentissage-du-metier-dencadrant\/#primaryimage\"},\"thumbnailUrl\":\"https:\/\/www.istegroup.com\/wp-content\/uploads\/2020\/02\/Laccompagnement-et-lapprentissage-du-m\u00e9tier-dencadrant.jpg\",\"datePublished\":\"2020-08-25T09:44:33+00:00\",\"dateModified\":\"2024-01-03T13:43:39+00:00\",\"description\":\"Cet ouvrage pr\u00e9sente le r\u00e9sultat d\u2019une recherche collaborative consacr\u00e9e aux m\u00e9tiers de l\u2019encadrement dans l\u2019\u00c9ducation nationale, et particuli\u00e8rement aux chefs d\u2019\u00e9tablissement et aux inspecteurs.\",\"breadcrumb\":{\"@id\":\"https:\/\/www.istegroup.com\/fr\/produit\/laccompagnement-et-lapprentissage-du-metier-dencadrant\/#breadcrumb\"},\"inLanguage\":\"en-US\",\"potentialAction\":[{\"@type\":\"ReadAction\",\"target\":[\"https:\/\/www.istegroup.com\/fr\/produit\/laccompagnement-et-lapprentissage-du-metier-dencadrant\/\"]}]},{\"@type\":\"ImageObject\",\"inLanguage\":\"en-US\",\"@id\":\"https:\/\/www.istegroup.com\/fr\/produit\/laccompagnement-et-lapprentissage-du-metier-dencadrant\/#primaryimage\",\"url\":\"https:\/\/www.istegroup.com\/wp-content\/uploads\/2020\/02\/Laccompagnement-et-lapprentissage-du-m\u00e9tier-dencadrant.jpg\",\"contentUrl\":\"https:\/\/www.istegroup.com\/wp-content\/uploads\/2020\/02\/Laccompagnement-et-lapprentissage-du-m\u00e9tier-dencadrant.jpg\",\"width\":300,\"height\":452,\"caption\":\"Livre L'accompagnement et l'apprentissage du m\u00e9tier d'encadrant - Jean-Yves Bodergat, B\u00e9atrice Verquin Savarieau, Richard Wittorski\"},{\"@type\":\"BreadcrumbList\",\"@id\":\"https:\/\/www.istegroup.com\/fr\/produit\/laccompagnement-et-lapprentissage-du-metier-dencadrant\/#breadcrumb\",\"itemListElement\":[{\"@type\":\"ListItem\",\"position\":1,\"name\":\"Home\",\"item\":\"https:\/\/www.istegroup.com\/\"},{\"@type\":\"ListItem\",\"position\":2,\"name\":\"Shop\",\"item\":\"https:\/\/www.istegroup.com\/fr\/nouveautes\/\"},{\"@type\":\"ListItem\",\"position\":3,\"name\":\"L\u2019accompagnement et l\u2019apprentissage du m\u00e9tier d\u2019encadrant\"}]},{\"@type\":\"WebSite\",\"@id\":\"https:\/\/www.istegroup.com\/#website\",\"url\":\"https:\/\/www.istegroup.com\/\",\"name\":\"ISTE Group\",\"description\":\"Publishing Knowledge\",\"potentialAction\":[{\"@type\":\"SearchAction\",\"target\":{\"@type\":\"EntryPoint\",\"urlTemplate\":\"https:\/\/www.istegroup.com\/?s={search_term_string}\"},\"query-input\":{\"@type\":\"PropertyValueSpecification\",\"valueRequired\":true,\"valueName\":\"search_term_string\"}}],\"inLanguage\":\"en-US\"}]}<\/script>\n<!-- \/ Yoast SEO plugin. -->","yoast_head_json":{"title":"L\u2019accompagnement et l\u2019apprentissage du m\u00e9tier d\u2019encadrant - ISTE Group","description":"Cet ouvrage pr\u00e9sente le r\u00e9sultat d\u2019une recherche collaborative consacr\u00e9e aux m\u00e9tiers de l\u2019encadrement dans l\u2019\u00c9ducation nationale, et particuli\u00e8rement aux chefs d\u2019\u00e9tablissement et aux inspecteurs.","robots":{"index":"index","follow":"follow","max-snippet":"max-snippet:-1","max-image-preview":"max-image-preview:large","max-video-preview":"max-video-preview:-1"},"canonical":"https:\/\/www.istegroup.com\/fr\/produit\/laccompagnement-et-lapprentissage-du-metier-dencadrant\/","og_locale":"en_US","og_type":"article","og_title":"L\u2019accompagnement et l\u2019apprentissage du m\u00e9tier d\u2019encadrant - ISTE Group","og_description":"Cet ouvrage pr\u00e9sente le r\u00e9sultat d\u2019une recherche collaborative consacr\u00e9e aux m\u00e9tiers de l\u2019encadrement dans l\u2019\u00c9ducation nationale, et particuli\u00e8rement aux chefs d\u2019\u00e9tablissement et aux inspecteurs.","og_url":"https:\/\/www.istegroup.com\/fr\/produit\/laccompagnement-et-lapprentissage-du-metier-dencadrant\/","og_site_name":"ISTE Group","article_modified_time":"2024-01-03T13:43:39+00:00","og_image":[{"width":300,"height":452,"url":"https:\/\/www.istegroup.com\/wp-content\/uploads\/2020\/02\/Laccompagnement-et-lapprentissage-du-m\u00e9tier-dencadrant.jpg","type":"image\/jpeg"}],"twitter_card":"summary_large_image","twitter_misc":{"Est. reading time":"1 minute"},"schema":{"@context":"https:\/\/schema.org","@graph":[{"@type":"WebPage","@id":"https:\/\/www.istegroup.com\/fr\/produit\/laccompagnement-et-lapprentissage-du-metier-dencadrant\/","url":"https:\/\/www.istegroup.com\/fr\/produit\/laccompagnement-et-lapprentissage-du-metier-dencadrant\/","name":"L\u2019accompagnement et l\u2019apprentissage du m\u00e9tier d\u2019encadrant - ISTE Group","isPartOf":{"@id":"https:\/\/www.istegroup.com\/#website"},"primaryImageOfPage":{"@id":"https:\/\/www.istegroup.com\/fr\/produit\/laccompagnement-et-lapprentissage-du-metier-dencadrant\/#primaryimage"},"image":{"@id":"https:\/\/www.istegroup.com\/fr\/produit\/laccompagnement-et-lapprentissage-du-metier-dencadrant\/#primaryimage"},"thumbnailUrl":"https:\/\/www.istegroup.com\/wp-content\/uploads\/2020\/02\/Laccompagnement-et-lapprentissage-du-m\u00e9tier-dencadrant.jpg","datePublished":"2020-08-25T09:44:33+00:00","dateModified":"2024-01-03T13:43:39+00:00","description":"Cet ouvrage pr\u00e9sente le r\u00e9sultat d\u2019une recherche collaborative consacr\u00e9e aux m\u00e9tiers de l\u2019encadrement dans l\u2019\u00c9ducation nationale, et particuli\u00e8rement aux chefs d\u2019\u00e9tablissement et aux inspecteurs.","breadcrumb":{"@id":"https:\/\/www.istegroup.com\/fr\/produit\/laccompagnement-et-lapprentissage-du-metier-dencadrant\/#breadcrumb"},"inLanguage":"en-US","potentialAction":[{"@type":"ReadAction","target":["https:\/\/www.istegroup.com\/fr\/produit\/laccompagnement-et-lapprentissage-du-metier-dencadrant\/"]}]},{"@type":"ImageObject","inLanguage":"en-US","@id":"https:\/\/www.istegroup.com\/fr\/produit\/laccompagnement-et-lapprentissage-du-metier-dencadrant\/#primaryimage","url":"https:\/\/www.istegroup.com\/wp-content\/uploads\/2020\/02\/Laccompagnement-et-lapprentissage-du-m\u00e9tier-dencadrant.jpg","contentUrl":"https:\/\/www.istegroup.com\/wp-content\/uploads\/2020\/02\/Laccompagnement-et-lapprentissage-du-m\u00e9tier-dencadrant.jpg","width":300,"height":452,"caption":"Livre L'accompagnement et l'apprentissage du m\u00e9tier d'encadrant - Jean-Yves Bodergat, B\u00e9atrice Verquin Savarieau, Richard Wittorski"},{"@type":"BreadcrumbList","@id":"https:\/\/www.istegroup.com\/fr\/produit\/laccompagnement-et-lapprentissage-du-metier-dencadrant\/#breadcrumb","itemListElement":[{"@type":"ListItem","position":1,"name":"Home","item":"https:\/\/www.istegroup.com\/"},{"@type":"ListItem","position":2,"name":"Shop","item":"https:\/\/www.istegroup.com\/fr\/nouveautes\/"},{"@type":"ListItem","position":3,"name":"L\u2019accompagnement et l\u2019apprentissage du m\u00e9tier d\u2019encadrant"}]},{"@type":"WebSite","@id":"https:\/\/www.istegroup.com\/#website","url":"https:\/\/www.istegroup.com\/","name":"ISTE Group","description":"Publishing Knowledge","potentialAction":[{"@type":"SearchAction","target":{"@type":"EntryPoint","urlTemplate":"https:\/\/www.istegroup.com\/?s={search_term_string}"},"query-input":{"@type":"PropertyValueSpecification","valueRequired":true,"valueName":"search_term_string"}}],"inLanguage":"en-US"}]}},"_links":{"self":[{"href":"https:\/\/www.istegroup.com\/en\/wp-json\/wp\/v2\/product\/24951","targetHints":{"allow":["GET"]}}],"collection":[{"href":"https:\/\/www.istegroup.com\/en\/wp-json\/wp\/v2\/product"}],"about":[{"href":"https:\/\/www.istegroup.com\/en\/wp-json\/wp\/v2\/types\/product"}],"wp:featuredmedia":[{"embeddable":true,"href":"https:\/\/www.istegroup.com\/en\/wp-json\/wp\/v2\/media\/24967"}],"wp:attachment":[{"href":"https:\/\/www.istegroup.com\/en\/wp-json\/wp\/v2\/media?parent=24951"}],"wp:term":[{"taxonomy":"product_brand","embeddable":true,"href":"https:\/\/www.istegroup.com\/en\/wp-json\/wp\/v2\/product_brand?post=24951"},{"taxonomy":"product_cat","embeddable":true,"href":"https:\/\/www.istegroup.com\/en\/wp-json\/wp\/v2\/product_cat?post=24951"},{"taxonomy":"product_tag","embeddable":true,"href":"https:\/\/www.istegroup.com\/en\/wp-json\/wp\/v2\/product_tag?post=24951"}],"curies":[{"name":"wp","href":"https:\/\/api.w.org\/{rel}","templated":true}]}}