{"id":24906,"date":"2020-08-25T14:33:25","date_gmt":"2020-08-25T13:33:25","guid":{"rendered":"https:\/\/www.istegroup.com\/?post_type=product&#038;p=24906"},"modified":"2024-01-03T13:43:38","modified_gmt":"2024-01-03T13:43:38","slug":"philosophie-critique-de-linnovation-et-de-linnovateur","status":"publish","type":"product","link":"https:\/\/www.istegroup.com\/en\/produit\/philosophie-critique-de-linnovation-et-de-linnovateur\/","title":{"rendered":"Philosophie critique de l\u2019innovation et de l\u2019innovateur"},"content":{"rendered":"<p>Les innovateurs ont-ils conscience de leurs r\u00f4les ? Ne sont-ils pas \u00e9cras\u00e9s par une pens\u00e9e trop capitaliste et ultra-lib\u00e9rale de l\u2019innovation ?<\/p>\n<p>\u00c0 partir de la philosophie, il est possible de concevoir l\u2019innovation dans une perspective diff\u00e9rente, en dehors des cat\u00e9gories habituelles des sciences de l\u2019ing\u00e9nieur et du management. C\u2019est avec elle que l\u2019innovation peut \u00eatre (re)pens\u00e9e pour \u00eatre plus responsable, \u00e9thique et humaniste, car la philosophie est autant curative que pr\u00e9ventive, autant cathartique que th\u00e9rapeutique.<\/p>\n<p>Trois axes de r\u00e9flexion sont propos\u00e9s : un premier s\u2019attache, avec la philosophie non-standard, \u00e0 mettre \u00e0 l\u2019\u00e9preuve l\u2019essence de l\u2019innovation, jusqu\u2019\u00e0 sa d\u00e9finition ; un second s\u2019appuie sur la ph\u00e9nom\u00e9nologie husserlienne pour permettre une analyse exhaustive de ce que nous accomplissons lorsque nous innovons ; un dernier insiste sur les exercices spirituels philosophiques et la n\u00e9cessit\u00e9 de former les innovateurs aux techniques et au souci de soi pour veiller \u00e0 consid\u00e9rer les cons\u00e9quences de leurs actes.<\/p>\n<p>Cet ouvrage propose \u00e0 la fois une philosophie critique de l\u2019innovation et de l\u2019innovateur, en interrogeant autant la discipline que les modes de vie qui conduisent au choix d\u2019innover.<\/p>\n<p>Pour en savoir plus : <a style=\"color: #1e9691\" href=\"http:\/\/knowledge.essec.edu\/fr\/innovation\/repenser-innovation-et-innovateur-par-philosophie.html\"><em>ESSEC Knowledge<\/em><\/a><br \/>\nPodcast : <a style=\"color: #1e9691\" href=\"https:\/\/audioboom.com\/posts\/7610757-l-innovation-responsable-et-la-philosophie?playlist_direction=reversed\"><em>L&#8217;innovation responsable et la philosophie<\/em><\/a><br \/>\nInterview : <a style=\"color: #1e9691\" href=\"https:\/\/group-gac.com\/interview_xavier_pavie_innovation\/\"><em>Repenser l&#8217;innovation post crise<\/em><\/a><\/p>\n<p>&nbsp;<\/p>\n<p><strong>La presse en parle<\/strong><\/p>\n<p><a style=\"color: #1e9691\" href=\"https:\/\/lepetitjournal.com\/singapour\/xavier-pavie-philosophie-critique-de-linnovation-et-de-linnovateur-275955?fbclid=IwAR27id5CV16pOdsBNzd5YFWT6SuAJf4RFVxkK24JNXlz6B2T6U5qwahnXrc\"><em>lepetitjournal.com, <\/em><em>19 mars 2020<\/em><\/a><\/p>\n","protected":false},"excerpt":{"rendered":"<p>Les innovateurs ont-ils conscience de leurs r\u00f4les ? Ne sont-ils pas \u00e9cras\u00e9s par une pens\u00e9e trop capitaliste et ultra-lib\u00e9rale de l\u2019innovation ? \u00c0 partir de la philosophie, il est possible de concevoir l\u2019innovation dans une perspective diff\u00e9rente, en dehors des cat\u00e9gories habituelles des sciences de l\u2019ing\u00e9nieur et du management. C\u2019est avec elle que l\u2019innovation peut [&hellip;]<\/p>\n","protected":false},"featured_media":24912,"template":"","meta":{"_acf_changed":false,"_links_to":"","_links_to_target":""},"product_brand":[],"product_cat":[3262],"product_tag":[],"class_list":{"0":"post-24906","1":"product","2":"type-product","3":"status-publish","4":"has-post-thumbnail","6":"product_cat-non-classe","8":"first","9":"instock","10":"shipping-taxable","11":"purchasable","12":"product-type-variable"},"acf":[],"yoast_head":"<!-- This site is optimized with the Yoast SEO plugin v27.2 - https:\/\/yoast.com\/product\/yoast-seo-wordpress\/ -->\n<title>Philosophie critique de l\u2019innovation et de l\u2019innovateur - ISTE Group<\/title>\n<meta name=\"description\" content=\"Cet ouvrage propose \u00e0 la fois une philosophie critique de l\u2019innovation et de l\u2019innovateur, en interrogeant autant la discipline que les modes de vie qui conduisent au choix d\u2019innover.\" \/>\n<meta name=\"robots\" content=\"index, follow, max-snippet:-1, max-image-preview:large, max-video-preview:-1\" \/>\n<link rel=\"canonical\" href=\"https:\/\/www.istegroup.com\/fr\/produit\/philosophie-critique-de-linnovation-et-de-linnovateur\/\" \/>\n<meta property=\"og:locale\" content=\"en_US\" \/>\n<meta property=\"og:type\" content=\"article\" \/>\n<meta property=\"og:title\" content=\"Philosophie critique de l\u2019innovation et de l\u2019innovateur - ISTE Group\" \/>\n<meta property=\"og:description\" content=\"Cet ouvrage propose \u00e0 la fois une philosophie critique de l\u2019innovation et de l\u2019innovateur, en interrogeant autant la discipline que les modes de vie qui conduisent au choix d\u2019innover.\" \/>\n<meta property=\"og:url\" content=\"https:\/\/www.istegroup.com\/fr\/produit\/philosophie-critique-de-linnovation-et-de-linnovateur\/\" \/>\n<meta property=\"og:site_name\" content=\"ISTE Group\" \/>\n<meta property=\"article:modified_time\" content=\"2024-01-03T13:43:38+00:00\" \/>\n<meta property=\"og:image\" content=\"https:\/\/www.istegroup.com\/wp-content\/uploads\/2020\/02\/Philosophie-critique-de-linnovation-et-de-linnovateur.jpg\" \/>\n\t<meta property=\"og:image:width\" content=\"300\" \/>\n\t<meta property=\"og:image:height\" content=\"453\" \/>\n\t<meta property=\"og:image:type\" content=\"image\/jpeg\" \/>\n<meta name=\"twitter:card\" content=\"summary_large_image\" \/>\n<meta name=\"twitter:label1\" content=\"Est. reading time\" \/>\n\t<meta name=\"twitter:data1\" content=\"1 minute\" \/>\n<script type=\"application\/ld+json\" class=\"yoast-schema-graph\">{\"@context\":\"https:\/\/schema.org\",\"@graph\":[{\"@type\":\"WebPage\",\"@id\":\"https:\/\/www.istegroup.com\/fr\/produit\/philosophie-critique-de-linnovation-et-de-linnovateur\/\",\"url\":\"https:\/\/www.istegroup.com\/fr\/produit\/philosophie-critique-de-linnovation-et-de-linnovateur\/\",\"name\":\"Philosophie critique de l\u2019innovation et de l\u2019innovateur - ISTE Group\",\"isPartOf\":{\"@id\":\"https:\/\/www.istegroup.com\/#website\"},\"primaryImageOfPage\":{\"@id\":\"https:\/\/www.istegroup.com\/fr\/produit\/philosophie-critique-de-linnovation-et-de-linnovateur\/#primaryimage\"},\"image\":{\"@id\":\"https:\/\/www.istegroup.com\/fr\/produit\/philosophie-critique-de-linnovation-et-de-linnovateur\/#primaryimage\"},\"thumbnailUrl\":\"https:\/\/www.istegroup.com\/wp-content\/uploads\/2020\/02\/Philosophie-critique-de-linnovation-et-de-linnovateur.jpg\",\"datePublished\":\"2020-08-25T13:33:25+00:00\",\"dateModified\":\"2024-01-03T13:43:38+00:00\",\"description\":\"Cet ouvrage propose \u00e0 la fois une philosophie critique de l\u2019innovation et de l\u2019innovateur, en interrogeant autant la discipline que les modes de vie qui conduisent au choix d\u2019innover.\",\"breadcrumb\":{\"@id\":\"https:\/\/www.istegroup.com\/fr\/produit\/philosophie-critique-de-linnovation-et-de-linnovateur\/#breadcrumb\"},\"inLanguage\":\"en-US\",\"potentialAction\":[{\"@type\":\"ReadAction\",\"target\":[\"https:\/\/www.istegroup.com\/fr\/produit\/philosophie-critique-de-linnovation-et-de-linnovateur\/\"]}]},{\"@type\":\"ImageObject\",\"inLanguage\":\"en-US\",\"@id\":\"https:\/\/www.istegroup.com\/fr\/produit\/philosophie-critique-de-linnovation-et-de-linnovateur\/#primaryimage\",\"url\":\"https:\/\/www.istegroup.com\/wp-content\/uploads\/2020\/02\/Philosophie-critique-de-linnovation-et-de-linnovateur.jpg\",\"contentUrl\":\"https:\/\/www.istegroup.com\/wp-content\/uploads\/2020\/02\/Philosophie-critique-de-linnovation-et-de-linnovateur.jpg\",\"width\":300,\"height\":453,\"caption\":\"Livre Philosophie critique de l'innovation et de l'innovateur - Xavier Pavie\"},{\"@type\":\"BreadcrumbList\",\"@id\":\"https:\/\/www.istegroup.com\/fr\/produit\/philosophie-critique-de-linnovation-et-de-linnovateur\/#breadcrumb\",\"itemListElement\":[{\"@type\":\"ListItem\",\"position\":1,\"name\":\"Home\",\"item\":\"https:\/\/www.istegroup.com\/\"},{\"@type\":\"ListItem\",\"position\":2,\"name\":\"Shop\",\"item\":\"https:\/\/www.istegroup.com\/fr\/nouveautes\/\"},{\"@type\":\"ListItem\",\"position\":3,\"name\":\"Philosophie critique de l\u2019innovation et de l\u2019innovateur\"}]},{\"@type\":\"WebSite\",\"@id\":\"https:\/\/www.istegroup.com\/#website\",\"url\":\"https:\/\/www.istegroup.com\/\",\"name\":\"ISTE Group\",\"description\":\"Publishing Knowledge\",\"potentialAction\":[{\"@type\":\"SearchAction\",\"target\":{\"@type\":\"EntryPoint\",\"urlTemplate\":\"https:\/\/www.istegroup.com\/?s={search_term_string}\"},\"query-input\":{\"@type\":\"PropertyValueSpecification\",\"valueRequired\":true,\"valueName\":\"search_term_string\"}}],\"inLanguage\":\"en-US\"}]}<\/script>\n<!-- \/ Yoast SEO plugin. -->","yoast_head_json":{"title":"Philosophie critique de l\u2019innovation et de l\u2019innovateur - ISTE Group","description":"Cet ouvrage propose \u00e0 la fois une philosophie critique de l\u2019innovation et de l\u2019innovateur, en interrogeant autant la discipline que les modes de vie qui conduisent au choix d\u2019innover.","robots":{"index":"index","follow":"follow","max-snippet":"max-snippet:-1","max-image-preview":"max-image-preview:large","max-video-preview":"max-video-preview:-1"},"canonical":"https:\/\/www.istegroup.com\/fr\/produit\/philosophie-critique-de-linnovation-et-de-linnovateur\/","og_locale":"en_US","og_type":"article","og_title":"Philosophie critique de l\u2019innovation et de l\u2019innovateur - ISTE Group","og_description":"Cet ouvrage propose \u00e0 la fois une philosophie critique de l\u2019innovation et de l\u2019innovateur, en interrogeant autant la discipline que les modes de vie qui conduisent au choix d\u2019innover.","og_url":"https:\/\/www.istegroup.com\/fr\/produit\/philosophie-critique-de-linnovation-et-de-linnovateur\/","og_site_name":"ISTE Group","article_modified_time":"2024-01-03T13:43:38+00:00","og_image":[{"width":300,"height":453,"url":"https:\/\/www.istegroup.com\/wp-content\/uploads\/2020\/02\/Philosophie-critique-de-linnovation-et-de-linnovateur.jpg","type":"image\/jpeg"}],"twitter_card":"summary_large_image","twitter_misc":{"Est. reading time":"1 minute"},"schema":{"@context":"https:\/\/schema.org","@graph":[{"@type":"WebPage","@id":"https:\/\/www.istegroup.com\/fr\/produit\/philosophie-critique-de-linnovation-et-de-linnovateur\/","url":"https:\/\/www.istegroup.com\/fr\/produit\/philosophie-critique-de-linnovation-et-de-linnovateur\/","name":"Philosophie critique de l\u2019innovation et de l\u2019innovateur - ISTE Group","isPartOf":{"@id":"https:\/\/www.istegroup.com\/#website"},"primaryImageOfPage":{"@id":"https:\/\/www.istegroup.com\/fr\/produit\/philosophie-critique-de-linnovation-et-de-linnovateur\/#primaryimage"},"image":{"@id":"https:\/\/www.istegroup.com\/fr\/produit\/philosophie-critique-de-linnovation-et-de-linnovateur\/#primaryimage"},"thumbnailUrl":"https:\/\/www.istegroup.com\/wp-content\/uploads\/2020\/02\/Philosophie-critique-de-linnovation-et-de-linnovateur.jpg","datePublished":"2020-08-25T13:33:25+00:00","dateModified":"2024-01-03T13:43:38+00:00","description":"Cet ouvrage propose \u00e0 la fois une philosophie critique de l\u2019innovation et de l\u2019innovateur, en interrogeant autant la discipline que les modes de vie qui conduisent au choix d\u2019innover.","breadcrumb":{"@id":"https:\/\/www.istegroup.com\/fr\/produit\/philosophie-critique-de-linnovation-et-de-linnovateur\/#breadcrumb"},"inLanguage":"en-US","potentialAction":[{"@type":"ReadAction","target":["https:\/\/www.istegroup.com\/fr\/produit\/philosophie-critique-de-linnovation-et-de-linnovateur\/"]}]},{"@type":"ImageObject","inLanguage":"en-US","@id":"https:\/\/www.istegroup.com\/fr\/produit\/philosophie-critique-de-linnovation-et-de-linnovateur\/#primaryimage","url":"https:\/\/www.istegroup.com\/wp-content\/uploads\/2020\/02\/Philosophie-critique-de-linnovation-et-de-linnovateur.jpg","contentUrl":"https:\/\/www.istegroup.com\/wp-content\/uploads\/2020\/02\/Philosophie-critique-de-linnovation-et-de-linnovateur.jpg","width":300,"height":453,"caption":"Livre Philosophie critique de l'innovation et de l'innovateur - Xavier Pavie"},{"@type":"BreadcrumbList","@id":"https:\/\/www.istegroup.com\/fr\/produit\/philosophie-critique-de-linnovation-et-de-linnovateur\/#breadcrumb","itemListElement":[{"@type":"ListItem","position":1,"name":"Home","item":"https:\/\/www.istegroup.com\/"},{"@type":"ListItem","position":2,"name":"Shop","item":"https:\/\/www.istegroup.com\/fr\/nouveautes\/"},{"@type":"ListItem","position":3,"name":"Philosophie critique de l\u2019innovation et de l\u2019innovateur"}]},{"@type":"WebSite","@id":"https:\/\/www.istegroup.com\/#website","url":"https:\/\/www.istegroup.com\/","name":"ISTE Group","description":"Publishing Knowledge","potentialAction":[{"@type":"SearchAction","target":{"@type":"EntryPoint","urlTemplate":"https:\/\/www.istegroup.com\/?s={search_term_string}"},"query-input":{"@type":"PropertyValueSpecification","valueRequired":true,"valueName":"search_term_string"}}],"inLanguage":"en-US"}]}},"_links":{"self":[{"href":"https:\/\/www.istegroup.com\/en\/wp-json\/wp\/v2\/product\/24906","targetHints":{"allow":["GET"]}}],"collection":[{"href":"https:\/\/www.istegroup.com\/en\/wp-json\/wp\/v2\/product"}],"about":[{"href":"https:\/\/www.istegroup.com\/en\/wp-json\/wp\/v2\/types\/product"}],"wp:featuredmedia":[{"embeddable":true,"href":"https:\/\/www.istegroup.com\/en\/wp-json\/wp\/v2\/media\/24912"}],"wp:attachment":[{"href":"https:\/\/www.istegroup.com\/en\/wp-json\/wp\/v2\/media?parent=24906"}],"wp:term":[{"taxonomy":"product_brand","embeddable":true,"href":"https:\/\/www.istegroup.com\/en\/wp-json\/wp\/v2\/product_brand?post=24906"},{"taxonomy":"product_cat","embeddable":true,"href":"https:\/\/www.istegroup.com\/en\/wp-json\/wp\/v2\/product_cat?post=24906"},{"taxonomy":"product_tag","embeddable":true,"href":"https:\/\/www.istegroup.com\/en\/wp-json\/wp\/v2\/product_tag?post=24906"}],"curies":[{"name":"wp","href":"https:\/\/api.w.org\/{rel}","templated":true}]}}