{"id":247,"date":"2017-07-28T11:16:25","date_gmt":"2017-07-28T09:16:25","guid":{"rendered":"https:\/\/iste.yhello.co\/product\/exposition-humaine-aux-champs-electromagnetiques\/"},"modified":"2024-01-03T13:39:03","modified_gmt":"2024-01-03T13:39:03","slug":"exposition-humaine-aux-champs-electromagnetiques","status":"publish","type":"product","link":"https:\/\/www.istegroup.com\/en\/produit\/exposition-humaine-aux-champs-electromagnetiques\/","title":{"rendered":"Exposition humaine aux champs \u00e9lectromagn\u00e9tiques"},"content":{"rendered":"<p>Toute personne, qu\u2019elle le veuille ou non, est expos\u00e9e aux champs \u00e9lectromagn\u00e9tiques. La grande majorit\u00e9 du temps, ils sont de tr\u00e8s faibles niveaux et sans cons\u00e9quence mais ils peuvent provoquer des effets ind\u00e9sirables sur la sant\u00e9 lorsqu\u2019ils deviennent intenses.<\/p>\n<p>Couvrant les fr\u00e9quences de 0 Hz \u00e0 300 GHz,\u00a0<em>Exposition humaine aux champs \u00e9lectromagn\u00e9tiques\u00a0<\/em>offre une vision d\u2019ensemble de ce sujet sensible et complexe. Apr\u00e8s un rappel des notions de champs \u00e9lectromagn\u00e9tiques, il pr\u00e9sente quelques exemples de sources de rayonnement de la vie quotidienne et des secteurs industriels ou m\u00e9dicaux. Les effets biophysiques et biologiques de ces champs sur le corps humain sont d\u00e9taill\u00e9s et les limites d\u2019exposition sont rappel\u00e9es. L\u2019\u00e9valuation de l\u2019exposition et la mise en place d\u2019une r\u00e9glementation adapt\u00e9e au sein des entreprises sont \u00e9galement trait\u00e9es.<\/p>\n<p>Technique et pratique, cet ouvrage s\u2019adresse aux personnes poss\u00e9dant une base scientifique, aux acteurs de la pr\u00e9vention du risque, aux m\u00e9decins, en particulier ceux du travail, et aux concepteurs d\u2019\u00e9quipements. Les enseignants y trouveront des applications concr\u00e8tes permettant d\u2019illustrer leurs cours.<\/p>\n","protected":false},"excerpt":{"rendered":"<p>Couvrant les fr\u00e9quences de 0 Hz \u00e0 300 GHz,\u00a0<em>Exposition humaine aux champs \u00e9lectromagn\u00e9tiques\u00a0<\/em>offre une vision d\u2019ensemble de ce sujet sensible et complexe.<\/p>\n","protected":false},"featured_media":248,"template":"","meta":{"_acf_changed":false,"_links_to":"","_links_to_target":""},"product_brand":[],"product_cat":[675,677],"product_tag":[1261,1262,31,196,1263,1264,1265,197,198,199,21,200,22,201,1266,203,204,63,25,172,209,281,212,38,192,145,28,1267,628,1268,1269,1270,1271,253],"class_list":{"0":"post-247","1":"product","2":"type-product","3":"status-publish","4":"has-post-thumbnail","6":"product_cat-nouveauts-12519446","7":"product_cat-ondes-12506522","8":"product_tag-biophysique","9":"product_tag-champs-electromagnetiques","10":"product_tag-ebook","11":"product_tag-ebooks","12":"product_tag-exposition","13":"product_tag-exposition-humaine-aux-champs-electromagnetiques","14":"product_tag-frequences","15":"product_tag-iste","16":"product_tag-iste-edition","17":"product_tag-iste-editions","18":"product_tag-iste-group","19":"product_tag-isteedition","20":"product_tag-istegroup","21":"product_tag-kindle","22":"product_tag-limites-dexposition","23":"product_tag-liseuse","24":"product_tag-livre","25":"product_tag-livre-electronique","26":"product_tag-livre-numerique","27":"product_tag-livre-scientifique","28":"product_tag-livres-scientifiques","29":"product_tag-ondes","30":"product_tag-ouvrage","31":"product_tag-ouvrage-numerique","32":"product_tag-ouvrage-science","33":"product_tag-ouvrage-scientifique","34":"product_tag-ouvrage-scientifique-francais","35":"product_tag-patrick-staebler","36":"product_tag-sante","37":"product_tag-secteur-medical","38":"product_tag-sfrp","39":"product_tag-sources-de-rayonnement","40":"product_tag-supelec","41":"product_tag-technologie","43":"first","44":"instock","45":"shipping-taxable","46":"purchasable","47":"product-type-variable"},"acf":[],"yoast_head":"<!-- This site is optimized with the Yoast SEO plugin v27.2 - https:\/\/yoast.com\/product\/yoast-seo-wordpress\/ -->\n<title>Exposition humaine aux champs \u00e9lectromagn\u00e9tiques - ISTE Group<\/title>\n<meta name=\"description\" content=\"Couvrant les fr\u00e9quences de 0 Hz \u00e0 300 GHz,\u00a0l&#039;ouvrage offre une vision d\u2019ensemble de ce sujet complexe qu&#039;est l&#039;exposition humaine aux champs \u00e9lectromagn\u00e9tiques.\" \/>\n<meta name=\"robots\" content=\"index, follow, max-snippet:-1, max-image-preview:large, max-video-preview:-1\" \/>\n<link rel=\"canonical\" href=\"https:\/\/www.istegroup.com\/fr\/produit\/exposition-humaine-aux-champs-electromagnetiques\/\" \/>\n<meta property=\"og:locale\" content=\"en_US\" \/>\n<meta property=\"og:type\" content=\"article\" \/>\n<meta property=\"og:title\" content=\"Exposition humaine aux champs \u00e9lectromagn\u00e9tiques - ISTE Group\" \/>\n<meta property=\"og:description\" content=\"Couvrant les fr\u00e9quences de 0 Hz \u00e0 300 GHz,\u00a0l&#039;ouvrage offre une vision d\u2019ensemble de ce sujet complexe qu&#039;est l&#039;exposition humaine aux champs \u00e9lectromagn\u00e9tiques.\" \/>\n<meta property=\"og:url\" content=\"https:\/\/www.istegroup.com\/fr\/produit\/exposition-humaine-aux-champs-electromagnetiques\/\" \/>\n<meta property=\"og:site_name\" content=\"ISTE Group\" \/>\n<meta property=\"article:modified_time\" content=\"2024-01-03T13:39:03+00:00\" \/>\n<meta property=\"og:image\" content=\"https:\/\/www.istegroup.com\/wp-content\/uploads\/2017\/07\/16803703112_8016977928-1.jpg\" \/>\n\t<meta property=\"og:image:width\" content=\"1361\" \/>\n\t<meta property=\"og:image:height\" content=\"2048\" \/>\n\t<meta property=\"og:image:type\" content=\"image\/jpeg\" \/>\n<meta name=\"twitter:card\" content=\"summary_large_image\" \/>\n<meta name=\"twitter:label1\" content=\"Est. reading time\" \/>\n\t<meta name=\"twitter:data1\" content=\"1 minute\" \/>\n<script type=\"application\/ld+json\" class=\"yoast-schema-graph\">{\"@context\":\"https:\/\/schema.org\",\"@graph\":[{\"@type\":\"WebPage\",\"@id\":\"https:\/\/www.istegroup.com\/fr\/produit\/exposition-humaine-aux-champs-electromagnetiques\/\",\"url\":\"https:\/\/www.istegroup.com\/fr\/produit\/exposition-humaine-aux-champs-electromagnetiques\/\",\"name\":\"Exposition humaine aux champs \u00e9lectromagn\u00e9tiques - ISTE Group\",\"isPartOf\":{\"@id\":\"https:\/\/www.istegroup.com\/#website\"},\"primaryImageOfPage\":{\"@id\":\"https:\/\/www.istegroup.com\/fr\/produit\/exposition-humaine-aux-champs-electromagnetiques\/#primaryimage\"},\"image\":{\"@id\":\"https:\/\/www.istegroup.com\/fr\/produit\/exposition-humaine-aux-champs-electromagnetiques\/#primaryimage\"},\"thumbnailUrl\":\"https:\/\/www.istegroup.com\/wp-content\/uploads\/2017\/07\/16803703112_8016977928-1.jpg\",\"datePublished\":\"2017-07-28T09:16:25+00:00\",\"dateModified\":\"2024-01-03T13:39:03+00:00\",\"description\":\"Couvrant les fr\u00e9quences de 0 Hz \u00e0 300 GHz,\u00a0l'ouvrage offre une vision d\u2019ensemble de ce sujet complexe qu'est l'exposition humaine aux champs \u00e9lectromagn\u00e9tiques.\",\"breadcrumb\":{\"@id\":\"https:\/\/www.istegroup.com\/fr\/produit\/exposition-humaine-aux-champs-electromagnetiques\/#breadcrumb\"},\"inLanguage\":\"en-US\",\"potentialAction\":[{\"@type\":\"ReadAction\",\"target\":[\"https:\/\/www.istegroup.com\/fr\/produit\/exposition-humaine-aux-champs-electromagnetiques\/\"]}]},{\"@type\":\"ImageObject\",\"inLanguage\":\"en-US\",\"@id\":\"https:\/\/www.istegroup.com\/fr\/produit\/exposition-humaine-aux-champs-electromagnetiques\/#primaryimage\",\"url\":\"https:\/\/www.istegroup.com\/wp-content\/uploads\/2017\/07\/16803703112_8016977928-1.jpg\",\"contentUrl\":\"https:\/\/www.istegroup.com\/wp-content\/uploads\/2017\/07\/16803703112_8016977928-1.jpg\",\"width\":1361,\"height\":2048,\"caption\":\"De 0 Hz \u00e0 300 GHz\"},{\"@type\":\"BreadcrumbList\",\"@id\":\"https:\/\/www.istegroup.com\/fr\/produit\/exposition-humaine-aux-champs-electromagnetiques\/#breadcrumb\",\"itemListElement\":[{\"@type\":\"ListItem\",\"position\":1,\"name\":\"Home\",\"item\":\"https:\/\/www.istegroup.com\/\"},{\"@type\":\"ListItem\",\"position\":2,\"name\":\"Shop\",\"item\":\"https:\/\/www.istegroup.com\/fr\/nouveautes\/\"},{\"@type\":\"ListItem\",\"position\":3,\"name\":\"Exposition humaine aux champs \u00e9lectromagn\u00e9tiques\"}]},{\"@type\":\"WebSite\",\"@id\":\"https:\/\/www.istegroup.com\/#website\",\"url\":\"https:\/\/www.istegroup.com\/\",\"name\":\"ISTE Group\",\"description\":\"Publishing Knowledge\",\"potentialAction\":[{\"@type\":\"SearchAction\",\"target\":{\"@type\":\"EntryPoint\",\"urlTemplate\":\"https:\/\/www.istegroup.com\/?s={search_term_string}\"},\"query-input\":{\"@type\":\"PropertyValueSpecification\",\"valueRequired\":true,\"valueName\":\"search_term_string\"}}],\"inLanguage\":\"en-US\"}]}<\/script>\n<!-- \/ Yoast SEO plugin. -->","yoast_head_json":{"title":"Exposition humaine aux champs \u00e9lectromagn\u00e9tiques - ISTE Group","description":"Couvrant les fr\u00e9quences de 0 Hz \u00e0 300 GHz,\u00a0l'ouvrage offre une vision d\u2019ensemble de ce sujet complexe qu'est l'exposition humaine aux champs \u00e9lectromagn\u00e9tiques.","robots":{"index":"index","follow":"follow","max-snippet":"max-snippet:-1","max-image-preview":"max-image-preview:large","max-video-preview":"max-video-preview:-1"},"canonical":"https:\/\/www.istegroup.com\/fr\/produit\/exposition-humaine-aux-champs-electromagnetiques\/","og_locale":"en_US","og_type":"article","og_title":"Exposition humaine aux champs \u00e9lectromagn\u00e9tiques - ISTE Group","og_description":"Couvrant les fr\u00e9quences de 0 Hz \u00e0 300 GHz,\u00a0l'ouvrage offre une vision d\u2019ensemble de ce sujet complexe qu'est l'exposition humaine aux champs \u00e9lectromagn\u00e9tiques.","og_url":"https:\/\/www.istegroup.com\/fr\/produit\/exposition-humaine-aux-champs-electromagnetiques\/","og_site_name":"ISTE Group","article_modified_time":"2024-01-03T13:39:03+00:00","og_image":[{"width":1361,"height":2048,"url":"https:\/\/www.istegroup.com\/wp-content\/uploads\/2017\/07\/16803703112_8016977928-1.jpg","type":"image\/jpeg"}],"twitter_card":"summary_large_image","twitter_misc":{"Est. reading time":"1 minute"},"schema":{"@context":"https:\/\/schema.org","@graph":[{"@type":"WebPage","@id":"https:\/\/www.istegroup.com\/fr\/produit\/exposition-humaine-aux-champs-electromagnetiques\/","url":"https:\/\/www.istegroup.com\/fr\/produit\/exposition-humaine-aux-champs-electromagnetiques\/","name":"Exposition humaine aux champs \u00e9lectromagn\u00e9tiques - ISTE Group","isPartOf":{"@id":"https:\/\/www.istegroup.com\/#website"},"primaryImageOfPage":{"@id":"https:\/\/www.istegroup.com\/fr\/produit\/exposition-humaine-aux-champs-electromagnetiques\/#primaryimage"},"image":{"@id":"https:\/\/www.istegroup.com\/fr\/produit\/exposition-humaine-aux-champs-electromagnetiques\/#primaryimage"},"thumbnailUrl":"https:\/\/www.istegroup.com\/wp-content\/uploads\/2017\/07\/16803703112_8016977928-1.jpg","datePublished":"2017-07-28T09:16:25+00:00","dateModified":"2024-01-03T13:39:03+00:00","description":"Couvrant les fr\u00e9quences de 0 Hz \u00e0 300 GHz,\u00a0l'ouvrage offre une vision d\u2019ensemble de ce sujet complexe qu'est l'exposition humaine aux champs \u00e9lectromagn\u00e9tiques.","breadcrumb":{"@id":"https:\/\/www.istegroup.com\/fr\/produit\/exposition-humaine-aux-champs-electromagnetiques\/#breadcrumb"},"inLanguage":"en-US","potentialAction":[{"@type":"ReadAction","target":["https:\/\/www.istegroup.com\/fr\/produit\/exposition-humaine-aux-champs-electromagnetiques\/"]}]},{"@type":"ImageObject","inLanguage":"en-US","@id":"https:\/\/www.istegroup.com\/fr\/produit\/exposition-humaine-aux-champs-electromagnetiques\/#primaryimage","url":"https:\/\/www.istegroup.com\/wp-content\/uploads\/2017\/07\/16803703112_8016977928-1.jpg","contentUrl":"https:\/\/www.istegroup.com\/wp-content\/uploads\/2017\/07\/16803703112_8016977928-1.jpg","width":1361,"height":2048,"caption":"De 0 Hz \u00e0 300 GHz"},{"@type":"BreadcrumbList","@id":"https:\/\/www.istegroup.com\/fr\/produit\/exposition-humaine-aux-champs-electromagnetiques\/#breadcrumb","itemListElement":[{"@type":"ListItem","position":1,"name":"Home","item":"https:\/\/www.istegroup.com\/"},{"@type":"ListItem","position":2,"name":"Shop","item":"https:\/\/www.istegroup.com\/fr\/nouveautes\/"},{"@type":"ListItem","position":3,"name":"Exposition humaine aux champs \u00e9lectromagn\u00e9tiques"}]},{"@type":"WebSite","@id":"https:\/\/www.istegroup.com\/#website","url":"https:\/\/www.istegroup.com\/","name":"ISTE Group","description":"Publishing Knowledge","potentialAction":[{"@type":"SearchAction","target":{"@type":"EntryPoint","urlTemplate":"https:\/\/www.istegroup.com\/?s={search_term_string}"},"query-input":{"@type":"PropertyValueSpecification","valueRequired":true,"valueName":"search_term_string"}}],"inLanguage":"en-US"}]}},"_links":{"self":[{"href":"https:\/\/www.istegroup.com\/en\/wp-json\/wp\/v2\/product\/247","targetHints":{"allow":["GET"]}}],"collection":[{"href":"https:\/\/www.istegroup.com\/en\/wp-json\/wp\/v2\/product"}],"about":[{"href":"https:\/\/www.istegroup.com\/en\/wp-json\/wp\/v2\/types\/product"}],"wp:featuredmedia":[{"embeddable":true,"href":"https:\/\/www.istegroup.com\/en\/wp-json\/wp\/v2\/media\/248"}],"wp:attachment":[{"href":"https:\/\/www.istegroup.com\/en\/wp-json\/wp\/v2\/media?parent=247"}],"wp:term":[{"taxonomy":"product_brand","embeddable":true,"href":"https:\/\/www.istegroup.com\/en\/wp-json\/wp\/v2\/product_brand?post=247"},{"taxonomy":"product_cat","embeddable":true,"href":"https:\/\/www.istegroup.com\/en\/wp-json\/wp\/v2\/product_cat?post=247"},{"taxonomy":"product_tag","embeddable":true,"href":"https:\/\/www.istegroup.com\/en\/wp-json\/wp\/v2\/product_tag?post=247"}],"curies":[{"name":"wp","href":"https:\/\/api.w.org\/{rel}","templated":true}]}}