{"id":24424,"date":"2020-05-09T09:13:58","date_gmt":"2020-05-09T08:13:58","guid":{"rendered":"https:\/\/www.istegroup.com\/?post_type=product&#038;p=24424"},"modified":"2024-01-03T13:47:33","modified_gmt":"2024-01-03T13:47:33","slug":"notion-daide-en-education","status":"publish","type":"product","link":"https:\/\/www.istegroup.com\/en\/produit\/notion-daide-en-education\/","title":{"rendered":"Notion d\u2019aide en \u00e9ducation"},"content":{"rendered":"<p>Aider, guider, accompagner, assister et soutenir constituent des actions r\u00e9currentes men\u00e9es par l\u2019enseignant, le formateur ou l\u2019accompagnant en situation professionnelle.<\/p>\n<p><em>Notion d\u2019aide en \u00e9ducation<\/em> contribue \u00e0 d\u00e9finir ces actions complexes qui visent \u00e0 am\u00e9liorer les apprentissages collectifs et individuels, du coll\u00e8ge \u00e0 l\u2019universit\u00e9. S\u2019appuyant sur des travaux de synth\u00e8se, cet ouvrage pr\u00e9sente les diff\u00e9rentes formes que peuvent prendre ces actions, les difficult\u00e9s qui leur sont associ\u00e9es ainsi que les moyens d\u00e9j\u00e0 mis en place pour les contourner. Il examine des outils m\u00e9thodologiques pour les approcher et offre une explicitation des conditions favorables \u00e0 leur mise en oeuvre.<\/p>\n<p>Cet ouvrage pr\u00e9sente \u00e9galement diff\u00e9rents cadres th\u00e9oriques que le lecteur pourra approfondir et\/ou r\u00e9investir dans d\u2019autres contextes d\u2019\u00e9ducation.<\/p>","protected":false},"excerpt":{"rendered":"<p>Aider, guider, accompagner, assister et soutenir constituent des actions r\u00e9currentes men\u00e9es par l\u2019enseignant, le formateur ou l\u2019accompagnant en situation professionnelle. Notion d\u2019aide en \u00e9ducation contribue \u00e0 d\u00e9finir ces actions complexes qui visent \u00e0 am\u00e9liorer les apprentissages collectifs et individuels, du coll\u00e8ge \u00e0 l\u2019universit\u00e9. S\u2019appuyant sur des travaux de synth\u00e8se, cet ouvrage pr\u00e9sente les diff\u00e9rentes formes [&hellip;]<\/p>\n","protected":false},"featured_media":24429,"template":"","meta":{"_acf_changed":false,"_links_to":"","_links_to_target":""},"product_brand":[],"product_cat":[669],"product_tag":[],"class_list":{"0":"post-24424","1":"product","2":"type-product","3":"status-publish","4":"has-post-thumbnail","6":"product_cat-innovation-en-sciences-de-lducation-433942033","8":"first","9":"instock","10":"shipping-taxable","11":"purchasable","12":"product-type-variable"},"acf":[],"yoast_head":"<!-- This site is optimized with the Yoast SEO plugin v27.2 - https:\/\/yoast.com\/product\/yoast-seo-wordpress\/ -->\n<title>Notion d\u2019aide en \u00e9ducation - ISTE Group<\/title>\n<meta name=\"description\" content=\"Notion d\u2019aide en \u00e9ducation contribue \u00e0 d\u00e9finir ces actions complexes qui visent \u00e0 am\u00e9liorer les apprentissages collectifs et individuels, du coll\u00e8ge \u00e0 l\u2019universit\u00e9.\" \/>\n<meta name=\"robots\" content=\"index, follow, max-snippet:-1, max-image-preview:large, max-video-preview:-1\" \/>\n<link rel=\"canonical\" href=\"https:\/\/www.istegroup.com\/fr\/produit\/notion-daide-en-education\/\" \/>\n<meta property=\"og:locale\" content=\"en_US\" \/>\n<meta property=\"og:type\" content=\"article\" \/>\n<meta property=\"og:title\" content=\"Notion d\u2019aide en \u00e9ducation - ISTE Group\" \/>\n<meta property=\"og:description\" content=\"Notion d\u2019aide en \u00e9ducation contribue \u00e0 d\u00e9finir ces actions complexes qui visent \u00e0 am\u00e9liorer les apprentissages collectifs et individuels, du coll\u00e8ge \u00e0 l\u2019universit\u00e9.\" \/>\n<meta property=\"og:url\" content=\"https:\/\/www.istegroup.com\/fr\/produit\/notion-daide-en-education\/\" \/>\n<meta property=\"og:site_name\" content=\"ISTE Group\" \/>\n<meta property=\"article:modified_time\" content=\"2024-01-03T13:47:33+00:00\" \/>\n<meta property=\"og:image\" content=\"https:\/\/www.istegroup.com\/wp-content\/uploads\/2019\/12\/Notion-d\u2019aide-en-\u00e9ducation.jpg\" \/>\n\t<meta property=\"og:image:width\" content=\"300\" \/>\n\t<meta property=\"og:image:height\" content=\"451\" \/>\n\t<meta property=\"og:image:type\" content=\"image\/jpeg\" \/>\n<meta name=\"twitter:card\" content=\"summary_large_image\" \/>\n<meta name=\"twitter:label1\" content=\"Est. reading time\" \/>\n\t<meta name=\"twitter:data1\" content=\"1 minute\" \/>\n<script type=\"application\/ld+json\" class=\"yoast-schema-graph\">{\"@context\":\"https:\/\/schema.org\",\"@graph\":[{\"@type\":\"WebPage\",\"@id\":\"https:\/\/www.istegroup.com\/fr\/produit\/notion-daide-en-education\/\",\"url\":\"https:\/\/www.istegroup.com\/fr\/produit\/notion-daide-en-education\/\",\"name\":\"Notion d\u2019aide en \u00e9ducation - ISTE Group\",\"isPartOf\":{\"@id\":\"https:\/\/www.istegroup.com\/#website\"},\"primaryImageOfPage\":{\"@id\":\"https:\/\/www.istegroup.com\/fr\/produit\/notion-daide-en-education\/#primaryimage\"},\"image\":{\"@id\":\"https:\/\/www.istegroup.com\/fr\/produit\/notion-daide-en-education\/#primaryimage\"},\"thumbnailUrl\":\"https:\/\/www.istegroup.com\/wp-content\/uploads\/2019\/12\/Notion-d\u2019aide-en-\u00e9ducation.jpg\",\"datePublished\":\"2020-05-09T08:13:58+00:00\",\"dateModified\":\"2024-01-03T13:47:33+00:00\",\"description\":\"Notion d\u2019aide en \u00e9ducation contribue \u00e0 d\u00e9finir ces actions complexes qui visent \u00e0 am\u00e9liorer les apprentissages collectifs et individuels, du coll\u00e8ge \u00e0 l\u2019universit\u00e9.\",\"breadcrumb\":{\"@id\":\"https:\/\/www.istegroup.com\/fr\/produit\/notion-daide-en-education\/#breadcrumb\"},\"inLanguage\":\"en-US\",\"potentialAction\":[{\"@type\":\"ReadAction\",\"target\":[\"https:\/\/www.istegroup.com\/fr\/produit\/notion-daide-en-education\/\"]}]},{\"@type\":\"ImageObject\",\"inLanguage\":\"en-US\",\"@id\":\"https:\/\/www.istegroup.com\/fr\/produit\/notion-daide-en-education\/#primaryimage\",\"url\":\"https:\/\/www.istegroup.com\/wp-content\/uploads\/2019\/12\/Notion-d\u2019aide-en-\u00e9ducation.jpg\",\"contentUrl\":\"https:\/\/www.istegroup.com\/wp-content\/uploads\/2019\/12\/Notion-d\u2019aide-en-\u00e9ducation.jpg\",\"width\":300,\"height\":451,\"caption\":\"Livre Notion d\u2019aide en \u00e9ducation - Chrysta P\u00e9lissier\"},{\"@type\":\"BreadcrumbList\",\"@id\":\"https:\/\/www.istegroup.com\/fr\/produit\/notion-daide-en-education\/#breadcrumb\",\"itemListElement\":[{\"@type\":\"ListItem\",\"position\":1,\"name\":\"Home\",\"item\":\"https:\/\/www.istegroup.com\/\"},{\"@type\":\"ListItem\",\"position\":2,\"name\":\"Shop\",\"item\":\"https:\/\/www.istegroup.com\/fr\/nouveautes\/\"},{\"@type\":\"ListItem\",\"position\":3,\"name\":\"Notion d\u2019aide en \u00e9ducation\"}]},{\"@type\":\"WebSite\",\"@id\":\"https:\/\/www.istegroup.com\/#website\",\"url\":\"https:\/\/www.istegroup.com\/\",\"name\":\"ISTE Group\",\"description\":\"Publishing Knowledge\",\"potentialAction\":[{\"@type\":\"SearchAction\",\"target\":{\"@type\":\"EntryPoint\",\"urlTemplate\":\"https:\/\/www.istegroup.com\/?s={search_term_string}\"},\"query-input\":{\"@type\":\"PropertyValueSpecification\",\"valueRequired\":true,\"valueName\":\"search_term_string\"}}],\"inLanguage\":\"en-US\"}]}<\/script>\n<!-- \/ Yoast SEO plugin. -->","yoast_head_json":{"title":"Notion d\u2019aide en \u00e9ducation - ISTE Group","description":"Notion d\u2019aide en \u00e9ducation contribue \u00e0 d\u00e9finir ces actions complexes qui visent \u00e0 am\u00e9liorer les apprentissages collectifs et individuels, du coll\u00e8ge \u00e0 l\u2019universit\u00e9.","robots":{"index":"index","follow":"follow","max-snippet":"max-snippet:-1","max-image-preview":"max-image-preview:large","max-video-preview":"max-video-preview:-1"},"canonical":"https:\/\/www.istegroup.com\/fr\/produit\/notion-daide-en-education\/","og_locale":"en_US","og_type":"article","og_title":"Notion d\u2019aide en \u00e9ducation - ISTE Group","og_description":"Notion d\u2019aide en \u00e9ducation contribue \u00e0 d\u00e9finir ces actions complexes qui visent \u00e0 am\u00e9liorer les apprentissages collectifs et individuels, du coll\u00e8ge \u00e0 l\u2019universit\u00e9.","og_url":"https:\/\/www.istegroup.com\/fr\/produit\/notion-daide-en-education\/","og_site_name":"ISTE Group","article_modified_time":"2024-01-03T13:47:33+00:00","og_image":[{"width":300,"height":451,"url":"https:\/\/www.istegroup.com\/wp-content\/uploads\/2019\/12\/Notion-d\u2019aide-en-\u00e9ducation.jpg","type":"image\/jpeg"}],"twitter_card":"summary_large_image","twitter_misc":{"Est. reading time":"1 minute"},"schema":{"@context":"https:\/\/schema.org","@graph":[{"@type":"WebPage","@id":"https:\/\/www.istegroup.com\/fr\/produit\/notion-daide-en-education\/","url":"https:\/\/www.istegroup.com\/fr\/produit\/notion-daide-en-education\/","name":"Notion d\u2019aide en \u00e9ducation - ISTE Group","isPartOf":{"@id":"https:\/\/www.istegroup.com\/#website"},"primaryImageOfPage":{"@id":"https:\/\/www.istegroup.com\/fr\/produit\/notion-daide-en-education\/#primaryimage"},"image":{"@id":"https:\/\/www.istegroup.com\/fr\/produit\/notion-daide-en-education\/#primaryimage"},"thumbnailUrl":"https:\/\/www.istegroup.com\/wp-content\/uploads\/2019\/12\/Notion-d\u2019aide-en-\u00e9ducation.jpg","datePublished":"2020-05-09T08:13:58+00:00","dateModified":"2024-01-03T13:47:33+00:00","description":"Notion d\u2019aide en \u00e9ducation contribue \u00e0 d\u00e9finir ces actions complexes qui visent \u00e0 am\u00e9liorer les apprentissages collectifs et individuels, du coll\u00e8ge \u00e0 l\u2019universit\u00e9.","breadcrumb":{"@id":"https:\/\/www.istegroup.com\/fr\/produit\/notion-daide-en-education\/#breadcrumb"},"inLanguage":"en-US","potentialAction":[{"@type":"ReadAction","target":["https:\/\/www.istegroup.com\/fr\/produit\/notion-daide-en-education\/"]}]},{"@type":"ImageObject","inLanguage":"en-US","@id":"https:\/\/www.istegroup.com\/fr\/produit\/notion-daide-en-education\/#primaryimage","url":"https:\/\/www.istegroup.com\/wp-content\/uploads\/2019\/12\/Notion-d\u2019aide-en-\u00e9ducation.jpg","contentUrl":"https:\/\/www.istegroup.com\/wp-content\/uploads\/2019\/12\/Notion-d\u2019aide-en-\u00e9ducation.jpg","width":300,"height":451,"caption":"Livre Notion d\u2019aide en \u00e9ducation - Chrysta P\u00e9lissier"},{"@type":"BreadcrumbList","@id":"https:\/\/www.istegroup.com\/fr\/produit\/notion-daide-en-education\/#breadcrumb","itemListElement":[{"@type":"ListItem","position":1,"name":"Home","item":"https:\/\/www.istegroup.com\/"},{"@type":"ListItem","position":2,"name":"Shop","item":"https:\/\/www.istegroup.com\/fr\/nouveautes\/"},{"@type":"ListItem","position":3,"name":"Notion d\u2019aide en \u00e9ducation"}]},{"@type":"WebSite","@id":"https:\/\/www.istegroup.com\/#website","url":"https:\/\/www.istegroup.com\/","name":"ISTE Group","description":"Publishing Knowledge","potentialAction":[{"@type":"SearchAction","target":{"@type":"EntryPoint","urlTemplate":"https:\/\/www.istegroup.com\/?s={search_term_string}"},"query-input":{"@type":"PropertyValueSpecification","valueRequired":true,"valueName":"search_term_string"}}],"inLanguage":"en-US"}]}},"_links":{"self":[{"href":"https:\/\/www.istegroup.com\/en\/wp-json\/wp\/v2\/product\/24424","targetHints":{"allow":["GET"]}}],"collection":[{"href":"https:\/\/www.istegroup.com\/en\/wp-json\/wp\/v2\/product"}],"about":[{"href":"https:\/\/www.istegroup.com\/en\/wp-json\/wp\/v2\/types\/product"}],"wp:featuredmedia":[{"embeddable":true,"href":"https:\/\/www.istegroup.com\/en\/wp-json\/wp\/v2\/media\/24429"}],"wp:attachment":[{"href":"https:\/\/www.istegroup.com\/en\/wp-json\/wp\/v2\/media?parent=24424"}],"wp:term":[{"taxonomy":"product_brand","embeddable":true,"href":"https:\/\/www.istegroup.com\/en\/wp-json\/wp\/v2\/product_brand?post=24424"},{"taxonomy":"product_cat","embeddable":true,"href":"https:\/\/www.istegroup.com\/en\/wp-json\/wp\/v2\/product_cat?post=24424"},{"taxonomy":"product_tag","embeddable":true,"href":"https:\/\/www.istegroup.com\/en\/wp-json\/wp\/v2\/product_tag?post=24424"}],"curies":[{"name":"wp","href":"https:\/\/api.w.org\/{rel}","templated":true}]}}