{"id":24347,"date":"2020-05-09T09:46:53","date_gmt":"2020-05-09T08:46:53","guid":{"rendered":"https:\/\/www.istegroup.com\/?post_type=product&#038;p=24347"},"modified":"2024-01-03T13:43:35","modified_gmt":"2024-01-03T13:43:35","slug":"technologies-numeriques-et-societes-africaines","status":"publish","type":"product","link":"https:\/\/www.istegroup.com\/en\/produit\/technologies-numeriques-et-societes-africaines\/","title":{"rendered":"Technologies num\u00e9riques et soci\u00e9t\u00e9s africaines"},"content":{"rendered":"<p>Malgr\u00e9 une fracture num\u00e9rique persistante, l\u2019int\u00e9gration et l\u2019usage des technologies de l\u2019information et de la communication (TIC) dans les pays africains sont de plus en plus observables dans divers secteurs d\u2019activit\u00e9 (banque, \u00e9ducation, commerce, etc.). L\u2019accroissement des TIC suscite des questions majeures sur la place du num\u00e9rique dans le d\u00e9veloppement de l\u2019Afrique.<\/p>\n<p>L\u2019adoption ou l\u2019appropriation des technologies num\u00e9riques par les Africains sont pr\u00e9sent\u00e9es dans de nombreux discours de personnalit\u00e9s politiques ou d\u2019institutions qui interviennent dans le domaine de la coop\u00e9ration et du d\u00e9veloppement international comme un enjeu important pour le d\u00e9veloppement de ce continent.<\/p>\n<p><em>Technologies num\u00e9riques et soci\u00e9t\u00e9s africaines<\/em> pr\u00e9sente des r\u00e9flexions sur diverses th\u00e9matiques telles que les m\u00e9dias sociaux et l\u2019espace public, les enjeux de l\u2019\u00e9conomie num\u00e9rique et la place des TIC dans la modernisation de l\u2019enseignement sup\u00e9rieur, la technologie num\u00e9rique et le d\u00e9veloppement humain en Afrique.<\/p>\n","protected":false},"excerpt":{"rendered":"<p>Malgr\u00e9 une fracture num\u00e9rique persistante, l\u2019int\u00e9gration et l\u2019usage des technologies de l\u2019information et de la communication (TIC) dans les pays africains sont de plus en plus observables dans divers secteurs d\u2019activit\u00e9 (banque, \u00e9ducation, commerce, etc.). L\u2019accroissement des TIC suscite des questions majeures sur la place du num\u00e9rique dans le d\u00e9veloppement de l\u2019Afrique. L\u2019adoption ou l\u2019appropriation [&hellip;]<\/p>\n","protected":false},"featured_media":24360,"template":"","meta":{"_acf_changed":false,"_links_to":"","_links_to_target":""},"product_brand":[],"product_cat":[708],"product_tag":[],"class_list":{"0":"post-24347","1":"product","2":"type-product","3":"status-publish","4":"has-post-thumbnail","6":"product_cat-systmes-et-gnie-industriel-11476925","8":"first","9":"instock","10":"shipping-taxable","11":"purchasable","12":"product-type-variable"},"acf":[],"yoast_head":"<!-- This site is optimized with the Yoast SEO plugin v27.2 - https:\/\/yoast.com\/product\/yoast-seo-wordpress\/ -->\n<title>Technologies num\u00e9riques et soci\u00e9t\u00e9s africaines - ISTE Group<\/title>\n<meta name=\"description\" content=\"Technologies num\u00e9riques et soci\u00e9t\u00e9s africaines pr\u00e9sente des r\u00e9flexions sur diverses th\u00e9matiques telles que les m\u00e9dias sociaux et l\u2019espace public, les enjeux de l\u2019\u00e9conomie num\u00e9rique et la place des TIC dans la modernisation de l\u2019enseignement sup\u00e9rieur, la technologie num\u00e9rique et le d\u00e9veloppement humain en Afrique.\" \/>\n<meta name=\"robots\" content=\"index, follow, max-snippet:-1, max-image-preview:large, max-video-preview:-1\" \/>\n<link rel=\"canonical\" href=\"https:\/\/www.istegroup.com\/fr\/produit\/technologies-numeriques-et-societes-africaines\/\" \/>\n<meta property=\"og:locale\" content=\"en_US\" \/>\n<meta property=\"og:type\" content=\"article\" \/>\n<meta property=\"og:title\" content=\"Technologies num\u00e9riques et soci\u00e9t\u00e9s africaines - ISTE Group\" \/>\n<meta property=\"og:description\" content=\"Technologies num\u00e9riques et soci\u00e9t\u00e9s africaines pr\u00e9sente des r\u00e9flexions sur diverses th\u00e9matiques telles que les m\u00e9dias sociaux et l\u2019espace public, les enjeux de l\u2019\u00e9conomie num\u00e9rique et la place des TIC dans la modernisation de l\u2019enseignement sup\u00e9rieur, la technologie num\u00e9rique et le d\u00e9veloppement humain en Afrique.\" \/>\n<meta property=\"og:url\" content=\"https:\/\/www.istegroup.com\/fr\/produit\/technologies-numeriques-et-societes-africaines\/\" \/>\n<meta property=\"og:site_name\" content=\"ISTE Group\" \/>\n<meta property=\"article:modified_time\" content=\"2024-01-03T13:43:35+00:00\" \/>\n<meta property=\"og:image\" content=\"https:\/\/www.istegroup.com\/wp-content\/uploads\/2019\/12\/Technologies-num\u00e9riques-et-soci\u00e9t\u00e9s-africaines.jpg\" \/>\n\t<meta property=\"og:image:width\" content=\"300\" \/>\n\t<meta property=\"og:image:height\" content=\"452\" \/>\n\t<meta property=\"og:image:type\" content=\"image\/jpeg\" \/>\n<meta name=\"twitter:card\" content=\"summary_large_image\" \/>\n<meta name=\"twitter:label1\" content=\"Est. reading time\" \/>\n\t<meta name=\"twitter:data1\" content=\"1 minute\" \/>\n<script type=\"application\/ld+json\" class=\"yoast-schema-graph\">{\"@context\":\"https:\/\/schema.org\",\"@graph\":[{\"@type\":\"WebPage\",\"@id\":\"https:\/\/www.istegroup.com\/fr\/produit\/technologies-numeriques-et-societes-africaines\/\",\"url\":\"https:\/\/www.istegroup.com\/fr\/produit\/technologies-numeriques-et-societes-africaines\/\",\"name\":\"Technologies num\u00e9riques et soci\u00e9t\u00e9s africaines - ISTE Group\",\"isPartOf\":{\"@id\":\"https:\/\/www.istegroup.com\/#website\"},\"primaryImageOfPage\":{\"@id\":\"https:\/\/www.istegroup.com\/fr\/produit\/technologies-numeriques-et-societes-africaines\/#primaryimage\"},\"image\":{\"@id\":\"https:\/\/www.istegroup.com\/fr\/produit\/technologies-numeriques-et-societes-africaines\/#primaryimage\"},\"thumbnailUrl\":\"https:\/\/www.istegroup.com\/wp-content\/uploads\/2019\/12\/Technologies-num\u00e9riques-et-soci\u00e9t\u00e9s-africaines.jpg\",\"datePublished\":\"2020-05-09T08:46:53+00:00\",\"dateModified\":\"2024-01-03T13:43:35+00:00\",\"description\":\"Technologies num\u00e9riques et soci\u00e9t\u00e9s africaines pr\u00e9sente des r\u00e9flexions sur diverses th\u00e9matiques telles que les m\u00e9dias sociaux et l\u2019espace public, les enjeux de l\u2019\u00e9conomie num\u00e9rique et la place des TIC dans la modernisation de l\u2019enseignement sup\u00e9rieur, la technologie num\u00e9rique et le d\u00e9veloppement humain en Afrique.\",\"breadcrumb\":{\"@id\":\"https:\/\/www.istegroup.com\/fr\/produit\/technologies-numeriques-et-societes-africaines\/#breadcrumb\"},\"inLanguage\":\"en-US\",\"potentialAction\":[{\"@type\":\"ReadAction\",\"target\":[\"https:\/\/www.istegroup.com\/fr\/produit\/technologies-numeriques-et-societes-africaines\/\"]}]},{\"@type\":\"ImageObject\",\"inLanguage\":\"en-US\",\"@id\":\"https:\/\/www.istegroup.com\/fr\/produit\/technologies-numeriques-et-societes-africaines\/#primaryimage\",\"url\":\"https:\/\/www.istegroup.com\/wp-content\/uploads\/2019\/12\/Technologies-num\u00e9riques-et-soci\u00e9t\u00e9s-africaines.jpg\",\"contentUrl\":\"https:\/\/www.istegroup.com\/wp-content\/uploads\/2019\/12\/Technologies-num\u00e9riques-et-soci\u00e9t\u00e9s-africaines.jpg\",\"width\":300,\"height\":452,\"caption\":\"Enjeux de d\u00e9veloppement\"},{\"@type\":\"BreadcrumbList\",\"@id\":\"https:\/\/www.istegroup.com\/fr\/produit\/technologies-numeriques-et-societes-africaines\/#breadcrumb\",\"itemListElement\":[{\"@type\":\"ListItem\",\"position\":1,\"name\":\"Home\",\"item\":\"https:\/\/www.istegroup.com\/\"},{\"@type\":\"ListItem\",\"position\":2,\"name\":\"Shop\",\"item\":\"https:\/\/www.istegroup.com\/fr\/nouveautes\/\"},{\"@type\":\"ListItem\",\"position\":3,\"name\":\"Technologies num\u00e9riques et soci\u00e9t\u00e9s africaines\"}]},{\"@type\":\"WebSite\",\"@id\":\"https:\/\/www.istegroup.com\/#website\",\"url\":\"https:\/\/www.istegroup.com\/\",\"name\":\"ISTE Group\",\"description\":\"Publishing Knowledge\",\"potentialAction\":[{\"@type\":\"SearchAction\",\"target\":{\"@type\":\"EntryPoint\",\"urlTemplate\":\"https:\/\/www.istegroup.com\/?s={search_term_string}\"},\"query-input\":{\"@type\":\"PropertyValueSpecification\",\"valueRequired\":true,\"valueName\":\"search_term_string\"}}],\"inLanguage\":\"en-US\"}]}<\/script>\n<!-- \/ Yoast SEO plugin. -->","yoast_head_json":{"title":"Technologies num\u00e9riques et soci\u00e9t\u00e9s africaines - ISTE Group","description":"Technologies num\u00e9riques et soci\u00e9t\u00e9s africaines pr\u00e9sente des r\u00e9flexions sur diverses th\u00e9matiques telles que les m\u00e9dias sociaux et l\u2019espace public, les enjeux de l\u2019\u00e9conomie num\u00e9rique et la place des TIC dans la modernisation de l\u2019enseignement sup\u00e9rieur, la technologie num\u00e9rique et le d\u00e9veloppement humain en Afrique.","robots":{"index":"index","follow":"follow","max-snippet":"max-snippet:-1","max-image-preview":"max-image-preview:large","max-video-preview":"max-video-preview:-1"},"canonical":"https:\/\/www.istegroup.com\/fr\/produit\/technologies-numeriques-et-societes-africaines\/","og_locale":"en_US","og_type":"article","og_title":"Technologies num\u00e9riques et soci\u00e9t\u00e9s africaines - ISTE Group","og_description":"Technologies num\u00e9riques et soci\u00e9t\u00e9s africaines pr\u00e9sente des r\u00e9flexions sur diverses th\u00e9matiques telles que les m\u00e9dias sociaux et l\u2019espace public, les enjeux de l\u2019\u00e9conomie num\u00e9rique et la place des TIC dans la modernisation de l\u2019enseignement sup\u00e9rieur, la technologie num\u00e9rique et le d\u00e9veloppement humain en Afrique.","og_url":"https:\/\/www.istegroup.com\/fr\/produit\/technologies-numeriques-et-societes-africaines\/","og_site_name":"ISTE Group","article_modified_time":"2024-01-03T13:43:35+00:00","og_image":[{"width":300,"height":452,"url":"https:\/\/www.istegroup.com\/wp-content\/uploads\/2019\/12\/Technologies-num\u00e9riques-et-soci\u00e9t\u00e9s-africaines.jpg","type":"image\/jpeg"}],"twitter_card":"summary_large_image","twitter_misc":{"Est. reading time":"1 minute"},"schema":{"@context":"https:\/\/schema.org","@graph":[{"@type":"WebPage","@id":"https:\/\/www.istegroup.com\/fr\/produit\/technologies-numeriques-et-societes-africaines\/","url":"https:\/\/www.istegroup.com\/fr\/produit\/technologies-numeriques-et-societes-africaines\/","name":"Technologies num\u00e9riques et soci\u00e9t\u00e9s africaines - ISTE Group","isPartOf":{"@id":"https:\/\/www.istegroup.com\/#website"},"primaryImageOfPage":{"@id":"https:\/\/www.istegroup.com\/fr\/produit\/technologies-numeriques-et-societes-africaines\/#primaryimage"},"image":{"@id":"https:\/\/www.istegroup.com\/fr\/produit\/technologies-numeriques-et-societes-africaines\/#primaryimage"},"thumbnailUrl":"https:\/\/www.istegroup.com\/wp-content\/uploads\/2019\/12\/Technologies-num\u00e9riques-et-soci\u00e9t\u00e9s-africaines.jpg","datePublished":"2020-05-09T08:46:53+00:00","dateModified":"2024-01-03T13:43:35+00:00","description":"Technologies num\u00e9riques et soci\u00e9t\u00e9s africaines pr\u00e9sente des r\u00e9flexions sur diverses th\u00e9matiques telles que les m\u00e9dias sociaux et l\u2019espace public, les enjeux de l\u2019\u00e9conomie num\u00e9rique et la place des TIC dans la modernisation de l\u2019enseignement sup\u00e9rieur, la technologie num\u00e9rique et le d\u00e9veloppement humain en Afrique.","breadcrumb":{"@id":"https:\/\/www.istegroup.com\/fr\/produit\/technologies-numeriques-et-societes-africaines\/#breadcrumb"},"inLanguage":"en-US","potentialAction":[{"@type":"ReadAction","target":["https:\/\/www.istegroup.com\/fr\/produit\/technologies-numeriques-et-societes-africaines\/"]}]},{"@type":"ImageObject","inLanguage":"en-US","@id":"https:\/\/www.istegroup.com\/fr\/produit\/technologies-numeriques-et-societes-africaines\/#primaryimage","url":"https:\/\/www.istegroup.com\/wp-content\/uploads\/2019\/12\/Technologies-num\u00e9riques-et-soci\u00e9t\u00e9s-africaines.jpg","contentUrl":"https:\/\/www.istegroup.com\/wp-content\/uploads\/2019\/12\/Technologies-num\u00e9riques-et-soci\u00e9t\u00e9s-africaines.jpg","width":300,"height":452,"caption":"Enjeux de d\u00e9veloppement"},{"@type":"BreadcrumbList","@id":"https:\/\/www.istegroup.com\/fr\/produit\/technologies-numeriques-et-societes-africaines\/#breadcrumb","itemListElement":[{"@type":"ListItem","position":1,"name":"Home","item":"https:\/\/www.istegroup.com\/"},{"@type":"ListItem","position":2,"name":"Shop","item":"https:\/\/www.istegroup.com\/fr\/nouveautes\/"},{"@type":"ListItem","position":3,"name":"Technologies num\u00e9riques et soci\u00e9t\u00e9s africaines"}]},{"@type":"WebSite","@id":"https:\/\/www.istegroup.com\/#website","url":"https:\/\/www.istegroup.com\/","name":"ISTE Group","description":"Publishing Knowledge","potentialAction":[{"@type":"SearchAction","target":{"@type":"EntryPoint","urlTemplate":"https:\/\/www.istegroup.com\/?s={search_term_string}"},"query-input":{"@type":"PropertyValueSpecification","valueRequired":true,"valueName":"search_term_string"}}],"inLanguage":"en-US"}]}},"_links":{"self":[{"href":"https:\/\/www.istegroup.com\/en\/wp-json\/wp\/v2\/product\/24347","targetHints":{"allow":["GET"]}}],"collection":[{"href":"https:\/\/www.istegroup.com\/en\/wp-json\/wp\/v2\/product"}],"about":[{"href":"https:\/\/www.istegroup.com\/en\/wp-json\/wp\/v2\/types\/product"}],"wp:featuredmedia":[{"embeddable":true,"href":"https:\/\/www.istegroup.com\/en\/wp-json\/wp\/v2\/media\/24360"}],"wp:attachment":[{"href":"https:\/\/www.istegroup.com\/en\/wp-json\/wp\/v2\/media?parent=24347"}],"wp:term":[{"taxonomy":"product_brand","embeddable":true,"href":"https:\/\/www.istegroup.com\/en\/wp-json\/wp\/v2\/product_brand?post=24347"},{"taxonomy":"product_cat","embeddable":true,"href":"https:\/\/www.istegroup.com\/en\/wp-json\/wp\/v2\/product_cat?post=24347"},{"taxonomy":"product_tag","embeddable":true,"href":"https:\/\/www.istegroup.com\/en\/wp-json\/wp\/v2\/product_tag?post=24347"}],"curies":[{"name":"wp","href":"https:\/\/api.w.org\/{rel}","templated":true}]}}