{"id":24341,"date":"2020-05-09T09:22:41","date_gmt":"2020-05-09T08:22:41","guid":{"rendered":"https:\/\/www.istegroup.com\/?post_type=product&#038;p=24341"},"modified":"2024-01-03T13:43:35","modified_gmt":"2024-01-03T13:43:35","slug":"territorialisation-de-leducation","status":"publish","type":"product","link":"https:\/\/www.istegroup.com\/en\/produit\/territorialisation-de-leducation\/","title":{"rendered":"Territorialisation de l\u2019\u00e9ducation"},"content":{"rendered":"<p><em>Territorialisation de l\u2019\u00e9ducation<\/em> revisite de fa\u00e7on in\u00e9dite et novatrice les nombreuses interactions qui se sont progressivement d\u00e9velopp\u00e9es au fil de l\u2019histoire r\u00e9cente, comme plus ancienne, entre territoires-territorialit\u00e9s d\u2019une part et \u00e9coles-\u00e9ducations d\u2019autre part.<\/p>\n<p>S\u2019appuyant essentiellement sur des recherches empiriques originales, l\u2019ouvrage contribue par l\u2019approfondissement, la caract\u00e9risation et la sp\u00e9cification des diff\u00e9rentes interactions abord\u00e9es \u00e0 travers divers types de contexte, \u00e0 am\u00e9liorer la compr\u00e9hension des concepts multifactoriels de territoire et de territorialit\u00e9 qui ne sont pas sans influer sur l\u2019\u00e9ducation et la formation.<\/p>\n<p>La territorialit\u00e9 constitue un important facteur d\u2019in\u00e9galit\u00e9s \u00e9ducatives qui est encore trop souvent m\u00e9connu des sciences de l\u2019\u00e9ducation et de la formation, particuli\u00e8rement en mati\u00e8re de projets, de souhaits et de choix d\u2019orientation scolaire et professionnelle.<\/p>\n","protected":false},"excerpt":{"rendered":"<p>Territorialisation de l\u2019\u00e9ducation revisite de fa\u00e7on in\u00e9dite et novatrice les nombreuses interactions qui se sont progressivement d\u00e9velopp\u00e9es au fil de l\u2019histoire r\u00e9cente, comme plus ancienne, entre territoires-territorialit\u00e9s d\u2019une part et \u00e9coles-\u00e9ducations d\u2019autre part. S\u2019appuyant essentiellement sur des recherches empiriques originales, l\u2019ouvrage contribue par l\u2019approfondissement, la caract\u00e9risation et la sp\u00e9cification des diff\u00e9rentes interactions abord\u00e9es \u00e0 travers [&hellip;]<\/p>\n","protected":false},"featured_media":24346,"template":"","meta":{"_acf_changed":false,"_links_to":"","_links_to_target":""},"product_brand":[],"product_cat":[669],"product_tag":[],"class_list":{"0":"post-24341","1":"product","2":"type-product","3":"status-publish","4":"has-post-thumbnail","6":"product_cat-innovation-en-sciences-de-lducation-433942033","8":"first","9":"instock","10":"shipping-taxable","11":"purchasable","12":"product-type-variable"},"acf":[],"yoast_head":"<!-- This site is optimized with the Yoast SEO plugin v27.2 - https:\/\/yoast.com\/product\/yoast-seo-wordpress\/ -->\n<title>Territorialisation de l\u2019\u00e9ducation - ISTE Group<\/title>\n<meta name=\"description\" content=\"Territorialisation de l\u2019\u00e9ducation revisite de fa\u00e7on in\u00e9dite et novatrice les nombreuses interactions qui se sont progressivement d\u00e9velopp\u00e9es au fil de l\u2019histoire r\u00e9cente, comme plus ancienne, entre territoires-territorialit\u00e9s d\u2019une part et \u00e9coles-\u00e9ducations d\u2019autre part.\" \/>\n<meta name=\"robots\" content=\"index, follow, max-snippet:-1, max-image-preview:large, max-video-preview:-1\" \/>\n<link rel=\"canonical\" href=\"https:\/\/www.istegroup.com\/fr\/produit\/territorialisation-de-leducation\/\" \/>\n<meta property=\"og:locale\" content=\"en_US\" \/>\n<meta property=\"og:type\" content=\"article\" \/>\n<meta property=\"og:title\" content=\"Territorialisation de l\u2019\u00e9ducation - ISTE Group\" \/>\n<meta property=\"og:description\" content=\"Territorialisation de l\u2019\u00e9ducation revisite de fa\u00e7on in\u00e9dite et novatrice les nombreuses interactions qui se sont progressivement d\u00e9velopp\u00e9es au fil de l\u2019histoire r\u00e9cente, comme plus ancienne, entre territoires-territorialit\u00e9s d\u2019une part et \u00e9coles-\u00e9ducations d\u2019autre part.\" \/>\n<meta property=\"og:url\" content=\"https:\/\/www.istegroup.com\/fr\/produit\/territorialisation-de-leducation\/\" \/>\n<meta property=\"og:site_name\" content=\"ISTE Group\" \/>\n<meta property=\"article:modified_time\" content=\"2024-01-03T13:43:35+00:00\" \/>\n<meta property=\"og:image\" content=\"https:\/\/www.istegroup.com\/wp-content\/uploads\/2019\/12\/Territorialisation-de-l\u2019\u00e9ducation.jpg\" \/>\n\t<meta property=\"og:image:width\" content=\"300\" \/>\n\t<meta property=\"og:image:height\" content=\"452\" \/>\n\t<meta property=\"og:image:type\" content=\"image\/jpeg\" \/>\n<meta name=\"twitter:card\" content=\"summary_large_image\" \/>\n<meta name=\"twitter:label1\" content=\"Est. reading time\" \/>\n\t<meta name=\"twitter:data1\" content=\"1 minute\" \/>\n<script type=\"application\/ld+json\" class=\"yoast-schema-graph\">{\"@context\":\"https:\/\/schema.org\",\"@graph\":[{\"@type\":\"WebPage\",\"@id\":\"https:\/\/www.istegroup.com\/fr\/produit\/territorialisation-de-leducation\/\",\"url\":\"https:\/\/www.istegroup.com\/fr\/produit\/territorialisation-de-leducation\/\",\"name\":\"Territorialisation de l\u2019\u00e9ducation - ISTE Group\",\"isPartOf\":{\"@id\":\"https:\/\/www.istegroup.com\/#website\"},\"primaryImageOfPage\":{\"@id\":\"https:\/\/www.istegroup.com\/fr\/produit\/territorialisation-de-leducation\/#primaryimage\"},\"image\":{\"@id\":\"https:\/\/www.istegroup.com\/fr\/produit\/territorialisation-de-leducation\/#primaryimage\"},\"thumbnailUrl\":\"https:\/\/www.istegroup.com\/wp-content\/uploads\/2019\/12\/Territorialisation-de-l\u2019\u00e9ducation.jpg\",\"datePublished\":\"2020-05-09T08:22:41+00:00\",\"dateModified\":\"2024-01-03T13:43:35+00:00\",\"description\":\"Territorialisation de l\u2019\u00e9ducation revisite de fa\u00e7on in\u00e9dite et novatrice les nombreuses interactions qui se sont progressivement d\u00e9velopp\u00e9es au fil de l\u2019histoire r\u00e9cente, comme plus ancienne, entre territoires-territorialit\u00e9s d\u2019une part et \u00e9coles-\u00e9ducations d\u2019autre part.\",\"breadcrumb\":{\"@id\":\"https:\/\/www.istegroup.com\/fr\/produit\/territorialisation-de-leducation\/#breadcrumb\"},\"inLanguage\":\"en-US\",\"potentialAction\":[{\"@type\":\"ReadAction\",\"target\":[\"https:\/\/www.istegroup.com\/fr\/produit\/territorialisation-de-leducation\/\"]}]},{\"@type\":\"ImageObject\",\"inLanguage\":\"en-US\",\"@id\":\"https:\/\/www.istegroup.com\/fr\/produit\/territorialisation-de-leducation\/#primaryimage\",\"url\":\"https:\/\/www.istegroup.com\/wp-content\/uploads\/2019\/12\/Territorialisation-de-l\u2019\u00e9ducation.jpg\",\"contentUrl\":\"https:\/\/www.istegroup.com\/wp-content\/uploads\/2019\/12\/Territorialisation-de-l\u2019\u00e9ducation.jpg\",\"width\":300,\"height\":452,\"caption\":\"Tendance ou n\u00e9cessit\u00e9\"},{\"@type\":\"BreadcrumbList\",\"@id\":\"https:\/\/www.istegroup.com\/fr\/produit\/territorialisation-de-leducation\/#breadcrumb\",\"itemListElement\":[{\"@type\":\"ListItem\",\"position\":1,\"name\":\"Home\",\"item\":\"https:\/\/www.istegroup.com\/\"},{\"@type\":\"ListItem\",\"position\":2,\"name\":\"Shop\",\"item\":\"https:\/\/www.istegroup.com\/fr\/nouveautes\/\"},{\"@type\":\"ListItem\",\"position\":3,\"name\":\"Territorialisation de l\u2019\u00e9ducation\"}]},{\"@type\":\"WebSite\",\"@id\":\"https:\/\/www.istegroup.com\/#website\",\"url\":\"https:\/\/www.istegroup.com\/\",\"name\":\"ISTE Group\",\"description\":\"Publishing Knowledge\",\"potentialAction\":[{\"@type\":\"SearchAction\",\"target\":{\"@type\":\"EntryPoint\",\"urlTemplate\":\"https:\/\/www.istegroup.com\/?s={search_term_string}\"},\"query-input\":{\"@type\":\"PropertyValueSpecification\",\"valueRequired\":true,\"valueName\":\"search_term_string\"}}],\"inLanguage\":\"en-US\"}]}<\/script>\n<!-- \/ Yoast SEO plugin. -->","yoast_head_json":{"title":"Territorialisation de l\u2019\u00e9ducation - ISTE Group","description":"Territorialisation de l\u2019\u00e9ducation revisite de fa\u00e7on in\u00e9dite et novatrice les nombreuses interactions qui se sont progressivement d\u00e9velopp\u00e9es au fil de l\u2019histoire r\u00e9cente, comme plus ancienne, entre territoires-territorialit\u00e9s d\u2019une part et \u00e9coles-\u00e9ducations d\u2019autre part.","robots":{"index":"index","follow":"follow","max-snippet":"max-snippet:-1","max-image-preview":"max-image-preview:large","max-video-preview":"max-video-preview:-1"},"canonical":"https:\/\/www.istegroup.com\/fr\/produit\/territorialisation-de-leducation\/","og_locale":"en_US","og_type":"article","og_title":"Territorialisation de l\u2019\u00e9ducation - ISTE Group","og_description":"Territorialisation de l\u2019\u00e9ducation revisite de fa\u00e7on in\u00e9dite et novatrice les nombreuses interactions qui se sont progressivement d\u00e9velopp\u00e9es au fil de l\u2019histoire r\u00e9cente, comme plus ancienne, entre territoires-territorialit\u00e9s d\u2019une part et \u00e9coles-\u00e9ducations d\u2019autre part.","og_url":"https:\/\/www.istegroup.com\/fr\/produit\/territorialisation-de-leducation\/","og_site_name":"ISTE Group","article_modified_time":"2024-01-03T13:43:35+00:00","og_image":[{"width":300,"height":452,"url":"https:\/\/www.istegroup.com\/wp-content\/uploads\/2019\/12\/Territorialisation-de-l\u2019\u00e9ducation.jpg","type":"image\/jpeg"}],"twitter_card":"summary_large_image","twitter_misc":{"Est. reading time":"1 minute"},"schema":{"@context":"https:\/\/schema.org","@graph":[{"@type":"WebPage","@id":"https:\/\/www.istegroup.com\/fr\/produit\/territorialisation-de-leducation\/","url":"https:\/\/www.istegroup.com\/fr\/produit\/territorialisation-de-leducation\/","name":"Territorialisation de l\u2019\u00e9ducation - ISTE Group","isPartOf":{"@id":"https:\/\/www.istegroup.com\/#website"},"primaryImageOfPage":{"@id":"https:\/\/www.istegroup.com\/fr\/produit\/territorialisation-de-leducation\/#primaryimage"},"image":{"@id":"https:\/\/www.istegroup.com\/fr\/produit\/territorialisation-de-leducation\/#primaryimage"},"thumbnailUrl":"https:\/\/www.istegroup.com\/wp-content\/uploads\/2019\/12\/Territorialisation-de-l\u2019\u00e9ducation.jpg","datePublished":"2020-05-09T08:22:41+00:00","dateModified":"2024-01-03T13:43:35+00:00","description":"Territorialisation de l\u2019\u00e9ducation revisite de fa\u00e7on in\u00e9dite et novatrice les nombreuses interactions qui se sont progressivement d\u00e9velopp\u00e9es au fil de l\u2019histoire r\u00e9cente, comme plus ancienne, entre territoires-territorialit\u00e9s d\u2019une part et \u00e9coles-\u00e9ducations d\u2019autre part.","breadcrumb":{"@id":"https:\/\/www.istegroup.com\/fr\/produit\/territorialisation-de-leducation\/#breadcrumb"},"inLanguage":"en-US","potentialAction":[{"@type":"ReadAction","target":["https:\/\/www.istegroup.com\/fr\/produit\/territorialisation-de-leducation\/"]}]},{"@type":"ImageObject","inLanguage":"en-US","@id":"https:\/\/www.istegroup.com\/fr\/produit\/territorialisation-de-leducation\/#primaryimage","url":"https:\/\/www.istegroup.com\/wp-content\/uploads\/2019\/12\/Territorialisation-de-l\u2019\u00e9ducation.jpg","contentUrl":"https:\/\/www.istegroup.com\/wp-content\/uploads\/2019\/12\/Territorialisation-de-l\u2019\u00e9ducation.jpg","width":300,"height":452,"caption":"Tendance ou n\u00e9cessit\u00e9"},{"@type":"BreadcrumbList","@id":"https:\/\/www.istegroup.com\/fr\/produit\/territorialisation-de-leducation\/#breadcrumb","itemListElement":[{"@type":"ListItem","position":1,"name":"Home","item":"https:\/\/www.istegroup.com\/"},{"@type":"ListItem","position":2,"name":"Shop","item":"https:\/\/www.istegroup.com\/fr\/nouveautes\/"},{"@type":"ListItem","position":3,"name":"Territorialisation de l\u2019\u00e9ducation"}]},{"@type":"WebSite","@id":"https:\/\/www.istegroup.com\/#website","url":"https:\/\/www.istegroup.com\/","name":"ISTE Group","description":"Publishing Knowledge","potentialAction":[{"@type":"SearchAction","target":{"@type":"EntryPoint","urlTemplate":"https:\/\/www.istegroup.com\/?s={search_term_string}"},"query-input":{"@type":"PropertyValueSpecification","valueRequired":true,"valueName":"search_term_string"}}],"inLanguage":"en-US"}]}},"_links":{"self":[{"href":"https:\/\/www.istegroup.com\/en\/wp-json\/wp\/v2\/product\/24341","targetHints":{"allow":["GET"]}}],"collection":[{"href":"https:\/\/www.istegroup.com\/en\/wp-json\/wp\/v2\/product"}],"about":[{"href":"https:\/\/www.istegroup.com\/en\/wp-json\/wp\/v2\/types\/product"}],"wp:featuredmedia":[{"embeddable":true,"href":"https:\/\/www.istegroup.com\/en\/wp-json\/wp\/v2\/media\/24346"}],"wp:attachment":[{"href":"https:\/\/www.istegroup.com\/en\/wp-json\/wp\/v2\/media?parent=24341"}],"wp:term":[{"taxonomy":"product_brand","embeddable":true,"href":"https:\/\/www.istegroup.com\/en\/wp-json\/wp\/v2\/product_brand?post=24341"},{"taxonomy":"product_cat","embeddable":true,"href":"https:\/\/www.istegroup.com\/en\/wp-json\/wp\/v2\/product_cat?post=24341"},{"taxonomy":"product_tag","embeddable":true,"href":"https:\/\/www.istegroup.com\/en\/wp-json\/wp\/v2\/product_tag?post=24341"}],"curies":[{"name":"wp","href":"https:\/\/api.w.org\/{rel}","templated":true}]}}