{"id":24071,"date":"2022-11-14T12:04:59","date_gmt":"2022-11-14T12:04:59","guid":{"rendered":"https:\/\/www.istegroup.com\/?post_type=product&#038;p=24071"},"modified":"2025-01-03T11:55:14","modified_gmt":"2025-01-03T11:55:14","slug":"le-developpement-des-aciers-a-tres-haute-resistance","status":"publish","type":"product","link":"https:\/\/www.istegroup.com\/en\/produit\/le-developpement-des-aciers-a-tres-haute-resistance\/","title":{"rendered":"Le d\u00e9veloppement des aciers \u00e0 tr\u00e8s haute r\u00e9sistance"},"content":{"rendered":"<p class=\"qtranxs-available-languages-message qtranxs-available-languages-message-en\">Sorry, this entry is only available in <a href=\"https:\/\/www.istegroup.com\/fr\/wp-json\/wp\/v2\/product\/24071\" class=\"qtranxs-available-language-link qtranxs-available-language-link-fr\" title=\"FR\">FR<\/a>.<\/p>","protected":false},"excerpt":{"rendered":"<p>Sorry, this entry is only available in FR.<\/p>\n","protected":false},"featured_media":48933,"template":"","meta":{"_acf_changed":false,"_links_to":"","_links_to_target":""},"product_brand":[],"product_cat":[4289],"product_tag":[],"class_list":{"0":"post-24071","1":"product","2":"type-product","3":"status-publish","4":"has-post-thumbnail","6":"product_cat-sciences","8":"first","9":"instock","10":"shipping-taxable","11":"purchasable","12":"product-type-variable"},"acf":[],"yoast_head":"<!-- This site is optimized with the Yoast SEO plugin v27.2 - https:\/\/yoast.com\/product\/yoast-seo-wordpress\/ -->\n<title>Le d\u00e9veloppement des aciers \u00e0 tr\u00e8s haute r\u00e9sistance - ISTE Group<\/title>\n<meta name=\"description\" content=\"Le d\u00e9veloppement des aciers \u00e0 tr\u00e8s haute r\u00e9sistance analyse les interactions entre les propri\u00e9t\u00e9s m\u00e9caniques en traction et les propri\u00e9t\u00e9s tels que l\u2019\u00e9crouissage, l\u2019anisotropie, la tenue en service, la tenue en fatigue, la r\u00e9sistance \u00e0 la corrosion, la r\u00e9sistance au crash, la tenue en bords, la tenue \u00e0 l\u2019hydrog\u00e8ne ou la soudabilit\u00e9.\" \/>\n<meta name=\"robots\" content=\"index, follow, max-snippet:-1, max-image-preview:large, max-video-preview:-1\" \/>\n<link rel=\"canonical\" href=\"https:\/\/www.istegroup.com\/en\/produit\/le-developpement-des-aciers-a-tres-haute-resistance\/\" \/>\n<meta property=\"og:locale\" content=\"en_US\" \/>\n<meta property=\"og:type\" content=\"article\" \/>\n<meta property=\"og:title\" content=\"Le d\u00e9veloppement des aciers \u00e0 tr\u00e8s haute r\u00e9sistance - ISTE Group\" \/>\n<meta property=\"og:description\" content=\"Le d\u00e9veloppement des aciers \u00e0 tr\u00e8s haute r\u00e9sistance analyse les interactions entre les propri\u00e9t\u00e9s m\u00e9caniques en traction et les propri\u00e9t\u00e9s tels que l\u2019\u00e9crouissage, l\u2019anisotropie, la tenue en service, la tenue en fatigue, la r\u00e9sistance \u00e0 la corrosion, la r\u00e9sistance au crash, la tenue en bords, la tenue \u00e0 l\u2019hydrog\u00e8ne ou la soudabilit\u00e9.\" \/>\n<meta property=\"og:url\" content=\"https:\/\/www.istegroup.com\/en\/produit\/le-developpement-des-aciers-a-tres-haute-resistance\/\" \/>\n<meta property=\"og:site_name\" content=\"ISTE Group\" \/>\n<meta property=\"article:modified_time\" content=\"2025-01-03T11:55:14+00:00\" \/>\n<meta property=\"og:image\" content=\"https:\/\/www.istegroup.com\/wp-content\/uploads\/2022\/11\/Goune-couv.png\" \/>\n\t<meta property=\"og:image:width\" content=\"300\" \/>\n\t<meta property=\"og:image:height\" content=\"450\" \/>\n\t<meta property=\"og:image:type\" content=\"image\/png\" \/>\n<meta name=\"twitter:card\" content=\"summary_large_image\" \/>\n<meta name=\"twitter:label1\" content=\"Est. reading time\" \/>\n\t<meta name=\"twitter:data1\" content=\"1 minute\" \/>\n<script type=\"application\/ld+json\" class=\"yoast-schema-graph\">{\"@context\":\"https:\/\/schema.org\",\"@graph\":[{\"@type\":\"WebPage\",\"@id\":\"https:\/\/www.istegroup.com\/en\/produit\/le-developpement-des-aciers-a-tres-haute-resistance\/\",\"url\":\"https:\/\/www.istegroup.com\/en\/produit\/le-developpement-des-aciers-a-tres-haute-resistance\/\",\"name\":\"Le d\u00e9veloppement des aciers \u00e0 tr\u00e8s haute r\u00e9sistance - ISTE Group\",\"isPartOf\":{\"@id\":\"https:\/\/www.istegroup.com\/#website\"},\"primaryImageOfPage\":{\"@id\":\"https:\/\/www.istegroup.com\/en\/produit\/le-developpement-des-aciers-a-tres-haute-resistance\/#primaryimage\"},\"image\":{\"@id\":\"https:\/\/www.istegroup.com\/en\/produit\/le-developpement-des-aciers-a-tres-haute-resistance\/#primaryimage\"},\"thumbnailUrl\":\"https:\/\/www.istegroup.com\/wp-content\/uploads\/2022\/11\/Goune-couv.png\",\"datePublished\":\"2022-11-14T12:04:59+00:00\",\"dateModified\":\"2025-01-03T11:55:14+00:00\",\"description\":\"Le d\u00e9veloppement des aciers \u00e0 tr\u00e8s haute r\u00e9sistance analyse les interactions entre les propri\u00e9t\u00e9s m\u00e9caniques en traction et les propri\u00e9t\u00e9s tels que l\u2019\u00e9crouissage, l\u2019anisotropie, la tenue en service, la tenue en fatigue, la r\u00e9sistance \u00e0 la corrosion, la r\u00e9sistance au crash, la tenue en bords, la tenue \u00e0 l\u2019hydrog\u00e8ne ou la soudabilit\u00e9.\",\"breadcrumb\":{\"@id\":\"https:\/\/www.istegroup.com\/en\/produit\/le-developpement-des-aciers-a-tres-haute-resistance\/#breadcrumb\"},\"inLanguage\":\"en-US\",\"potentialAction\":[{\"@type\":\"ReadAction\",\"target\":[\"https:\/\/www.istegroup.com\/en\/produit\/le-developpement-des-aciers-a-tres-haute-resistance\/\"]}]},{\"@type\":\"ImageObject\",\"inLanguage\":\"en-US\",\"@id\":\"https:\/\/www.istegroup.com\/en\/produit\/le-developpement-des-aciers-a-tres-haute-resistance\/#primaryimage\",\"url\":\"https:\/\/www.istegroup.com\/wp-content\/uploads\/2022\/11\/Goune-couv.png\",\"contentUrl\":\"https:\/\/www.istegroup.com\/wp-content\/uploads\/2022\/11\/Goune-couv.png\",\"width\":300,\"height\":450,\"caption\":\"Livre scientifique - Le d\u00e9veloppement des aciers \u00e0 tr\u00e8s haute r\u00e9sistance - Encyclop\u00e9die SCIENCES\"},{\"@type\":\"BreadcrumbList\",\"@id\":\"https:\/\/www.istegroup.com\/en\/produit\/le-developpement-des-aciers-a-tres-haute-resistance\/#breadcrumb\",\"itemListElement\":[{\"@type\":\"ListItem\",\"position\":1,\"name\":\"Home\",\"item\":\"https:\/\/www.istegroup.com\/\"},{\"@type\":\"ListItem\",\"position\":2,\"name\":\"Shop\",\"item\":\"https:\/\/www.istegroup.com\/fr\/nouveautes\/\"},{\"@type\":\"ListItem\",\"position\":3,\"name\":\"Le d\u00e9veloppement des aciers \u00e0 tr\u00e8s haute r\u00e9sistance\"}]},{\"@type\":\"WebSite\",\"@id\":\"https:\/\/www.istegroup.com\/#website\",\"url\":\"https:\/\/www.istegroup.com\/\",\"name\":\"ISTE Group\",\"description\":\"Publishing Knowledge\",\"potentialAction\":[{\"@type\":\"SearchAction\",\"target\":{\"@type\":\"EntryPoint\",\"urlTemplate\":\"https:\/\/www.istegroup.com\/?s={search_term_string}\"},\"query-input\":{\"@type\":\"PropertyValueSpecification\",\"valueRequired\":true,\"valueName\":\"search_term_string\"}}],\"inLanguage\":\"en-US\"}]}<\/script>\n<!-- \/ Yoast SEO plugin. -->","yoast_head_json":{"title":"Le d\u00e9veloppement des aciers \u00e0 tr\u00e8s haute r\u00e9sistance - ISTE Group","description":"Le d\u00e9veloppement des aciers \u00e0 tr\u00e8s haute r\u00e9sistance analyse les interactions entre les propri\u00e9t\u00e9s m\u00e9caniques en traction et les propri\u00e9t\u00e9s tels que l\u2019\u00e9crouissage, l\u2019anisotropie, la tenue en service, la tenue en fatigue, la r\u00e9sistance \u00e0 la corrosion, la r\u00e9sistance au crash, la tenue en bords, la tenue \u00e0 l\u2019hydrog\u00e8ne ou la soudabilit\u00e9.","robots":{"index":"index","follow":"follow","max-snippet":"max-snippet:-1","max-image-preview":"max-image-preview:large","max-video-preview":"max-video-preview:-1"},"canonical":"https:\/\/www.istegroup.com\/en\/produit\/le-developpement-des-aciers-a-tres-haute-resistance\/","og_locale":"en_US","og_type":"article","og_title":"Le d\u00e9veloppement des aciers \u00e0 tr\u00e8s haute r\u00e9sistance - ISTE Group","og_description":"Le d\u00e9veloppement des aciers \u00e0 tr\u00e8s haute r\u00e9sistance analyse les interactions entre les propri\u00e9t\u00e9s m\u00e9caniques en traction et les propri\u00e9t\u00e9s tels que l\u2019\u00e9crouissage, l\u2019anisotropie, la tenue en service, la tenue en fatigue, la r\u00e9sistance \u00e0 la corrosion, la r\u00e9sistance au crash, la tenue en bords, la tenue \u00e0 l\u2019hydrog\u00e8ne ou la soudabilit\u00e9.","og_url":"https:\/\/www.istegroup.com\/en\/produit\/le-developpement-des-aciers-a-tres-haute-resistance\/","og_site_name":"ISTE Group","article_modified_time":"2025-01-03T11:55:14+00:00","og_image":[{"width":300,"height":450,"url":"https:\/\/www.istegroup.com\/wp-content\/uploads\/2022\/11\/Goune-couv.png","type":"image\/png"}],"twitter_card":"summary_large_image","twitter_misc":{"Est. reading time":"1 minute"},"schema":{"@context":"https:\/\/schema.org","@graph":[{"@type":"WebPage","@id":"https:\/\/www.istegroup.com\/en\/produit\/le-developpement-des-aciers-a-tres-haute-resistance\/","url":"https:\/\/www.istegroup.com\/en\/produit\/le-developpement-des-aciers-a-tres-haute-resistance\/","name":"Le d\u00e9veloppement des aciers \u00e0 tr\u00e8s haute r\u00e9sistance - ISTE Group","isPartOf":{"@id":"https:\/\/www.istegroup.com\/#website"},"primaryImageOfPage":{"@id":"https:\/\/www.istegroup.com\/en\/produit\/le-developpement-des-aciers-a-tres-haute-resistance\/#primaryimage"},"image":{"@id":"https:\/\/www.istegroup.com\/en\/produit\/le-developpement-des-aciers-a-tres-haute-resistance\/#primaryimage"},"thumbnailUrl":"https:\/\/www.istegroup.com\/wp-content\/uploads\/2022\/11\/Goune-couv.png","datePublished":"2022-11-14T12:04:59+00:00","dateModified":"2025-01-03T11:55:14+00:00","description":"Le d\u00e9veloppement des aciers \u00e0 tr\u00e8s haute r\u00e9sistance analyse les interactions entre les propri\u00e9t\u00e9s m\u00e9caniques en traction et les propri\u00e9t\u00e9s tels que l\u2019\u00e9crouissage, l\u2019anisotropie, la tenue en service, la tenue en fatigue, la r\u00e9sistance \u00e0 la corrosion, la r\u00e9sistance au crash, la tenue en bords, la tenue \u00e0 l\u2019hydrog\u00e8ne ou la soudabilit\u00e9.","breadcrumb":{"@id":"https:\/\/www.istegroup.com\/en\/produit\/le-developpement-des-aciers-a-tres-haute-resistance\/#breadcrumb"},"inLanguage":"en-US","potentialAction":[{"@type":"ReadAction","target":["https:\/\/www.istegroup.com\/en\/produit\/le-developpement-des-aciers-a-tres-haute-resistance\/"]}]},{"@type":"ImageObject","inLanguage":"en-US","@id":"https:\/\/www.istegroup.com\/en\/produit\/le-developpement-des-aciers-a-tres-haute-resistance\/#primaryimage","url":"https:\/\/www.istegroup.com\/wp-content\/uploads\/2022\/11\/Goune-couv.png","contentUrl":"https:\/\/www.istegroup.com\/wp-content\/uploads\/2022\/11\/Goune-couv.png","width":300,"height":450,"caption":"Livre scientifique - Le d\u00e9veloppement des aciers \u00e0 tr\u00e8s haute r\u00e9sistance - Encyclop\u00e9die SCIENCES"},{"@type":"BreadcrumbList","@id":"https:\/\/www.istegroup.com\/en\/produit\/le-developpement-des-aciers-a-tres-haute-resistance\/#breadcrumb","itemListElement":[{"@type":"ListItem","position":1,"name":"Home","item":"https:\/\/www.istegroup.com\/"},{"@type":"ListItem","position":2,"name":"Shop","item":"https:\/\/www.istegroup.com\/fr\/nouveautes\/"},{"@type":"ListItem","position":3,"name":"Le d\u00e9veloppement des aciers \u00e0 tr\u00e8s haute r\u00e9sistance"}]},{"@type":"WebSite","@id":"https:\/\/www.istegroup.com\/#website","url":"https:\/\/www.istegroup.com\/","name":"ISTE Group","description":"Publishing Knowledge","potentialAction":[{"@type":"SearchAction","target":{"@type":"EntryPoint","urlTemplate":"https:\/\/www.istegroup.com\/?s={search_term_string}"},"query-input":{"@type":"PropertyValueSpecification","valueRequired":true,"valueName":"search_term_string"}}],"inLanguage":"en-US"}]}},"_links":{"self":[{"href":"https:\/\/www.istegroup.com\/en\/wp-json\/wp\/v2\/product\/24071","targetHints":{"allow":["GET"]}}],"collection":[{"href":"https:\/\/www.istegroup.com\/en\/wp-json\/wp\/v2\/product"}],"about":[{"href":"https:\/\/www.istegroup.com\/en\/wp-json\/wp\/v2\/types\/product"}],"wp:featuredmedia":[{"embeddable":true,"href":"https:\/\/www.istegroup.com\/en\/wp-json\/wp\/v2\/media\/48933"}],"wp:attachment":[{"href":"https:\/\/www.istegroup.com\/en\/wp-json\/wp\/v2\/media?parent=24071"}],"wp:term":[{"taxonomy":"product_brand","embeddable":true,"href":"https:\/\/www.istegroup.com\/en\/wp-json\/wp\/v2\/product_brand?post=24071"},{"taxonomy":"product_cat","embeddable":true,"href":"https:\/\/www.istegroup.com\/en\/wp-json\/wp\/v2\/product_cat?post=24071"},{"taxonomy":"product_tag","embeddable":true,"href":"https:\/\/www.istegroup.com\/en\/wp-json\/wp\/v2\/product_tag?post=24071"}],"curies":[{"name":"wp","href":"https:\/\/api.w.org\/{rel}","templated":true}]}}