{"id":24062,"date":"2021-06-19T10:59:21","date_gmt":"2021-06-19T09:59:21","guid":{"rendered":"https:\/\/www.istegroup.com\/?post_type=product&#038;p=24062"},"modified":"2025-01-03T12:16:12","modified_gmt":"2025-01-03T12:16:12","slug":"oncogenetique-constitutionnelle","status":"publish","type":"product","link":"https:\/\/www.istegroup.com\/en\/produit\/oncogenetique-constitutionnelle\/","title":{"rendered":"L&#8217;oncog\u00e9n\u00e9tique constitutionnelle"},"content":{"rendered":"<p>\u00c0 l\u2019\u00e8re de la g\u00e9nomique, l\u2019oncog\u00e9n\u00e9tique est une discipline en plein essor. Elle est d\u00e9finie comme la prise en charge des familles o\u00f9 l\u2019on suspecte un risque h\u00e9r\u00e9ditaire de cancers. Cette discipline relativement nouvelle s\u2019inscrit dans le cadre d\u2019une m\u00e9decine moderne qui se veut pr\u00e9dictive et pr\u00e9ventive.<\/p>\n<p><em>L\u2019oncog\u00e9n\u00e9tique constitutionnelle<\/em> donne une description pr\u00e9cise de la majorit\u00e9 des syndromes de pr\u00e9dispositions aux cancers. La premi\u00e8re partie examine les syndromes les plus fr\u00e9quents dans la majorit\u00e9 des populations mondiales, parmi lesquels figurent le syndrome du cancer du sein et de l\u2019ovaire h\u00e9r\u00e9ditaire ainsi que le syndrome de Lynch. La seconde partie introduit les syndromes infracent\u00e9simaux, qui sont moins fr\u00e9quents, tels que le syndrome de Bloom et la maladie de Fanconi.<\/p>\n<p>Cet ouvrage s\u2019adresse aux praticiens oncog\u00e9n\u00e9ticiens et autres sp\u00e9cialistes, ainsi qu\u2019aux \u00e9tudiants en m\u00e9decine.<\/p>\n<p>L&#8217;application OS\/Android &#8220;Dictionnaire constitutionnel d&#8217;oncog\u00e9n\u00e9tique&#8221; qui accompagne le livre est disponible sur le lien suivant :<\/p>\n<p><a href=\"http:\/\/genetiquefondamentale.unblog.fr\/2021\/10\/29\/cod-constitutional-oncogenetics-dictionary-an-application-on-osandroid-environment\/\">http:\/\/genetiquefondamentale.unblog.fr\/2021\/10\/29\/cod-constitutional-oncogenetics-dictionary-an-application-on-osandroid-environment\/<\/a><\/p>\n<p>&nbsp;<\/p>","protected":false},"excerpt":{"rendered":"<p>\u00c0 l\u2019\u00e8re de la g\u00e9nomique, l\u2019oncog\u00e9n\u00e9tique est une discipline en plein essor. Elle est d\u00e9finie comme la prise en charge des familles o\u00f9 l\u2019on suspecte un risque h\u00e9r\u00e9ditaire de cancers. Cette discipline relativement nouvelle s\u2019inscrit dans le cadre d\u2019une m\u00e9decine moderne qui se veut pr\u00e9dictive et pr\u00e9ventive. L\u2019oncog\u00e9n\u00e9tique constitutionnelle donne une description pr\u00e9cise de la [&hellip;]<\/p>\n","protected":false},"featured_media":38020,"template":"","meta":{"_acf_changed":false,"_links_to":"","_links_to_target":""},"product_brand":[],"product_cat":[4289],"product_tag":[],"class_list":{"0":"post-24062","1":"product","2":"type-product","3":"status-publish","4":"has-post-thumbnail","6":"product_cat-sciences","8":"first","9":"instock","10":"shipping-taxable","11":"purchasable","12":"product-type-variable"},"acf":[],"yoast_head":"<!-- This site is optimized with the Yoast SEO plugin v27.2 - https:\/\/yoast.com\/product\/yoast-seo-wordpress\/ -->\n<title>L&#039;oncog\u00e9n\u00e9tique constitutionnelle - ISTE Group<\/title>\n<meta name=\"description\" content=\"L\u2019oncog\u00e9n\u00e9tique constitutionnelle donne une description pr\u00e9cise de la majorit\u00e9 des syndromes de pr\u00e9dispositions aux cancers.\" \/>\n<meta name=\"robots\" content=\"index, follow, max-snippet:-1, max-image-preview:large, max-video-preview:-1\" \/>\n<link rel=\"canonical\" href=\"https:\/\/www.istegroup.com\/fr\/produit\/oncogenetique-constitutionnelle\/\" \/>\n<meta property=\"og:locale\" content=\"en_US\" \/>\n<meta property=\"og:type\" content=\"article\" \/>\n<meta property=\"og:title\" content=\"L&#039;oncog\u00e9n\u00e9tique constitutionnelle - ISTE Group\" \/>\n<meta property=\"og:description\" content=\"L\u2019oncog\u00e9n\u00e9tique constitutionnelle donne une description pr\u00e9cise de la majorit\u00e9 des syndromes de pr\u00e9dispositions aux cancers.\" \/>\n<meta property=\"og:url\" content=\"https:\/\/www.istegroup.com\/fr\/produit\/oncogenetique-constitutionnelle\/\" \/>\n<meta property=\"og:site_name\" content=\"ISTE Group\" \/>\n<meta property=\"article:modified_time\" content=\"2025-01-03T12:16:12+00:00\" \/>\n<meta property=\"og:image\" content=\"https:\/\/www.istegroup.com\/wp-content\/uploads\/2020\/12\/Loncogenetique-constitutionnelle_sciences_couverture.jpeg\" \/>\n\t<meta property=\"og:image:width\" content=\"300\" \/>\n\t<meta property=\"og:image:height\" content=\"453\" \/>\n\t<meta property=\"og:image:type\" content=\"image\/jpeg\" \/>\n<meta name=\"twitter:card\" content=\"summary_large_image\" \/>\n<meta name=\"twitter:label1\" content=\"Est. reading time\" \/>\n\t<meta name=\"twitter:data1\" content=\"2 minutes\" \/>\n<script type=\"application\/ld+json\" class=\"yoast-schema-graph\">{\"@context\":\"https:\/\/schema.org\",\"@graph\":[{\"@type\":\"WebPage\",\"@id\":\"https:\/\/www.istegroup.com\/fr\/produit\/oncogenetique-constitutionnelle\/\",\"url\":\"https:\/\/www.istegroup.com\/fr\/produit\/oncogenetique-constitutionnelle\/\",\"name\":\"L'oncog\u00e9n\u00e9tique constitutionnelle - ISTE Group\",\"isPartOf\":{\"@id\":\"https:\/\/www.istegroup.com\/#website\"},\"primaryImageOfPage\":{\"@id\":\"https:\/\/www.istegroup.com\/fr\/produit\/oncogenetique-constitutionnelle\/#primaryimage\"},\"image\":{\"@id\":\"https:\/\/www.istegroup.com\/fr\/produit\/oncogenetique-constitutionnelle\/#primaryimage\"},\"thumbnailUrl\":\"https:\/\/www.istegroup.com\/wp-content\/uploads\/2020\/12\/Loncogenetique-constitutionnelle_sciences_couverture.jpeg\",\"datePublished\":\"2021-06-19T09:59:21+00:00\",\"dateModified\":\"2025-01-03T12:16:12+00:00\",\"description\":\"L\u2019oncog\u00e9n\u00e9tique constitutionnelle donne une description pr\u00e9cise de la majorit\u00e9 des syndromes de pr\u00e9dispositions aux cancers.\",\"breadcrumb\":{\"@id\":\"https:\/\/www.istegroup.com\/fr\/produit\/oncogenetique-constitutionnelle\/#breadcrumb\"},\"inLanguage\":\"en-US\",\"potentialAction\":[{\"@type\":\"ReadAction\",\"target\":[\"https:\/\/www.istegroup.com\/fr\/produit\/oncogenetique-constitutionnelle\/\"]}]},{\"@type\":\"ImageObject\",\"inLanguage\":\"en-US\",\"@id\":\"https:\/\/www.istegroup.com\/fr\/produit\/oncogenetique-constitutionnelle\/#primaryimage\",\"url\":\"https:\/\/www.istegroup.com\/wp-content\/uploads\/2020\/12\/Loncogenetique-constitutionnelle_sciences_couverture.jpeg\",\"contentUrl\":\"https:\/\/www.istegroup.com\/wp-content\/uploads\/2020\/12\/Loncogenetique-constitutionnelle_sciences_couverture.jpeg\",\"width\":300,\"height\":453,\"caption\":\"Encyclop\u00e9die SCIENCES\"},{\"@type\":\"BreadcrumbList\",\"@id\":\"https:\/\/www.istegroup.com\/fr\/produit\/oncogenetique-constitutionnelle\/#breadcrumb\",\"itemListElement\":[{\"@type\":\"ListItem\",\"position\":1,\"name\":\"Home\",\"item\":\"https:\/\/www.istegroup.com\/\"},{\"@type\":\"ListItem\",\"position\":2,\"name\":\"Shop\",\"item\":\"https:\/\/www.istegroup.com\/fr\/nouveautes\/\"},{\"@type\":\"ListItem\",\"position\":3,\"name\":\"L&rsquo;oncog\u00e9n\u00e9tique constitutionnelle\"}]},{\"@type\":\"WebSite\",\"@id\":\"https:\/\/www.istegroup.com\/#website\",\"url\":\"https:\/\/www.istegroup.com\/\",\"name\":\"ISTE Group\",\"description\":\"Publishing Knowledge\",\"potentialAction\":[{\"@type\":\"SearchAction\",\"target\":{\"@type\":\"EntryPoint\",\"urlTemplate\":\"https:\/\/www.istegroup.com\/?s={search_term_string}\"},\"query-input\":{\"@type\":\"PropertyValueSpecification\",\"valueRequired\":true,\"valueName\":\"search_term_string\"}}],\"inLanguage\":\"en-US\"}]}<\/script>\n<!-- \/ Yoast SEO plugin. -->","yoast_head_json":{"title":"L'oncog\u00e9n\u00e9tique constitutionnelle - ISTE Group","description":"L\u2019oncog\u00e9n\u00e9tique constitutionnelle donne une description pr\u00e9cise de la majorit\u00e9 des syndromes de pr\u00e9dispositions aux cancers.","robots":{"index":"index","follow":"follow","max-snippet":"max-snippet:-1","max-image-preview":"max-image-preview:large","max-video-preview":"max-video-preview:-1"},"canonical":"https:\/\/www.istegroup.com\/fr\/produit\/oncogenetique-constitutionnelle\/","og_locale":"en_US","og_type":"article","og_title":"L'oncog\u00e9n\u00e9tique constitutionnelle - ISTE Group","og_description":"L\u2019oncog\u00e9n\u00e9tique constitutionnelle donne une description pr\u00e9cise de la majorit\u00e9 des syndromes de pr\u00e9dispositions aux cancers.","og_url":"https:\/\/www.istegroup.com\/fr\/produit\/oncogenetique-constitutionnelle\/","og_site_name":"ISTE Group","article_modified_time":"2025-01-03T12:16:12+00:00","og_image":[{"width":300,"height":453,"url":"https:\/\/www.istegroup.com\/wp-content\/uploads\/2020\/12\/Loncogenetique-constitutionnelle_sciences_couverture.jpeg","type":"image\/jpeg"}],"twitter_card":"summary_large_image","twitter_misc":{"Est. reading time":"2 minutes"},"schema":{"@context":"https:\/\/schema.org","@graph":[{"@type":"WebPage","@id":"https:\/\/www.istegroup.com\/fr\/produit\/oncogenetique-constitutionnelle\/","url":"https:\/\/www.istegroup.com\/fr\/produit\/oncogenetique-constitutionnelle\/","name":"L'oncog\u00e9n\u00e9tique constitutionnelle - ISTE Group","isPartOf":{"@id":"https:\/\/www.istegroup.com\/#website"},"primaryImageOfPage":{"@id":"https:\/\/www.istegroup.com\/fr\/produit\/oncogenetique-constitutionnelle\/#primaryimage"},"image":{"@id":"https:\/\/www.istegroup.com\/fr\/produit\/oncogenetique-constitutionnelle\/#primaryimage"},"thumbnailUrl":"https:\/\/www.istegroup.com\/wp-content\/uploads\/2020\/12\/Loncogenetique-constitutionnelle_sciences_couverture.jpeg","datePublished":"2021-06-19T09:59:21+00:00","dateModified":"2025-01-03T12:16:12+00:00","description":"L\u2019oncog\u00e9n\u00e9tique constitutionnelle donne une description pr\u00e9cise de la majorit\u00e9 des syndromes de pr\u00e9dispositions aux cancers.","breadcrumb":{"@id":"https:\/\/www.istegroup.com\/fr\/produit\/oncogenetique-constitutionnelle\/#breadcrumb"},"inLanguage":"en-US","potentialAction":[{"@type":"ReadAction","target":["https:\/\/www.istegroup.com\/fr\/produit\/oncogenetique-constitutionnelle\/"]}]},{"@type":"ImageObject","inLanguage":"en-US","@id":"https:\/\/www.istegroup.com\/fr\/produit\/oncogenetique-constitutionnelle\/#primaryimage","url":"https:\/\/www.istegroup.com\/wp-content\/uploads\/2020\/12\/Loncogenetique-constitutionnelle_sciences_couverture.jpeg","contentUrl":"https:\/\/www.istegroup.com\/wp-content\/uploads\/2020\/12\/Loncogenetique-constitutionnelle_sciences_couverture.jpeg","width":300,"height":453,"caption":"Encyclop\u00e9die SCIENCES"},{"@type":"BreadcrumbList","@id":"https:\/\/www.istegroup.com\/fr\/produit\/oncogenetique-constitutionnelle\/#breadcrumb","itemListElement":[{"@type":"ListItem","position":1,"name":"Home","item":"https:\/\/www.istegroup.com\/"},{"@type":"ListItem","position":2,"name":"Shop","item":"https:\/\/www.istegroup.com\/fr\/nouveautes\/"},{"@type":"ListItem","position":3,"name":"L&rsquo;oncog\u00e9n\u00e9tique constitutionnelle"}]},{"@type":"WebSite","@id":"https:\/\/www.istegroup.com\/#website","url":"https:\/\/www.istegroup.com\/","name":"ISTE Group","description":"Publishing Knowledge","potentialAction":[{"@type":"SearchAction","target":{"@type":"EntryPoint","urlTemplate":"https:\/\/www.istegroup.com\/?s={search_term_string}"},"query-input":{"@type":"PropertyValueSpecification","valueRequired":true,"valueName":"search_term_string"}}],"inLanguage":"en-US"}]}},"_links":{"self":[{"href":"https:\/\/www.istegroup.com\/en\/wp-json\/wp\/v2\/product\/24062","targetHints":{"allow":["GET"]}}],"collection":[{"href":"https:\/\/www.istegroup.com\/en\/wp-json\/wp\/v2\/product"}],"about":[{"href":"https:\/\/www.istegroup.com\/en\/wp-json\/wp\/v2\/types\/product"}],"wp:featuredmedia":[{"embeddable":true,"href":"https:\/\/www.istegroup.com\/en\/wp-json\/wp\/v2\/media\/38020"}],"wp:attachment":[{"href":"https:\/\/www.istegroup.com\/en\/wp-json\/wp\/v2\/media?parent=24062"}],"wp:term":[{"taxonomy":"product_brand","embeddable":true,"href":"https:\/\/www.istegroup.com\/en\/wp-json\/wp\/v2\/product_brand?post=24062"},{"taxonomy":"product_cat","embeddable":true,"href":"https:\/\/www.istegroup.com\/en\/wp-json\/wp\/v2\/product_cat?post=24062"},{"taxonomy":"product_tag","embeddable":true,"href":"https:\/\/www.istegroup.com\/en\/wp-json\/wp\/v2\/product_tag?post=24062"}],"curies":[{"name":"wp","href":"https:\/\/api.w.org\/{rel}","templated":true}]}}