{"id":24045,"date":"2021-06-18T10:27:54","date_gmt":"2021-06-18T09:27:54","guid":{"rendered":"https:\/\/www.istegroup.com\/?post_type=product&#038;p=24045"},"modified":"2025-01-03T12:17:16","modified_gmt":"2025-01-03T12:17:16","slug":"gestion-du-niveau-de-service-dans-les-environnements-emergents-2","status":"publish","type":"product","link":"https:\/\/www.istegroup.com\/en\/produit\/gestion-du-niveau-de-service-dans-les-environnements-emergents-2\/","title":{"rendered":"Gestion du niveau de service dans les environnements \u00e9mergents"},"content":{"rendered":"<p>Le r\u00e9seau devient embarqu\u00e9 dans notre vie quotidienne gr\u00e2ce \u00e0 des composants de plus en plus petits, peu co\u00fbteux, puissants, rapides et de plus en plus connect\u00e9s entre eux. Parall\u00e8lement \u00e0 cette explosion quantitative des r\u00e9seaux de communication, les technologies se complexifient. Cette \u00e9volution s\u2019accompagne de challenges en termes de gestion et de contr\u00f4le, et il devient n\u00e9cessaire de g\u00e9rer le niveau de service demand\u00e9 par le client et sur lequel s\u2019engage le fournisseur de services.<\/p>\n<p>Cet ouvrage pr\u00e9sente diff\u00e9rentes approches pour permettre la gestion d\u2019un ou plusieurs composants du niveau de service dans diff\u00e9rents environnements \u00e9mergents tels que l\u2019Internet des objets, le Cloud, les <em>smart grids<\/em>, la e-sant\u00e9, les r\u00e9seaux radio maill\u00e9s, le D2D, les villes intelligentes ou encore le <em>green networking<\/em>.<\/p>\n<p>Il permet ainsi une meilleure compr\u00e9hension des d\u00e9fis et enjeux importants relatifs \u00e0 la gestion de la qualit\u00e9 de service, la s\u00e9curit\u00e9 et la mobilit\u00e9 dans ce type d\u2019environnements.<\/p>\n","protected":false},"excerpt":{"rendered":"<p>Le r\u00e9seau devient embarqu\u00e9 dans notre vie quotidienne gr\u00e2ce \u00e0 des composants de plus en plus petits, peu co\u00fbteux, puissants, rapides et de plus en plus connect\u00e9s entre eux. Parall\u00e8lement \u00e0 cette explosion quantitative des r\u00e9seaux de communication, les technologies se complexifient. Cette \u00e9volution s\u2019accompagne de challenges en termes de gestion et de contr\u00f4le, et [&hellip;]<\/p>\n","protected":false},"featured_media":25295,"template":"","meta":{"_acf_changed":false,"_links_to":"","_links_to_target":""},"product_brand":[],"product_cat":[4289],"product_tag":[],"class_list":{"0":"post-24045","1":"product","2":"type-product","3":"status-publish","4":"has-post-thumbnail","6":"product_cat-sciences","8":"first","9":"instock","10":"shipping-taxable","11":"purchasable","12":"product-type-variable"},"acf":[],"yoast_head":"<!-- This site is optimized with the Yoast SEO plugin v27.2 - https:\/\/yoast.com\/product\/yoast-seo-wordpress\/ -->\n<title>Gestion du niveau de service dans les environnements \u00e9mergents - ISTE Group<\/title>\n<meta name=\"description\" content=\"Cet ouvrage pr\u00e9sente diff\u00e9rentes approches pour permettre la gestion d\u2019un ou plusieurs composants du niveau de service dans diff\u00e9rents environnements \u00e9mergents tels que l\u2019Internet des objets, le Cloud, les smart grids, la e-sant\u00e9, les r\u00e9seaux radio maill\u00e9s, le D2D, les villes intelligentes ou encore le green networking.\" \/>\n<meta name=\"robots\" content=\"index, follow, max-snippet:-1, max-image-preview:large, max-video-preview:-1\" \/>\n<link rel=\"canonical\" href=\"https:\/\/www.istegroup.com\/en\/produit\/gestion-du-niveau-de-service-dans-les-environnements-emergents-2\/\" \/>\n<meta property=\"og:locale\" content=\"en_US\" \/>\n<meta property=\"og:type\" content=\"article\" \/>\n<meta property=\"og:title\" content=\"[:fr]Gestion du niveau de service dans les environnements \u00e9mergents[:en]Gestion du niveau de service dans les environnements \u00e9mergents[:] - ISTE Group\" \/>\n<meta property=\"og:description\" content=\"Cet ouvrage pr\u00e9sente diff\u00e9rentes approches pour permettre la gestion d\u2019un ou plusieurs composants du niveau de service dans diff\u00e9rents environnements \u00e9mergents tels que l\u2019Internet des objets, le Cloud, les smart grids, la e-sant\u00e9, les r\u00e9seaux radio maill\u00e9s, le D2D, les villes intelligentes ou encore le green networking.\" \/>\n<meta property=\"og:url\" content=\"https:\/\/www.istegroup.com\/en\/produit\/gestion-du-niveau-de-service-dans-les-environnements-emergents-2\/\" \/>\n<meta property=\"og:site_name\" content=\"ISTE Group\" \/>\n<meta property=\"article:modified_time\" content=\"2025-01-03T12:17:16+00:00\" \/>\n<meta property=\"og:image\" content=\"https:\/\/www.istegroup.com\/wp-content\/uploads\/2020\/03\/Gestion-du-niveau-de-service-dans-les-environnements-\u00e9mergents-Nader-Mbarek.jpeg\" \/>\n\t<meta property=\"og:image:width\" content=\"300\" \/>\n\t<meta property=\"og:image:height\" content=\"455\" \/>\n\t<meta property=\"og:image:type\" content=\"image\/jpeg\" \/>\n<meta name=\"twitter:card\" content=\"summary_large_image\" \/>\n<meta name=\"twitter:label1\" content=\"Est. reading time\" \/>\n\t<meta name=\"twitter:data1\" content=\"1 minute\" \/>\n<script type=\"application\/ld+json\" class=\"yoast-schema-graph\">{\"@context\":\"https:\/\/schema.org\",\"@graph\":[{\"@type\":\"WebPage\",\"@id\":\"https:\/\/www.istegroup.com\/en\/produit\/gestion-du-niveau-de-service-dans-les-environnements-emergents-2\/\",\"url\":\"https:\/\/www.istegroup.com\/en\/produit\/gestion-du-niveau-de-service-dans-les-environnements-emergents-2\/\",\"name\":\"[:fr]Gestion du niveau de service dans les environnements \u00e9mergents[:en]Gestion du niveau de service dans les environnements \u00e9mergents[:] - ISTE Group\",\"isPartOf\":{\"@id\":\"https:\/\/www.istegroup.com\/#website\"},\"primaryImageOfPage\":{\"@id\":\"https:\/\/www.istegroup.com\/en\/produit\/gestion-du-niveau-de-service-dans-les-environnements-emergents-2\/#primaryimage\"},\"image\":{\"@id\":\"https:\/\/www.istegroup.com\/en\/produit\/gestion-du-niveau-de-service-dans-les-environnements-emergents-2\/#primaryimage\"},\"thumbnailUrl\":\"https:\/\/www.istegroup.com\/wp-content\/uploads\/2020\/03\/Gestion-du-niveau-de-service-dans-les-environnements-\u00e9mergents-Nader-Mbarek.jpeg\",\"datePublished\":\"2021-06-18T09:27:54+00:00\",\"dateModified\":\"2025-01-03T12:17:16+00:00\",\"description\":\"Cet ouvrage pr\u00e9sente diff\u00e9rentes approches pour permettre la gestion d\u2019un ou plusieurs composants du niveau de service dans diff\u00e9rents environnements \u00e9mergents tels que l\u2019Internet des objets, le Cloud, les smart grids, la e-sant\u00e9, les r\u00e9seaux radio maill\u00e9s, le D2D, les villes intelligentes ou encore le green networking.\",\"breadcrumb\":{\"@id\":\"https:\/\/www.istegroup.com\/en\/produit\/gestion-du-niveau-de-service-dans-les-environnements-emergents-2\/#breadcrumb\"},\"inLanguage\":\"en-US\",\"potentialAction\":[{\"@type\":\"ReadAction\",\"target\":[\"https:\/\/www.istegroup.com\/en\/produit\/gestion-du-niveau-de-service-dans-les-environnements-emergents-2\/\"]}]},{\"@type\":\"ImageObject\",\"inLanguage\":\"en-US\",\"@id\":\"https:\/\/www.istegroup.com\/en\/produit\/gestion-du-niveau-de-service-dans-les-environnements-emergents-2\/#primaryimage\",\"url\":\"https:\/\/www.istegroup.com\/wp-content\/uploads\/2020\/03\/Gestion-du-niveau-de-service-dans-les-environnements-\u00e9mergents-Nader-Mbarek.jpeg\",\"contentUrl\":\"https:\/\/www.istegroup.com\/wp-content\/uploads\/2020\/03\/Gestion-du-niveau-de-service-dans-les-environnements-\u00e9mergents-Nader-Mbarek.jpeg\",\"width\":300,\"height\":455,\"caption\":\"Encyclop\u00e9die SCIENCES\"},{\"@type\":\"BreadcrumbList\",\"@id\":\"https:\/\/www.istegroup.com\/en\/produit\/gestion-du-niveau-de-service-dans-les-environnements-emergents-2\/#breadcrumb\",\"itemListElement\":[{\"@type\":\"ListItem\",\"position\":1,\"name\":\"Home\",\"item\":\"https:\/\/www.istegroup.com\/\"},{\"@type\":\"ListItem\",\"position\":2,\"name\":\"Shop\",\"item\":\"https:\/\/www.istegroup.com\/fr\/nouveautes\/\"},{\"@type\":\"ListItem\",\"position\":3,\"name\":\"Gestion du niveau de service dans les environnements \u00e9mergents\"}]},{\"@type\":\"WebSite\",\"@id\":\"https:\/\/www.istegroup.com\/#website\",\"url\":\"https:\/\/www.istegroup.com\/\",\"name\":\"ISTE Group\",\"description\":\"Publishing Knowledge\",\"potentialAction\":[{\"@type\":\"SearchAction\",\"target\":{\"@type\":\"EntryPoint\",\"urlTemplate\":\"https:\/\/www.istegroup.com\/?s={search_term_string}\"},\"query-input\":{\"@type\":\"PropertyValueSpecification\",\"valueRequired\":true,\"valueName\":\"search_term_string\"}}],\"inLanguage\":\"en-US\"}]}<\/script>\n<!-- \/ Yoast SEO plugin. -->","yoast_head_json":{"title":"[:fr]Gestion du niveau de service dans les environnements \u00e9mergents[:en]Gestion du niveau de service dans les environnements \u00e9mergents[:] - ISTE Group","description":"Cet ouvrage pr\u00e9sente diff\u00e9rentes approches pour permettre la gestion d\u2019un ou plusieurs composants du niveau de service dans diff\u00e9rents environnements \u00e9mergents tels que l\u2019Internet des objets, le Cloud, les smart grids, la e-sant\u00e9, les r\u00e9seaux radio maill\u00e9s, le D2D, les villes intelligentes ou encore le green networking.","robots":{"index":"index","follow":"follow","max-snippet":"max-snippet:-1","max-image-preview":"max-image-preview:large","max-video-preview":"max-video-preview:-1"},"canonical":"https:\/\/www.istegroup.com\/en\/produit\/gestion-du-niveau-de-service-dans-les-environnements-emergents-2\/","og_locale":"en_US","og_type":"article","og_title":"[:fr]Gestion du niveau de service dans les environnements \u00e9mergents[:en]Gestion du niveau de service dans les environnements \u00e9mergents[:] - ISTE Group","og_description":"Cet ouvrage pr\u00e9sente diff\u00e9rentes approches pour permettre la gestion d\u2019un ou plusieurs composants du niveau de service dans diff\u00e9rents environnements \u00e9mergents tels que l\u2019Internet des objets, le Cloud, les smart grids, la e-sant\u00e9, les r\u00e9seaux radio maill\u00e9s, le D2D, les villes intelligentes ou encore le green networking.","og_url":"https:\/\/www.istegroup.com\/en\/produit\/gestion-du-niveau-de-service-dans-les-environnements-emergents-2\/","og_site_name":"ISTE Group","article_modified_time":"2025-01-03T12:17:16+00:00","og_image":[{"width":300,"height":455,"url":"https:\/\/www.istegroup.com\/wp-content\/uploads\/2020\/03\/Gestion-du-niveau-de-service-dans-les-environnements-\u00e9mergents-Nader-Mbarek.jpeg","type":"image\/jpeg"}],"twitter_card":"summary_large_image","twitter_misc":{"Est. reading time":"1 minute"},"schema":{"@context":"https:\/\/schema.org","@graph":[{"@type":"WebPage","@id":"https:\/\/www.istegroup.com\/en\/produit\/gestion-du-niveau-de-service-dans-les-environnements-emergents-2\/","url":"https:\/\/www.istegroup.com\/en\/produit\/gestion-du-niveau-de-service-dans-les-environnements-emergents-2\/","name":"[:fr]Gestion du niveau de service dans les environnements \u00e9mergents[:en]Gestion du niveau de service dans les environnements \u00e9mergents[:] - ISTE Group","isPartOf":{"@id":"https:\/\/www.istegroup.com\/#website"},"primaryImageOfPage":{"@id":"https:\/\/www.istegroup.com\/en\/produit\/gestion-du-niveau-de-service-dans-les-environnements-emergents-2\/#primaryimage"},"image":{"@id":"https:\/\/www.istegroup.com\/en\/produit\/gestion-du-niveau-de-service-dans-les-environnements-emergents-2\/#primaryimage"},"thumbnailUrl":"https:\/\/www.istegroup.com\/wp-content\/uploads\/2020\/03\/Gestion-du-niveau-de-service-dans-les-environnements-\u00e9mergents-Nader-Mbarek.jpeg","datePublished":"2021-06-18T09:27:54+00:00","dateModified":"2025-01-03T12:17:16+00:00","description":"Cet ouvrage pr\u00e9sente diff\u00e9rentes approches pour permettre la gestion d\u2019un ou plusieurs composants du niveau de service dans diff\u00e9rents environnements \u00e9mergents tels que l\u2019Internet des objets, le Cloud, les smart grids, la e-sant\u00e9, les r\u00e9seaux radio maill\u00e9s, le D2D, les villes intelligentes ou encore le green networking.","breadcrumb":{"@id":"https:\/\/www.istegroup.com\/en\/produit\/gestion-du-niveau-de-service-dans-les-environnements-emergents-2\/#breadcrumb"},"inLanguage":"en-US","potentialAction":[{"@type":"ReadAction","target":["https:\/\/www.istegroup.com\/en\/produit\/gestion-du-niveau-de-service-dans-les-environnements-emergents-2\/"]}]},{"@type":"ImageObject","inLanguage":"en-US","@id":"https:\/\/www.istegroup.com\/en\/produit\/gestion-du-niveau-de-service-dans-les-environnements-emergents-2\/#primaryimage","url":"https:\/\/www.istegroup.com\/wp-content\/uploads\/2020\/03\/Gestion-du-niveau-de-service-dans-les-environnements-\u00e9mergents-Nader-Mbarek.jpeg","contentUrl":"https:\/\/www.istegroup.com\/wp-content\/uploads\/2020\/03\/Gestion-du-niveau-de-service-dans-les-environnements-\u00e9mergents-Nader-Mbarek.jpeg","width":300,"height":455,"caption":"Encyclop\u00e9die SCIENCES"},{"@type":"BreadcrumbList","@id":"https:\/\/www.istegroup.com\/en\/produit\/gestion-du-niveau-de-service-dans-les-environnements-emergents-2\/#breadcrumb","itemListElement":[{"@type":"ListItem","position":1,"name":"Home","item":"https:\/\/www.istegroup.com\/"},{"@type":"ListItem","position":2,"name":"Shop","item":"https:\/\/www.istegroup.com\/fr\/nouveautes\/"},{"@type":"ListItem","position":3,"name":"Gestion du niveau de service dans les environnements \u00e9mergents"}]},{"@type":"WebSite","@id":"https:\/\/www.istegroup.com\/#website","url":"https:\/\/www.istegroup.com\/","name":"ISTE Group","description":"Publishing Knowledge","potentialAction":[{"@type":"SearchAction","target":{"@type":"EntryPoint","urlTemplate":"https:\/\/www.istegroup.com\/?s={search_term_string}"},"query-input":{"@type":"PropertyValueSpecification","valueRequired":true,"valueName":"search_term_string"}}],"inLanguage":"en-US"}]}},"_links":{"self":[{"href":"https:\/\/www.istegroup.com\/en\/wp-json\/wp\/v2\/product\/24045","targetHints":{"allow":["GET"]}}],"collection":[{"href":"https:\/\/www.istegroup.com\/en\/wp-json\/wp\/v2\/product"}],"about":[{"href":"https:\/\/www.istegroup.com\/en\/wp-json\/wp\/v2\/types\/product"}],"wp:featuredmedia":[{"embeddable":true,"href":"https:\/\/www.istegroup.com\/en\/wp-json\/wp\/v2\/media\/25295"}],"wp:attachment":[{"href":"https:\/\/www.istegroup.com\/en\/wp-json\/wp\/v2\/media?parent=24045"}],"wp:term":[{"taxonomy":"product_brand","embeddable":true,"href":"https:\/\/www.istegroup.com\/en\/wp-json\/wp\/v2\/product_brand?post=24045"},{"taxonomy":"product_cat","embeddable":true,"href":"https:\/\/www.istegroup.com\/en\/wp-json\/wp\/v2\/product_cat?post=24045"},{"taxonomy":"product_tag","embeddable":true,"href":"https:\/\/www.istegroup.com\/en\/wp-json\/wp\/v2\/product_tag?post=24045"}],"curies":[{"name":"wp","href":"https:\/\/api.w.org\/{rel}","templated":true}]}}