{"id":24044,"date":"2021-06-18T10:26:08","date_gmt":"2021-06-18T09:26:08","guid":{"rendered":"https:\/\/www.istegroup.com\/?post_type=product&#038;p=24044"},"modified":"2025-01-03T12:17:28","modified_gmt":"2025-01-03T12:17:28","slug":"gestion-et-controle-intelligents-des-reseaux","status":"publish","type":"product","link":"https:\/\/www.istegroup.com\/en\/produit\/gestion-et-controle-intelligents-des-reseaux\/","title":{"rendered":"Gestion et contr\u00f4le intelligents des r\u00e9seaux"},"content":{"rendered":"<p>La gestion et le contr\u00f4le des r\u00e9seaux ne peuvent plus \u00eatre envisag\u00e9s sans l\u2019introduction de l\u2019intelligence artificielle dans l\u2019ensemble de leurs \u00e9tapes.<\/p>\n<p>Cet ouvrage traite des th\u00e8mes d\u2019actualit\u00e9 qui sont li\u00e9s principalement \u00e0 la s\u00e9curit\u00e9 intelligente des r\u00e9seaux informatiques, au d\u00e9ploiement de services de s\u00e9curit\u00e9 dans les r\u00e9seaux SDN (<em>Software-Defined Networking<\/em>), \u00e0 l\u2019optimisation des r\u00e9seaux \u00e0 l\u2019aide des techniques de l\u2019intelligence artificielle et aux m\u00e9thodes d\u2019optimisation multicrit\u00e8res pour la s\u00e9lection des r\u00e9seaux dans un environnement h\u00e9t\u00e9rog\u00e8ne.<\/p>\n<p><em>Gestion et contr\u00f4le intelligents des r\u00e9seaux<\/em> s\u2019int\u00e9resse \u00e9galement \u00e0 la s\u00e9lection des services <em>Cloud Computing<\/em>, au d\u00e9chargement intelligent des calculs dans le contexte du <em>Mobile Cloud Computing<\/em>, \u00e0 la gestion intelligente des ressources dans un syst\u00e8me <em>Smart Grid-Cloud<\/em> pour une meilleure efficacit\u00e9 \u00e9nerg\u00e9tique, \u00e0 l\u2019<em>Internet of Vehicles<\/em> (IoV) en se basant sur ses nouvelles architectures, \u00e0 l\u2019application de l\u2019intelligence artificielle dans les r\u00e9seaux de radio cognitive et \u00e0 l\u2019apport de la radio intelligente pour r\u00e9pondre aux besoins de communication sur route des v\u00e9hicules autonomes.<\/p>\n","protected":false},"excerpt":{"rendered":"<p>La gestion et le contr\u00f4le des r\u00e9seaux ne peuvent plus \u00eatre envisag\u00e9s sans l\u2019introduction de l\u2019intelligence artificielle dans l\u2019ensemble de leurs \u00e9tapes. Cet ouvrage traite des th\u00e8mes d\u2019actualit\u00e9 qui sont li\u00e9s principalement \u00e0 la s\u00e9curit\u00e9 intelligente des r\u00e9seaux informatiques, au d\u00e9ploiement de services de s\u00e9curit\u00e9 dans les r\u00e9seaux SDN (Software-Defined Networking), \u00e0 l\u2019optimisation des r\u00e9seaux [&hellip;]<\/p>\n","protected":false},"featured_media":25294,"template":"","meta":{"_acf_changed":false,"_links_to":"","_links_to_target":""},"product_brand":[],"product_cat":[4289],"product_tag":[],"class_list":{"0":"post-24044","1":"product","2":"type-product","3":"status-publish","4":"has-post-thumbnail","6":"product_cat-sciences","8":"first","9":"instock","10":"shipping-taxable","11":"purchasable","12":"product-type-variable"},"acf":[],"yoast_head":"<!-- This site is optimized with the Yoast SEO plugin v27.2 - https:\/\/yoast.com\/product\/yoast-seo-wordpress\/ -->\n<title>Gestion et contr\u00f4le intelligents des r\u00e9seaux - ISTE Group<\/title>\n<meta name=\"description\" content=\"Cet ouvrage traite des th\u00e8mes d\u2019actualit\u00e9 qui sont li\u00e9s principalement \u00e0 la s\u00e9curit\u00e9 intelligente des r\u00e9seaux informatiques, au d\u00e9ploiement de services de s\u00e9curit\u00e9 dans les r\u00e9seaux SDN (Software-Defined Networking), \u00e0 l\u2019optimisation des r\u00e9seaux \u00e0 l\u2019aide des techniques de l\u2019intelligence artificielle et aux m\u00e9thodes d\u2019optimisation multicrit\u00e8res pour la s\u00e9lection des r\u00e9seaux dans un environnement h\u00e9t\u00e9rog\u00e8ne.\" \/>\n<meta name=\"robots\" content=\"index, follow, max-snippet:-1, max-image-preview:large, max-video-preview:-1\" \/>\n<link rel=\"canonical\" href=\"https:\/\/www.istegroup.com\/en\/produit\/gestion-et-controle-intelligents-des-reseaux\/\" \/>\n<meta property=\"og:locale\" content=\"en_US\" \/>\n<meta property=\"og:type\" content=\"article\" \/>\n<meta property=\"og:title\" content=\"Gestion et contr\u00f4le intelligents des r\u00e9seaux - ISTE Group\" \/>\n<meta property=\"og:description\" content=\"Cet ouvrage traite des th\u00e8mes d\u2019actualit\u00e9 qui sont li\u00e9s principalement \u00e0 la s\u00e9curit\u00e9 intelligente des r\u00e9seaux informatiques, au d\u00e9ploiement de services de s\u00e9curit\u00e9 dans les r\u00e9seaux SDN (Software-Defined Networking), \u00e0 l\u2019optimisation des r\u00e9seaux \u00e0 l\u2019aide des techniques de l\u2019intelligence artificielle et aux m\u00e9thodes d\u2019optimisation multicrit\u00e8res pour la s\u00e9lection des r\u00e9seaux dans un environnement h\u00e9t\u00e9rog\u00e8ne.\" \/>\n<meta property=\"og:url\" content=\"https:\/\/www.istegroup.com\/en\/produit\/gestion-et-controle-intelligents-des-reseaux\/\" \/>\n<meta property=\"og:site_name\" content=\"ISTE Group\" \/>\n<meta property=\"article:modified_time\" content=\"2025-01-03T12:17:28+00:00\" \/>\n<meta property=\"og:image\" content=\"https:\/\/www.istegroup.com\/wp-content\/uploads\/2020\/03\/Gestion-et-contr\u00f4le-intelligents-des-r\u00e9seaux-Badr-Benmammar.jpeg\" \/>\n\t<meta property=\"og:image:width\" content=\"300\" \/>\n\t<meta property=\"og:image:height\" content=\"455\" \/>\n\t<meta property=\"og:image:type\" content=\"image\/jpeg\" \/>\n<meta name=\"twitter:card\" content=\"summary_large_image\" \/>\n<meta name=\"twitter:label1\" content=\"Est. reading time\" \/>\n\t<meta name=\"twitter:data1\" content=\"1 minute\" \/>\n<script type=\"application\/ld+json\" class=\"yoast-schema-graph\">{\"@context\":\"https:\/\/schema.org\",\"@graph\":[{\"@type\":\"WebPage\",\"@id\":\"https:\/\/www.istegroup.com\/en\/produit\/gestion-et-controle-intelligents-des-reseaux\/\",\"url\":\"https:\/\/www.istegroup.com\/en\/produit\/gestion-et-controle-intelligents-des-reseaux\/\",\"name\":\"Gestion et contr\u00f4le intelligents des r\u00e9seaux - ISTE Group\",\"isPartOf\":{\"@id\":\"https:\/\/www.istegroup.com\/#website\"},\"primaryImageOfPage\":{\"@id\":\"https:\/\/www.istegroup.com\/en\/produit\/gestion-et-controle-intelligents-des-reseaux\/#primaryimage\"},\"image\":{\"@id\":\"https:\/\/www.istegroup.com\/en\/produit\/gestion-et-controle-intelligents-des-reseaux\/#primaryimage\"},\"thumbnailUrl\":\"https:\/\/www.istegroup.com\/wp-content\/uploads\/2020\/03\/Gestion-et-contr\u00f4le-intelligents-des-r\u00e9seaux-Badr-Benmammar.jpeg\",\"datePublished\":\"2021-06-18T09:26:08+00:00\",\"dateModified\":\"2025-01-03T12:17:28+00:00\",\"description\":\"Cet ouvrage traite des th\u00e8mes d\u2019actualit\u00e9 qui sont li\u00e9s principalement \u00e0 la s\u00e9curit\u00e9 intelligente des r\u00e9seaux informatiques, au d\u00e9ploiement de services de s\u00e9curit\u00e9 dans les r\u00e9seaux SDN (Software-Defined Networking), \u00e0 l\u2019optimisation des r\u00e9seaux \u00e0 l\u2019aide des techniques de l\u2019intelligence artificielle et aux m\u00e9thodes d\u2019optimisation multicrit\u00e8res pour la s\u00e9lection des r\u00e9seaux dans un environnement h\u00e9t\u00e9rog\u00e8ne.\",\"breadcrumb\":{\"@id\":\"https:\/\/www.istegroup.com\/en\/produit\/gestion-et-controle-intelligents-des-reseaux\/#breadcrumb\"},\"inLanguage\":\"en-US\",\"potentialAction\":[{\"@type\":\"ReadAction\",\"target\":[\"https:\/\/www.istegroup.com\/en\/produit\/gestion-et-controle-intelligents-des-reseaux\/\"]}]},{\"@type\":\"ImageObject\",\"inLanguage\":\"en-US\",\"@id\":\"https:\/\/www.istegroup.com\/en\/produit\/gestion-et-controle-intelligents-des-reseaux\/#primaryimage\",\"url\":\"https:\/\/www.istegroup.com\/wp-content\/uploads\/2020\/03\/Gestion-et-contr\u00f4le-intelligents-des-r\u00e9seaux-Badr-Benmammar.jpeg\",\"contentUrl\":\"https:\/\/www.istegroup.com\/wp-content\/uploads\/2020\/03\/Gestion-et-contr\u00f4le-intelligents-des-r\u00e9seaux-Badr-Benmammar.jpeg\",\"width\":300,\"height\":455,\"caption\":\"Encyclop\u00e9die SCIENCES\"},{\"@type\":\"BreadcrumbList\",\"@id\":\"https:\/\/www.istegroup.com\/en\/produit\/gestion-et-controle-intelligents-des-reseaux\/#breadcrumb\",\"itemListElement\":[{\"@type\":\"ListItem\",\"position\":1,\"name\":\"Home\",\"item\":\"https:\/\/www.istegroup.com\/\"},{\"@type\":\"ListItem\",\"position\":2,\"name\":\"Shop\",\"item\":\"https:\/\/www.istegroup.com\/fr\/nouveautes\/\"},{\"@type\":\"ListItem\",\"position\":3,\"name\":\"Gestion et contr\u00f4le intelligents des r\u00e9seaux\"}]},{\"@type\":\"WebSite\",\"@id\":\"https:\/\/www.istegroup.com\/#website\",\"url\":\"https:\/\/www.istegroup.com\/\",\"name\":\"ISTE Group\",\"description\":\"Publishing Knowledge\",\"potentialAction\":[{\"@type\":\"SearchAction\",\"target\":{\"@type\":\"EntryPoint\",\"urlTemplate\":\"https:\/\/www.istegroup.com\/?s={search_term_string}\"},\"query-input\":{\"@type\":\"PropertyValueSpecification\",\"valueRequired\":true,\"valueName\":\"search_term_string\"}}],\"inLanguage\":\"en-US\"}]}<\/script>\n<!-- \/ Yoast SEO plugin. -->","yoast_head_json":{"title":"Gestion et contr\u00f4le intelligents des r\u00e9seaux - ISTE Group","description":"Cet ouvrage traite des th\u00e8mes d\u2019actualit\u00e9 qui sont li\u00e9s principalement \u00e0 la s\u00e9curit\u00e9 intelligente des r\u00e9seaux informatiques, au d\u00e9ploiement de services de s\u00e9curit\u00e9 dans les r\u00e9seaux SDN (Software-Defined Networking), \u00e0 l\u2019optimisation des r\u00e9seaux \u00e0 l\u2019aide des techniques de l\u2019intelligence artificielle et aux m\u00e9thodes d\u2019optimisation multicrit\u00e8res pour la s\u00e9lection des r\u00e9seaux dans un environnement h\u00e9t\u00e9rog\u00e8ne.","robots":{"index":"index","follow":"follow","max-snippet":"max-snippet:-1","max-image-preview":"max-image-preview:large","max-video-preview":"max-video-preview:-1"},"canonical":"https:\/\/www.istegroup.com\/en\/produit\/gestion-et-controle-intelligents-des-reseaux\/","og_locale":"en_US","og_type":"article","og_title":"Gestion et contr\u00f4le intelligents des r\u00e9seaux - ISTE Group","og_description":"Cet ouvrage traite des th\u00e8mes d\u2019actualit\u00e9 qui sont li\u00e9s principalement \u00e0 la s\u00e9curit\u00e9 intelligente des r\u00e9seaux informatiques, au d\u00e9ploiement de services de s\u00e9curit\u00e9 dans les r\u00e9seaux SDN (Software-Defined Networking), \u00e0 l\u2019optimisation des r\u00e9seaux \u00e0 l\u2019aide des techniques de l\u2019intelligence artificielle et aux m\u00e9thodes d\u2019optimisation multicrit\u00e8res pour la s\u00e9lection des r\u00e9seaux dans un environnement h\u00e9t\u00e9rog\u00e8ne.","og_url":"https:\/\/www.istegroup.com\/en\/produit\/gestion-et-controle-intelligents-des-reseaux\/","og_site_name":"ISTE Group","article_modified_time":"2025-01-03T12:17:28+00:00","og_image":[{"width":300,"height":455,"url":"https:\/\/www.istegroup.com\/wp-content\/uploads\/2020\/03\/Gestion-et-contr\u00f4le-intelligents-des-r\u00e9seaux-Badr-Benmammar.jpeg","type":"image\/jpeg"}],"twitter_card":"summary_large_image","twitter_misc":{"Est. reading time":"1 minute"},"schema":{"@context":"https:\/\/schema.org","@graph":[{"@type":"WebPage","@id":"https:\/\/www.istegroup.com\/en\/produit\/gestion-et-controle-intelligents-des-reseaux\/","url":"https:\/\/www.istegroup.com\/en\/produit\/gestion-et-controle-intelligents-des-reseaux\/","name":"Gestion et contr\u00f4le intelligents des r\u00e9seaux - ISTE Group","isPartOf":{"@id":"https:\/\/www.istegroup.com\/#website"},"primaryImageOfPage":{"@id":"https:\/\/www.istegroup.com\/en\/produit\/gestion-et-controle-intelligents-des-reseaux\/#primaryimage"},"image":{"@id":"https:\/\/www.istegroup.com\/en\/produit\/gestion-et-controle-intelligents-des-reseaux\/#primaryimage"},"thumbnailUrl":"https:\/\/www.istegroup.com\/wp-content\/uploads\/2020\/03\/Gestion-et-contr\u00f4le-intelligents-des-r\u00e9seaux-Badr-Benmammar.jpeg","datePublished":"2021-06-18T09:26:08+00:00","dateModified":"2025-01-03T12:17:28+00:00","description":"Cet ouvrage traite des th\u00e8mes d\u2019actualit\u00e9 qui sont li\u00e9s principalement \u00e0 la s\u00e9curit\u00e9 intelligente des r\u00e9seaux informatiques, au d\u00e9ploiement de services de s\u00e9curit\u00e9 dans les r\u00e9seaux SDN (Software-Defined Networking), \u00e0 l\u2019optimisation des r\u00e9seaux \u00e0 l\u2019aide des techniques de l\u2019intelligence artificielle et aux m\u00e9thodes d\u2019optimisation multicrit\u00e8res pour la s\u00e9lection des r\u00e9seaux dans un environnement h\u00e9t\u00e9rog\u00e8ne.","breadcrumb":{"@id":"https:\/\/www.istegroup.com\/en\/produit\/gestion-et-controle-intelligents-des-reseaux\/#breadcrumb"},"inLanguage":"en-US","potentialAction":[{"@type":"ReadAction","target":["https:\/\/www.istegroup.com\/en\/produit\/gestion-et-controle-intelligents-des-reseaux\/"]}]},{"@type":"ImageObject","inLanguage":"en-US","@id":"https:\/\/www.istegroup.com\/en\/produit\/gestion-et-controle-intelligents-des-reseaux\/#primaryimage","url":"https:\/\/www.istegroup.com\/wp-content\/uploads\/2020\/03\/Gestion-et-contr\u00f4le-intelligents-des-r\u00e9seaux-Badr-Benmammar.jpeg","contentUrl":"https:\/\/www.istegroup.com\/wp-content\/uploads\/2020\/03\/Gestion-et-contr\u00f4le-intelligents-des-r\u00e9seaux-Badr-Benmammar.jpeg","width":300,"height":455,"caption":"Encyclop\u00e9die SCIENCES"},{"@type":"BreadcrumbList","@id":"https:\/\/www.istegroup.com\/en\/produit\/gestion-et-controle-intelligents-des-reseaux\/#breadcrumb","itemListElement":[{"@type":"ListItem","position":1,"name":"Home","item":"https:\/\/www.istegroup.com\/"},{"@type":"ListItem","position":2,"name":"Shop","item":"https:\/\/www.istegroup.com\/fr\/nouveautes\/"},{"@type":"ListItem","position":3,"name":"Gestion et contr\u00f4le intelligents des r\u00e9seaux"}]},{"@type":"WebSite","@id":"https:\/\/www.istegroup.com\/#website","url":"https:\/\/www.istegroup.com\/","name":"ISTE Group","description":"Publishing Knowledge","potentialAction":[{"@type":"SearchAction","target":{"@type":"EntryPoint","urlTemplate":"https:\/\/www.istegroup.com\/?s={search_term_string}"},"query-input":{"@type":"PropertyValueSpecification","valueRequired":true,"valueName":"search_term_string"}}],"inLanguage":"en-US"}]}},"_links":{"self":[{"href":"https:\/\/www.istegroup.com\/en\/wp-json\/wp\/v2\/product\/24044","targetHints":{"allow":["GET"]}}],"collection":[{"href":"https:\/\/www.istegroup.com\/en\/wp-json\/wp\/v2\/product"}],"about":[{"href":"https:\/\/www.istegroup.com\/en\/wp-json\/wp\/v2\/types\/product"}],"wp:featuredmedia":[{"embeddable":true,"href":"https:\/\/www.istegroup.com\/en\/wp-json\/wp\/v2\/media\/25294"}],"wp:attachment":[{"href":"https:\/\/www.istegroup.com\/en\/wp-json\/wp\/v2\/media?parent=24044"}],"wp:term":[{"taxonomy":"product_brand","embeddable":true,"href":"https:\/\/www.istegroup.com\/en\/wp-json\/wp\/v2\/product_brand?post=24044"},{"taxonomy":"product_cat","embeddable":true,"href":"https:\/\/www.istegroup.com\/en\/wp-json\/wp\/v2\/product_cat?post=24044"},{"taxonomy":"product_tag","embeddable":true,"href":"https:\/\/www.istegroup.com\/en\/wp-json\/wp\/v2\/product_tag?post=24044"}],"curies":[{"name":"wp","href":"https:\/\/api.w.org\/{rel}","templated":true}]}}