{"id":24031,"date":"2025-06-20T10:05:22","date_gmt":"2025-06-20T09:05:22","guid":{"rendered":"https:\/\/www.istegroup.com\/?post_type=product&#038;p=24031"},"modified":"2025-07-07T11:12:39","modified_gmt":"2025-07-07T10:12:39","slug":"rayonnement-synchrotron-patrimoine-culturel-biomineralisation","status":"publish","type":"product","link":"https:\/\/www.istegroup.com\/en\/produit\/rayonnement-synchrotron-patrimoine-culturel-biomineralisation\/","title":{"rendered":"Rayonnement synchrotron, patrimoine culturel, biomin\u00e9ralisation"},"content":{"rendered":"<p>Les techniques fond\u00e9es sur le rayonnement synchrotron ont r\u00e9volutionn\u00e9 de nombreux domaines de la science des mat\u00e9riaux, notamment l\u2019\u00e9tude des mat\u00e9riaux du patrimoine culturel et de la biomin\u00e9ralisation. Cet ouvrage met en lumi\u00e8re les avanc\u00e9es r\u00e9centes des principales m\u00e9thodes exploitant ce rayonnement, ainsi que leurs applications \u00e0 des mat\u00e9riaux sp\u00e9cifiques.<\/p>\n<p><em>Rayonnement synchrotron, patrimoine culturel, biomin\u00e9ralisation<\/em> pr\u00e9sente les principes fondamentaux du rayonnement synchrotron et couvre les techniques reposant sur la spectroscopie, l\u2019imagerie et la diffraction des rayons X. Il offre une vue d\u2019ensemble des approches d\u00e9velopp\u00e9es au cours des derni\u00e8res d\u00e9cennies, illustr\u00e9e par des \u00e9tudes de cas portant sur les c\u00e9ramiques anciennes, la corrosion des mat\u00e9riaux ferreux, les mortiers des b\u00e2timents de l\u2019\u00e9poque romaine, ou encore le processus de biomin\u00e9ralisation dans les \u00e9pines d\u2019oursin.<\/p>\n<p>Chaque chapitre peut \u00eatre lu de mani\u00e8re autonome, illustrant le lien \u00e9troit entre les m\u00e9thodes d\u2019analyse et les mat\u00e9riaux qu\u2019elles permettent de mieux comprendre.<\/p>\n","protected":false},"excerpt":{"rendered":"<p>Les techniques fond\u00e9es sur le rayonnement synchrotron ont r\u00e9volutionn\u00e9 de nombreux domaines de la science des mat\u00e9riaux, notamment l\u2019\u00e9tude des mat\u00e9riaux du patrimoine culturel et de la biomin\u00e9ralisation. Cet ouvrage met en lumi\u00e8re les avanc\u00e9es r\u00e9centes des principales m\u00e9thodes exploitant ce rayonnement, ainsi que leurs applications \u00e0 des mat\u00e9riaux sp\u00e9cifiques. Rayonnement synchrotron, patrimoine culturel, biomin\u00e9ralisation [&hellip;]<\/p>\n","protected":false},"featured_media":60690,"template":"","meta":{"_acf_changed":false,"_links_to":"","_links_to_target":""},"product_brand":[],"product_cat":[4289],"product_tag":[],"class_list":{"0":"post-24031","1":"product","2":"type-product","3":"status-publish","4":"has-post-thumbnail","6":"product_cat-sciences","8":"first","9":"instock","10":"shipping-taxable","11":"purchasable","12":"product-type-variable"},"acf":[],"yoast_head":"<!-- This site is optimized with the Yoast SEO plugin v27.2 - https:\/\/yoast.com\/product\/yoast-seo-wordpress\/ -->\n<title>Rayonnement synchrotron, patrimoine culturel, biomin\u00e9ralisation - ISTE Group<\/title>\n<meta name=\"description\" content=\"Rayonnement synchrotron, patrimoine culturel, biomin\u00e9ralisation pr\u00e9sente les principes fondamentaux du rayonnement synchrotron et couvre les techniques reposant sur la spectroscopie, l\u2019imagerie et la diffraction des rayons X.\" \/>\n<meta name=\"robots\" content=\"index, follow, max-snippet:-1, max-image-preview:large, max-video-preview:-1\" \/>\n<link rel=\"canonical\" href=\"https:\/\/www.istegroup.com\/produit\/rayonnement-synchrotron-patrimoine-culturel-biomineralisation\/\" \/>\n<meta property=\"og:locale\" content=\"en_US\" \/>\n<meta property=\"og:type\" content=\"article\" \/>\n<meta property=\"og:title\" content=\"Rayonnement synchrotron, patrimoine culturel, biomin\u00e9ralisation - ISTE Group\" \/>\n<meta property=\"og:description\" content=\"Rayonnement synchrotron, patrimoine culturel, biomin\u00e9ralisation pr\u00e9sente les principes fondamentaux du rayonnement synchrotron et couvre les techniques reposant sur la spectroscopie, l\u2019imagerie et la diffraction des rayons X.\" \/>\n<meta property=\"og:url\" content=\"https:\/\/www.istegroup.com\/produit\/rayonnement-synchrotron-patrimoine-culturel-biomineralisation\/\" \/>\n<meta property=\"og:site_name\" content=\"ISTE Group\" \/>\n<meta property=\"article:modified_time\" content=\"2025-07-07T10:12:39+00:00\" \/>\n<meta property=\"og:image\" content=\"https:\/\/www.istegroup.com\/wp-content\/uploads\/2019\/11\/199_Rayonnement-synchrotron-patrimoine-culturel-biomineralisation.jpeg\" \/>\n\t<meta property=\"og:image:width\" content=\"300\" \/>\n\t<meta property=\"og:image:height\" content=\"450\" \/>\n\t<meta property=\"og:image:type\" content=\"image\/jpeg\" \/>\n<meta name=\"twitter:card\" content=\"summary_large_image\" \/>\n<meta name=\"twitter:label1\" content=\"Est. reading time\" \/>\n\t<meta name=\"twitter:data1\" content=\"1 minute\" \/>\n<script type=\"application\/ld+json\" class=\"yoast-schema-graph\">{\"@context\":\"https:\/\/schema.org\",\"@graph\":[{\"@type\":\"WebPage\",\"@id\":\"https:\/\/www.istegroup.com\/produit\/rayonnement-synchrotron-patrimoine-culturel-biomineralisation\/\",\"url\":\"https:\/\/www.istegroup.com\/produit\/rayonnement-synchrotron-patrimoine-culturel-biomineralisation\/\",\"name\":\"Rayonnement synchrotron, patrimoine culturel, biomin\u00e9ralisation - ISTE Group\",\"isPartOf\":{\"@id\":\"https:\/\/www.istegroup.com\/#website\"},\"primaryImageOfPage\":{\"@id\":\"https:\/\/www.istegroup.com\/produit\/rayonnement-synchrotron-patrimoine-culturel-biomineralisation\/#primaryimage\"},\"image\":{\"@id\":\"https:\/\/www.istegroup.com\/produit\/rayonnement-synchrotron-patrimoine-culturel-biomineralisation\/#primaryimage\"},\"thumbnailUrl\":\"https:\/\/www.istegroup.com\/wp-content\/uploads\/2019\/11\/199_Rayonnement-synchrotron-patrimoine-culturel-biomineralisation.jpeg\",\"datePublished\":\"2025-06-20T09:05:22+00:00\",\"dateModified\":\"2025-07-07T10:12:39+00:00\",\"description\":\"Rayonnement synchrotron, patrimoine culturel, biomin\u00e9ralisation pr\u00e9sente les principes fondamentaux du rayonnement synchrotron et couvre les techniques reposant sur la spectroscopie, l\u2019imagerie et la diffraction des rayons X.\",\"breadcrumb\":{\"@id\":\"https:\/\/www.istegroup.com\/produit\/rayonnement-synchrotron-patrimoine-culturel-biomineralisation\/#breadcrumb\"},\"inLanguage\":\"en-US\",\"potentialAction\":[{\"@type\":\"ReadAction\",\"target\":[\"https:\/\/www.istegroup.com\/produit\/rayonnement-synchrotron-patrimoine-culturel-biomineralisation\/\"]}]},{\"@type\":\"ImageObject\",\"inLanguage\":\"en-US\",\"@id\":\"https:\/\/www.istegroup.com\/produit\/rayonnement-synchrotron-patrimoine-culturel-biomineralisation\/#primaryimage\",\"url\":\"https:\/\/www.istegroup.com\/wp-content\/uploads\/2019\/11\/199_Rayonnement-synchrotron-patrimoine-culturel-biomineralisation.jpeg\",\"contentUrl\":\"https:\/\/www.istegroup.com\/wp-content\/uploads\/2019\/11\/199_Rayonnement-synchrotron-patrimoine-culturel-biomineralisation.jpeg\",\"width\":300,\"height\":450},{\"@type\":\"BreadcrumbList\",\"@id\":\"https:\/\/www.istegroup.com\/produit\/rayonnement-synchrotron-patrimoine-culturel-biomineralisation\/#breadcrumb\",\"itemListElement\":[{\"@type\":\"ListItem\",\"position\":1,\"name\":\"Home\",\"item\":\"https:\/\/www.istegroup.com\/\"},{\"@type\":\"ListItem\",\"position\":2,\"name\":\"Shop\",\"item\":\"https:\/\/www.istegroup.com\/fr\/nouveautes\/\"},{\"@type\":\"ListItem\",\"position\":3,\"name\":\"Rayonnement synchrotron, patrimoine culturel, biomin\u00e9ralisation\"}]},{\"@type\":\"WebSite\",\"@id\":\"https:\/\/www.istegroup.com\/#website\",\"url\":\"https:\/\/www.istegroup.com\/\",\"name\":\"ISTE Group\",\"description\":\"Publishing Knowledge\",\"potentialAction\":[{\"@type\":\"SearchAction\",\"target\":{\"@type\":\"EntryPoint\",\"urlTemplate\":\"https:\/\/www.istegroup.com\/?s={search_term_string}\"},\"query-input\":{\"@type\":\"PropertyValueSpecification\",\"valueRequired\":true,\"valueName\":\"search_term_string\"}}],\"inLanguage\":\"en-US\"}]}<\/script>\n<!-- \/ Yoast SEO plugin. -->","yoast_head_json":{"title":"Rayonnement synchrotron, patrimoine culturel, biomin\u00e9ralisation - ISTE Group","description":"Rayonnement synchrotron, patrimoine culturel, biomin\u00e9ralisation pr\u00e9sente les principes fondamentaux du rayonnement synchrotron et couvre les techniques reposant sur la spectroscopie, l\u2019imagerie et la diffraction des rayons X.","robots":{"index":"index","follow":"follow","max-snippet":"max-snippet:-1","max-image-preview":"max-image-preview:large","max-video-preview":"max-video-preview:-1"},"canonical":"https:\/\/www.istegroup.com\/produit\/rayonnement-synchrotron-patrimoine-culturel-biomineralisation\/","og_locale":"en_US","og_type":"article","og_title":"Rayonnement synchrotron, patrimoine culturel, biomin\u00e9ralisation - ISTE Group","og_description":"Rayonnement synchrotron, patrimoine culturel, biomin\u00e9ralisation pr\u00e9sente les principes fondamentaux du rayonnement synchrotron et couvre les techniques reposant sur la spectroscopie, l\u2019imagerie et la diffraction des rayons X.","og_url":"https:\/\/www.istegroup.com\/produit\/rayonnement-synchrotron-patrimoine-culturel-biomineralisation\/","og_site_name":"ISTE Group","article_modified_time":"2025-07-07T10:12:39+00:00","og_image":[{"width":300,"height":450,"url":"https:\/\/www.istegroup.com\/wp-content\/uploads\/2019\/11\/199_Rayonnement-synchrotron-patrimoine-culturel-biomineralisation.jpeg","type":"image\/jpeg"}],"twitter_card":"summary_large_image","twitter_misc":{"Est. reading time":"1 minute"},"schema":{"@context":"https:\/\/schema.org","@graph":[{"@type":"WebPage","@id":"https:\/\/www.istegroup.com\/produit\/rayonnement-synchrotron-patrimoine-culturel-biomineralisation\/","url":"https:\/\/www.istegroup.com\/produit\/rayonnement-synchrotron-patrimoine-culturel-biomineralisation\/","name":"Rayonnement synchrotron, patrimoine culturel, biomin\u00e9ralisation - ISTE Group","isPartOf":{"@id":"https:\/\/www.istegroup.com\/#website"},"primaryImageOfPage":{"@id":"https:\/\/www.istegroup.com\/produit\/rayonnement-synchrotron-patrimoine-culturel-biomineralisation\/#primaryimage"},"image":{"@id":"https:\/\/www.istegroup.com\/produit\/rayonnement-synchrotron-patrimoine-culturel-biomineralisation\/#primaryimage"},"thumbnailUrl":"https:\/\/www.istegroup.com\/wp-content\/uploads\/2019\/11\/199_Rayonnement-synchrotron-patrimoine-culturel-biomineralisation.jpeg","datePublished":"2025-06-20T09:05:22+00:00","dateModified":"2025-07-07T10:12:39+00:00","description":"Rayonnement synchrotron, patrimoine culturel, biomin\u00e9ralisation pr\u00e9sente les principes fondamentaux du rayonnement synchrotron et couvre les techniques reposant sur la spectroscopie, l\u2019imagerie et la diffraction des rayons X.","breadcrumb":{"@id":"https:\/\/www.istegroup.com\/produit\/rayonnement-synchrotron-patrimoine-culturel-biomineralisation\/#breadcrumb"},"inLanguage":"en-US","potentialAction":[{"@type":"ReadAction","target":["https:\/\/www.istegroup.com\/produit\/rayonnement-synchrotron-patrimoine-culturel-biomineralisation\/"]}]},{"@type":"ImageObject","inLanguage":"en-US","@id":"https:\/\/www.istegroup.com\/produit\/rayonnement-synchrotron-patrimoine-culturel-biomineralisation\/#primaryimage","url":"https:\/\/www.istegroup.com\/wp-content\/uploads\/2019\/11\/199_Rayonnement-synchrotron-patrimoine-culturel-biomineralisation.jpeg","contentUrl":"https:\/\/www.istegroup.com\/wp-content\/uploads\/2019\/11\/199_Rayonnement-synchrotron-patrimoine-culturel-biomineralisation.jpeg","width":300,"height":450},{"@type":"BreadcrumbList","@id":"https:\/\/www.istegroup.com\/produit\/rayonnement-synchrotron-patrimoine-culturel-biomineralisation\/#breadcrumb","itemListElement":[{"@type":"ListItem","position":1,"name":"Home","item":"https:\/\/www.istegroup.com\/"},{"@type":"ListItem","position":2,"name":"Shop","item":"https:\/\/www.istegroup.com\/fr\/nouveautes\/"},{"@type":"ListItem","position":3,"name":"Rayonnement synchrotron, patrimoine culturel, biomin\u00e9ralisation"}]},{"@type":"WebSite","@id":"https:\/\/www.istegroup.com\/#website","url":"https:\/\/www.istegroup.com\/","name":"ISTE Group","description":"Publishing Knowledge","potentialAction":[{"@type":"SearchAction","target":{"@type":"EntryPoint","urlTemplate":"https:\/\/www.istegroup.com\/?s={search_term_string}"},"query-input":{"@type":"PropertyValueSpecification","valueRequired":true,"valueName":"search_term_string"}}],"inLanguage":"en-US"}]}},"_links":{"self":[{"href":"https:\/\/www.istegroup.com\/en\/wp-json\/wp\/v2\/product\/24031","targetHints":{"allow":["GET"]}}],"collection":[{"href":"https:\/\/www.istegroup.com\/en\/wp-json\/wp\/v2\/product"}],"about":[{"href":"https:\/\/www.istegroup.com\/en\/wp-json\/wp\/v2\/types\/product"}],"wp:featuredmedia":[{"embeddable":true,"href":"https:\/\/www.istegroup.com\/en\/wp-json\/wp\/v2\/media\/60690"}],"wp:attachment":[{"href":"https:\/\/www.istegroup.com\/en\/wp-json\/wp\/v2\/media?parent=24031"}],"wp:term":[{"taxonomy":"product_brand","embeddable":true,"href":"https:\/\/www.istegroup.com\/en\/wp-json\/wp\/v2\/product_brand?post=24031"},{"taxonomy":"product_cat","embeddable":true,"href":"https:\/\/www.istegroup.com\/en\/wp-json\/wp\/v2\/product_cat?post=24031"},{"taxonomy":"product_tag","embeddable":true,"href":"https:\/\/www.istegroup.com\/en\/wp-json\/wp\/v2\/product_tag?post=24031"}],"curies":[{"name":"wp","href":"https:\/\/api.w.org\/{rel}","templated":true}]}}