{"id":23941,"date":"2025-09-18T15:44:40","date_gmt":"2025-09-18T14:44:40","guid":{"rendered":"https:\/\/www.istegroup.com\/?post_type=product&#038;p=23941"},"modified":"2025-10-22T13:29:11","modified_gmt":"2025-10-22T12:29:11","slug":"algebre-et-applications-2","status":"publish","type":"product","link":"https:\/\/www.istegroup.com\/en\/produit\/algebre-et-applications-2\/","title":{"rendered":"Alg\u00e8bre et applications 2"},"content":{"rendered":"<p><em>Alg\u00e8bre et applications 2<\/em> expose les th\u00e9ories de base sur les alg\u00e8bres non associatives, les op\u00e9rades et les alg\u00e8bres de Hopf (combinatoires) et le r\u00f4le grandissant qu\u2019elles jouent dans de nombreux domaines.<\/p>\n<p>Il analyse \u00e9galement une grande vari\u00e9t\u00e9 de structures alg\u00e9briques, telles que les structures non associatives dans les int\u00e9grales it\u00e9r\u00e9es, le calcul chronologique, les \u00e9quations diff\u00e9rentielles, les m\u00e9thodes num\u00e9riques, la th\u00e9orie du contr\u00f4le, les fonctions sym\u00e9triques non commutatives, les groupes de Butcher, les alg\u00e8bres chronologiques, les d\u00e9veloppements de Magnus et les alg\u00e8bres de Rota-Baxter.<\/p>\n<p>Cette \u00e9tude pr\u00e9sente \u00e0 la fois les bases th\u00e9oriques, accessibles aux \u00e9tudiants de master et aux jeunes chercheurs, ainsi que des r\u00e9sultats r\u00e9cents, des applications, les tendances actuelles et des perspectives de recherche.<\/p>\n","protected":false},"excerpt":{"rendered":"<p>Alg\u00e8bre et applications 2 expose les th\u00e9ories de base sur les alg\u00e8bres non associatives, les op\u00e9rades et les alg\u00e8bres de Hopf (combinatoires) et le r\u00f4le grandissant qu\u2019elles jouent dans de nombreux domaines. Il analyse \u00e9galement une grande vari\u00e9t\u00e9 de structures alg\u00e9briques, telles que les structures non associatives dans les int\u00e9grales it\u00e9r\u00e9es, le calcul chronologique, les [&hellip;]<\/p>\n","protected":false},"featured_media":61566,"template":"","meta":{"_acf_changed":false,"_links_to":"","_links_to_target":""},"product_brand":[],"product_cat":[4289],"product_tag":[],"class_list":{"0":"post-23941","1":"product","2":"type-product","3":"status-publish","4":"has-post-thumbnail","6":"product_cat-sciences","8":"first","9":"instock","10":"shipping-taxable","11":"purchasable","12":"product-type-variable"},"acf":[],"yoast_head":"<!-- This site is optimized with the Yoast SEO plugin v27.2 - https:\/\/yoast.com\/product\/yoast-seo-wordpress\/ -->\n<title>Alg\u00e8bre et applications 2 - ISTE Group<\/title>\n<meta name=\"description\" content=\"Alg\u00e8bre et applications 2 expose les th\u00e9ories de base sur les alg\u00e8bres non associatives, les op\u00e9rades et les alg\u00e8bres de Hopf et le r\u00f4le grandissant qu\u2019elles jouent dans de nombreux domaines.\" \/>\n<meta name=\"robots\" content=\"index, follow, max-snippet:-1, max-image-preview:large, max-video-preview:-1\" \/>\n<link rel=\"canonical\" href=\"https:\/\/www.istegroup.com\/produit\/algebre-et-applications-2\/\" \/>\n<meta property=\"og:locale\" content=\"en_US\" \/>\n<meta property=\"og:type\" content=\"article\" \/>\n<meta property=\"og:title\" content=\"Alg\u00e8bre et applications 2 - ISTE Group\" \/>\n<meta property=\"og:description\" content=\"Alg\u00e8bre et applications 2 expose les th\u00e9ories de base sur les alg\u00e8bres non associatives, les op\u00e9rades et les alg\u00e8bres de Hopf et le r\u00f4le grandissant qu\u2019elles jouent dans de nombreux domaines.\" \/>\n<meta property=\"og:url\" content=\"https:\/\/www.istegroup.com\/produit\/algebre-et-applications-2\/\" \/>\n<meta property=\"og:site_name\" content=\"ISTE Group\" \/>\n<meta property=\"article:modified_time\" content=\"2025-10-22T12:29:11+00:00\" \/>\n<meta property=\"og:image\" content=\"https:\/\/www.istegroup.com\/wp-content\/uploads\/2019\/11\/Algebre-et-applications-2.jpg\" \/>\n\t<meta property=\"og:image:width\" content=\"300\" \/>\n\t<meta property=\"og:image:height\" content=\"450\" \/>\n\t<meta property=\"og:image:type\" content=\"image\/jpeg\" \/>\n<meta name=\"twitter:card\" content=\"summary_large_image\" \/>\n<meta name=\"twitter:label1\" content=\"Est. reading time\" \/>\n\t<meta name=\"twitter:data1\" content=\"1 minute\" \/>\n<script type=\"application\/ld+json\" class=\"yoast-schema-graph\">{\"@context\":\"https:\/\/schema.org\",\"@graph\":[{\"@type\":\"WebPage\",\"@id\":\"https:\/\/www.istegroup.com\/produit\/algebre-et-applications-2\/\",\"url\":\"https:\/\/www.istegroup.com\/produit\/algebre-et-applications-2\/\",\"name\":\"Alg\u00e8bre et applications 2 - ISTE Group\",\"isPartOf\":{\"@id\":\"https:\/\/www.istegroup.com\/#website\"},\"primaryImageOfPage\":{\"@id\":\"https:\/\/www.istegroup.com\/produit\/algebre-et-applications-2\/#primaryimage\"},\"image\":{\"@id\":\"https:\/\/www.istegroup.com\/produit\/algebre-et-applications-2\/#primaryimage\"},\"thumbnailUrl\":\"https:\/\/www.istegroup.com\/wp-content\/uploads\/2019\/11\/Algebre-et-applications-2.jpg\",\"datePublished\":\"2025-09-18T14:44:40+00:00\",\"dateModified\":\"2025-10-22T12:29:11+00:00\",\"description\":\"Alg\u00e8bre et applications 2 expose les th\u00e9ories de base sur les alg\u00e8bres non associatives, les op\u00e9rades et les alg\u00e8bres de Hopf et le r\u00f4le grandissant qu\u2019elles jouent dans de nombreux domaines.\",\"breadcrumb\":{\"@id\":\"https:\/\/www.istegroup.com\/produit\/algebre-et-applications-2\/#breadcrumb\"},\"inLanguage\":\"en-US\",\"potentialAction\":[{\"@type\":\"ReadAction\",\"target\":[\"https:\/\/www.istegroup.com\/produit\/algebre-et-applications-2\/\"]}]},{\"@type\":\"ImageObject\",\"inLanguage\":\"en-US\",\"@id\":\"https:\/\/www.istegroup.com\/produit\/algebre-et-applications-2\/#primaryimage\",\"url\":\"https:\/\/www.istegroup.com\/wp-content\/uploads\/2019\/11\/Algebre-et-applications-2.jpg\",\"contentUrl\":\"https:\/\/www.istegroup.com\/wp-content\/uploads\/2019\/11\/Algebre-et-applications-2.jpg\",\"width\":300,\"height\":450},{\"@type\":\"BreadcrumbList\",\"@id\":\"https:\/\/www.istegroup.com\/produit\/algebre-et-applications-2\/#breadcrumb\",\"itemListElement\":[{\"@type\":\"ListItem\",\"position\":1,\"name\":\"Home\",\"item\":\"https:\/\/www.istegroup.com\/\"},{\"@type\":\"ListItem\",\"position\":2,\"name\":\"Shop\",\"item\":\"https:\/\/www.istegroup.com\/fr\/nouveautes\/\"},{\"@type\":\"ListItem\",\"position\":3,\"name\":\"Alg\u00e8bre et applications 2\"}]},{\"@type\":\"WebSite\",\"@id\":\"https:\/\/www.istegroup.com\/#website\",\"url\":\"https:\/\/www.istegroup.com\/\",\"name\":\"ISTE Group\",\"description\":\"Publishing Knowledge\",\"potentialAction\":[{\"@type\":\"SearchAction\",\"target\":{\"@type\":\"EntryPoint\",\"urlTemplate\":\"https:\/\/www.istegroup.com\/?s={search_term_string}\"},\"query-input\":{\"@type\":\"PropertyValueSpecification\",\"valueRequired\":true,\"valueName\":\"search_term_string\"}}],\"inLanguage\":\"en-US\"}]}<\/script>\n<!-- \/ Yoast SEO plugin. -->","yoast_head_json":{"title":"Alg\u00e8bre et applications 2 - ISTE Group","description":"Alg\u00e8bre et applications 2 expose les th\u00e9ories de base sur les alg\u00e8bres non associatives, les op\u00e9rades et les alg\u00e8bres de Hopf et le r\u00f4le grandissant qu\u2019elles jouent dans de nombreux domaines.","robots":{"index":"index","follow":"follow","max-snippet":"max-snippet:-1","max-image-preview":"max-image-preview:large","max-video-preview":"max-video-preview:-1"},"canonical":"https:\/\/www.istegroup.com\/produit\/algebre-et-applications-2\/","og_locale":"en_US","og_type":"article","og_title":"Alg\u00e8bre et applications 2 - ISTE Group","og_description":"Alg\u00e8bre et applications 2 expose les th\u00e9ories de base sur les alg\u00e8bres non associatives, les op\u00e9rades et les alg\u00e8bres de Hopf et le r\u00f4le grandissant qu\u2019elles jouent dans de nombreux domaines.","og_url":"https:\/\/www.istegroup.com\/produit\/algebre-et-applications-2\/","og_site_name":"ISTE Group","article_modified_time":"2025-10-22T12:29:11+00:00","og_image":[{"width":300,"height":450,"url":"https:\/\/www.istegroup.com\/wp-content\/uploads\/2019\/11\/Algebre-et-applications-2.jpg","type":"image\/jpeg"}],"twitter_card":"summary_large_image","twitter_misc":{"Est. reading time":"1 minute"},"schema":{"@context":"https:\/\/schema.org","@graph":[{"@type":"WebPage","@id":"https:\/\/www.istegroup.com\/produit\/algebre-et-applications-2\/","url":"https:\/\/www.istegroup.com\/produit\/algebre-et-applications-2\/","name":"Alg\u00e8bre et applications 2 - ISTE Group","isPartOf":{"@id":"https:\/\/www.istegroup.com\/#website"},"primaryImageOfPage":{"@id":"https:\/\/www.istegroup.com\/produit\/algebre-et-applications-2\/#primaryimage"},"image":{"@id":"https:\/\/www.istegroup.com\/produit\/algebre-et-applications-2\/#primaryimage"},"thumbnailUrl":"https:\/\/www.istegroup.com\/wp-content\/uploads\/2019\/11\/Algebre-et-applications-2.jpg","datePublished":"2025-09-18T14:44:40+00:00","dateModified":"2025-10-22T12:29:11+00:00","description":"Alg\u00e8bre et applications 2 expose les th\u00e9ories de base sur les alg\u00e8bres non associatives, les op\u00e9rades et les alg\u00e8bres de Hopf et le r\u00f4le grandissant qu\u2019elles jouent dans de nombreux domaines.","breadcrumb":{"@id":"https:\/\/www.istegroup.com\/produit\/algebre-et-applications-2\/#breadcrumb"},"inLanguage":"en-US","potentialAction":[{"@type":"ReadAction","target":["https:\/\/www.istegroup.com\/produit\/algebre-et-applications-2\/"]}]},{"@type":"ImageObject","inLanguage":"en-US","@id":"https:\/\/www.istegroup.com\/produit\/algebre-et-applications-2\/#primaryimage","url":"https:\/\/www.istegroup.com\/wp-content\/uploads\/2019\/11\/Algebre-et-applications-2.jpg","contentUrl":"https:\/\/www.istegroup.com\/wp-content\/uploads\/2019\/11\/Algebre-et-applications-2.jpg","width":300,"height":450},{"@type":"BreadcrumbList","@id":"https:\/\/www.istegroup.com\/produit\/algebre-et-applications-2\/#breadcrumb","itemListElement":[{"@type":"ListItem","position":1,"name":"Home","item":"https:\/\/www.istegroup.com\/"},{"@type":"ListItem","position":2,"name":"Shop","item":"https:\/\/www.istegroup.com\/fr\/nouveautes\/"},{"@type":"ListItem","position":3,"name":"Alg\u00e8bre et applications 2"}]},{"@type":"WebSite","@id":"https:\/\/www.istegroup.com\/#website","url":"https:\/\/www.istegroup.com\/","name":"ISTE Group","description":"Publishing Knowledge","potentialAction":[{"@type":"SearchAction","target":{"@type":"EntryPoint","urlTemplate":"https:\/\/www.istegroup.com\/?s={search_term_string}"},"query-input":{"@type":"PropertyValueSpecification","valueRequired":true,"valueName":"search_term_string"}}],"inLanguage":"en-US"}]}},"_links":{"self":[{"href":"https:\/\/www.istegroup.com\/en\/wp-json\/wp\/v2\/product\/23941","targetHints":{"allow":["GET"]}}],"collection":[{"href":"https:\/\/www.istegroup.com\/en\/wp-json\/wp\/v2\/product"}],"about":[{"href":"https:\/\/www.istegroup.com\/en\/wp-json\/wp\/v2\/types\/product"}],"wp:featuredmedia":[{"embeddable":true,"href":"https:\/\/www.istegroup.com\/en\/wp-json\/wp\/v2\/media\/61566"}],"wp:attachment":[{"href":"https:\/\/www.istegroup.com\/en\/wp-json\/wp\/v2\/media?parent=23941"}],"wp:term":[{"taxonomy":"product_brand","embeddable":true,"href":"https:\/\/www.istegroup.com\/en\/wp-json\/wp\/v2\/product_brand?post=23941"},{"taxonomy":"product_cat","embeddable":true,"href":"https:\/\/www.istegroup.com\/en\/wp-json\/wp\/v2\/product_cat?post=23941"},{"taxonomy":"product_tag","embeddable":true,"href":"https:\/\/www.istegroup.com\/en\/wp-json\/wp\/v2\/product_tag?post=23941"}],"curies":[{"name":"wp","href":"https:\/\/api.w.org\/{rel}","templated":true}]}}