{"id":23916,"date":"2023-07-11T14:55:28","date_gmt":"2023-07-11T13:55:28","guid":{"rendered":"https:\/\/www.istegroup.com\/?post_type=product&#038;p=23916"},"modified":"2025-01-03T11:08:29","modified_gmt":"2025-01-03T11:08:29","slug":"des-sequences-aux-graphes","status":"publish","type":"product","link":"https:\/\/www.istegroup.com\/en\/produit\/des-sequences-aux-graphes\/","title":{"rendered":"Des s\u00e9quences aux graphes"},"content":{"rendered":"<p class=\"qtranxs-available-languages-message qtranxs-available-languages-message-en\">Sorry, this entry is only available in <a href=\"https:\/\/www.istegroup.com\/fr\/wp-json\/wp\/v2\/product\/23916\" class=\"qtranxs-available-language-link qtranxs-available-language-link-fr\" title=\"FR\">FR<\/a>.<\/p>","protected":false},"excerpt":{"rendered":"<p>Sorry, this entry is only available in FR.<\/p>\n","protected":false},"featured_media":52368,"template":"","meta":{"_acf_changed":false,"_links_to":"","_links_to_target":""},"product_brand":[],"product_cat":[4289],"product_tag":[],"class_list":{"0":"post-23916","1":"product","2":"type-product","3":"status-publish","4":"has-post-thumbnail","6":"product_cat-sciences","8":"first","9":"instock","10":"shipping-taxable","11":"purchasable","12":"product-type-variable"},"acf":[],"yoast_head":"<!-- This site is optimized with the Yoast SEO plugin v27.2 - https:\/\/yoast.com\/product\/yoast-seo-wordpress\/ -->\n<title>Des s\u00e9quences aux graphes - ISTE Group<\/title>\n<meta name=\"description\" content=\"Des s\u00e9quences aux graphes examine comment rechercher rapidement une s\u00e9quence de quelques centaines de nucl\u00e9otides dans un g\u00e9nome qui peut en faire quelques milliards, et comment comparer des s\u00e9quences entre elles et reconstituer la s\u00e9quence compl\u00e8te d\u2019un g\u00e9nome.\" \/>\n<meta name=\"robots\" content=\"index, follow, max-snippet:-1, max-image-preview:large, max-video-preview:-1\" \/>\n<link rel=\"canonical\" href=\"https:\/\/www.istegroup.com\/fr\/produit\/des-sequences-aux-graphes\/\" \/>\n<meta property=\"og:locale\" content=\"en_US\" \/>\n<meta property=\"og:type\" content=\"article\" \/>\n<meta property=\"og:title\" content=\"Des s\u00e9quences aux graphes - ISTE Group\" \/>\n<meta property=\"og:description\" content=\"Des s\u00e9quences aux graphes examine comment rechercher rapidement une s\u00e9quence de quelques centaines de nucl\u00e9otides dans un g\u00e9nome qui peut en faire quelques milliards, et comment comparer des s\u00e9quences entre elles et reconstituer la s\u00e9quence compl\u00e8te d\u2019un g\u00e9nome.\" \/>\n<meta property=\"og:url\" content=\"https:\/\/www.istegroup.com\/fr\/produit\/des-sequences-aux-graphes\/\" \/>\n<meta property=\"og:site_name\" content=\"ISTE Group\" \/>\n<meta property=\"article:modified_time\" content=\"2025-01-03T11:08:29+00:00\" \/>\n<meta property=\"og:image\" content=\"https:\/\/www.istegroup.com\/wp-content\/uploads\/2023\/07\/Chateau_couv_300x450-1.jpg\" \/>\n\t<meta property=\"og:image:width\" content=\"300\" \/>\n\t<meta property=\"og:image:height\" content=\"450\" \/>\n\t<meta property=\"og:image:type\" content=\"image\/jpeg\" \/>\n<meta name=\"twitter:card\" content=\"summary_large_image\" \/>\n<meta name=\"twitter:label1\" content=\"Est. reading time\" \/>\n\t<meta name=\"twitter:data1\" content=\"1 minute\" \/>\n<script type=\"application\/ld+json\" class=\"yoast-schema-graph\">{\"@context\":\"https:\/\/schema.org\",\"@graph\":[{\"@type\":\"WebPage\",\"@id\":\"https:\/\/www.istegroup.com\/fr\/produit\/des-sequences-aux-graphes\/\",\"url\":\"https:\/\/www.istegroup.com\/fr\/produit\/des-sequences-aux-graphes\/\",\"name\":\"Des s\u00e9quences aux graphes - ISTE Group\",\"isPartOf\":{\"@id\":\"https:\/\/www.istegroup.com\/#website\"},\"primaryImageOfPage\":{\"@id\":\"https:\/\/www.istegroup.com\/fr\/produit\/des-sequences-aux-graphes\/#primaryimage\"},\"image\":{\"@id\":\"https:\/\/www.istegroup.com\/fr\/produit\/des-sequences-aux-graphes\/#primaryimage\"},\"thumbnailUrl\":\"https:\/\/www.istegroup.com\/wp-content\/uploads\/2023\/07\/Chateau_couv_300x450-1.jpg\",\"datePublished\":\"2023-07-11T13:55:28+00:00\",\"dateModified\":\"2025-01-03T11:08:29+00:00\",\"description\":\"Des s\u00e9quences aux graphes examine comment rechercher rapidement une s\u00e9quence de quelques centaines de nucl\u00e9otides dans un g\u00e9nome qui peut en faire quelques milliards, et comment comparer des s\u00e9quences entre elles et reconstituer la s\u00e9quence compl\u00e8te d\u2019un g\u00e9nome.\",\"breadcrumb\":{\"@id\":\"https:\/\/www.istegroup.com\/fr\/produit\/des-sequences-aux-graphes\/#breadcrumb\"},\"inLanguage\":\"en-US\",\"potentialAction\":[{\"@type\":\"ReadAction\",\"target\":[\"https:\/\/www.istegroup.com\/fr\/produit\/des-sequences-aux-graphes\/\"]}]},{\"@type\":\"ImageObject\",\"inLanguage\":\"en-US\",\"@id\":\"https:\/\/www.istegroup.com\/fr\/produit\/des-sequences-aux-graphes\/#primaryimage\",\"url\":\"https:\/\/www.istegroup.com\/wp-content\/uploads\/2023\/07\/Chateau_couv_300x450-1.jpg\",\"contentUrl\":\"https:\/\/www.istegroup.com\/wp-content\/uploads\/2023\/07\/Chateau_couv_300x450-1.jpg\",\"width\":300,\"height\":450},{\"@type\":\"BreadcrumbList\",\"@id\":\"https:\/\/www.istegroup.com\/fr\/produit\/des-sequences-aux-graphes\/#breadcrumb\",\"itemListElement\":[{\"@type\":\"ListItem\",\"position\":1,\"name\":\"Home\",\"item\":\"https:\/\/www.istegroup.com\/\"},{\"@type\":\"ListItem\",\"position\":2,\"name\":\"Shop\",\"item\":\"https:\/\/www.istegroup.com\/fr\/nouveautes\/\"},{\"@type\":\"ListItem\",\"position\":3,\"name\":\"Des s\u00e9quences aux graphes\"}]},{\"@type\":\"WebSite\",\"@id\":\"https:\/\/www.istegroup.com\/#website\",\"url\":\"https:\/\/www.istegroup.com\/\",\"name\":\"ISTE Group\",\"description\":\"Publishing Knowledge\",\"potentialAction\":[{\"@type\":\"SearchAction\",\"target\":{\"@type\":\"EntryPoint\",\"urlTemplate\":\"https:\/\/www.istegroup.com\/?s={search_term_string}\"},\"query-input\":{\"@type\":\"PropertyValueSpecification\",\"valueRequired\":true,\"valueName\":\"search_term_string\"}}],\"inLanguage\":\"en-US\"}]}<\/script>\n<!-- \/ Yoast SEO plugin. -->","yoast_head_json":{"title":"Des s\u00e9quences aux graphes - ISTE Group","description":"Des s\u00e9quences aux graphes examine comment rechercher rapidement une s\u00e9quence de quelques centaines de nucl\u00e9otides dans un g\u00e9nome qui peut en faire quelques milliards, et comment comparer des s\u00e9quences entre elles et reconstituer la s\u00e9quence compl\u00e8te d\u2019un g\u00e9nome.","robots":{"index":"index","follow":"follow","max-snippet":"max-snippet:-1","max-image-preview":"max-image-preview:large","max-video-preview":"max-video-preview:-1"},"canonical":"https:\/\/www.istegroup.com\/fr\/produit\/des-sequences-aux-graphes\/","og_locale":"en_US","og_type":"article","og_title":"Des s\u00e9quences aux graphes - ISTE Group","og_description":"Des s\u00e9quences aux graphes examine comment rechercher rapidement une s\u00e9quence de quelques centaines de nucl\u00e9otides dans un g\u00e9nome qui peut en faire quelques milliards, et comment comparer des s\u00e9quences entre elles et reconstituer la s\u00e9quence compl\u00e8te d\u2019un g\u00e9nome.","og_url":"https:\/\/www.istegroup.com\/fr\/produit\/des-sequences-aux-graphes\/","og_site_name":"ISTE Group","article_modified_time":"2025-01-03T11:08:29+00:00","og_image":[{"width":300,"height":450,"url":"https:\/\/www.istegroup.com\/wp-content\/uploads\/2023\/07\/Chateau_couv_300x450-1.jpg","type":"image\/jpeg"}],"twitter_card":"summary_large_image","twitter_misc":{"Est. reading time":"1 minute"},"schema":{"@context":"https:\/\/schema.org","@graph":[{"@type":"WebPage","@id":"https:\/\/www.istegroup.com\/fr\/produit\/des-sequences-aux-graphes\/","url":"https:\/\/www.istegroup.com\/fr\/produit\/des-sequences-aux-graphes\/","name":"Des s\u00e9quences aux graphes - ISTE Group","isPartOf":{"@id":"https:\/\/www.istegroup.com\/#website"},"primaryImageOfPage":{"@id":"https:\/\/www.istegroup.com\/fr\/produit\/des-sequences-aux-graphes\/#primaryimage"},"image":{"@id":"https:\/\/www.istegroup.com\/fr\/produit\/des-sequences-aux-graphes\/#primaryimage"},"thumbnailUrl":"https:\/\/www.istegroup.com\/wp-content\/uploads\/2023\/07\/Chateau_couv_300x450-1.jpg","datePublished":"2023-07-11T13:55:28+00:00","dateModified":"2025-01-03T11:08:29+00:00","description":"Des s\u00e9quences aux graphes examine comment rechercher rapidement une s\u00e9quence de quelques centaines de nucl\u00e9otides dans un g\u00e9nome qui peut en faire quelques milliards, et comment comparer des s\u00e9quences entre elles et reconstituer la s\u00e9quence compl\u00e8te d\u2019un g\u00e9nome.","breadcrumb":{"@id":"https:\/\/www.istegroup.com\/fr\/produit\/des-sequences-aux-graphes\/#breadcrumb"},"inLanguage":"en-US","potentialAction":[{"@type":"ReadAction","target":["https:\/\/www.istegroup.com\/fr\/produit\/des-sequences-aux-graphes\/"]}]},{"@type":"ImageObject","inLanguage":"en-US","@id":"https:\/\/www.istegroup.com\/fr\/produit\/des-sequences-aux-graphes\/#primaryimage","url":"https:\/\/www.istegroup.com\/wp-content\/uploads\/2023\/07\/Chateau_couv_300x450-1.jpg","contentUrl":"https:\/\/www.istegroup.com\/wp-content\/uploads\/2023\/07\/Chateau_couv_300x450-1.jpg","width":300,"height":450},{"@type":"BreadcrumbList","@id":"https:\/\/www.istegroup.com\/fr\/produit\/des-sequences-aux-graphes\/#breadcrumb","itemListElement":[{"@type":"ListItem","position":1,"name":"Home","item":"https:\/\/www.istegroup.com\/"},{"@type":"ListItem","position":2,"name":"Shop","item":"https:\/\/www.istegroup.com\/fr\/nouveautes\/"},{"@type":"ListItem","position":3,"name":"Des s\u00e9quences aux graphes"}]},{"@type":"WebSite","@id":"https:\/\/www.istegroup.com\/#website","url":"https:\/\/www.istegroup.com\/","name":"ISTE Group","description":"Publishing Knowledge","potentialAction":[{"@type":"SearchAction","target":{"@type":"EntryPoint","urlTemplate":"https:\/\/www.istegroup.com\/?s={search_term_string}"},"query-input":{"@type":"PropertyValueSpecification","valueRequired":true,"valueName":"search_term_string"}}],"inLanguage":"en-US"}]}},"_links":{"self":[{"href":"https:\/\/www.istegroup.com\/en\/wp-json\/wp\/v2\/product\/23916","targetHints":{"allow":["GET"]}}],"collection":[{"href":"https:\/\/www.istegroup.com\/en\/wp-json\/wp\/v2\/product"}],"about":[{"href":"https:\/\/www.istegroup.com\/en\/wp-json\/wp\/v2\/types\/product"}],"wp:featuredmedia":[{"embeddable":true,"href":"https:\/\/www.istegroup.com\/en\/wp-json\/wp\/v2\/media\/52368"}],"wp:attachment":[{"href":"https:\/\/www.istegroup.com\/en\/wp-json\/wp\/v2\/media?parent=23916"}],"wp:term":[{"taxonomy":"product_brand","embeddable":true,"href":"https:\/\/www.istegroup.com\/en\/wp-json\/wp\/v2\/product_brand?post=23916"},{"taxonomy":"product_cat","embeddable":true,"href":"https:\/\/www.istegroup.com\/en\/wp-json\/wp\/v2\/product_cat?post=23916"},{"taxonomy":"product_tag","embeddable":true,"href":"https:\/\/www.istegroup.com\/en\/wp-json\/wp\/v2\/product_tag?post=23916"}],"curies":[{"name":"wp","href":"https:\/\/api.w.org\/{rel}","templated":true}]}}