{"id":23915,"date":"2022-07-05T10:03:24","date_gmt":"2022-07-05T09:03:24","guid":{"rendered":"https:\/\/www.istegroup.com\/?post_type=product&#038;p=23915"},"modified":"2025-01-03T11:59:11","modified_gmt":"2025-01-03T11:59:11","slug":"modeles-et-methodes-pour-levolution-biologique","status":"publish","type":"product","link":"https:\/\/www.istegroup.com\/en\/produit\/modeles-et-methodes-pour-levolution-biologique\/","title":{"rendered":"Mod\u00e8les et m\u00e9thodes pour l&#8217;\u00e9volution biologique"},"content":{"rendered":"<p class=\"qtranxs-available-languages-message qtranxs-available-languages-message-en\">Sorry, this entry is only available in <a href=\"https:\/\/www.istegroup.com\/fr\/wp-json\/wp\/v2\/product\/23915\" class=\"qtranxs-available-language-link qtranxs-available-language-link-fr\" title=\"FR\">FR<\/a>.<\/p>","protected":false},"excerpt":{"rendered":"<p>Sorry, this entry is only available in FR.<\/p>\n","protected":false},"featured_media":47022,"template":"","meta":{"_acf_changed":false,"_links_to":"","_links_to_target":""},"product_brand":[],"product_cat":[4289],"product_tag":[],"class_list":{"0":"post-23915","1":"product","2":"type-product","3":"status-publish","4":"has-post-thumbnail","6":"product_cat-sciences","8":"first","9":"instock","10":"shipping-taxable","11":"purchasable","12":"product-type-variable"},"acf":[],"yoast_head":"<!-- This site is optimized with the Yoast SEO plugin v27.2 - https:\/\/yoast.com\/product\/yoast-seo-wordpress\/ -->\n<title>Mod\u00e8les et m\u00e9thodes pour l&#039;\u00e9volution biologique - ISTE Group<\/title>\n<meta name=\"description\" content=\"Mod\u00e8les et m\u00e9thodes pour l\u2019\u00e9volution biologique expose les principales m\u00e9thodes utilis\u00e9es pour \u00e9tudier l\u2019\u00e9volution et offre un large panorama illustrant la vari\u00e9t\u00e9 des approches formelles mises en oeuvre notamment dans l\u2019optimisation combinatoire, les mod\u00e8les stochastiques, l\u2019inf\u00e9rence statistique, l\u2019\u00e9chantillonnage par Monte-Carlo.\" \/>\n<meta name=\"robots\" content=\"index, follow, max-snippet:-1, max-image-preview:large, max-video-preview:-1\" \/>\n<link rel=\"canonical\" href=\"https:\/\/www.istegroup.com\/fr\/produit\/modeles-et-methodes-pour-levolution-biologique\/\" \/>\n<meta property=\"og:locale\" content=\"en_US\" \/>\n<meta property=\"og:type\" content=\"article\" \/>\n<meta property=\"og:title\" content=\"Mod\u00e8les et m\u00e9thodes pour l&#039;\u00e9volution biologique - ISTE Group\" \/>\n<meta property=\"og:description\" content=\"Mod\u00e8les et m\u00e9thodes pour l\u2019\u00e9volution biologique expose les principales m\u00e9thodes utilis\u00e9es pour \u00e9tudier l\u2019\u00e9volution et offre un large panorama illustrant la vari\u00e9t\u00e9 des approches formelles mises en oeuvre notamment dans l\u2019optimisation combinatoire, les mod\u00e8les stochastiques, l\u2019inf\u00e9rence statistique, l\u2019\u00e9chantillonnage par Monte-Carlo.\" \/>\n<meta property=\"og:url\" content=\"https:\/\/www.istegroup.com\/fr\/produit\/modeles-et-methodes-pour-levolution-biologique\/\" \/>\n<meta property=\"og:site_name\" content=\"ISTE Group\" \/>\n<meta property=\"article:modified_time\" content=\"2025-01-03T11:59:11+00:00\" \/>\n<meta property=\"og:image\" content=\"https:\/\/www.istegroup.com\/wp-content\/uploads\/2022\/06\/Modeles-et-methodes-pour-levolution-biologique.jpeg\" \/>\n\t<meta property=\"og:image:width\" content=\"300\" \/>\n\t<meta property=\"og:image:height\" content=\"450\" \/>\n\t<meta property=\"og:image:type\" content=\"image\/jpeg\" \/>\n<meta name=\"twitter:card\" content=\"summary_large_image\" \/>\n<meta name=\"twitter:label1\" content=\"Est. reading time\" \/>\n\t<meta name=\"twitter:data1\" content=\"1 minute\" \/>\n<script type=\"application\/ld+json\" class=\"yoast-schema-graph\">{\"@context\":\"https:\/\/schema.org\",\"@graph\":[{\"@type\":\"WebPage\",\"@id\":\"https:\/\/www.istegroup.com\/fr\/produit\/modeles-et-methodes-pour-levolution-biologique\/\",\"url\":\"https:\/\/www.istegroup.com\/fr\/produit\/modeles-et-methodes-pour-levolution-biologique\/\",\"name\":\"Mod\u00e8les et m\u00e9thodes pour l'\u00e9volution biologique - ISTE Group\",\"isPartOf\":{\"@id\":\"https:\/\/www.istegroup.com\/#website\"},\"primaryImageOfPage\":{\"@id\":\"https:\/\/www.istegroup.com\/fr\/produit\/modeles-et-methodes-pour-levolution-biologique\/#primaryimage\"},\"image\":{\"@id\":\"https:\/\/www.istegroup.com\/fr\/produit\/modeles-et-methodes-pour-levolution-biologique\/#primaryimage\"},\"thumbnailUrl\":\"https:\/\/www.istegroup.com\/wp-content\/uploads\/2022\/06\/Modeles-et-methodes-pour-levolution-biologique.jpeg\",\"datePublished\":\"2022-07-05T09:03:24+00:00\",\"dateModified\":\"2025-01-03T11:59:11+00:00\",\"description\":\"Mod\u00e8les et m\u00e9thodes pour l\u2019\u00e9volution biologique expose les principales m\u00e9thodes utilis\u00e9es pour \u00e9tudier l\u2019\u00e9volution et offre un large panorama illustrant la vari\u00e9t\u00e9 des approches formelles mises en oeuvre notamment dans l\u2019optimisation combinatoire, les mod\u00e8les stochastiques, l\u2019inf\u00e9rence statistique, l\u2019\u00e9chantillonnage par Monte-Carlo.\",\"breadcrumb\":{\"@id\":\"https:\/\/www.istegroup.com\/fr\/produit\/modeles-et-methodes-pour-levolution-biologique\/#breadcrumb\"},\"inLanguage\":\"en-US\",\"potentialAction\":[{\"@type\":\"ReadAction\",\"target\":[\"https:\/\/www.istegroup.com\/fr\/produit\/modeles-et-methodes-pour-levolution-biologique\/\"]}]},{\"@type\":\"ImageObject\",\"inLanguage\":\"en-US\",\"@id\":\"https:\/\/www.istegroup.com\/fr\/produit\/modeles-et-methodes-pour-levolution-biologique\/#primaryimage\",\"url\":\"https:\/\/www.istegroup.com\/wp-content\/uploads\/2022\/06\/Modeles-et-methodes-pour-levolution-biologique.jpeg\",\"contentUrl\":\"https:\/\/www.istegroup.com\/wp-content\/uploads\/2022\/06\/Modeles-et-methodes-pour-levolution-biologique.jpeg\",\"width\":300,\"height\":450,\"caption\":\"Livre scientifique - Mod\u00e8les et m\u00e9thodes pour l\u2019\u00e9volution biologique - Encyclop\u00e9die SCIENCES\"},{\"@type\":\"BreadcrumbList\",\"@id\":\"https:\/\/www.istegroup.com\/fr\/produit\/modeles-et-methodes-pour-levolution-biologique\/#breadcrumb\",\"itemListElement\":[{\"@type\":\"ListItem\",\"position\":1,\"name\":\"Home\",\"item\":\"https:\/\/www.istegroup.com\/\"},{\"@type\":\"ListItem\",\"position\":2,\"name\":\"Shop\",\"item\":\"https:\/\/www.istegroup.com\/fr\/nouveautes\/\"},{\"@type\":\"ListItem\",\"position\":3,\"name\":\"Mod\u00e8les et m\u00e9thodes pour l&rsquo;\u00e9volution biologique\"}]},{\"@type\":\"WebSite\",\"@id\":\"https:\/\/www.istegroup.com\/#website\",\"url\":\"https:\/\/www.istegroup.com\/\",\"name\":\"ISTE Group\",\"description\":\"Publishing Knowledge\",\"potentialAction\":[{\"@type\":\"SearchAction\",\"target\":{\"@type\":\"EntryPoint\",\"urlTemplate\":\"https:\/\/www.istegroup.com\/?s={search_term_string}\"},\"query-input\":{\"@type\":\"PropertyValueSpecification\",\"valueRequired\":true,\"valueName\":\"search_term_string\"}}],\"inLanguage\":\"en-US\"}]}<\/script>\n<!-- \/ Yoast SEO plugin. -->","yoast_head_json":{"title":"Mod\u00e8les et m\u00e9thodes pour l'\u00e9volution biologique - ISTE Group","description":"Mod\u00e8les et m\u00e9thodes pour l\u2019\u00e9volution biologique expose les principales m\u00e9thodes utilis\u00e9es pour \u00e9tudier l\u2019\u00e9volution et offre un large panorama illustrant la vari\u00e9t\u00e9 des approches formelles mises en oeuvre notamment dans l\u2019optimisation combinatoire, les mod\u00e8les stochastiques, l\u2019inf\u00e9rence statistique, l\u2019\u00e9chantillonnage par Monte-Carlo.","robots":{"index":"index","follow":"follow","max-snippet":"max-snippet:-1","max-image-preview":"max-image-preview:large","max-video-preview":"max-video-preview:-1"},"canonical":"https:\/\/www.istegroup.com\/fr\/produit\/modeles-et-methodes-pour-levolution-biologique\/","og_locale":"en_US","og_type":"article","og_title":"Mod\u00e8les et m\u00e9thodes pour l'\u00e9volution biologique - ISTE Group","og_description":"Mod\u00e8les et m\u00e9thodes pour l\u2019\u00e9volution biologique expose les principales m\u00e9thodes utilis\u00e9es pour \u00e9tudier l\u2019\u00e9volution et offre un large panorama illustrant la vari\u00e9t\u00e9 des approches formelles mises en oeuvre notamment dans l\u2019optimisation combinatoire, les mod\u00e8les stochastiques, l\u2019inf\u00e9rence statistique, l\u2019\u00e9chantillonnage par Monte-Carlo.","og_url":"https:\/\/www.istegroup.com\/fr\/produit\/modeles-et-methodes-pour-levolution-biologique\/","og_site_name":"ISTE Group","article_modified_time":"2025-01-03T11:59:11+00:00","og_image":[{"width":300,"height":450,"url":"https:\/\/www.istegroup.com\/wp-content\/uploads\/2022\/06\/Modeles-et-methodes-pour-levolution-biologique.jpeg","type":"image\/jpeg"}],"twitter_card":"summary_large_image","twitter_misc":{"Est. reading time":"1 minute"},"schema":{"@context":"https:\/\/schema.org","@graph":[{"@type":"WebPage","@id":"https:\/\/www.istegroup.com\/fr\/produit\/modeles-et-methodes-pour-levolution-biologique\/","url":"https:\/\/www.istegroup.com\/fr\/produit\/modeles-et-methodes-pour-levolution-biologique\/","name":"Mod\u00e8les et m\u00e9thodes pour l'\u00e9volution biologique - ISTE Group","isPartOf":{"@id":"https:\/\/www.istegroup.com\/#website"},"primaryImageOfPage":{"@id":"https:\/\/www.istegroup.com\/fr\/produit\/modeles-et-methodes-pour-levolution-biologique\/#primaryimage"},"image":{"@id":"https:\/\/www.istegroup.com\/fr\/produit\/modeles-et-methodes-pour-levolution-biologique\/#primaryimage"},"thumbnailUrl":"https:\/\/www.istegroup.com\/wp-content\/uploads\/2022\/06\/Modeles-et-methodes-pour-levolution-biologique.jpeg","datePublished":"2022-07-05T09:03:24+00:00","dateModified":"2025-01-03T11:59:11+00:00","description":"Mod\u00e8les et m\u00e9thodes pour l\u2019\u00e9volution biologique expose les principales m\u00e9thodes utilis\u00e9es pour \u00e9tudier l\u2019\u00e9volution et offre un large panorama illustrant la vari\u00e9t\u00e9 des approches formelles mises en oeuvre notamment dans l\u2019optimisation combinatoire, les mod\u00e8les stochastiques, l\u2019inf\u00e9rence statistique, l\u2019\u00e9chantillonnage par Monte-Carlo.","breadcrumb":{"@id":"https:\/\/www.istegroup.com\/fr\/produit\/modeles-et-methodes-pour-levolution-biologique\/#breadcrumb"},"inLanguage":"en-US","potentialAction":[{"@type":"ReadAction","target":["https:\/\/www.istegroup.com\/fr\/produit\/modeles-et-methodes-pour-levolution-biologique\/"]}]},{"@type":"ImageObject","inLanguage":"en-US","@id":"https:\/\/www.istegroup.com\/fr\/produit\/modeles-et-methodes-pour-levolution-biologique\/#primaryimage","url":"https:\/\/www.istegroup.com\/wp-content\/uploads\/2022\/06\/Modeles-et-methodes-pour-levolution-biologique.jpeg","contentUrl":"https:\/\/www.istegroup.com\/wp-content\/uploads\/2022\/06\/Modeles-et-methodes-pour-levolution-biologique.jpeg","width":300,"height":450,"caption":"Livre scientifique - Mod\u00e8les et m\u00e9thodes pour l\u2019\u00e9volution biologique - Encyclop\u00e9die SCIENCES"},{"@type":"BreadcrumbList","@id":"https:\/\/www.istegroup.com\/fr\/produit\/modeles-et-methodes-pour-levolution-biologique\/#breadcrumb","itemListElement":[{"@type":"ListItem","position":1,"name":"Home","item":"https:\/\/www.istegroup.com\/"},{"@type":"ListItem","position":2,"name":"Shop","item":"https:\/\/www.istegroup.com\/fr\/nouveautes\/"},{"@type":"ListItem","position":3,"name":"Mod\u00e8les et m\u00e9thodes pour l&rsquo;\u00e9volution biologique"}]},{"@type":"WebSite","@id":"https:\/\/www.istegroup.com\/#website","url":"https:\/\/www.istegroup.com\/","name":"ISTE Group","description":"Publishing Knowledge","potentialAction":[{"@type":"SearchAction","target":{"@type":"EntryPoint","urlTemplate":"https:\/\/www.istegroup.com\/?s={search_term_string}"},"query-input":{"@type":"PropertyValueSpecification","valueRequired":true,"valueName":"search_term_string"}}],"inLanguage":"en-US"}]}},"_links":{"self":[{"href":"https:\/\/www.istegroup.com\/en\/wp-json\/wp\/v2\/product\/23915","targetHints":{"allow":["GET"]}}],"collection":[{"href":"https:\/\/www.istegroup.com\/en\/wp-json\/wp\/v2\/product"}],"about":[{"href":"https:\/\/www.istegroup.com\/en\/wp-json\/wp\/v2\/types\/product"}],"wp:featuredmedia":[{"embeddable":true,"href":"https:\/\/www.istegroup.com\/en\/wp-json\/wp\/v2\/media\/47022"}],"wp:attachment":[{"href":"https:\/\/www.istegroup.com\/en\/wp-json\/wp\/v2\/media?parent=23915"}],"wp:term":[{"taxonomy":"product_brand","embeddable":true,"href":"https:\/\/www.istegroup.com\/en\/wp-json\/wp\/v2\/product_brand?post=23915"},{"taxonomy":"product_cat","embeddable":true,"href":"https:\/\/www.istegroup.com\/en\/wp-json\/wp\/v2\/product_cat?post=23915"},{"taxonomy":"product_tag","embeddable":true,"href":"https:\/\/www.istegroup.com\/en\/wp-json\/wp\/v2\/product_tag?post=23915"}],"curies":[{"name":"wp","href":"https:\/\/api.w.org\/{rel}","templated":true}]}}