{"id":239,"date":"2015-09-10T11:14:58","date_gmt":"2015-09-10T09:14:58","guid":{"rendered":"https:\/\/iste.yhello.co\/product\/equilibres-chimiques\/"},"modified":"2024-01-03T13:39:02","modified_gmt":"2024-01-03T13:39:02","slug":"equilibres-chimiques","status":"publish","type":"product","link":"https:\/\/www.istegroup.com\/en\/produit\/equilibres-chimiques\/","title":{"rendered":"Equilibres chimiques"},"content":{"rendered":"<p>La s\u00e9rie\u00a0<em>Thermodynamique chimique approfondie<\/em>\u00a0pr\u00e9sente l\u2019ensemble des th\u00e8mes de la thermodynamique utiles \u00e0 la chimie, aux mat\u00e9riaux, \u00e0 l\u2019\u00e9lectrochimie, aux ph\u00e9nom\u00e8nes de surface et au g\u00e9nie des proc\u00e9d\u00e9s.<\/p>\n<p>Cet ouvrage est consacr\u00e9 \u00e0 l\u2019\u00e9tude des \u00e9quilibres chimiques. Les conditions d\u2019\u00e9volution des syst\u00e8mes sont abord\u00e9es \u00e0 travers la m\u00e9thode de l\u2019affinit\u00e9 de De Donder. Les modes de d\u00e9placements et la stabilit\u00e9 sous l\u2019action de perturbations sont examin\u00e9s ainsi que les lois des phases de Gibbs et de Duhem. Les transformations az\u00e9otropiques et la description des \u00e9tats indiff\u00e9rents compl\u00e8tent cette \u00e9tude. Les m\u00e9thodes de d\u00e9termination exp\u00e9rimentale et par le calcul des diff\u00e9rentes grandeurs associ\u00e9es aux r\u00e9actions chimiques (enthalpies, entropies, capacit\u00e9s calorifiques, enthalpies libres et constantes d\u2019\u00e9quilibre) conduisent aux calculs d\u2019\u00e9quilibres complexes et \u00e0 leurs repr\u00e9sentations graphiques sous diff\u00e9rentes formes : figure des p\u00f4les, diagrammes d\u2019Ellingham g\u00e9n\u00e9ralis\u00e9s, diagrammes binaires, ternaires et quaternaires.<\/p>\n","protected":false},"excerpt":{"rendered":"<p>La s\u00e9rie\u00a0Thermodynamique chimique approfondie\u00a0pr\u00e9sente l\u2019ensemble des th\u00e8mes de la thermodynamique utiles \u00e0 la chimie, aux mat\u00e9riaux, \u00e0 l\u2019\u00e9lectrochimie, aux ph\u00e9nom\u00e8nes de surface et au g\u00e9nie des proc\u00e9d\u00e9s. Cet ouvrage est consacr\u00e9 \u00e0 l\u2019\u00e9tude des \u00e9quilibres chimiques. Les conditions d\u2019\u00e9volution des syst\u00e8mes sont abord\u00e9es \u00e0 travers la m\u00e9thode de l\u2019affinit\u00e9 de De Donder. Les modes de [&hellip;]<\/p>\n","protected":false},"featured_media":240,"template":"","meta":{"_acf_changed":false,"_links_to":"","_links_to_target":""},"product_brand":[],"product_cat":[660,663,725],"product_tag":[1101,1223,1224,31,196,1229,1230,1225,197,198,199,21,200,22,201,203,204,63,25,172,209,1226,1227,1228,212,38,192,145,28,455],"class_list":{"0":"post-239","1":"product","2":"type-product","3":"status-publish","4":"has-post-thumbnail","6":"product_cat-energie-12506414","7":"product_cat-gnie-des-procds-12506436","8":"product_cat-srie-thermodynamique-chimique-approfondie-42918276","9":"product_tag-chimie","10":"product_tag-de-donder","11":"product_tag-duhem","12":"product_tag-ebook","13":"product_tag-ebooks","14":"product_tag-equilibre-chimique","15":"product_tag-equilibres-chimiques","16":"product_tag-gibbs","17":"product_tag-iste","18":"product_tag-iste-edition","19":"product_tag-iste-editions","20":"product_tag-iste-group","21":"product_tag-isteedition","22":"product_tag-istegroup","23":"product_tag-kindle","24":"product_tag-liseuse","25":"product_tag-livre","26":"product_tag-livre-electronique","27":"product_tag-livre-numerique","28":"product_tag-livre-scientifique","29":"product_tag-livres-scientifiques","30":"product_tag-lois-des-phases","31":"product_tag-materiaux","32":"product_tag-michel-soustelle","33":"product_tag-ouvrage","34":"product_tag-ouvrage-numerique","35":"product_tag-ouvrage-science","36":"product_tag-ouvrage-scientifique","37":"product_tag-ouvrage-scientifique-francais","38":"product_tag-thermodynamique","40":"first","41":"instock","42":"shipping-taxable","43":"purchasable","44":"product-type-variable"},"acf":[],"yoast_head":"<!-- This site is optimized with the Yoast SEO plugin v27.2 - https:\/\/yoast.com\/product\/yoast-seo-wordpress\/ -->\n<title>Equilibres chimiques - ISTE Group<\/title>\n<meta name=\"robots\" content=\"index, follow, max-snippet:-1, max-image-preview:large, max-video-preview:-1\" \/>\n<link rel=\"canonical\" href=\"https:\/\/www.istegroup.com\/fr\/produit\/equilibres-chimiques\/\" \/>\n<meta property=\"og:locale\" content=\"en_US\" \/>\n<meta property=\"og:type\" content=\"article\" \/>\n<meta property=\"og:title\" content=\"Equilibres chimiques - ISTE Group\" \/>\n<meta property=\"og:description\" content=\"La s\u00e9rie\u00a0Thermodynamique chimique approfondie\u00a0pr\u00e9sente l\u2019ensemble des th\u00e8mes de la thermodynamique utiles \u00e0 la chimie, aux mat\u00e9riaux, \u00e0 l\u2019\u00e9lectrochimie, aux ph\u00e9nom\u00e8nes de surface et au g\u00e9nie des proc\u00e9d\u00e9s. Cet ouvrage est consacr\u00e9 \u00e0 l\u2019\u00e9tude des \u00e9quilibres chimiques. Les conditions d\u2019\u00e9volution des syst\u00e8mes sont abord\u00e9es \u00e0 travers la m\u00e9thode de l\u2019affinit\u00e9 de De Donder. Les modes de [&hellip;]\" \/>\n<meta property=\"og:url\" content=\"https:\/\/www.istegroup.com\/fr\/produit\/equilibres-chimiques\/\" \/>\n<meta property=\"og:site_name\" content=\"ISTE Group\" \/>\n<meta property=\"article:modified_time\" content=\"2024-01-03T13:39:02+00:00\" \/>\n<meta property=\"og:image\" content=\"https:\/\/www.istegroup.com\/wp-content\/uploads\/2017\/07\/3045515204_1102029764-1.jpg\" \/>\n\t<meta property=\"og:image:width\" content=\"300\" \/>\n\t<meta property=\"og:image:height\" content=\"452\" \/>\n\t<meta property=\"og:image:type\" content=\"image\/jpeg\" \/>\n<meta name=\"twitter:card\" content=\"summary_large_image\" \/>\n<meta name=\"twitter:label1\" content=\"Est. reading time\" \/>\n\t<meta name=\"twitter:data1\" content=\"1 minute\" \/>\n<script type=\"application\/ld+json\" class=\"yoast-schema-graph\">{\"@context\":\"https:\/\/schema.org\",\"@graph\":[{\"@type\":\"WebPage\",\"@id\":\"https:\/\/www.istegroup.com\/fr\/produit\/equilibres-chimiques\/\",\"url\":\"https:\/\/www.istegroup.com\/fr\/produit\/equilibres-chimiques\/\",\"name\":\"Equilibres chimiques - ISTE Group\",\"isPartOf\":{\"@id\":\"https:\/\/www.istegroup.com\/#website\"},\"primaryImageOfPage\":{\"@id\":\"https:\/\/www.istegroup.com\/fr\/produit\/equilibres-chimiques\/#primaryimage\"},\"image\":{\"@id\":\"https:\/\/www.istegroup.com\/fr\/produit\/equilibres-chimiques\/#primaryimage\"},\"thumbnailUrl\":\"https:\/\/www.istegroup.com\/wp-content\/uploads\/2017\/07\/3045515204_1102029764-1.jpg\",\"datePublished\":\"2015-09-10T09:14:58+00:00\",\"dateModified\":\"2024-01-03T13:39:02+00:00\",\"breadcrumb\":{\"@id\":\"https:\/\/www.istegroup.com\/fr\/produit\/equilibres-chimiques\/#breadcrumb\"},\"inLanguage\":\"en-US\",\"potentialAction\":[{\"@type\":\"ReadAction\",\"target\":[\"https:\/\/www.istegroup.com\/fr\/produit\/equilibres-chimiques\/\"]}]},{\"@type\":\"ImageObject\",\"inLanguage\":\"en-US\",\"@id\":\"https:\/\/www.istegroup.com\/fr\/produit\/equilibres-chimiques\/#primaryimage\",\"url\":\"https:\/\/www.istegroup.com\/wp-content\/uploads\/2017\/07\/3045515204_1102029764-1.jpg\",\"contentUrl\":\"https:\/\/www.istegroup.com\/wp-content\/uploads\/2017\/07\/3045515204_1102029764-1.jpg\",\"width\":300,\"height\":452,\"caption\":\"Equilibres chimiques\"},{\"@type\":\"BreadcrumbList\",\"@id\":\"https:\/\/www.istegroup.com\/fr\/produit\/equilibres-chimiques\/#breadcrumb\",\"itemListElement\":[{\"@type\":\"ListItem\",\"position\":1,\"name\":\"Home\",\"item\":\"https:\/\/www.istegroup.com\/\"},{\"@type\":\"ListItem\",\"position\":2,\"name\":\"Shop\",\"item\":\"https:\/\/www.istegroup.com\/fr\/nouveautes\/\"},{\"@type\":\"ListItem\",\"position\":3,\"name\":\"Equilibres chimiques\"}]},{\"@type\":\"WebSite\",\"@id\":\"https:\/\/www.istegroup.com\/#website\",\"url\":\"https:\/\/www.istegroup.com\/\",\"name\":\"ISTE Group\",\"description\":\"Publishing Knowledge\",\"potentialAction\":[{\"@type\":\"SearchAction\",\"target\":{\"@type\":\"EntryPoint\",\"urlTemplate\":\"https:\/\/www.istegroup.com\/?s={search_term_string}\"},\"query-input\":{\"@type\":\"PropertyValueSpecification\",\"valueRequired\":true,\"valueName\":\"search_term_string\"}}],\"inLanguage\":\"en-US\"}]}<\/script>\n<!-- \/ Yoast SEO plugin. -->","yoast_head_json":{"title":"Equilibres chimiques - ISTE Group","robots":{"index":"index","follow":"follow","max-snippet":"max-snippet:-1","max-image-preview":"max-image-preview:large","max-video-preview":"max-video-preview:-1"},"canonical":"https:\/\/www.istegroup.com\/fr\/produit\/equilibres-chimiques\/","og_locale":"en_US","og_type":"article","og_title":"Equilibres chimiques - ISTE Group","og_description":"La s\u00e9rie\u00a0Thermodynamique chimique approfondie\u00a0pr\u00e9sente l\u2019ensemble des th\u00e8mes de la thermodynamique utiles \u00e0 la chimie, aux mat\u00e9riaux, \u00e0 l\u2019\u00e9lectrochimie, aux ph\u00e9nom\u00e8nes de surface et au g\u00e9nie des proc\u00e9d\u00e9s. Cet ouvrage est consacr\u00e9 \u00e0 l\u2019\u00e9tude des \u00e9quilibres chimiques. Les conditions d\u2019\u00e9volution des syst\u00e8mes sont abord\u00e9es \u00e0 travers la m\u00e9thode de l\u2019affinit\u00e9 de De Donder. Les modes de [&hellip;]","og_url":"https:\/\/www.istegroup.com\/fr\/produit\/equilibres-chimiques\/","og_site_name":"ISTE Group","article_modified_time":"2024-01-03T13:39:02+00:00","og_image":[{"width":300,"height":452,"url":"https:\/\/www.istegroup.com\/wp-content\/uploads\/2017\/07\/3045515204_1102029764-1.jpg","type":"image\/jpeg"}],"twitter_card":"summary_large_image","twitter_misc":{"Est. reading time":"1 minute"},"schema":{"@context":"https:\/\/schema.org","@graph":[{"@type":"WebPage","@id":"https:\/\/www.istegroup.com\/fr\/produit\/equilibres-chimiques\/","url":"https:\/\/www.istegroup.com\/fr\/produit\/equilibres-chimiques\/","name":"Equilibres chimiques - ISTE Group","isPartOf":{"@id":"https:\/\/www.istegroup.com\/#website"},"primaryImageOfPage":{"@id":"https:\/\/www.istegroup.com\/fr\/produit\/equilibres-chimiques\/#primaryimage"},"image":{"@id":"https:\/\/www.istegroup.com\/fr\/produit\/equilibres-chimiques\/#primaryimage"},"thumbnailUrl":"https:\/\/www.istegroup.com\/wp-content\/uploads\/2017\/07\/3045515204_1102029764-1.jpg","datePublished":"2015-09-10T09:14:58+00:00","dateModified":"2024-01-03T13:39:02+00:00","breadcrumb":{"@id":"https:\/\/www.istegroup.com\/fr\/produit\/equilibres-chimiques\/#breadcrumb"},"inLanguage":"en-US","potentialAction":[{"@type":"ReadAction","target":["https:\/\/www.istegroup.com\/fr\/produit\/equilibres-chimiques\/"]}]},{"@type":"ImageObject","inLanguage":"en-US","@id":"https:\/\/www.istegroup.com\/fr\/produit\/equilibres-chimiques\/#primaryimage","url":"https:\/\/www.istegroup.com\/wp-content\/uploads\/2017\/07\/3045515204_1102029764-1.jpg","contentUrl":"https:\/\/www.istegroup.com\/wp-content\/uploads\/2017\/07\/3045515204_1102029764-1.jpg","width":300,"height":452,"caption":"Equilibres chimiques"},{"@type":"BreadcrumbList","@id":"https:\/\/www.istegroup.com\/fr\/produit\/equilibres-chimiques\/#breadcrumb","itemListElement":[{"@type":"ListItem","position":1,"name":"Home","item":"https:\/\/www.istegroup.com\/"},{"@type":"ListItem","position":2,"name":"Shop","item":"https:\/\/www.istegroup.com\/fr\/nouveautes\/"},{"@type":"ListItem","position":3,"name":"Equilibres chimiques"}]},{"@type":"WebSite","@id":"https:\/\/www.istegroup.com\/#website","url":"https:\/\/www.istegroup.com\/","name":"ISTE Group","description":"Publishing Knowledge","potentialAction":[{"@type":"SearchAction","target":{"@type":"EntryPoint","urlTemplate":"https:\/\/www.istegroup.com\/?s={search_term_string}"},"query-input":{"@type":"PropertyValueSpecification","valueRequired":true,"valueName":"search_term_string"}}],"inLanguage":"en-US"}]}},"_links":{"self":[{"href":"https:\/\/www.istegroup.com\/en\/wp-json\/wp\/v2\/product\/239","targetHints":{"allow":["GET"]}}],"collection":[{"href":"https:\/\/www.istegroup.com\/en\/wp-json\/wp\/v2\/product"}],"about":[{"href":"https:\/\/www.istegroup.com\/en\/wp-json\/wp\/v2\/types\/product"}],"wp:featuredmedia":[{"embeddable":true,"href":"https:\/\/www.istegroup.com\/en\/wp-json\/wp\/v2\/media\/240"}],"wp:attachment":[{"href":"https:\/\/www.istegroup.com\/en\/wp-json\/wp\/v2\/media?parent=239"}],"wp:term":[{"taxonomy":"product_brand","embeddable":true,"href":"https:\/\/www.istegroup.com\/en\/wp-json\/wp\/v2\/product_brand?post=239"},{"taxonomy":"product_cat","embeddable":true,"href":"https:\/\/www.istegroup.com\/en\/wp-json\/wp\/v2\/product_cat?post=239"},{"taxonomy":"product_tag","embeddable":true,"href":"https:\/\/www.istegroup.com\/en\/wp-json\/wp\/v2\/product_tag?post=239"}],"curies":[{"name":"wp","href":"https:\/\/api.w.org\/{rel}","templated":true}]}}