{"id":23894,"date":"2025-03-25T13:13:04","date_gmt":"2025-03-25T13:13:04","guid":{"rendered":"https:\/\/www.istegroup.com\/?post_type=product&#038;p=23894"},"modified":"2025-06-13T10:45:56","modified_gmt":"2025-06-13T09:45:56","slug":"techniques-dimagerie-ultrasonore-innovantes","status":"publish","type":"product","link":"https:\/\/www.istegroup.com\/en\/produit\/techniques-dimagerie-ultrasonore-innovantes\/","title":{"rendered":"Techniques d\u2019imagerie ultrasonore innovantes"},"content":{"rendered":"<p>Les syst\u00e8mes d\u2019imagerie ultrasonore sont largement utilis\u00e9s pour visualiser les structures et le flux sanguin dans le corps en temps r\u00e9el. Les innovations en analyse du signal, en mat\u00e9riel et en agents de contraste \u00e9tendent les capacit\u00e9s de cette modalit\u00e9 flexible.<\/p>\n<p><em>Techniques d\u2019imagerie ultrasonore innovantes<\/em> analyse les principes de l\u2019imagerie \u00e9chographique et la fa\u00e7on dont le domaine \u00e9volue pour mieux sonder les syst\u00e8mes vivants. Il traite des transducteurs et de la formation d\u2019images, des ondes de cisaillement et des propri\u00e9t\u00e9s m\u00e9caniques, du Doppler et de la cartographie du flux sanguin, de l\u2019\u00e9chographie cardiaque, des agents de contraste, des limites de r\u00e9solution et de l\u2019imagerie \u00e0 super-r\u00e9solution, des sources de d\u00e9gradation de l\u2019image et de leur correction, ainsi que de la tomographie et de la spectroscopie en photoacoustique.<\/p>\n<p>Chaque chapitre pr\u00e9sente en d\u00e9tail les principes cl\u00e9s de ces domaines et expose les innovations techniques qui permettront de mieux \u00e9valuer les syst\u00e8mes vivants dans un avenir proche.<\/p>\n","protected":false},"excerpt":{"rendered":"<p>Les syst\u00e8mes d\u2019imagerie ultrasonore sont largement utilis\u00e9s pour visualiser les structures et le flux sanguin dans le corps en temps r\u00e9el. Les innovations en analyse du signal, en mat\u00e9riel et en agents de contraste \u00e9tendent les capacit\u00e9s de cette modalit\u00e9 flexible. Techniques d\u2019imagerie ultrasonore innovantes analyse les principes de l\u2019imagerie \u00e9chographique et la fa\u00e7on dont [&hellip;]<\/p>\n","protected":false},"featured_media":59745,"template":"","meta":{"_acf_changed":false,"_links_to":"","_links_to_target":""},"product_brand":[],"product_cat":[4289],"product_tag":[],"class_list":{"0":"post-23894","1":"product","2":"type-product","3":"status-publish","4":"has-post-thumbnail","6":"product_cat-sciences","8":"first","9":"instock","10":"shipping-taxable","11":"purchasable","12":"product-type-variable"},"acf":[],"yoast_head":"<!-- This site is optimized with the Yoast SEO plugin v27.2 - https:\/\/yoast.com\/product\/yoast-seo-wordpress\/ -->\n<title>Techniques d\u2019imagerie ultrasonore innovantes - ISTE Group<\/title>\n<meta name=\"description\" content=\"Techniques d\u2019imagerie ultrasonore innovantes analyse les principes de l\u2019imagerie \u00e9chographique et la fa\u00e7on dont le domaine \u00e9volue pour mieux sonder les syst\u00e8mes vivants.\" \/>\n<meta name=\"robots\" content=\"index, follow, max-snippet:-1, max-image-preview:large, max-video-preview:-1\" \/>\n<link rel=\"canonical\" href=\"https:\/\/www.istegroup.com\/produit\/techniques-dimagerie-ultrasonore-innovantes\/\" \/>\n<meta property=\"og:locale\" content=\"en_US\" \/>\n<meta property=\"og:type\" content=\"article\" \/>\n<meta property=\"og:title\" content=\"Techniques d\u2019imagerie ultrasonore innovantes - ISTE Group\" \/>\n<meta property=\"og:description\" content=\"Techniques d\u2019imagerie ultrasonore innovantes analyse les principes de l\u2019imagerie \u00e9chographique et la fa\u00e7on dont le domaine \u00e9volue pour mieux sonder les syst\u00e8mes vivants.\" \/>\n<meta property=\"og:url\" content=\"https:\/\/www.istegroup.com\/produit\/techniques-dimagerie-ultrasonore-innovantes\/\" \/>\n<meta property=\"og:site_name\" content=\"ISTE Group\" \/>\n<meta property=\"article:modified_time\" content=\"2025-06-13T09:45:56+00:00\" \/>\n<meta property=\"og:image\" content=\"https:\/\/www.istegroup.com\/wp-content\/uploads\/2019\/11\/163_Techniques-dimagerie-ultrasonore-innovantes.png\" \/>\n\t<meta property=\"og:image:width\" content=\"300\" \/>\n\t<meta property=\"og:image:height\" content=\"450\" \/>\n\t<meta property=\"og:image:type\" content=\"image\/png\" \/>\n<meta name=\"twitter:card\" content=\"summary_large_image\" \/>\n<meta name=\"twitter:label1\" content=\"Est. reading time\" \/>\n\t<meta name=\"twitter:data1\" content=\"1 minute\" \/>\n<script type=\"application\/ld+json\" class=\"yoast-schema-graph\">{\"@context\":\"https:\/\/schema.org\",\"@graph\":[{\"@type\":\"WebPage\",\"@id\":\"https:\/\/www.istegroup.com\/produit\/techniques-dimagerie-ultrasonore-innovantes\/\",\"url\":\"https:\/\/www.istegroup.com\/produit\/techniques-dimagerie-ultrasonore-innovantes\/\",\"name\":\"Techniques d\u2019imagerie ultrasonore innovantes - ISTE Group\",\"isPartOf\":{\"@id\":\"https:\/\/www.istegroup.com\/#website\"},\"primaryImageOfPage\":{\"@id\":\"https:\/\/www.istegroup.com\/produit\/techniques-dimagerie-ultrasonore-innovantes\/#primaryimage\"},\"image\":{\"@id\":\"https:\/\/www.istegroup.com\/produit\/techniques-dimagerie-ultrasonore-innovantes\/#primaryimage\"},\"thumbnailUrl\":\"https:\/\/www.istegroup.com\/wp-content\/uploads\/2019\/11\/163_Techniques-dimagerie-ultrasonore-innovantes.png\",\"datePublished\":\"2025-03-25T13:13:04+00:00\",\"dateModified\":\"2025-06-13T09:45:56+00:00\",\"description\":\"Techniques d\u2019imagerie ultrasonore innovantes analyse les principes de l\u2019imagerie \u00e9chographique et la fa\u00e7on dont le domaine \u00e9volue pour mieux sonder les syst\u00e8mes vivants.\",\"breadcrumb\":{\"@id\":\"https:\/\/www.istegroup.com\/produit\/techniques-dimagerie-ultrasonore-innovantes\/#breadcrumb\"},\"inLanguage\":\"en-US\",\"potentialAction\":[{\"@type\":\"ReadAction\",\"target\":[\"https:\/\/www.istegroup.com\/produit\/techniques-dimagerie-ultrasonore-innovantes\/\"]}]},{\"@type\":\"ImageObject\",\"inLanguage\":\"en-US\",\"@id\":\"https:\/\/www.istegroup.com\/produit\/techniques-dimagerie-ultrasonore-innovantes\/#primaryimage\",\"url\":\"https:\/\/www.istegroup.com\/wp-content\/uploads\/2019\/11\/163_Techniques-dimagerie-ultrasonore-innovantes.png\",\"contentUrl\":\"https:\/\/www.istegroup.com\/wp-content\/uploads\/2019\/11\/163_Techniques-dimagerie-ultrasonore-innovantes.png\",\"width\":300,\"height\":450,\"caption\":\"Livre scientifique - Techniques d\u2019imagerie ultrasonore innovantes\"},{\"@type\":\"BreadcrumbList\",\"@id\":\"https:\/\/www.istegroup.com\/produit\/techniques-dimagerie-ultrasonore-innovantes\/#breadcrumb\",\"itemListElement\":[{\"@type\":\"ListItem\",\"position\":1,\"name\":\"Home\",\"item\":\"https:\/\/www.istegroup.com\/\"},{\"@type\":\"ListItem\",\"position\":2,\"name\":\"Shop\",\"item\":\"https:\/\/www.istegroup.com\/fr\/nouveautes\/\"},{\"@type\":\"ListItem\",\"position\":3,\"name\":\"Techniques d\u2019imagerie ultrasonore innovantes\"}]},{\"@type\":\"WebSite\",\"@id\":\"https:\/\/www.istegroup.com\/#website\",\"url\":\"https:\/\/www.istegroup.com\/\",\"name\":\"ISTE Group\",\"description\":\"Publishing Knowledge\",\"potentialAction\":[{\"@type\":\"SearchAction\",\"target\":{\"@type\":\"EntryPoint\",\"urlTemplate\":\"https:\/\/www.istegroup.com\/?s={search_term_string}\"},\"query-input\":{\"@type\":\"PropertyValueSpecification\",\"valueRequired\":true,\"valueName\":\"search_term_string\"}}],\"inLanguage\":\"en-US\"}]}<\/script>\n<!-- \/ Yoast SEO plugin. -->","yoast_head_json":{"title":"Techniques d\u2019imagerie ultrasonore innovantes - ISTE Group","description":"Techniques d\u2019imagerie ultrasonore innovantes analyse les principes de l\u2019imagerie \u00e9chographique et la fa\u00e7on dont le domaine \u00e9volue pour mieux sonder les syst\u00e8mes vivants.","robots":{"index":"index","follow":"follow","max-snippet":"max-snippet:-1","max-image-preview":"max-image-preview:large","max-video-preview":"max-video-preview:-1"},"canonical":"https:\/\/www.istegroup.com\/produit\/techniques-dimagerie-ultrasonore-innovantes\/","og_locale":"en_US","og_type":"article","og_title":"Techniques d\u2019imagerie ultrasonore innovantes - ISTE Group","og_description":"Techniques d\u2019imagerie ultrasonore innovantes analyse les principes de l\u2019imagerie \u00e9chographique et la fa\u00e7on dont le domaine \u00e9volue pour mieux sonder les syst\u00e8mes vivants.","og_url":"https:\/\/www.istegroup.com\/produit\/techniques-dimagerie-ultrasonore-innovantes\/","og_site_name":"ISTE Group","article_modified_time":"2025-06-13T09:45:56+00:00","og_image":[{"width":300,"height":450,"url":"https:\/\/www.istegroup.com\/wp-content\/uploads\/2019\/11\/163_Techniques-dimagerie-ultrasonore-innovantes.png","type":"image\/png"}],"twitter_card":"summary_large_image","twitter_misc":{"Est. reading time":"1 minute"},"schema":{"@context":"https:\/\/schema.org","@graph":[{"@type":"WebPage","@id":"https:\/\/www.istegroup.com\/produit\/techniques-dimagerie-ultrasonore-innovantes\/","url":"https:\/\/www.istegroup.com\/produit\/techniques-dimagerie-ultrasonore-innovantes\/","name":"Techniques d\u2019imagerie ultrasonore innovantes - ISTE Group","isPartOf":{"@id":"https:\/\/www.istegroup.com\/#website"},"primaryImageOfPage":{"@id":"https:\/\/www.istegroup.com\/produit\/techniques-dimagerie-ultrasonore-innovantes\/#primaryimage"},"image":{"@id":"https:\/\/www.istegroup.com\/produit\/techniques-dimagerie-ultrasonore-innovantes\/#primaryimage"},"thumbnailUrl":"https:\/\/www.istegroup.com\/wp-content\/uploads\/2019\/11\/163_Techniques-dimagerie-ultrasonore-innovantes.png","datePublished":"2025-03-25T13:13:04+00:00","dateModified":"2025-06-13T09:45:56+00:00","description":"Techniques d\u2019imagerie ultrasonore innovantes analyse les principes de l\u2019imagerie \u00e9chographique et la fa\u00e7on dont le domaine \u00e9volue pour mieux sonder les syst\u00e8mes vivants.","breadcrumb":{"@id":"https:\/\/www.istegroup.com\/produit\/techniques-dimagerie-ultrasonore-innovantes\/#breadcrumb"},"inLanguage":"en-US","potentialAction":[{"@type":"ReadAction","target":["https:\/\/www.istegroup.com\/produit\/techniques-dimagerie-ultrasonore-innovantes\/"]}]},{"@type":"ImageObject","inLanguage":"en-US","@id":"https:\/\/www.istegroup.com\/produit\/techniques-dimagerie-ultrasonore-innovantes\/#primaryimage","url":"https:\/\/www.istegroup.com\/wp-content\/uploads\/2019\/11\/163_Techniques-dimagerie-ultrasonore-innovantes.png","contentUrl":"https:\/\/www.istegroup.com\/wp-content\/uploads\/2019\/11\/163_Techniques-dimagerie-ultrasonore-innovantes.png","width":300,"height":450,"caption":"Livre scientifique - Techniques d\u2019imagerie ultrasonore innovantes"},{"@type":"BreadcrumbList","@id":"https:\/\/www.istegroup.com\/produit\/techniques-dimagerie-ultrasonore-innovantes\/#breadcrumb","itemListElement":[{"@type":"ListItem","position":1,"name":"Home","item":"https:\/\/www.istegroup.com\/"},{"@type":"ListItem","position":2,"name":"Shop","item":"https:\/\/www.istegroup.com\/fr\/nouveautes\/"},{"@type":"ListItem","position":3,"name":"Techniques d\u2019imagerie ultrasonore innovantes"}]},{"@type":"WebSite","@id":"https:\/\/www.istegroup.com\/#website","url":"https:\/\/www.istegroup.com\/","name":"ISTE Group","description":"Publishing Knowledge","potentialAction":[{"@type":"SearchAction","target":{"@type":"EntryPoint","urlTemplate":"https:\/\/www.istegroup.com\/?s={search_term_string}"},"query-input":{"@type":"PropertyValueSpecification","valueRequired":true,"valueName":"search_term_string"}}],"inLanguage":"en-US"}]}},"_links":{"self":[{"href":"https:\/\/www.istegroup.com\/en\/wp-json\/wp\/v2\/product\/23894","targetHints":{"allow":["GET"]}}],"collection":[{"href":"https:\/\/www.istegroup.com\/en\/wp-json\/wp\/v2\/product"}],"about":[{"href":"https:\/\/www.istegroup.com\/en\/wp-json\/wp\/v2\/types\/product"}],"wp:featuredmedia":[{"embeddable":true,"href":"https:\/\/www.istegroup.com\/en\/wp-json\/wp\/v2\/media\/59745"}],"wp:attachment":[{"href":"https:\/\/www.istegroup.com\/en\/wp-json\/wp\/v2\/media?parent=23894"}],"wp:term":[{"taxonomy":"product_brand","embeddable":true,"href":"https:\/\/www.istegroup.com\/en\/wp-json\/wp\/v2\/product_brand?post=23894"},{"taxonomy":"product_cat","embeddable":true,"href":"https:\/\/www.istegroup.com\/en\/wp-json\/wp\/v2\/product_cat?post=23894"},{"taxonomy":"product_tag","embeddable":true,"href":"https:\/\/www.istegroup.com\/en\/wp-json\/wp\/v2\/product_tag?post=23894"}],"curies":[{"name":"wp","href":"https:\/\/api.w.org\/{rel}","templated":true}]}}