{"id":23877,"date":"2025-09-18T12:06:35","date_gmt":"2025-09-18T11:06:35","guid":{"rendered":"https:\/\/www.istegroup.com\/?post_type=product&#038;p=23877"},"modified":"2026-02-23T10:25:14","modified_gmt":"2026-02-23T10:25:14","slug":"histoire-des-sciences-de-la-vie-et-de-la-medecine-2","status":"publish","type":"product","link":"https:\/\/www.istegroup.com\/en\/produit\/histoire-des-sciences-de-la-vie-et-de-la-medecine-2\/","title":{"rendered":"Histoire des sciences de la vie et de la m\u00e9decine 2"},"content":{"rendered":"<p>\u00c9tudier et comprendre l\u2019histoire des sciences de la vie et de la m\u00e9decine \u00e0 travers l\u2019\u00e9poque moderne requiert une r\u00e9flexion approfondie sur des savoirs parfois per\u00e7us comme antagonistes.<\/p>\n<p><em>Histoire des sciences de la vie et de la m\u00e9decine 2<\/em> pr\u00e9sente de mani\u00e8re accessible les concepts cl\u00e9s qui traversent la p\u00e9riode allant du XVIe au XVIIIe si\u00e8cle. Il analyse l\u2019histoire de l\u2019anatomo-pathologie, de la clinique, de l\u2019exp\u00e9rimentation, des diff\u00e9rents syst\u00e8mes du vivant, du transformisme, mais \u00e9galement le r\u00f4le des images et des classifications.<\/p>\n<p>Ainsi, cette \u00e9tude conceptuelle de l\u2019histoire des sciences de la vie tend \u00e0 redessiner les liens entre la m\u00e9decine et la biologie dans une p\u00e9riode o\u00f9 l\u2019exploration et la compr\u00e9hension des corps oscillent entre diff\u00e9rents mod\u00e8les, allant notamment du m\u00e9canisme au vitalisme.<\/p>\n<p>Les analyses pr\u00e9sent\u00e9es invitent \u00e0 r\u00e9fl\u00e9chir \u00e0 la singularit\u00e9 de concepts anciens tels que ceux de \u00ab vie \u00bb, d\u2019\u00ab anatomie \u00bb ou d\u2019\u00ab exp\u00e9rience \u00bb, dont les d\u00e9finitions se voient renouvel\u00e9es au gr\u00e9 des techniques et des exp\u00e9rimentations.<\/p>\n","protected":false},"excerpt":{"rendered":"<p>\u00c9tudier et comprendre l\u2019histoire des sciences de la vie et de la m\u00e9decine \u00e0 travers l\u2019\u00e9poque moderne requiert une r\u00e9flexion approfondie sur des savoirs parfois per\u00e7us comme antagonistes. Histoire des sciences de la vie et de la m\u00e9decine 2 pr\u00e9sente de mani\u00e8re accessible les concepts cl\u00e9s qui traversent la p\u00e9riode allant du XVIe au XVIIIe [&hellip;]<\/p>\n","protected":false},"featured_media":61568,"template":"","meta":{"_acf_changed":false,"_links_to":"","_links_to_target":""},"product_brand":[],"product_cat":[4289],"product_tag":[],"class_list":{"0":"post-23877","1":"product","2":"type-product","3":"status-publish","4":"has-post-thumbnail","6":"product_cat-sciences","8":"first","9":"instock","10":"shipping-taxable","11":"purchasable","12":"product-type-variable"},"acf":[],"yoast_head":"<!-- This site is optimized with the Yoast SEO plugin v27.2 - https:\/\/yoast.com\/product\/yoast-seo-wordpress\/ -->\n<title>Histoire des sciences de la vie et de la m\u00e9decine 2 - ISTE Group<\/title>\n<meta name=\"description\" content=\"Histoire des sciences de la vie et de la m\u00e9decine 2 pr\u00e9sente de mani\u00e8re accessible les concepts cl\u00e9s qui traversent la p\u00e9riode allant du XVIe au XVIIIe si\u00e8cle.\" \/>\n<meta name=\"robots\" content=\"index, follow, max-snippet:-1, max-image-preview:large, max-video-preview:-1\" \/>\n<link rel=\"canonical\" href=\"https:\/\/www.istegroup.com\/produit\/histoire-des-sciences-de-la-vie-et-de-la-medecine-2\/\" \/>\n<meta property=\"og:locale\" content=\"en_US\" \/>\n<meta property=\"og:type\" content=\"article\" \/>\n<meta property=\"og:title\" content=\"Histoire des sciences de la vie et de la m\u00e9decine 2 - ISTE Group\" \/>\n<meta property=\"og:description\" content=\"Histoire des sciences de la vie et de la m\u00e9decine 2 pr\u00e9sente de mani\u00e8re accessible les concepts cl\u00e9s qui traversent la p\u00e9riode allant du XVIe au XVIIIe si\u00e8cle.\" \/>\n<meta property=\"og:url\" content=\"https:\/\/www.istegroup.com\/produit\/histoire-des-sciences-de-la-vie-et-de-la-medecine-2\/\" \/>\n<meta property=\"og:site_name\" content=\"ISTE Group\" \/>\n<meta property=\"article:modified_time\" content=\"2026-02-23T10:25:14+00:00\" \/>\n<meta property=\"og:image\" content=\"https:\/\/www.istegroup.com\/wp-content\/uploads\/2019\/11\/Histoire-des-sciences-de-la-vie-et-de-la-medecine-2.jpg\" \/>\n\t<meta property=\"og:image:width\" content=\"300\" \/>\n\t<meta property=\"og:image:height\" content=\"450\" \/>\n\t<meta property=\"og:image:type\" content=\"image\/jpeg\" \/>\n<meta name=\"twitter:card\" content=\"summary_large_image\" \/>\n<meta name=\"twitter:label1\" content=\"Est. reading time\" \/>\n\t<meta name=\"twitter:data1\" content=\"2 minutes\" \/>\n<script type=\"application\/ld+json\" class=\"yoast-schema-graph\">{\"@context\":\"https:\/\/schema.org\",\"@graph\":[{\"@type\":\"WebPage\",\"@id\":\"https:\/\/www.istegroup.com\/produit\/histoire-des-sciences-de-la-vie-et-de-la-medecine-2\/\",\"url\":\"https:\/\/www.istegroup.com\/produit\/histoire-des-sciences-de-la-vie-et-de-la-medecine-2\/\",\"name\":\"Histoire des sciences de la vie et de la m\u00e9decine 2 - ISTE Group\",\"isPartOf\":{\"@id\":\"https:\/\/www.istegroup.com\/#website\"},\"primaryImageOfPage\":{\"@id\":\"https:\/\/www.istegroup.com\/produit\/histoire-des-sciences-de-la-vie-et-de-la-medecine-2\/#primaryimage\"},\"image\":{\"@id\":\"https:\/\/www.istegroup.com\/produit\/histoire-des-sciences-de-la-vie-et-de-la-medecine-2\/#primaryimage\"},\"thumbnailUrl\":\"https:\/\/www.istegroup.com\/wp-content\/uploads\/2019\/11\/Histoire-des-sciences-de-la-vie-et-de-la-medecine-2.jpg\",\"datePublished\":\"2025-09-18T11:06:35+00:00\",\"dateModified\":\"2026-02-23T10:25:14+00:00\",\"description\":\"Histoire des sciences de la vie et de la m\u00e9decine 2 pr\u00e9sente de mani\u00e8re accessible les concepts cl\u00e9s qui traversent la p\u00e9riode allant du XVIe au XVIIIe si\u00e8cle.\",\"breadcrumb\":{\"@id\":\"https:\/\/www.istegroup.com\/produit\/histoire-des-sciences-de-la-vie-et-de-la-medecine-2\/#breadcrumb\"},\"inLanguage\":\"en-US\",\"potentialAction\":[{\"@type\":\"ReadAction\",\"target\":[\"https:\/\/www.istegroup.com\/produit\/histoire-des-sciences-de-la-vie-et-de-la-medecine-2\/\"]}]},{\"@type\":\"ImageObject\",\"inLanguage\":\"en-US\",\"@id\":\"https:\/\/www.istegroup.com\/produit\/histoire-des-sciences-de-la-vie-et-de-la-medecine-2\/#primaryimage\",\"url\":\"https:\/\/www.istegroup.com\/wp-content\/uploads\/2019\/11\/Histoire-des-sciences-de-la-vie-et-de-la-medecine-2.jpg\",\"contentUrl\":\"https:\/\/www.istegroup.com\/wp-content\/uploads\/2019\/11\/Histoire-des-sciences-de-la-vie-et-de-la-medecine-2.jpg\",\"width\":300,\"height\":450},{\"@type\":\"BreadcrumbList\",\"@id\":\"https:\/\/www.istegroup.com\/produit\/histoire-des-sciences-de-la-vie-et-de-la-medecine-2\/#breadcrumb\",\"itemListElement\":[{\"@type\":\"ListItem\",\"position\":1,\"name\":\"Home\",\"item\":\"https:\/\/www.istegroup.com\/\"},{\"@type\":\"ListItem\",\"position\":2,\"name\":\"Shop\",\"item\":\"https:\/\/www.istegroup.com\/fr\/nouveautes\/\"},{\"@type\":\"ListItem\",\"position\":3,\"name\":\"Histoire des sciences de la vie et de la m\u00e9decine 2\"}]},{\"@type\":\"WebSite\",\"@id\":\"https:\/\/www.istegroup.com\/#website\",\"url\":\"https:\/\/www.istegroup.com\/\",\"name\":\"ISTE Group\",\"description\":\"Publishing Knowledge\",\"potentialAction\":[{\"@type\":\"SearchAction\",\"target\":{\"@type\":\"EntryPoint\",\"urlTemplate\":\"https:\/\/www.istegroup.com\/?s={search_term_string}\"},\"query-input\":{\"@type\":\"PropertyValueSpecification\",\"valueRequired\":true,\"valueName\":\"search_term_string\"}}],\"inLanguage\":\"en-US\"}]}<\/script>\n<!-- \/ Yoast SEO plugin. -->","yoast_head_json":{"title":"Histoire des sciences de la vie et de la m\u00e9decine 2 - ISTE Group","description":"Histoire des sciences de la vie et de la m\u00e9decine 2 pr\u00e9sente de mani\u00e8re accessible les concepts cl\u00e9s qui traversent la p\u00e9riode allant du XVIe au XVIIIe si\u00e8cle.","robots":{"index":"index","follow":"follow","max-snippet":"max-snippet:-1","max-image-preview":"max-image-preview:large","max-video-preview":"max-video-preview:-1"},"canonical":"https:\/\/www.istegroup.com\/produit\/histoire-des-sciences-de-la-vie-et-de-la-medecine-2\/","og_locale":"en_US","og_type":"article","og_title":"Histoire des sciences de la vie et de la m\u00e9decine 2 - ISTE Group","og_description":"Histoire des sciences de la vie et de la m\u00e9decine 2 pr\u00e9sente de mani\u00e8re accessible les concepts cl\u00e9s qui traversent la p\u00e9riode allant du XVIe au XVIIIe si\u00e8cle.","og_url":"https:\/\/www.istegroup.com\/produit\/histoire-des-sciences-de-la-vie-et-de-la-medecine-2\/","og_site_name":"ISTE Group","article_modified_time":"2026-02-23T10:25:14+00:00","og_image":[{"width":300,"height":450,"url":"https:\/\/www.istegroup.com\/wp-content\/uploads\/2019\/11\/Histoire-des-sciences-de-la-vie-et-de-la-medecine-2.jpg","type":"image\/jpeg"}],"twitter_card":"summary_large_image","twitter_misc":{"Est. reading time":"2 minutes"},"schema":{"@context":"https:\/\/schema.org","@graph":[{"@type":"WebPage","@id":"https:\/\/www.istegroup.com\/produit\/histoire-des-sciences-de-la-vie-et-de-la-medecine-2\/","url":"https:\/\/www.istegroup.com\/produit\/histoire-des-sciences-de-la-vie-et-de-la-medecine-2\/","name":"Histoire des sciences de la vie et de la m\u00e9decine 2 - ISTE Group","isPartOf":{"@id":"https:\/\/www.istegroup.com\/#website"},"primaryImageOfPage":{"@id":"https:\/\/www.istegroup.com\/produit\/histoire-des-sciences-de-la-vie-et-de-la-medecine-2\/#primaryimage"},"image":{"@id":"https:\/\/www.istegroup.com\/produit\/histoire-des-sciences-de-la-vie-et-de-la-medecine-2\/#primaryimage"},"thumbnailUrl":"https:\/\/www.istegroup.com\/wp-content\/uploads\/2019\/11\/Histoire-des-sciences-de-la-vie-et-de-la-medecine-2.jpg","datePublished":"2025-09-18T11:06:35+00:00","dateModified":"2026-02-23T10:25:14+00:00","description":"Histoire des sciences de la vie et de la m\u00e9decine 2 pr\u00e9sente de mani\u00e8re accessible les concepts cl\u00e9s qui traversent la p\u00e9riode allant du XVIe au XVIIIe si\u00e8cle.","breadcrumb":{"@id":"https:\/\/www.istegroup.com\/produit\/histoire-des-sciences-de-la-vie-et-de-la-medecine-2\/#breadcrumb"},"inLanguage":"en-US","potentialAction":[{"@type":"ReadAction","target":["https:\/\/www.istegroup.com\/produit\/histoire-des-sciences-de-la-vie-et-de-la-medecine-2\/"]}]},{"@type":"ImageObject","inLanguage":"en-US","@id":"https:\/\/www.istegroup.com\/produit\/histoire-des-sciences-de-la-vie-et-de-la-medecine-2\/#primaryimage","url":"https:\/\/www.istegroup.com\/wp-content\/uploads\/2019\/11\/Histoire-des-sciences-de-la-vie-et-de-la-medecine-2.jpg","contentUrl":"https:\/\/www.istegroup.com\/wp-content\/uploads\/2019\/11\/Histoire-des-sciences-de-la-vie-et-de-la-medecine-2.jpg","width":300,"height":450},{"@type":"BreadcrumbList","@id":"https:\/\/www.istegroup.com\/produit\/histoire-des-sciences-de-la-vie-et-de-la-medecine-2\/#breadcrumb","itemListElement":[{"@type":"ListItem","position":1,"name":"Home","item":"https:\/\/www.istegroup.com\/"},{"@type":"ListItem","position":2,"name":"Shop","item":"https:\/\/www.istegroup.com\/fr\/nouveautes\/"},{"@type":"ListItem","position":3,"name":"Histoire des sciences de la vie et de la m\u00e9decine 2"}]},{"@type":"WebSite","@id":"https:\/\/www.istegroup.com\/#website","url":"https:\/\/www.istegroup.com\/","name":"ISTE Group","description":"Publishing Knowledge","potentialAction":[{"@type":"SearchAction","target":{"@type":"EntryPoint","urlTemplate":"https:\/\/www.istegroup.com\/?s={search_term_string}"},"query-input":{"@type":"PropertyValueSpecification","valueRequired":true,"valueName":"search_term_string"}}],"inLanguage":"en-US"}]}},"_links":{"self":[{"href":"https:\/\/www.istegroup.com\/en\/wp-json\/wp\/v2\/product\/23877","targetHints":{"allow":["GET"]}}],"collection":[{"href":"https:\/\/www.istegroup.com\/en\/wp-json\/wp\/v2\/product"}],"about":[{"href":"https:\/\/www.istegroup.com\/en\/wp-json\/wp\/v2\/types\/product"}],"wp:featuredmedia":[{"embeddable":true,"href":"https:\/\/www.istegroup.com\/en\/wp-json\/wp\/v2\/media\/61568"}],"wp:attachment":[{"href":"https:\/\/www.istegroup.com\/en\/wp-json\/wp\/v2\/media?parent=23877"}],"wp:term":[{"taxonomy":"product_brand","embeddable":true,"href":"https:\/\/www.istegroup.com\/en\/wp-json\/wp\/v2\/product_brand?post=23877"},{"taxonomy":"product_cat","embeddable":true,"href":"https:\/\/www.istegroup.com\/en\/wp-json\/wp\/v2\/product_cat?post=23877"},{"taxonomy":"product_tag","embeddable":true,"href":"https:\/\/www.istegroup.com\/en\/wp-json\/wp\/v2\/product_tag?post=23877"}],"curies":[{"name":"wp","href":"https:\/\/api.w.org\/{rel}","templated":true}]}}