{"id":23876,"date":"2025-09-18T12:04:17","date_gmt":"2025-09-18T11:04:17","guid":{"rendered":"https:\/\/www.istegroup.com\/?post_type=product&#038;p=23876"},"modified":"2026-02-23T10:28:12","modified_gmt":"2026-02-23T10:28:12","slug":"histoire-des-sciences-de-la-vie-et-de-la-medecine-3","status":"publish","type":"product","link":"https:\/\/www.istegroup.com\/en\/produit\/histoire-des-sciences-de-la-vie-et-de-la-medecine-3\/","title":{"rendered":"Histoire des sciences de la vie et de la m\u00e9decine 3"},"content":{"rendered":"<p>Faire l\u2019histoire r\u00e9cente des sciences de la vie est une entreprise passionnante, mais exigeante. Certaines disciplines \u00e9mergent tandis que d\u2019autres disparaissent ; surtout, elles s\u2019entrelacent d\u00e9sormais et se chevauchent, d\u00e9pla\u00e7ant sans cesse leurs fronti\u00e8res. Pourtant, en d\u00e9pit de la complexit\u00e9 r\u00e9elle qui en r\u00e9sulte, certains concepts transversaux fondamentaux continuent de structurer la recherche, conf\u00e9rant \u00e0 la biologie une coh\u00e9rence et une identit\u00e9 d\u2019ensemble.<\/p>\n<p><em>Histoire des sciences de la vie et de la m\u00e9decine 3<\/em> fait le choix d\u2019une histoire conceptuelle, visant \u00e0 rendre compte de la constitution contemporaine du domaine des sciences de la vie. Sont ainsi abord\u00e9es quelques-unes des notions les plus repr\u00e9sentatives sur les plans historique et \u00e9pist\u00e9mologique, c\u2019est-\u00e0-dire celles qui ont particuli\u00e8rement structur\u00e9 le champ du vivant depuis les XIXe et XXe si\u00e8cles. Dix concepts biologiques cl\u00e9s font l\u2019objet d\u2019une analyse : l\u2019origine de la vie, l\u2019\u00e9volution, l\u2019\u00e9cosyst\u00e8me, la cellule, le m\u00e9tabolisme, le g\u00e8ne, le d\u00e9veloppement, l\u2019immunit\u00e9, le cerveau et la pathologie.<\/p>\n","protected":false},"excerpt":{"rendered":"<p>Faire l\u2019histoire r\u00e9cente des sciences de la vie est une entreprise passionnante, mais exigeante. Certaines disciplines \u00e9mergent tandis que d\u2019autres disparaissent ; surtout, elles s\u2019entrelacent d\u00e9sormais et se chevauchent, d\u00e9pla\u00e7ant sans cesse leurs fronti\u00e8res. Pourtant, en d\u00e9pit de la complexit\u00e9 r\u00e9elle qui en r\u00e9sulte, certains concepts transversaux fondamentaux continuent de structurer la recherche, conf\u00e9rant \u00e0 [&hellip;]<\/p>\n","protected":false},"featured_media":61569,"template":"","meta":{"_acf_changed":false,"_links_to":"","_links_to_target":""},"product_brand":[],"product_cat":[4289],"product_tag":[],"class_list":{"0":"post-23876","1":"product","2":"type-product","3":"status-publish","4":"has-post-thumbnail","6":"product_cat-sciences","8":"first","9":"instock","10":"shipping-taxable","11":"purchasable","12":"product-type-variable"},"acf":[],"yoast_head":"<!-- This site is optimized with the Yoast SEO plugin v27.2 - https:\/\/yoast.com\/product\/yoast-seo-wordpress\/ -->\n<title>Histoire des sciences de la vie et de la m\u00e9decine 3 - ISTE Group<\/title>\n<meta name=\"description\" content=\"Histoire des sciences de la vie et de la m\u00e9decine 3 fait le choix d\u2019une histoire conceptuelle, visant \u00e0 rendre compte de la constitution contemporaine du domaine des sciences de la vie.\" \/>\n<meta name=\"robots\" content=\"index, follow, max-snippet:-1, max-image-preview:large, max-video-preview:-1\" \/>\n<link rel=\"canonical\" href=\"https:\/\/www.istegroup.com\/produit\/histoire-des-sciences-de-la-vie-et-de-la-medecine-3\/\" \/>\n<meta property=\"og:locale\" content=\"en_US\" \/>\n<meta property=\"og:type\" content=\"article\" \/>\n<meta property=\"og:title\" content=\"Histoire des sciences de la vie et de la m\u00e9decine 3 - ISTE Group\" \/>\n<meta property=\"og:description\" content=\"Histoire des sciences de la vie et de la m\u00e9decine 3 fait le choix d\u2019une histoire conceptuelle, visant \u00e0 rendre compte de la constitution contemporaine du domaine des sciences de la vie.\" \/>\n<meta property=\"og:url\" content=\"https:\/\/www.istegroup.com\/produit\/histoire-des-sciences-de-la-vie-et-de-la-medecine-3\/\" \/>\n<meta property=\"og:site_name\" content=\"ISTE Group\" \/>\n<meta property=\"article:modified_time\" content=\"2026-02-23T10:28:12+00:00\" \/>\n<meta property=\"og:image\" content=\"https:\/\/www.istegroup.com\/wp-content\/uploads\/2019\/11\/Histoire-des-sciences-de-la-vie-et-de-la-medecine-3.jpg\" \/>\n\t<meta property=\"og:image:width\" content=\"300\" \/>\n\t<meta property=\"og:image:height\" content=\"450\" \/>\n\t<meta property=\"og:image:type\" content=\"image\/jpeg\" \/>\n<meta name=\"twitter:card\" content=\"summary_large_image\" \/>\n<meta name=\"twitter:label1\" content=\"Est. reading time\" \/>\n\t<meta name=\"twitter:data1\" content=\"1 minute\" \/>\n<script type=\"application\/ld+json\" class=\"yoast-schema-graph\">{\"@context\":\"https:\/\/schema.org\",\"@graph\":[{\"@type\":\"WebPage\",\"@id\":\"https:\/\/www.istegroup.com\/produit\/histoire-des-sciences-de-la-vie-et-de-la-medecine-3\/\",\"url\":\"https:\/\/www.istegroup.com\/produit\/histoire-des-sciences-de-la-vie-et-de-la-medecine-3\/\",\"name\":\"Histoire des sciences de la vie et de la m\u00e9decine 3 - ISTE Group\",\"isPartOf\":{\"@id\":\"https:\/\/www.istegroup.com\/#website\"},\"primaryImageOfPage\":{\"@id\":\"https:\/\/www.istegroup.com\/produit\/histoire-des-sciences-de-la-vie-et-de-la-medecine-3\/#primaryimage\"},\"image\":{\"@id\":\"https:\/\/www.istegroup.com\/produit\/histoire-des-sciences-de-la-vie-et-de-la-medecine-3\/#primaryimage\"},\"thumbnailUrl\":\"https:\/\/www.istegroup.com\/wp-content\/uploads\/2019\/11\/Histoire-des-sciences-de-la-vie-et-de-la-medecine-3.jpg\",\"datePublished\":\"2025-09-18T11:04:17+00:00\",\"dateModified\":\"2026-02-23T10:28:12+00:00\",\"description\":\"Histoire des sciences de la vie et de la m\u00e9decine 3 fait le choix d\u2019une histoire conceptuelle, visant \u00e0 rendre compte de la constitution contemporaine du domaine des sciences de la vie.\",\"breadcrumb\":{\"@id\":\"https:\/\/www.istegroup.com\/produit\/histoire-des-sciences-de-la-vie-et-de-la-medecine-3\/#breadcrumb\"},\"inLanguage\":\"en-US\",\"potentialAction\":[{\"@type\":\"ReadAction\",\"target\":[\"https:\/\/www.istegroup.com\/produit\/histoire-des-sciences-de-la-vie-et-de-la-medecine-3\/\"]}]},{\"@type\":\"ImageObject\",\"inLanguage\":\"en-US\",\"@id\":\"https:\/\/www.istegroup.com\/produit\/histoire-des-sciences-de-la-vie-et-de-la-medecine-3\/#primaryimage\",\"url\":\"https:\/\/www.istegroup.com\/wp-content\/uploads\/2019\/11\/Histoire-des-sciences-de-la-vie-et-de-la-medecine-3.jpg\",\"contentUrl\":\"https:\/\/www.istegroup.com\/wp-content\/uploads\/2019\/11\/Histoire-des-sciences-de-la-vie-et-de-la-medecine-3.jpg\",\"width\":300,\"height\":450},{\"@type\":\"BreadcrumbList\",\"@id\":\"https:\/\/www.istegroup.com\/produit\/histoire-des-sciences-de-la-vie-et-de-la-medecine-3\/#breadcrumb\",\"itemListElement\":[{\"@type\":\"ListItem\",\"position\":1,\"name\":\"Home\",\"item\":\"https:\/\/www.istegroup.com\/\"},{\"@type\":\"ListItem\",\"position\":2,\"name\":\"Shop\",\"item\":\"https:\/\/www.istegroup.com\/fr\/nouveautes\/\"},{\"@type\":\"ListItem\",\"position\":3,\"name\":\"Histoire des sciences de la vie et de la m\u00e9decine 3\"}]},{\"@type\":\"WebSite\",\"@id\":\"https:\/\/www.istegroup.com\/#website\",\"url\":\"https:\/\/www.istegroup.com\/\",\"name\":\"ISTE Group\",\"description\":\"Publishing Knowledge\",\"potentialAction\":[{\"@type\":\"SearchAction\",\"target\":{\"@type\":\"EntryPoint\",\"urlTemplate\":\"https:\/\/www.istegroup.com\/?s={search_term_string}\"},\"query-input\":{\"@type\":\"PropertyValueSpecification\",\"valueRequired\":true,\"valueName\":\"search_term_string\"}}],\"inLanguage\":\"en-US\"}]}<\/script>\n<!-- \/ Yoast SEO plugin. -->","yoast_head_json":{"title":"Histoire des sciences de la vie et de la m\u00e9decine 3 - ISTE Group","description":"Histoire des sciences de la vie et de la m\u00e9decine 3 fait le choix d\u2019une histoire conceptuelle, visant \u00e0 rendre compte de la constitution contemporaine du domaine des sciences de la vie.","robots":{"index":"index","follow":"follow","max-snippet":"max-snippet:-1","max-image-preview":"max-image-preview:large","max-video-preview":"max-video-preview:-1"},"canonical":"https:\/\/www.istegroup.com\/produit\/histoire-des-sciences-de-la-vie-et-de-la-medecine-3\/","og_locale":"en_US","og_type":"article","og_title":"Histoire des sciences de la vie et de la m\u00e9decine 3 - ISTE Group","og_description":"Histoire des sciences de la vie et de la m\u00e9decine 3 fait le choix d\u2019une histoire conceptuelle, visant \u00e0 rendre compte de la constitution contemporaine du domaine des sciences de la vie.","og_url":"https:\/\/www.istegroup.com\/produit\/histoire-des-sciences-de-la-vie-et-de-la-medecine-3\/","og_site_name":"ISTE Group","article_modified_time":"2026-02-23T10:28:12+00:00","og_image":[{"width":300,"height":450,"url":"https:\/\/www.istegroup.com\/wp-content\/uploads\/2019\/11\/Histoire-des-sciences-de-la-vie-et-de-la-medecine-3.jpg","type":"image\/jpeg"}],"twitter_card":"summary_large_image","twitter_misc":{"Est. reading time":"1 minute"},"schema":{"@context":"https:\/\/schema.org","@graph":[{"@type":"WebPage","@id":"https:\/\/www.istegroup.com\/produit\/histoire-des-sciences-de-la-vie-et-de-la-medecine-3\/","url":"https:\/\/www.istegroup.com\/produit\/histoire-des-sciences-de-la-vie-et-de-la-medecine-3\/","name":"Histoire des sciences de la vie et de la m\u00e9decine 3 - ISTE Group","isPartOf":{"@id":"https:\/\/www.istegroup.com\/#website"},"primaryImageOfPage":{"@id":"https:\/\/www.istegroup.com\/produit\/histoire-des-sciences-de-la-vie-et-de-la-medecine-3\/#primaryimage"},"image":{"@id":"https:\/\/www.istegroup.com\/produit\/histoire-des-sciences-de-la-vie-et-de-la-medecine-3\/#primaryimage"},"thumbnailUrl":"https:\/\/www.istegroup.com\/wp-content\/uploads\/2019\/11\/Histoire-des-sciences-de-la-vie-et-de-la-medecine-3.jpg","datePublished":"2025-09-18T11:04:17+00:00","dateModified":"2026-02-23T10:28:12+00:00","description":"Histoire des sciences de la vie et de la m\u00e9decine 3 fait le choix d\u2019une histoire conceptuelle, visant \u00e0 rendre compte de la constitution contemporaine du domaine des sciences de la vie.","breadcrumb":{"@id":"https:\/\/www.istegroup.com\/produit\/histoire-des-sciences-de-la-vie-et-de-la-medecine-3\/#breadcrumb"},"inLanguage":"en-US","potentialAction":[{"@type":"ReadAction","target":["https:\/\/www.istegroup.com\/produit\/histoire-des-sciences-de-la-vie-et-de-la-medecine-3\/"]}]},{"@type":"ImageObject","inLanguage":"en-US","@id":"https:\/\/www.istegroup.com\/produit\/histoire-des-sciences-de-la-vie-et-de-la-medecine-3\/#primaryimage","url":"https:\/\/www.istegroup.com\/wp-content\/uploads\/2019\/11\/Histoire-des-sciences-de-la-vie-et-de-la-medecine-3.jpg","contentUrl":"https:\/\/www.istegroup.com\/wp-content\/uploads\/2019\/11\/Histoire-des-sciences-de-la-vie-et-de-la-medecine-3.jpg","width":300,"height":450},{"@type":"BreadcrumbList","@id":"https:\/\/www.istegroup.com\/produit\/histoire-des-sciences-de-la-vie-et-de-la-medecine-3\/#breadcrumb","itemListElement":[{"@type":"ListItem","position":1,"name":"Home","item":"https:\/\/www.istegroup.com\/"},{"@type":"ListItem","position":2,"name":"Shop","item":"https:\/\/www.istegroup.com\/fr\/nouveautes\/"},{"@type":"ListItem","position":3,"name":"Histoire des sciences de la vie et de la m\u00e9decine 3"}]},{"@type":"WebSite","@id":"https:\/\/www.istegroup.com\/#website","url":"https:\/\/www.istegroup.com\/","name":"ISTE Group","description":"Publishing Knowledge","potentialAction":[{"@type":"SearchAction","target":{"@type":"EntryPoint","urlTemplate":"https:\/\/www.istegroup.com\/?s={search_term_string}"},"query-input":{"@type":"PropertyValueSpecification","valueRequired":true,"valueName":"search_term_string"}}],"inLanguage":"en-US"}]}},"_links":{"self":[{"href":"https:\/\/www.istegroup.com\/en\/wp-json\/wp\/v2\/product\/23876","targetHints":{"allow":["GET"]}}],"collection":[{"href":"https:\/\/www.istegroup.com\/en\/wp-json\/wp\/v2\/product"}],"about":[{"href":"https:\/\/www.istegroup.com\/en\/wp-json\/wp\/v2\/types\/product"}],"wp:featuredmedia":[{"embeddable":true,"href":"https:\/\/www.istegroup.com\/en\/wp-json\/wp\/v2\/media\/61569"}],"wp:attachment":[{"href":"https:\/\/www.istegroup.com\/en\/wp-json\/wp\/v2\/media?parent=23876"}],"wp:term":[{"taxonomy":"product_brand","embeddable":true,"href":"https:\/\/www.istegroup.com\/en\/wp-json\/wp\/v2\/product_brand?post=23876"},{"taxonomy":"product_cat","embeddable":true,"href":"https:\/\/www.istegroup.com\/en\/wp-json\/wp\/v2\/product_cat?post=23876"},{"taxonomy":"product_tag","embeddable":true,"href":"https:\/\/www.istegroup.com\/en\/wp-json\/wp\/v2\/product_tag?post=23876"}],"curies":[{"name":"wp","href":"https:\/\/api.w.org\/{rel}","templated":true}]}}