{"id":23867,"date":"2026-01-27T11:56:49","date_gmt":"2026-01-27T11:56:49","guid":{"rendered":"https:\/\/www.istegroup.com\/?post_type=product&#038;p=23867"},"modified":"2026-02-25T11:04:23","modified_gmt":"2026-02-25T11:04:23","slug":"histoire-des-sciences-de-la-terre","status":"publish","type":"product","link":"https:\/\/www.istegroup.com\/en\/produit\/histoire-des-sciences-de-la-terre\/","title":{"rendered":"Histoire des sciences de la Terre"},"content":{"rendered":"<p>La cr\u00e9ation, en 1976, du Comit\u00e9 fran\u00e7ais d\u2019histoire de la g\u00e9ologie (COFRHIGEO) visait \u00e0 f\u00e9d\u00e9rer g\u00e9ologues, philosophes et historiens d\u00e9sireux de contribuer \u00e0 l\u2019\u00e9criture d\u2019une histoire de la g\u00e9ologie alors encore balbutiante.<\/p>\n<p>Cinquante ans plus tard, cet ouvrage entend \u00e0 la fois rendre compte des recherches qui ont \u00e9clair\u00e9 l\u2019\u00e9volution des discours sur la Terre, de l\u2019Antiquit\u00e9 au tout d\u00e9but du XXe si\u00e8cle, et offrir aux \u00e9tudiants comme \u00e0 toute personne int\u00e9ress\u00e9e par la construction des sciences de la Terre un texte g\u00e9n\u00e9ral, cibl\u00e9 et pr\u00e9cis, con\u00e7u comme une introduction et une incitation \u00e0 l\u2019\u00e9tude de cette histoire. Celle-ci s\u2019ach\u00e8ve, ici, avec la th\u00e9orie mobiliste d\u2019Alfred Wegener.<\/p>\n","protected":false},"excerpt":{"rendered":"<p>La cr\u00e9ation, en 1976, du Comit\u00e9 fran\u00e7ais d\u2019histoire de la g\u00e9ologie (COFRHIGEO) visait \u00e0 f\u00e9d\u00e9rer g\u00e9ologues, philosophes et historiens d\u00e9sireux de contribuer \u00e0 l\u2019\u00e9criture d\u2019une histoire de la g\u00e9ologie alors encore balbutiante. Cinquante ans plus tard, cet ouvrage entend \u00e0 la fois rendre compte des recherches qui ont \u00e9clair\u00e9 l\u2019\u00e9volution des discours sur la Terre, [&hellip;]<\/p>\n","protected":false},"featured_media":62744,"template":"","meta":{"_acf_changed":false,"_links_to":"","_links_to_target":""},"product_brand":[],"product_cat":[4289],"product_tag":[],"class_list":{"0":"post-23867","1":"product","2":"type-product","3":"status-publish","4":"has-post-thumbnail","6":"product_cat-sciences","8":"first","9":"instock","10":"shipping-taxable","11":"purchasable","12":"product-type-variable"},"acf":[],"yoast_head":"<!-- This site is optimized with the Yoast SEO plugin v27.2 - https:\/\/yoast.com\/product\/yoast-seo-wordpress\/ -->\n<title>Histoire des sciences de la Terre - ISTE Group<\/title>\n<meta name=\"description\" content=\"Cet ouvrage entend \u00e0 la fois rendre compte des recherches qui ont \u00e9clair\u00e9 l\u2019\u00e9volution des discours sur la Terre, de l\u2019Antiquit\u00e9 au tout d\u00e9but du XXe si\u00e8cle, et offrir aux \u00e9tudiants comme \u00e0 toute personne int\u00e9ress\u00e9e par la construction des sciences de la Terre un texte g\u00e9n\u00e9ral, cibl\u00e9 et pr\u00e9cis, con\u00e7u comme une introduction et une incitation \u00e0 l\u2019\u00e9tude de cette histoire.\" \/>\n<meta name=\"robots\" content=\"index, follow, max-snippet:-1, max-image-preview:large, max-video-preview:-1\" \/>\n<link rel=\"canonical\" href=\"https:\/\/www.istegroup.com\/produit\/histoire-des-sciences-de-la-terre\/\" \/>\n<meta property=\"og:locale\" content=\"en_US\" \/>\n<meta property=\"og:type\" content=\"article\" \/>\n<meta property=\"og:title\" content=\"Histoire des sciences de la Terre - ISTE Group\" \/>\n<meta property=\"og:description\" content=\"Cet ouvrage entend \u00e0 la fois rendre compte des recherches qui ont \u00e9clair\u00e9 l\u2019\u00e9volution des discours sur la Terre, de l\u2019Antiquit\u00e9 au tout d\u00e9but du XXe si\u00e8cle, et offrir aux \u00e9tudiants comme \u00e0 toute personne int\u00e9ress\u00e9e par la construction des sciences de la Terre un texte g\u00e9n\u00e9ral, cibl\u00e9 et pr\u00e9cis, con\u00e7u comme une introduction et une incitation \u00e0 l\u2019\u00e9tude de cette histoire.\" \/>\n<meta property=\"og:url\" content=\"https:\/\/www.istegroup.com\/produit\/histoire-des-sciences-de-la-terre\/\" \/>\n<meta property=\"og:site_name\" content=\"ISTE Group\" \/>\n<meta property=\"article:modified_time\" content=\"2026-02-25T11:04:23+00:00\" \/>\n<meta property=\"og:image\" content=\"https:\/\/www.istegroup.com\/wp-content\/uploads\/2019\/11\/231_Histoire-des-sciences-de-la-Terre.jpg\" \/>\n\t<meta property=\"og:image:width\" content=\"300\" \/>\n\t<meta property=\"og:image:height\" content=\"450\" \/>\n\t<meta property=\"og:image:type\" content=\"image\/jpeg\" \/>\n<meta name=\"twitter:card\" content=\"summary_large_image\" \/>\n<meta name=\"twitter:label1\" content=\"Est. reading time\" \/>\n\t<meta name=\"twitter:data1\" content=\"1 minute\" \/>\n<script type=\"application\/ld+json\" class=\"yoast-schema-graph\">{\"@context\":\"https:\/\/schema.org\",\"@graph\":[{\"@type\":\"WebPage\",\"@id\":\"https:\/\/www.istegroup.com\/produit\/histoire-des-sciences-de-la-terre\/\",\"url\":\"https:\/\/www.istegroup.com\/produit\/histoire-des-sciences-de-la-terre\/\",\"name\":\"Histoire des sciences de la Terre - ISTE Group\",\"isPartOf\":{\"@id\":\"https:\/\/www.istegroup.com\/#website\"},\"primaryImageOfPage\":{\"@id\":\"https:\/\/www.istegroup.com\/produit\/histoire-des-sciences-de-la-terre\/#primaryimage\"},\"image\":{\"@id\":\"https:\/\/www.istegroup.com\/produit\/histoire-des-sciences-de-la-terre\/#primaryimage\"},\"thumbnailUrl\":\"https:\/\/www.istegroup.com\/wp-content\/uploads\/2019\/11\/231_Histoire-des-sciences-de-la-Terre.jpg\",\"datePublished\":\"2026-01-27T11:56:49+00:00\",\"dateModified\":\"2026-02-25T11:04:23+00:00\",\"description\":\"Cet ouvrage entend \u00e0 la fois rendre compte des recherches qui ont \u00e9clair\u00e9 l\u2019\u00e9volution des discours sur la Terre, de l\u2019Antiquit\u00e9 au tout d\u00e9but du XXe si\u00e8cle, et offrir aux \u00e9tudiants comme \u00e0 toute personne int\u00e9ress\u00e9e par la construction des sciences de la Terre un texte g\u00e9n\u00e9ral, cibl\u00e9 et pr\u00e9cis, con\u00e7u comme une introduction et une incitation \u00e0 l\u2019\u00e9tude de cette histoire.\",\"breadcrumb\":{\"@id\":\"https:\/\/www.istegroup.com\/produit\/histoire-des-sciences-de-la-terre\/#breadcrumb\"},\"inLanguage\":\"en-US\",\"potentialAction\":[{\"@type\":\"ReadAction\",\"target\":[\"https:\/\/www.istegroup.com\/produit\/histoire-des-sciences-de-la-terre\/\"]}]},{\"@type\":\"ImageObject\",\"inLanguage\":\"en-US\",\"@id\":\"https:\/\/www.istegroup.com\/produit\/histoire-des-sciences-de-la-terre\/#primaryimage\",\"url\":\"https:\/\/www.istegroup.com\/wp-content\/uploads\/2019\/11\/231_Histoire-des-sciences-de-la-Terre.jpg\",\"contentUrl\":\"https:\/\/www.istegroup.com\/wp-content\/uploads\/2019\/11\/231_Histoire-des-sciences-de-la-Terre.jpg\",\"width\":300,\"height\":450},{\"@type\":\"BreadcrumbList\",\"@id\":\"https:\/\/www.istegroup.com\/produit\/histoire-des-sciences-de-la-terre\/#breadcrumb\",\"itemListElement\":[{\"@type\":\"ListItem\",\"position\":1,\"name\":\"Home\",\"item\":\"https:\/\/www.istegroup.com\/\"},{\"@type\":\"ListItem\",\"position\":2,\"name\":\"Shop\",\"item\":\"https:\/\/www.istegroup.com\/fr\/nouveautes\/\"},{\"@type\":\"ListItem\",\"position\":3,\"name\":\"Histoire des sciences de la Terre\"}]},{\"@type\":\"WebSite\",\"@id\":\"https:\/\/www.istegroup.com\/#website\",\"url\":\"https:\/\/www.istegroup.com\/\",\"name\":\"ISTE Group\",\"description\":\"Publishing Knowledge\",\"potentialAction\":[{\"@type\":\"SearchAction\",\"target\":{\"@type\":\"EntryPoint\",\"urlTemplate\":\"https:\/\/www.istegroup.com\/?s={search_term_string}\"},\"query-input\":{\"@type\":\"PropertyValueSpecification\",\"valueRequired\":true,\"valueName\":\"search_term_string\"}}],\"inLanguage\":\"en-US\"}]}<\/script>\n<!-- \/ Yoast SEO plugin. -->","yoast_head_json":{"title":"Histoire des sciences de la Terre - ISTE Group","description":"Cet ouvrage entend \u00e0 la fois rendre compte des recherches qui ont \u00e9clair\u00e9 l\u2019\u00e9volution des discours sur la Terre, de l\u2019Antiquit\u00e9 au tout d\u00e9but du XXe si\u00e8cle, et offrir aux \u00e9tudiants comme \u00e0 toute personne int\u00e9ress\u00e9e par la construction des sciences de la Terre un texte g\u00e9n\u00e9ral, cibl\u00e9 et pr\u00e9cis, con\u00e7u comme une introduction et une incitation \u00e0 l\u2019\u00e9tude de cette histoire.","robots":{"index":"index","follow":"follow","max-snippet":"max-snippet:-1","max-image-preview":"max-image-preview:large","max-video-preview":"max-video-preview:-1"},"canonical":"https:\/\/www.istegroup.com\/produit\/histoire-des-sciences-de-la-terre\/","og_locale":"en_US","og_type":"article","og_title":"Histoire des sciences de la Terre - ISTE Group","og_description":"Cet ouvrage entend \u00e0 la fois rendre compte des recherches qui ont \u00e9clair\u00e9 l\u2019\u00e9volution des discours sur la Terre, de l\u2019Antiquit\u00e9 au tout d\u00e9but du XXe si\u00e8cle, et offrir aux \u00e9tudiants comme \u00e0 toute personne int\u00e9ress\u00e9e par la construction des sciences de la Terre un texte g\u00e9n\u00e9ral, cibl\u00e9 et pr\u00e9cis, con\u00e7u comme une introduction et une incitation \u00e0 l\u2019\u00e9tude de cette histoire.","og_url":"https:\/\/www.istegroup.com\/produit\/histoire-des-sciences-de-la-terre\/","og_site_name":"ISTE Group","article_modified_time":"2026-02-25T11:04:23+00:00","og_image":[{"width":300,"height":450,"url":"https:\/\/www.istegroup.com\/wp-content\/uploads\/2019\/11\/231_Histoire-des-sciences-de-la-Terre.jpg","type":"image\/jpeg"}],"twitter_card":"summary_large_image","twitter_misc":{"Est. reading time":"1 minute"},"schema":{"@context":"https:\/\/schema.org","@graph":[{"@type":"WebPage","@id":"https:\/\/www.istegroup.com\/produit\/histoire-des-sciences-de-la-terre\/","url":"https:\/\/www.istegroup.com\/produit\/histoire-des-sciences-de-la-terre\/","name":"Histoire des sciences de la Terre - ISTE Group","isPartOf":{"@id":"https:\/\/www.istegroup.com\/#website"},"primaryImageOfPage":{"@id":"https:\/\/www.istegroup.com\/produit\/histoire-des-sciences-de-la-terre\/#primaryimage"},"image":{"@id":"https:\/\/www.istegroup.com\/produit\/histoire-des-sciences-de-la-terre\/#primaryimage"},"thumbnailUrl":"https:\/\/www.istegroup.com\/wp-content\/uploads\/2019\/11\/231_Histoire-des-sciences-de-la-Terre.jpg","datePublished":"2026-01-27T11:56:49+00:00","dateModified":"2026-02-25T11:04:23+00:00","description":"Cet ouvrage entend \u00e0 la fois rendre compte des recherches qui ont \u00e9clair\u00e9 l\u2019\u00e9volution des discours sur la Terre, de l\u2019Antiquit\u00e9 au tout d\u00e9but du XXe si\u00e8cle, et offrir aux \u00e9tudiants comme \u00e0 toute personne int\u00e9ress\u00e9e par la construction des sciences de la Terre un texte g\u00e9n\u00e9ral, cibl\u00e9 et pr\u00e9cis, con\u00e7u comme une introduction et une incitation \u00e0 l\u2019\u00e9tude de cette histoire.","breadcrumb":{"@id":"https:\/\/www.istegroup.com\/produit\/histoire-des-sciences-de-la-terre\/#breadcrumb"},"inLanguage":"en-US","potentialAction":[{"@type":"ReadAction","target":["https:\/\/www.istegroup.com\/produit\/histoire-des-sciences-de-la-terre\/"]}]},{"@type":"ImageObject","inLanguage":"en-US","@id":"https:\/\/www.istegroup.com\/produit\/histoire-des-sciences-de-la-terre\/#primaryimage","url":"https:\/\/www.istegroup.com\/wp-content\/uploads\/2019\/11\/231_Histoire-des-sciences-de-la-Terre.jpg","contentUrl":"https:\/\/www.istegroup.com\/wp-content\/uploads\/2019\/11\/231_Histoire-des-sciences-de-la-Terre.jpg","width":300,"height":450},{"@type":"BreadcrumbList","@id":"https:\/\/www.istegroup.com\/produit\/histoire-des-sciences-de-la-terre\/#breadcrumb","itemListElement":[{"@type":"ListItem","position":1,"name":"Home","item":"https:\/\/www.istegroup.com\/"},{"@type":"ListItem","position":2,"name":"Shop","item":"https:\/\/www.istegroup.com\/fr\/nouveautes\/"},{"@type":"ListItem","position":3,"name":"Histoire des sciences de la Terre"}]},{"@type":"WebSite","@id":"https:\/\/www.istegroup.com\/#website","url":"https:\/\/www.istegroup.com\/","name":"ISTE Group","description":"Publishing Knowledge","potentialAction":[{"@type":"SearchAction","target":{"@type":"EntryPoint","urlTemplate":"https:\/\/www.istegroup.com\/?s={search_term_string}"},"query-input":{"@type":"PropertyValueSpecification","valueRequired":true,"valueName":"search_term_string"}}],"inLanguage":"en-US"}]}},"_links":{"self":[{"href":"https:\/\/www.istegroup.com\/en\/wp-json\/wp\/v2\/product\/23867","targetHints":{"allow":["GET"]}}],"collection":[{"href":"https:\/\/www.istegroup.com\/en\/wp-json\/wp\/v2\/product"}],"about":[{"href":"https:\/\/www.istegroup.com\/en\/wp-json\/wp\/v2\/types\/product"}],"wp:featuredmedia":[{"embeddable":true,"href":"https:\/\/www.istegroup.com\/en\/wp-json\/wp\/v2\/media\/62744"}],"wp:attachment":[{"href":"https:\/\/www.istegroup.com\/en\/wp-json\/wp\/v2\/media?parent=23867"}],"wp:term":[{"taxonomy":"product_brand","embeddable":true,"href":"https:\/\/www.istegroup.com\/en\/wp-json\/wp\/v2\/product_brand?post=23867"},{"taxonomy":"product_cat","embeddable":true,"href":"https:\/\/www.istegroup.com\/en\/wp-json\/wp\/v2\/product_cat?post=23867"},{"taxonomy":"product_tag","embeddable":true,"href":"https:\/\/www.istegroup.com\/en\/wp-json\/wp\/v2\/product_tag?post=23867"}],"curies":[{"name":"wp","href":"https:\/\/api.w.org\/{rel}","templated":true}]}}