{"id":23862,"date":"2024-10-11T09:04:27","date_gmt":"2024-10-11T08:04:27","guid":{"rendered":"https:\/\/www.istegroup.com\/?post_type=product&#038;p=23862"},"modified":"2025-02-17T10:44:13","modified_gmt":"2025-02-17T10:44:13","slug":"structure-et-dynamique-de-linterieur-de-la-terre-1","status":"publish","type":"product","link":"https:\/\/www.istegroup.com\/en\/produit\/structure-et-dynamique-de-linterieur-de-la-terre-1\/","title":{"rendered":"Structure et dynamique de l&#8217;int\u00e9rieur de la Terre 1"},"content":{"rendered":"<p>Le manteau silicat\u00e9 et sa dynamique contr\u00f4lent le refroidissement interne de la Terre depuis plus de 4 milliards d\u2019ann\u00e9es. Si cette dynamique est aujourd\u2019hui plut\u00f4t lente, il n\u2019en a pas toujours \u00e9t\u00e9 ainsi : peu de temps apr\u00e8s la s\u00e9paration noyau\/manteau, ce r\u00e9servoir \u00e9tait significativement fondu avec une dynamique s\u2019apparentant \u00e0 celle d\u2019un oc\u00e9an magmatique. Malgr\u00e9 les progr\u00e8s des outils analytiques, num\u00e9riques et une meilleure connaissance de la structure interne de la Terre, le manteau terrestre reste aujourd\u2019hui encore tr\u00e8s myst\u00e9rieux.<\/p>\n<p><em>Structure et dynamique de l\u2019int\u00e9rieur de la Terre 1<\/em> pr\u00e9sente l\u2019\u00e9volution de la dynamique du manteau au cours de l\u2019histoire terrestre, depuis sa formation jusqu\u2019\u00e0 nos jours. Il examine les apports de la mod\u00e9lisation num\u00e9rique, mais \u00e9galement les donn\u00e9es sismologiques, p\u00e9trologiques et g\u00e9ochimiques qui permettent de contraindre les mod\u00e8les dynamiques. L\u2019ouvrage analyse enfin les manifestations de la dynamique mantellique en termes de refroidissement \u00e0 la surface, de volcanisme et de couplage avec l\u2019atmosph\u00e8re.<\/p>\n","protected":false},"excerpt":{"rendered":"<p>Le manteau silicat\u00e9 et sa dynamique contr\u00f4lent le refroidissement interne de la Terre depuis plus de 4 milliards d\u2019ann\u00e9es. Si cette dynamique est aujourd\u2019hui plut\u00f4t lente, il n\u2019en a pas toujours \u00e9t\u00e9 ainsi : peu de temps apr\u00e8s la s\u00e9paration noyau\/manteau, ce r\u00e9servoir \u00e9tait significativement fondu avec une dynamique s\u2019apparentant \u00e0 celle d\u2019un oc\u00e9an magmatique. [&hellip;]<\/p>\n","protected":false},"featured_media":57977,"template":"","meta":{"_acf_changed":false,"_links_to":"","_links_to_target":""},"product_brand":[],"product_cat":[4289],"product_tag":[],"class_list":{"0":"post-23862","1":"product","2":"type-product","3":"status-publish","4":"has-post-thumbnail","6":"product_cat-sciences","8":"first","9":"instock","10":"shipping-taxable","11":"purchasable","12":"product-type-variable"},"acf":[],"yoast_head":"<!-- This site is optimized with the Yoast SEO plugin v27.2 - https:\/\/yoast.com\/product\/yoast-seo-wordpress\/ -->\n<title>Structure et dynamique de l&#039;int\u00e9rieur de la Terre 1 - ISTE Group<\/title>\n<meta name=\"description\" content=\"Structure et dynamique de l\u2019int\u00e9rieur de la Terre 1 pr\u00e9sente l\u2019\u00e9volution de la dynamique du manteau au cours de l\u2019histoire terrestre, depuis sa formation jusqu\u2019\u00e0 nos jours.\" \/>\n<meta name=\"robots\" content=\"index, follow, max-snippet:-1, max-image-preview:large, max-video-preview:-1\" \/>\n<link rel=\"canonical\" href=\"https:\/\/www.istegroup.com\/produit\/structure-et-dynamique-de-linterieur-de-la-terre-1\/\" \/>\n<meta property=\"og:locale\" content=\"en_US\" \/>\n<meta property=\"og:type\" content=\"article\" \/>\n<meta property=\"og:title\" content=\"Structure et dynamique de l&#039;int\u00e9rieur de la Terre 1 - ISTE Group\" \/>\n<meta property=\"og:description\" content=\"Structure et dynamique de l\u2019int\u00e9rieur de la Terre 1 pr\u00e9sente l\u2019\u00e9volution de la dynamique du manteau au cours de l\u2019histoire terrestre, depuis sa formation jusqu\u2019\u00e0 nos jours.\" \/>\n<meta property=\"og:url\" content=\"https:\/\/www.istegroup.com\/produit\/structure-et-dynamique-de-linterieur-de-la-terre-1\/\" \/>\n<meta property=\"og:site_name\" content=\"ISTE Group\" \/>\n<meta property=\"article:modified_time\" content=\"2025-02-17T10:44:13+00:00\" \/>\n<meta property=\"og:image\" content=\"https:\/\/www.istegroup.com\/wp-content\/uploads\/2019\/11\/Structure-et-dynamique-de-linterieur-de-la-Terre-1.jpg\" \/>\n\t<meta property=\"og:image:width\" content=\"300\" \/>\n\t<meta property=\"og:image:height\" content=\"450\" \/>\n\t<meta property=\"og:image:type\" content=\"image\/jpeg\" \/>\n<meta name=\"twitter:card\" content=\"summary_large_image\" \/>\n<meta name=\"twitter:label1\" content=\"Est. reading time\" \/>\n\t<meta name=\"twitter:data1\" content=\"1 minute\" \/>\n<script type=\"application\/ld+json\" class=\"yoast-schema-graph\">{\"@context\":\"https:\/\/schema.org\",\"@graph\":[{\"@type\":\"WebPage\",\"@id\":\"https:\/\/www.istegroup.com\/produit\/structure-et-dynamique-de-linterieur-de-la-terre-1\/\",\"url\":\"https:\/\/www.istegroup.com\/produit\/structure-et-dynamique-de-linterieur-de-la-terre-1\/\",\"name\":\"Structure et dynamique de l'int\u00e9rieur de la Terre 1 - ISTE Group\",\"isPartOf\":{\"@id\":\"https:\/\/www.istegroup.com\/#website\"},\"primaryImageOfPage\":{\"@id\":\"https:\/\/www.istegroup.com\/produit\/structure-et-dynamique-de-linterieur-de-la-terre-1\/#primaryimage\"},\"image\":{\"@id\":\"https:\/\/www.istegroup.com\/produit\/structure-et-dynamique-de-linterieur-de-la-terre-1\/#primaryimage\"},\"thumbnailUrl\":\"https:\/\/www.istegroup.com\/wp-content\/uploads\/2019\/11\/Structure-et-dynamique-de-linterieur-de-la-Terre-1.jpg\",\"datePublished\":\"2024-10-11T08:04:27+00:00\",\"dateModified\":\"2025-02-17T10:44:13+00:00\",\"description\":\"Structure et dynamique de l\u2019int\u00e9rieur de la Terre 1 pr\u00e9sente l\u2019\u00e9volution de la dynamique du manteau au cours de l\u2019histoire terrestre, depuis sa formation jusqu\u2019\u00e0 nos jours.\",\"breadcrumb\":{\"@id\":\"https:\/\/www.istegroup.com\/produit\/structure-et-dynamique-de-linterieur-de-la-terre-1\/#breadcrumb\"},\"inLanguage\":\"en-US\",\"potentialAction\":[{\"@type\":\"ReadAction\",\"target\":[\"https:\/\/www.istegroup.com\/produit\/structure-et-dynamique-de-linterieur-de-la-terre-1\/\"]}]},{\"@type\":\"ImageObject\",\"inLanguage\":\"en-US\",\"@id\":\"https:\/\/www.istegroup.com\/produit\/structure-et-dynamique-de-linterieur-de-la-terre-1\/#primaryimage\",\"url\":\"https:\/\/www.istegroup.com\/wp-content\/uploads\/2019\/11\/Structure-et-dynamique-de-linterieur-de-la-Terre-1.jpg\",\"contentUrl\":\"https:\/\/www.istegroup.com\/wp-content\/uploads\/2019\/11\/Structure-et-dynamique-de-linterieur-de-la-Terre-1.jpg\",\"width\":300,\"height\":450,\"caption\":\"Livre scientifique - Structure et dynamique de l'int\u00e9rieur de la Terre 1\"},{\"@type\":\"BreadcrumbList\",\"@id\":\"https:\/\/www.istegroup.com\/produit\/structure-et-dynamique-de-linterieur-de-la-terre-1\/#breadcrumb\",\"itemListElement\":[{\"@type\":\"ListItem\",\"position\":1,\"name\":\"Home\",\"item\":\"https:\/\/www.istegroup.com\/\"},{\"@type\":\"ListItem\",\"position\":2,\"name\":\"Shop\",\"item\":\"https:\/\/www.istegroup.com\/fr\/nouveautes\/\"},{\"@type\":\"ListItem\",\"position\":3,\"name\":\"Structure et dynamique de l&rsquo;int\u00e9rieur de la Terre 1\"}]},{\"@type\":\"WebSite\",\"@id\":\"https:\/\/www.istegroup.com\/#website\",\"url\":\"https:\/\/www.istegroup.com\/\",\"name\":\"ISTE Group\",\"description\":\"Publishing Knowledge\",\"potentialAction\":[{\"@type\":\"SearchAction\",\"target\":{\"@type\":\"EntryPoint\",\"urlTemplate\":\"https:\/\/www.istegroup.com\/?s={search_term_string}\"},\"query-input\":{\"@type\":\"PropertyValueSpecification\",\"valueRequired\":true,\"valueName\":\"search_term_string\"}}],\"inLanguage\":\"en-US\"}]}<\/script>\n<!-- \/ Yoast SEO plugin. -->","yoast_head_json":{"title":"Structure et dynamique de l'int\u00e9rieur de la Terre 1 - ISTE Group","description":"Structure et dynamique de l\u2019int\u00e9rieur de la Terre 1 pr\u00e9sente l\u2019\u00e9volution de la dynamique du manteau au cours de l\u2019histoire terrestre, depuis sa formation jusqu\u2019\u00e0 nos jours.","robots":{"index":"index","follow":"follow","max-snippet":"max-snippet:-1","max-image-preview":"max-image-preview:large","max-video-preview":"max-video-preview:-1"},"canonical":"https:\/\/www.istegroup.com\/produit\/structure-et-dynamique-de-linterieur-de-la-terre-1\/","og_locale":"en_US","og_type":"article","og_title":"Structure et dynamique de l'int\u00e9rieur de la Terre 1 - ISTE Group","og_description":"Structure et dynamique de l\u2019int\u00e9rieur de la Terre 1 pr\u00e9sente l\u2019\u00e9volution de la dynamique du manteau au cours de l\u2019histoire terrestre, depuis sa formation jusqu\u2019\u00e0 nos jours.","og_url":"https:\/\/www.istegroup.com\/produit\/structure-et-dynamique-de-linterieur-de-la-terre-1\/","og_site_name":"ISTE Group","article_modified_time":"2025-02-17T10:44:13+00:00","og_image":[{"width":300,"height":450,"url":"https:\/\/www.istegroup.com\/wp-content\/uploads\/2019\/11\/Structure-et-dynamique-de-linterieur-de-la-Terre-1.jpg","type":"image\/jpeg"}],"twitter_card":"summary_large_image","twitter_misc":{"Est. reading time":"1 minute"},"schema":{"@context":"https:\/\/schema.org","@graph":[{"@type":"WebPage","@id":"https:\/\/www.istegroup.com\/produit\/structure-et-dynamique-de-linterieur-de-la-terre-1\/","url":"https:\/\/www.istegroup.com\/produit\/structure-et-dynamique-de-linterieur-de-la-terre-1\/","name":"Structure et dynamique de l'int\u00e9rieur de la Terre 1 - ISTE Group","isPartOf":{"@id":"https:\/\/www.istegroup.com\/#website"},"primaryImageOfPage":{"@id":"https:\/\/www.istegroup.com\/produit\/structure-et-dynamique-de-linterieur-de-la-terre-1\/#primaryimage"},"image":{"@id":"https:\/\/www.istegroup.com\/produit\/structure-et-dynamique-de-linterieur-de-la-terre-1\/#primaryimage"},"thumbnailUrl":"https:\/\/www.istegroup.com\/wp-content\/uploads\/2019\/11\/Structure-et-dynamique-de-linterieur-de-la-Terre-1.jpg","datePublished":"2024-10-11T08:04:27+00:00","dateModified":"2025-02-17T10:44:13+00:00","description":"Structure et dynamique de l\u2019int\u00e9rieur de la Terre 1 pr\u00e9sente l\u2019\u00e9volution de la dynamique du manteau au cours de l\u2019histoire terrestre, depuis sa formation jusqu\u2019\u00e0 nos jours.","breadcrumb":{"@id":"https:\/\/www.istegroup.com\/produit\/structure-et-dynamique-de-linterieur-de-la-terre-1\/#breadcrumb"},"inLanguage":"en-US","potentialAction":[{"@type":"ReadAction","target":["https:\/\/www.istegroup.com\/produit\/structure-et-dynamique-de-linterieur-de-la-terre-1\/"]}]},{"@type":"ImageObject","inLanguage":"en-US","@id":"https:\/\/www.istegroup.com\/produit\/structure-et-dynamique-de-linterieur-de-la-terre-1\/#primaryimage","url":"https:\/\/www.istegroup.com\/wp-content\/uploads\/2019\/11\/Structure-et-dynamique-de-linterieur-de-la-Terre-1.jpg","contentUrl":"https:\/\/www.istegroup.com\/wp-content\/uploads\/2019\/11\/Structure-et-dynamique-de-linterieur-de-la-Terre-1.jpg","width":300,"height":450,"caption":"Livre scientifique - Structure et dynamique de l'int\u00e9rieur de la Terre 1"},{"@type":"BreadcrumbList","@id":"https:\/\/www.istegroup.com\/produit\/structure-et-dynamique-de-linterieur-de-la-terre-1\/#breadcrumb","itemListElement":[{"@type":"ListItem","position":1,"name":"Home","item":"https:\/\/www.istegroup.com\/"},{"@type":"ListItem","position":2,"name":"Shop","item":"https:\/\/www.istegroup.com\/fr\/nouveautes\/"},{"@type":"ListItem","position":3,"name":"Structure et dynamique de l&rsquo;int\u00e9rieur de la Terre 1"}]},{"@type":"WebSite","@id":"https:\/\/www.istegroup.com\/#website","url":"https:\/\/www.istegroup.com\/","name":"ISTE Group","description":"Publishing Knowledge","potentialAction":[{"@type":"SearchAction","target":{"@type":"EntryPoint","urlTemplate":"https:\/\/www.istegroup.com\/?s={search_term_string}"},"query-input":{"@type":"PropertyValueSpecification","valueRequired":true,"valueName":"search_term_string"}}],"inLanguage":"en-US"}]}},"_links":{"self":[{"href":"https:\/\/www.istegroup.com\/en\/wp-json\/wp\/v2\/product\/23862","targetHints":{"allow":["GET"]}}],"collection":[{"href":"https:\/\/www.istegroup.com\/en\/wp-json\/wp\/v2\/product"}],"about":[{"href":"https:\/\/www.istegroup.com\/en\/wp-json\/wp\/v2\/types\/product"}],"wp:featuredmedia":[{"embeddable":true,"href":"https:\/\/www.istegroup.com\/en\/wp-json\/wp\/v2\/media\/57977"}],"wp:attachment":[{"href":"https:\/\/www.istegroup.com\/en\/wp-json\/wp\/v2\/media?parent=23862"}],"wp:term":[{"taxonomy":"product_brand","embeddable":true,"href":"https:\/\/www.istegroup.com\/en\/wp-json\/wp\/v2\/product_brand?post=23862"},{"taxonomy":"product_cat","embeddable":true,"href":"https:\/\/www.istegroup.com\/en\/wp-json\/wp\/v2\/product_cat?post=23862"},{"taxonomy":"product_tag","embeddable":true,"href":"https:\/\/www.istegroup.com\/en\/wp-json\/wp\/v2\/product_tag?post=23862"}],"curies":[{"name":"wp","href":"https:\/\/api.w.org\/{rel}","templated":true}]}}