{"id":23830,"date":"2023-11-14T20:21:09","date_gmt":"2023-11-14T20:21:09","guid":{"rendered":"https:\/\/www.istegroup.com\/?post_type=product&#038;p=23830"},"modified":"2025-03-07T10:25:32","modified_gmt":"2025-03-07T10:25:32","slug":"la-chaine-varisque-en-france-1","status":"publish","type":"product","link":"https:\/\/www.istegroup.com\/en\/produit\/la-chaine-varisque-en-france-1\/","title":{"rendered":"La cha\u00eene varisque en France 1"},"content":{"rendered":"<p>Cet ouvrage traite de l\u2019enregistrement g\u00e9ologique et de l\u2019\u00e9volution des id\u00e9es concernant la cha\u00eene varisque en France.<\/p>\n<p><em>La cha\u00eene varisque en France 1<\/em> s\u2019appuie sur une introduction g\u00e9n\u00e9rale concernant l\u2019empreinte de la p\u00e9riode varisque sur la g\u00e9ologie de la France, ainsi que sur les particularit\u00e9s de l\u2019\u00e9tude des cha\u00eenes anciennes.<\/p>\n<p>Un historique des concepts appliqu\u00e9s \u00e0 la cha\u00eene varisque est propos\u00e9 afin de positionner cette cha\u00eene de montagnes dans l\u2019histoire des sciences de la Terre. Une analyse pal\u00e9og\u00e9ographique et pal\u00e9og\u00e9odynamique du cycle varisque pose le cadre g\u00e9n\u00e9ral de l\u2019\u00e9volution de la cha\u00eene. Celle-ci est ensuite examin\u00e9e sous le prisme de l\u2019enregistrement<br \/>\nmagmatique, m\u00e9tamorphique et tectonique des phases de construction pr\u00e9coce (D\u00e9vonien et Carbonif\u00e8re inf\u00e9rieur).<\/p>\n","protected":false},"excerpt":{"rendered":"<p>Cet ouvrage traite de l\u2019enregistrement g\u00e9ologique et de l\u2019\u00e9volution des id\u00e9es concernant la cha\u00eene varisque en France. La cha\u00eene varisque en France 1 s\u2019appuie sur une introduction g\u00e9n\u00e9rale concernant l\u2019empreinte de la p\u00e9riode varisque sur la g\u00e9ologie de la France, ainsi que sur les particularit\u00e9s de l\u2019\u00e9tude des cha\u00eenes anciennes. Un historique des concepts appliqu\u00e9s [&hellip;]<\/p>\n","protected":false},"featured_media":54270,"template":"","meta":{"_acf_changed":false,"_links_to":"","_links_to_target":""},"product_brand":[],"product_cat":[4289],"product_tag":[],"class_list":{"0":"post-23830","1":"product","2":"type-product","3":"status-publish","4":"has-post-thumbnail","6":"product_cat-sciences","8":"first","9":"instock","10":"shipping-taxable","11":"purchasable","12":"product-type-variable"},"acf":[],"yoast_head":"<!-- This site is optimized with the Yoast SEO plugin v27.2 - https:\/\/yoast.com\/product\/yoast-seo-wordpress\/ -->\n<title>La cha\u00eene varisque en France 1 - ISTE Group<\/title>\n<meta name=\"description\" content=\"Cet ouvrage traite de l\u2019enregistrement g\u00e9ologique et de l\u2019\u00e9volution des id\u00e9es concernant la cha\u00eene varisque en France.\" \/>\n<meta name=\"robots\" content=\"index, follow, max-snippet:-1, max-image-preview:large, max-video-preview:-1\" \/>\n<link rel=\"canonical\" href=\"https:\/\/www.istegroup.com\/produit\/la-chaine-varisque-en-france-1\/\" \/>\n<meta property=\"og:locale\" content=\"en_US\" \/>\n<meta property=\"og:type\" content=\"article\" \/>\n<meta property=\"og:title\" content=\"La cha\u00eene varisque en France 1 - ISTE Group\" \/>\n<meta property=\"og:description\" content=\"Cet ouvrage traite de l\u2019enregistrement g\u00e9ologique et de l\u2019\u00e9volution des id\u00e9es concernant la cha\u00eene varisque en France.\" \/>\n<meta property=\"og:url\" content=\"https:\/\/www.istegroup.com\/produit\/la-chaine-varisque-en-france-1\/\" \/>\n<meta property=\"og:site_name\" content=\"ISTE Group\" \/>\n<meta property=\"article:modified_time\" content=\"2025-03-07T10:25:32+00:00\" \/>\n<meta property=\"og:image\" content=\"https:\/\/www.istegroup.com\/wp-content\/uploads\/2019\/11\/La-chaine-varisque-en-France-1.jpeg\" \/>\n\t<meta property=\"og:image:width\" content=\"300\" \/>\n\t<meta property=\"og:image:height\" content=\"450\" \/>\n\t<meta property=\"og:image:type\" content=\"image\/jpeg\" \/>\n<meta name=\"twitter:card\" content=\"summary_large_image\" \/>\n<meta name=\"twitter:label1\" content=\"Est. reading time\" \/>\n\t<meta name=\"twitter:data1\" content=\"1 minute\" \/>\n<script type=\"application\/ld+json\" class=\"yoast-schema-graph\">{\"@context\":\"https:\/\/schema.org\",\"@graph\":[{\"@type\":\"WebPage\",\"@id\":\"https:\/\/www.istegroup.com\/produit\/la-chaine-varisque-en-france-1\/\",\"url\":\"https:\/\/www.istegroup.com\/produit\/la-chaine-varisque-en-france-1\/\",\"name\":\"La cha\u00eene varisque en France 1 - ISTE Group\",\"isPartOf\":{\"@id\":\"https:\/\/www.istegroup.com\/#website\"},\"primaryImageOfPage\":{\"@id\":\"https:\/\/www.istegroup.com\/produit\/la-chaine-varisque-en-france-1\/#primaryimage\"},\"image\":{\"@id\":\"https:\/\/www.istegroup.com\/produit\/la-chaine-varisque-en-france-1\/#primaryimage\"},\"thumbnailUrl\":\"https:\/\/www.istegroup.com\/wp-content\/uploads\/2019\/11\/La-chaine-varisque-en-France-1.jpeg\",\"datePublished\":\"2023-11-14T20:21:09+00:00\",\"dateModified\":\"2025-03-07T10:25:32+00:00\",\"description\":\"Cet ouvrage traite de l\u2019enregistrement g\u00e9ologique et de l\u2019\u00e9volution des id\u00e9es concernant la cha\u00eene varisque en France.\",\"breadcrumb\":{\"@id\":\"https:\/\/www.istegroup.com\/produit\/la-chaine-varisque-en-france-1\/#breadcrumb\"},\"inLanguage\":\"en-US\",\"potentialAction\":[{\"@type\":\"ReadAction\",\"target\":[\"https:\/\/www.istegroup.com\/produit\/la-chaine-varisque-en-france-1\/\"]}]},{\"@type\":\"ImageObject\",\"inLanguage\":\"en-US\",\"@id\":\"https:\/\/www.istegroup.com\/produit\/la-chaine-varisque-en-france-1\/#primaryimage\",\"url\":\"https:\/\/www.istegroup.com\/wp-content\/uploads\/2019\/11\/La-chaine-varisque-en-France-1.jpeg\",\"contentUrl\":\"https:\/\/www.istegroup.com\/wp-content\/uploads\/2019\/11\/La-chaine-varisque-en-France-1.jpeg\",\"width\":300,\"height\":450,\"caption\":\"Livre scientifique - La cha\u00eene varisque en France 1\"},{\"@type\":\"BreadcrumbList\",\"@id\":\"https:\/\/www.istegroup.com\/produit\/la-chaine-varisque-en-france-1\/#breadcrumb\",\"itemListElement\":[{\"@type\":\"ListItem\",\"position\":1,\"name\":\"Home\",\"item\":\"https:\/\/www.istegroup.com\/\"},{\"@type\":\"ListItem\",\"position\":2,\"name\":\"Shop\",\"item\":\"https:\/\/www.istegroup.com\/fr\/nouveautes\/\"},{\"@type\":\"ListItem\",\"position\":3,\"name\":\"La cha\u00eene varisque en France 1\"}]},{\"@type\":\"WebSite\",\"@id\":\"https:\/\/www.istegroup.com\/#website\",\"url\":\"https:\/\/www.istegroup.com\/\",\"name\":\"ISTE Group\",\"description\":\"Publishing Knowledge\",\"potentialAction\":[{\"@type\":\"SearchAction\",\"target\":{\"@type\":\"EntryPoint\",\"urlTemplate\":\"https:\/\/www.istegroup.com\/?s={search_term_string}\"},\"query-input\":{\"@type\":\"PropertyValueSpecification\",\"valueRequired\":true,\"valueName\":\"search_term_string\"}}],\"inLanguage\":\"en-US\"}]}<\/script>\n<!-- \/ Yoast SEO plugin. -->","yoast_head_json":{"title":"La cha\u00eene varisque en France 1 - ISTE Group","description":"Cet ouvrage traite de l\u2019enregistrement g\u00e9ologique et de l\u2019\u00e9volution des id\u00e9es concernant la cha\u00eene varisque en France.","robots":{"index":"index","follow":"follow","max-snippet":"max-snippet:-1","max-image-preview":"max-image-preview:large","max-video-preview":"max-video-preview:-1"},"canonical":"https:\/\/www.istegroup.com\/produit\/la-chaine-varisque-en-france-1\/","og_locale":"en_US","og_type":"article","og_title":"La cha\u00eene varisque en France 1 - ISTE Group","og_description":"Cet ouvrage traite de l\u2019enregistrement g\u00e9ologique et de l\u2019\u00e9volution des id\u00e9es concernant la cha\u00eene varisque en France.","og_url":"https:\/\/www.istegroup.com\/produit\/la-chaine-varisque-en-france-1\/","og_site_name":"ISTE Group","article_modified_time":"2025-03-07T10:25:32+00:00","og_image":[{"width":300,"height":450,"url":"https:\/\/www.istegroup.com\/wp-content\/uploads\/2019\/11\/La-chaine-varisque-en-France-1.jpeg","type":"image\/jpeg"}],"twitter_card":"summary_large_image","twitter_misc":{"Est. reading time":"1 minute"},"schema":{"@context":"https:\/\/schema.org","@graph":[{"@type":"WebPage","@id":"https:\/\/www.istegroup.com\/produit\/la-chaine-varisque-en-france-1\/","url":"https:\/\/www.istegroup.com\/produit\/la-chaine-varisque-en-france-1\/","name":"La cha\u00eene varisque en France 1 - ISTE Group","isPartOf":{"@id":"https:\/\/www.istegroup.com\/#website"},"primaryImageOfPage":{"@id":"https:\/\/www.istegroup.com\/produit\/la-chaine-varisque-en-france-1\/#primaryimage"},"image":{"@id":"https:\/\/www.istegroup.com\/produit\/la-chaine-varisque-en-france-1\/#primaryimage"},"thumbnailUrl":"https:\/\/www.istegroup.com\/wp-content\/uploads\/2019\/11\/La-chaine-varisque-en-France-1.jpeg","datePublished":"2023-11-14T20:21:09+00:00","dateModified":"2025-03-07T10:25:32+00:00","description":"Cet ouvrage traite de l\u2019enregistrement g\u00e9ologique et de l\u2019\u00e9volution des id\u00e9es concernant la cha\u00eene varisque en France.","breadcrumb":{"@id":"https:\/\/www.istegroup.com\/produit\/la-chaine-varisque-en-france-1\/#breadcrumb"},"inLanguage":"en-US","potentialAction":[{"@type":"ReadAction","target":["https:\/\/www.istegroup.com\/produit\/la-chaine-varisque-en-france-1\/"]}]},{"@type":"ImageObject","inLanguage":"en-US","@id":"https:\/\/www.istegroup.com\/produit\/la-chaine-varisque-en-france-1\/#primaryimage","url":"https:\/\/www.istegroup.com\/wp-content\/uploads\/2019\/11\/La-chaine-varisque-en-France-1.jpeg","contentUrl":"https:\/\/www.istegroup.com\/wp-content\/uploads\/2019\/11\/La-chaine-varisque-en-France-1.jpeg","width":300,"height":450,"caption":"Livre scientifique - La cha\u00eene varisque en France 1"},{"@type":"BreadcrumbList","@id":"https:\/\/www.istegroup.com\/produit\/la-chaine-varisque-en-france-1\/#breadcrumb","itemListElement":[{"@type":"ListItem","position":1,"name":"Home","item":"https:\/\/www.istegroup.com\/"},{"@type":"ListItem","position":2,"name":"Shop","item":"https:\/\/www.istegroup.com\/fr\/nouveautes\/"},{"@type":"ListItem","position":3,"name":"La cha\u00eene varisque en France 1"}]},{"@type":"WebSite","@id":"https:\/\/www.istegroup.com\/#website","url":"https:\/\/www.istegroup.com\/","name":"ISTE Group","description":"Publishing Knowledge","potentialAction":[{"@type":"SearchAction","target":{"@type":"EntryPoint","urlTemplate":"https:\/\/www.istegroup.com\/?s={search_term_string}"},"query-input":{"@type":"PropertyValueSpecification","valueRequired":true,"valueName":"search_term_string"}}],"inLanguage":"en-US"}]}},"_links":{"self":[{"href":"https:\/\/www.istegroup.com\/en\/wp-json\/wp\/v2\/product\/23830","targetHints":{"allow":["GET"]}}],"collection":[{"href":"https:\/\/www.istegroup.com\/en\/wp-json\/wp\/v2\/product"}],"about":[{"href":"https:\/\/www.istegroup.com\/en\/wp-json\/wp\/v2\/types\/product"}],"wp:featuredmedia":[{"embeddable":true,"href":"https:\/\/www.istegroup.com\/en\/wp-json\/wp\/v2\/media\/54270"}],"wp:attachment":[{"href":"https:\/\/www.istegroup.com\/en\/wp-json\/wp\/v2\/media?parent=23830"}],"wp:term":[{"taxonomy":"product_brand","embeddable":true,"href":"https:\/\/www.istegroup.com\/en\/wp-json\/wp\/v2\/product_brand?post=23830"},{"taxonomy":"product_cat","embeddable":true,"href":"https:\/\/www.istegroup.com\/en\/wp-json\/wp\/v2\/product_cat?post=23830"},{"taxonomy":"product_tag","embeddable":true,"href":"https:\/\/www.istegroup.com\/en\/wp-json\/wp\/v2\/product_tag?post=23830"}],"curies":[{"name":"wp","href":"https:\/\/api.w.org\/{rel}","templated":true}]}}