{"id":23823,"date":"2023-03-21T10:58:19","date_gmt":"2023-03-21T10:58:19","guid":{"rendered":"https:\/\/www.istegroup.com\/?post_type=product&#038;p=23823"},"modified":"2025-03-07T10:14:18","modified_gmt":"2025-03-07T10:14:18","slug":"evolution-des-pyrenees-au-cours-du-cycle-varisque-et-du-cycle-alpin-1","status":"publish","type":"product","link":"https:\/\/www.istegroup.com\/en\/produit\/evolution-des-pyrenees-au-cours-du-cycle-varisque-et-du-cycle-alpin-1\/","title":{"rendered":"\u00c9volution des Pyr\u00e9n\u00e9es au cours du cycle varisque et du cycle alpin 1"},"content":{"rendered":"<p><em>\u00c9volution des Pyr\u00e9n\u00e9es au cours du cycle varisque et du cycle alpin<\/em> pr\u00e9sente l\u2019\u00e9volution des connaissances g\u00e9ologiques pyr\u00e9n\u00e9ennes d\u00e9coulant de grands programmes de recherche scientifique du d\u00e9but du XXIe si\u00e8cle.<\/p>\n<p>Cet ouvrage, consacr\u00e9 au cycle varisque et au rifting cr\u00e9tac\u00e9, retrace l\u2019\u00e9volution du domaine pyr\u00e9n\u00e9en entre 340 Ma et 90 Ma. Il analyse, dans un premier temps, l\u2019\u00e9tat des connaissances du socle des Pyr\u00e9n\u00e9es dont la structuration est h\u00e9rit\u00e9e de l\u2019\u00e9volution varisque de ce domaine. Puis il retrace l\u2019\u00e9volution cin\u00e9matique, depuis le Pal\u00e9ozo\u00efque, du domaine m\u00e9diterran\u00e9en occidental. Il traite enfin de l\u2019\u00e9volution des connaissances sur le rifting cr\u00e9tac\u00e9 et les processus s\u00e9dimentaires et m\u00e9tasomatiques associ\u00e9s \u00e0 l\u2019individualisation de la limite de plaque Ib\u00e9rie-Eurasie.<\/p>\n<p><strong>La presse en parle<\/strong><\/p>\n<p>D\u00e9coup\u00e9 en sept passionnants chapitres, ce superbe premier tome synth\u00e8tise l&#8217;\u00e9volution de la compr\u00e9hension de la mise en place de l&#8217;orog\u00e8ne complexe que sont les Pyr\u00e9n\u00e9es. Il traite de plus de son impact sur la cin\u00e9matique de la M\u00e9diterran\u00e9e occidentale et sur le rifting cr\u00e9tac\u00e9 du golfe de Gascogne. Il a \u00e9t\u00e9 r\u00e9alis\u00e9 \u00e0 partir des donn\u00e9es d&#8217;un long travail de diff\u00e9rentes entit\u00e9s scientifiques (BRGM, Total Energies et CNRS) au sein du programme Convergence. (&#8230;)\u00a0<a style=\"color: #1e9691;\" href=\"https:\/\/www.geosoc.fr\/boutique-en-ligne\/geochronique.html\"><em>Revue G\u00e9ochronique, <\/em><em>septembre 2024<\/em><\/a><\/p>\n","protected":false},"excerpt":{"rendered":"<p>\u00c9volution des Pyr\u00e9n\u00e9es au cours du cycle varisque et du cycle alpin pr\u00e9sente l\u2019\u00e9volution des connaissances g\u00e9ologiques pyr\u00e9n\u00e9ennes d\u00e9coulant de grands programmes de recherche scientifique du d\u00e9but du XXIe si\u00e8cle. Cet ouvrage, consacr\u00e9 au cycle varisque et au rifting cr\u00e9tac\u00e9, retrace l\u2019\u00e9volution du domaine pyr\u00e9n\u00e9en entre 340 Ma et 90 Ma. Il analyse, dans un [&hellip;]<\/p>\n","protected":false},"featured_media":50465,"template":"","meta":{"_acf_changed":false,"_links_to":"","_links_to_target":""},"product_brand":[],"product_cat":[4289],"product_tag":[],"class_list":{"0":"post-23823","1":"product","2":"type-product","3":"status-publish","4":"has-post-thumbnail","6":"product_cat-sciences","8":"first","9":"instock","10":"shipping-taxable","11":"purchasable","12":"product-type-variable"},"acf":[],"yoast_head":"<!-- This site is optimized with the Yoast SEO plugin v27.2 - https:\/\/yoast.com\/product\/yoast-seo-wordpress\/ -->\n<title>\u00c9volution des Pyr\u00e9n\u00e9es au cours du cycle varisque et du cycle alpin 1 - ISTE Group<\/title>\n<meta name=\"robots\" content=\"index, follow, max-snippet:-1, max-image-preview:large, max-video-preview:-1\" \/>\n<link rel=\"canonical\" href=\"https:\/\/www.istegroup.com\/produit\/evolution-des-pyrenees-au-cours-du-cycle-varisque-et-du-cycle-alpin-1\/\" \/>\n<meta property=\"og:locale\" content=\"en_US\" \/>\n<meta property=\"og:type\" content=\"article\" \/>\n<meta property=\"og:title\" content=\"\u00c9volution des Pyr\u00e9n\u00e9es au cours du cycle varisque et du cycle alpin 1 - ISTE Group\" \/>\n<meta property=\"og:description\" content=\"\u00c9volution des Pyr\u00e9n\u00e9es au cours du cycle varisque et du cycle alpin pr\u00e9sente l\u2019\u00e9volution des connaissances g\u00e9ologiques pyr\u00e9n\u00e9ennes d\u00e9coulant de grands programmes de recherche scientifique du d\u00e9but du XXIe si\u00e8cle. Cet ouvrage, consacr\u00e9 au cycle varisque et au rifting cr\u00e9tac\u00e9, retrace l\u2019\u00e9volution du domaine pyr\u00e9n\u00e9en entre 340 Ma et 90 Ma. Il analyse, dans un [&hellip;]\" \/>\n<meta property=\"og:url\" content=\"https:\/\/www.istegroup.com\/produit\/evolution-des-pyrenees-au-cours-du-cycle-varisque-et-du-cycle-alpin-1\/\" \/>\n<meta property=\"og:site_name\" content=\"ISTE Group\" \/>\n<meta property=\"article:modified_time\" content=\"2025-03-07T10:14:18+00:00\" \/>\n<meta property=\"og:image\" content=\"https:\/\/www.istegroup.com\/wp-content\/uploads\/2019\/11\/124_Evolution-des-Pyrenees-au-cours-du-cycle-varisque-et-du-cycle-alpin-1.png\" \/>\n\t<meta property=\"og:image:width\" content=\"300\" \/>\n\t<meta property=\"og:image:height\" content=\"450\" \/>\n\t<meta property=\"og:image:type\" content=\"image\/png\" \/>\n<meta name=\"twitter:card\" content=\"summary_large_image\" \/>\n<meta name=\"twitter:label1\" content=\"Est. reading time\" \/>\n\t<meta name=\"twitter:data1\" content=\"2 minutes\" \/>\n<script type=\"application\/ld+json\" class=\"yoast-schema-graph\">{\"@context\":\"https:\/\/schema.org\",\"@graph\":[{\"@type\":\"WebPage\",\"@id\":\"https:\/\/www.istegroup.com\/produit\/evolution-des-pyrenees-au-cours-du-cycle-varisque-et-du-cycle-alpin-1\/\",\"url\":\"https:\/\/www.istegroup.com\/produit\/evolution-des-pyrenees-au-cours-du-cycle-varisque-et-du-cycle-alpin-1\/\",\"name\":\"\u00c9volution des Pyr\u00e9n\u00e9es au cours du cycle varisque et du cycle alpin 1 - ISTE Group\",\"isPartOf\":{\"@id\":\"https:\/\/www.istegroup.com\/#website\"},\"primaryImageOfPage\":{\"@id\":\"https:\/\/www.istegroup.com\/produit\/evolution-des-pyrenees-au-cours-du-cycle-varisque-et-du-cycle-alpin-1\/#primaryimage\"},\"image\":{\"@id\":\"https:\/\/www.istegroup.com\/produit\/evolution-des-pyrenees-au-cours-du-cycle-varisque-et-du-cycle-alpin-1\/#primaryimage\"},\"thumbnailUrl\":\"https:\/\/www.istegroup.com\/wp-content\/uploads\/2019\/11\/124_Evolution-des-Pyrenees-au-cours-du-cycle-varisque-et-du-cycle-alpin-1.png\",\"datePublished\":\"2023-03-21T10:58:19+00:00\",\"dateModified\":\"2025-03-07T10:14:18+00:00\",\"breadcrumb\":{\"@id\":\"https:\/\/www.istegroup.com\/produit\/evolution-des-pyrenees-au-cours-du-cycle-varisque-et-du-cycle-alpin-1\/#breadcrumb\"},\"inLanguage\":\"en-US\",\"potentialAction\":[{\"@type\":\"ReadAction\",\"target\":[\"https:\/\/www.istegroup.com\/produit\/evolution-des-pyrenees-au-cours-du-cycle-varisque-et-du-cycle-alpin-1\/\"]}]},{\"@type\":\"ImageObject\",\"inLanguage\":\"en-US\",\"@id\":\"https:\/\/www.istegroup.com\/produit\/evolution-des-pyrenees-au-cours-du-cycle-varisque-et-du-cycle-alpin-1\/#primaryimage\",\"url\":\"https:\/\/www.istegroup.com\/wp-content\/uploads\/2019\/11\/124_Evolution-des-Pyrenees-au-cours-du-cycle-varisque-et-du-cycle-alpin-1.png\",\"contentUrl\":\"https:\/\/www.istegroup.com\/wp-content\/uploads\/2019\/11\/124_Evolution-des-Pyrenees-au-cours-du-cycle-varisque-et-du-cycle-alpin-1.png\",\"width\":300,\"height\":450,\"caption\":\"Livre scientifique - \u00c9volution des Pyr\u00e9n\u00e9es au cours du cycle varisque et du cycle alpin 1 - Encyclop\u00e9die SCIENCES\"},{\"@type\":\"BreadcrumbList\",\"@id\":\"https:\/\/www.istegroup.com\/produit\/evolution-des-pyrenees-au-cours-du-cycle-varisque-et-du-cycle-alpin-1\/#breadcrumb\",\"itemListElement\":[{\"@type\":\"ListItem\",\"position\":1,\"name\":\"Home\",\"item\":\"https:\/\/www.istegroup.com\/\"},{\"@type\":\"ListItem\",\"position\":2,\"name\":\"Shop\",\"item\":\"https:\/\/www.istegroup.com\/fr\/nouveautes\/\"},{\"@type\":\"ListItem\",\"position\":3,\"name\":\"\u00c9volution des Pyr\u00e9n\u00e9es au cours du cycle varisque et du cycle alpin 1\"}]},{\"@type\":\"WebSite\",\"@id\":\"https:\/\/www.istegroup.com\/#website\",\"url\":\"https:\/\/www.istegroup.com\/\",\"name\":\"ISTE Group\",\"description\":\"Publishing Knowledge\",\"potentialAction\":[{\"@type\":\"SearchAction\",\"target\":{\"@type\":\"EntryPoint\",\"urlTemplate\":\"https:\/\/www.istegroup.com\/?s={search_term_string}\"},\"query-input\":{\"@type\":\"PropertyValueSpecification\",\"valueRequired\":true,\"valueName\":\"search_term_string\"}}],\"inLanguage\":\"en-US\"}]}<\/script>\n<!-- \/ Yoast SEO plugin. -->","yoast_head_json":{"title":"\u00c9volution des Pyr\u00e9n\u00e9es au cours du cycle varisque et du cycle alpin 1 - ISTE Group","robots":{"index":"index","follow":"follow","max-snippet":"max-snippet:-1","max-image-preview":"max-image-preview:large","max-video-preview":"max-video-preview:-1"},"canonical":"https:\/\/www.istegroup.com\/produit\/evolution-des-pyrenees-au-cours-du-cycle-varisque-et-du-cycle-alpin-1\/","og_locale":"en_US","og_type":"article","og_title":"\u00c9volution des Pyr\u00e9n\u00e9es au cours du cycle varisque et du cycle alpin 1 - ISTE Group","og_description":"\u00c9volution des Pyr\u00e9n\u00e9es au cours du cycle varisque et du cycle alpin pr\u00e9sente l\u2019\u00e9volution des connaissances g\u00e9ologiques pyr\u00e9n\u00e9ennes d\u00e9coulant de grands programmes de recherche scientifique du d\u00e9but du XXIe si\u00e8cle. Cet ouvrage, consacr\u00e9 au cycle varisque et au rifting cr\u00e9tac\u00e9, retrace l\u2019\u00e9volution du domaine pyr\u00e9n\u00e9en entre 340 Ma et 90 Ma. Il analyse, dans un [&hellip;]","og_url":"https:\/\/www.istegroup.com\/produit\/evolution-des-pyrenees-au-cours-du-cycle-varisque-et-du-cycle-alpin-1\/","og_site_name":"ISTE Group","article_modified_time":"2025-03-07T10:14:18+00:00","og_image":[{"width":300,"height":450,"url":"https:\/\/www.istegroup.com\/wp-content\/uploads\/2019\/11\/124_Evolution-des-Pyrenees-au-cours-du-cycle-varisque-et-du-cycle-alpin-1.png","type":"image\/png"}],"twitter_card":"summary_large_image","twitter_misc":{"Est. reading time":"2 minutes"},"schema":{"@context":"https:\/\/schema.org","@graph":[{"@type":"WebPage","@id":"https:\/\/www.istegroup.com\/produit\/evolution-des-pyrenees-au-cours-du-cycle-varisque-et-du-cycle-alpin-1\/","url":"https:\/\/www.istegroup.com\/produit\/evolution-des-pyrenees-au-cours-du-cycle-varisque-et-du-cycle-alpin-1\/","name":"\u00c9volution des Pyr\u00e9n\u00e9es au cours du cycle varisque et du cycle alpin 1 - ISTE Group","isPartOf":{"@id":"https:\/\/www.istegroup.com\/#website"},"primaryImageOfPage":{"@id":"https:\/\/www.istegroup.com\/produit\/evolution-des-pyrenees-au-cours-du-cycle-varisque-et-du-cycle-alpin-1\/#primaryimage"},"image":{"@id":"https:\/\/www.istegroup.com\/produit\/evolution-des-pyrenees-au-cours-du-cycle-varisque-et-du-cycle-alpin-1\/#primaryimage"},"thumbnailUrl":"https:\/\/www.istegroup.com\/wp-content\/uploads\/2019\/11\/124_Evolution-des-Pyrenees-au-cours-du-cycle-varisque-et-du-cycle-alpin-1.png","datePublished":"2023-03-21T10:58:19+00:00","dateModified":"2025-03-07T10:14:18+00:00","breadcrumb":{"@id":"https:\/\/www.istegroup.com\/produit\/evolution-des-pyrenees-au-cours-du-cycle-varisque-et-du-cycle-alpin-1\/#breadcrumb"},"inLanguage":"en-US","potentialAction":[{"@type":"ReadAction","target":["https:\/\/www.istegroup.com\/produit\/evolution-des-pyrenees-au-cours-du-cycle-varisque-et-du-cycle-alpin-1\/"]}]},{"@type":"ImageObject","inLanguage":"en-US","@id":"https:\/\/www.istegroup.com\/produit\/evolution-des-pyrenees-au-cours-du-cycle-varisque-et-du-cycle-alpin-1\/#primaryimage","url":"https:\/\/www.istegroup.com\/wp-content\/uploads\/2019\/11\/124_Evolution-des-Pyrenees-au-cours-du-cycle-varisque-et-du-cycle-alpin-1.png","contentUrl":"https:\/\/www.istegroup.com\/wp-content\/uploads\/2019\/11\/124_Evolution-des-Pyrenees-au-cours-du-cycle-varisque-et-du-cycle-alpin-1.png","width":300,"height":450,"caption":"Livre scientifique - \u00c9volution des Pyr\u00e9n\u00e9es au cours du cycle varisque et du cycle alpin 1 - Encyclop\u00e9die SCIENCES"},{"@type":"BreadcrumbList","@id":"https:\/\/www.istegroup.com\/produit\/evolution-des-pyrenees-au-cours-du-cycle-varisque-et-du-cycle-alpin-1\/#breadcrumb","itemListElement":[{"@type":"ListItem","position":1,"name":"Home","item":"https:\/\/www.istegroup.com\/"},{"@type":"ListItem","position":2,"name":"Shop","item":"https:\/\/www.istegroup.com\/fr\/nouveautes\/"},{"@type":"ListItem","position":3,"name":"\u00c9volution des Pyr\u00e9n\u00e9es au cours du cycle varisque et du cycle alpin 1"}]},{"@type":"WebSite","@id":"https:\/\/www.istegroup.com\/#website","url":"https:\/\/www.istegroup.com\/","name":"ISTE Group","description":"Publishing Knowledge","potentialAction":[{"@type":"SearchAction","target":{"@type":"EntryPoint","urlTemplate":"https:\/\/www.istegroup.com\/?s={search_term_string}"},"query-input":{"@type":"PropertyValueSpecification","valueRequired":true,"valueName":"search_term_string"}}],"inLanguage":"en-US"}]}},"_links":{"self":[{"href":"https:\/\/www.istegroup.com\/en\/wp-json\/wp\/v2\/product\/23823","targetHints":{"allow":["GET"]}}],"collection":[{"href":"https:\/\/www.istegroup.com\/en\/wp-json\/wp\/v2\/product"}],"about":[{"href":"https:\/\/www.istegroup.com\/en\/wp-json\/wp\/v2\/types\/product"}],"wp:featuredmedia":[{"embeddable":true,"href":"https:\/\/www.istegroup.com\/en\/wp-json\/wp\/v2\/media\/50465"}],"wp:attachment":[{"href":"https:\/\/www.istegroup.com\/en\/wp-json\/wp\/v2\/media?parent=23823"}],"wp:term":[{"taxonomy":"product_brand","embeddable":true,"href":"https:\/\/www.istegroup.com\/en\/wp-json\/wp\/v2\/product_brand?post=23823"},{"taxonomy":"product_cat","embeddable":true,"href":"https:\/\/www.istegroup.com\/en\/wp-json\/wp\/v2\/product_cat?post=23823"},{"taxonomy":"product_tag","embeddable":true,"href":"https:\/\/www.istegroup.com\/en\/wp-json\/wp\/v2\/product_tag?post=23823"}],"curies":[{"name":"wp","href":"https:\/\/api.w.org\/{rel}","templated":true}]}}