{"id":23768,"date":"2022-07-05T09:39:30","date_gmt":"2022-07-05T08:39:30","guid":{"rendered":"https:\/\/www.istegroup.com\/?post_type=product&#038;p=23768"},"modified":"2025-01-03T12:02:37","modified_gmt":"2025-01-03T12:02:37","slug":"les-inegalites-dans-lespace-geographique","status":"publish","type":"product","link":"https:\/\/www.istegroup.com\/en\/produit\/les-inegalites-dans-lespace-geographique\/","title":{"rendered":"Les in\u00e9galit\u00e9s dans l\u2019espace g\u00e9ographique"},"content":{"rendered":"<p class=\"qtranxs-available-languages-message qtranxs-available-languages-message-en\">Sorry, this entry is only available in <a href=\"https:\/\/www.istegroup.com\/fr\/wp-json\/wp\/v2\/product\/23768\" class=\"qtranxs-available-language-link qtranxs-available-language-link-fr\" title=\"FR\">FR<\/a>.<\/p>","protected":false},"excerpt":{"rendered":"<p>Sorry, this entry is only available in FR.<\/p>\n","protected":false},"featured_media":47121,"template":"","meta":{"_acf_changed":false,"_links_to":"","_links_to_target":""},"product_brand":[],"product_cat":[4289],"product_tag":[],"class_list":{"0":"post-23768","1":"product","2":"type-product","3":"status-publish","4":"has-post-thumbnail","6":"product_cat-sciences","8":"first","9":"instock","10":"shipping-taxable","11":"purchasable","12":"product-type-variable"},"acf":[],"yoast_head":"<!-- This site is optimized with the Yoast SEO plugin v27.2 - https:\/\/yoast.com\/product\/yoast-seo-wordpress\/ -->\n<title>Les in\u00e9galit\u00e9s dans l\u2019espace g\u00e9ographique - ISTE Group<\/title>\n<meta name=\"description\" content=\"Les in\u00e9galit\u00e9s dans l\u2019espace g\u00e9ographique \u00e9tudie les in\u00e9galit\u00e9s \u00e0 l\u2019\u00e9cole, dans l\u2019emploi, dans la migration et au sein des espaces publics et priv\u00e9s.\" \/>\n<meta name=\"robots\" content=\"index, follow, max-snippet:-1, max-image-preview:large, max-video-preview:-1\" \/>\n<link rel=\"canonical\" href=\"https:\/\/www.istegroup.com\/en\/produit\/les-inegalites-dans-lespace-geographique\/\" \/>\n<meta property=\"og:locale\" content=\"en_US\" \/>\n<meta property=\"og:type\" content=\"article\" \/>\n<meta property=\"og:title\" content=\"Les in\u00e9galit\u00e9s dans l\u2019espace g\u00e9ographique - ISTE Group\" \/>\n<meta property=\"og:description\" content=\"Les in\u00e9galit\u00e9s dans l\u2019espace g\u00e9ographique \u00e9tudie les in\u00e9galit\u00e9s \u00e0 l\u2019\u00e9cole, dans l\u2019emploi, dans la migration et au sein des espaces publics et priv\u00e9s.\" \/>\n<meta property=\"og:url\" content=\"https:\/\/www.istegroup.com\/en\/produit\/les-inegalites-dans-lespace-geographique\/\" \/>\n<meta property=\"og:site_name\" content=\"ISTE Group\" \/>\n<meta property=\"article:modified_time\" content=\"2025-01-03T12:02:37+00:00\" \/>\n<meta property=\"og:image\" content=\"https:\/\/www.istegroup.com\/wp-content\/uploads\/2022\/06\/Les-inegalites-dans-lespace-geographique.jpeg\" \/>\n\t<meta property=\"og:image:width\" content=\"300\" \/>\n\t<meta property=\"og:image:height\" content=\"450\" \/>\n\t<meta property=\"og:image:type\" content=\"image\/jpeg\" \/>\n<meta name=\"twitter:card\" content=\"summary_large_image\" \/>\n<meta name=\"twitter:label1\" content=\"Est. reading time\" \/>\n\t<meta name=\"twitter:data1\" content=\"1 minute\" \/>\n<script type=\"application\/ld+json\" class=\"yoast-schema-graph\">{\"@context\":\"https:\/\/schema.org\",\"@graph\":[{\"@type\":\"WebPage\",\"@id\":\"https:\/\/www.istegroup.com\/en\/produit\/les-inegalites-dans-lespace-geographique\/\",\"url\":\"https:\/\/www.istegroup.com\/en\/produit\/les-inegalites-dans-lespace-geographique\/\",\"name\":\"Les in\u00e9galit\u00e9s dans l\u2019espace g\u00e9ographique - ISTE Group\",\"isPartOf\":{\"@id\":\"https:\/\/www.istegroup.com\/#website\"},\"primaryImageOfPage\":{\"@id\":\"https:\/\/www.istegroup.com\/en\/produit\/les-inegalites-dans-lespace-geographique\/#primaryimage\"},\"image\":{\"@id\":\"https:\/\/www.istegroup.com\/en\/produit\/les-inegalites-dans-lespace-geographique\/#primaryimage\"},\"thumbnailUrl\":\"https:\/\/www.istegroup.com\/wp-content\/uploads\/2022\/06\/Les-inegalites-dans-lespace-geographique.jpeg\",\"datePublished\":\"2022-07-05T08:39:30+00:00\",\"dateModified\":\"2025-01-03T12:02:37+00:00\",\"description\":\"Les in\u00e9galit\u00e9s dans l\u2019espace g\u00e9ographique \u00e9tudie les in\u00e9galit\u00e9s \u00e0 l\u2019\u00e9cole, dans l\u2019emploi, dans la migration et au sein des espaces publics et priv\u00e9s.\",\"breadcrumb\":{\"@id\":\"https:\/\/www.istegroup.com\/en\/produit\/les-inegalites-dans-lespace-geographique\/#breadcrumb\"},\"inLanguage\":\"en-US\",\"potentialAction\":[{\"@type\":\"ReadAction\",\"target\":[\"https:\/\/www.istegroup.com\/en\/produit\/les-inegalites-dans-lespace-geographique\/\"]}]},{\"@type\":\"ImageObject\",\"inLanguage\":\"en-US\",\"@id\":\"https:\/\/www.istegroup.com\/en\/produit\/les-inegalites-dans-lespace-geographique\/#primaryimage\",\"url\":\"https:\/\/www.istegroup.com\/wp-content\/uploads\/2022\/06\/Les-inegalites-dans-lespace-geographique.jpeg\",\"contentUrl\":\"https:\/\/www.istegroup.com\/wp-content\/uploads\/2022\/06\/Les-inegalites-dans-lespace-geographique.jpeg\",\"width\":300,\"height\":450,\"caption\":\"Livre scientifique - Les in\u00e9galit\u00e9s dans l\u2019espace g\u00e9ographique - Encyclop\u00e9die SCIENCES\"},{\"@type\":\"BreadcrumbList\",\"@id\":\"https:\/\/www.istegroup.com\/en\/produit\/les-inegalites-dans-lespace-geographique\/#breadcrumb\",\"itemListElement\":[{\"@type\":\"ListItem\",\"position\":1,\"name\":\"Home\",\"item\":\"https:\/\/www.istegroup.com\/\"},{\"@type\":\"ListItem\",\"position\":2,\"name\":\"Shop\",\"item\":\"https:\/\/www.istegroup.com\/fr\/nouveautes\/\"},{\"@type\":\"ListItem\",\"position\":3,\"name\":\"Les in\u00e9galit\u00e9s dans l\u2019espace g\u00e9ographique\"}]},{\"@type\":\"WebSite\",\"@id\":\"https:\/\/www.istegroup.com\/#website\",\"url\":\"https:\/\/www.istegroup.com\/\",\"name\":\"ISTE Group\",\"description\":\"Publishing Knowledge\",\"potentialAction\":[{\"@type\":\"SearchAction\",\"target\":{\"@type\":\"EntryPoint\",\"urlTemplate\":\"https:\/\/www.istegroup.com\/?s={search_term_string}\"},\"query-input\":{\"@type\":\"PropertyValueSpecification\",\"valueRequired\":true,\"valueName\":\"search_term_string\"}}],\"inLanguage\":\"en-US\"}]}<\/script>\n<!-- \/ Yoast SEO plugin. -->","yoast_head_json":{"title":"Les in\u00e9galit\u00e9s dans l\u2019espace g\u00e9ographique - ISTE Group","description":"Les in\u00e9galit\u00e9s dans l\u2019espace g\u00e9ographique \u00e9tudie les in\u00e9galit\u00e9s \u00e0 l\u2019\u00e9cole, dans l\u2019emploi, dans la migration et au sein des espaces publics et priv\u00e9s.","robots":{"index":"index","follow":"follow","max-snippet":"max-snippet:-1","max-image-preview":"max-image-preview:large","max-video-preview":"max-video-preview:-1"},"canonical":"https:\/\/www.istegroup.com\/en\/produit\/les-inegalites-dans-lespace-geographique\/","og_locale":"en_US","og_type":"article","og_title":"Les in\u00e9galit\u00e9s dans l\u2019espace g\u00e9ographique - ISTE Group","og_description":"Les in\u00e9galit\u00e9s dans l\u2019espace g\u00e9ographique \u00e9tudie les in\u00e9galit\u00e9s \u00e0 l\u2019\u00e9cole, dans l\u2019emploi, dans la migration et au sein des espaces publics et priv\u00e9s.","og_url":"https:\/\/www.istegroup.com\/en\/produit\/les-inegalites-dans-lespace-geographique\/","og_site_name":"ISTE Group","article_modified_time":"2025-01-03T12:02:37+00:00","og_image":[{"width":300,"height":450,"url":"https:\/\/www.istegroup.com\/wp-content\/uploads\/2022\/06\/Les-inegalites-dans-lespace-geographique.jpeg","type":"image\/jpeg"}],"twitter_card":"summary_large_image","twitter_misc":{"Est. reading time":"1 minute"},"schema":{"@context":"https:\/\/schema.org","@graph":[{"@type":"WebPage","@id":"https:\/\/www.istegroup.com\/en\/produit\/les-inegalites-dans-lespace-geographique\/","url":"https:\/\/www.istegroup.com\/en\/produit\/les-inegalites-dans-lespace-geographique\/","name":"Les in\u00e9galit\u00e9s dans l\u2019espace g\u00e9ographique - ISTE Group","isPartOf":{"@id":"https:\/\/www.istegroup.com\/#website"},"primaryImageOfPage":{"@id":"https:\/\/www.istegroup.com\/en\/produit\/les-inegalites-dans-lespace-geographique\/#primaryimage"},"image":{"@id":"https:\/\/www.istegroup.com\/en\/produit\/les-inegalites-dans-lespace-geographique\/#primaryimage"},"thumbnailUrl":"https:\/\/www.istegroup.com\/wp-content\/uploads\/2022\/06\/Les-inegalites-dans-lespace-geographique.jpeg","datePublished":"2022-07-05T08:39:30+00:00","dateModified":"2025-01-03T12:02:37+00:00","description":"Les in\u00e9galit\u00e9s dans l\u2019espace g\u00e9ographique \u00e9tudie les in\u00e9galit\u00e9s \u00e0 l\u2019\u00e9cole, dans l\u2019emploi, dans la migration et au sein des espaces publics et priv\u00e9s.","breadcrumb":{"@id":"https:\/\/www.istegroup.com\/en\/produit\/les-inegalites-dans-lespace-geographique\/#breadcrumb"},"inLanguage":"en-US","potentialAction":[{"@type":"ReadAction","target":["https:\/\/www.istegroup.com\/en\/produit\/les-inegalites-dans-lespace-geographique\/"]}]},{"@type":"ImageObject","inLanguage":"en-US","@id":"https:\/\/www.istegroup.com\/en\/produit\/les-inegalites-dans-lespace-geographique\/#primaryimage","url":"https:\/\/www.istegroup.com\/wp-content\/uploads\/2022\/06\/Les-inegalites-dans-lespace-geographique.jpeg","contentUrl":"https:\/\/www.istegroup.com\/wp-content\/uploads\/2022\/06\/Les-inegalites-dans-lespace-geographique.jpeg","width":300,"height":450,"caption":"Livre scientifique - Les in\u00e9galit\u00e9s dans l\u2019espace g\u00e9ographique - Encyclop\u00e9die SCIENCES"},{"@type":"BreadcrumbList","@id":"https:\/\/www.istegroup.com\/en\/produit\/les-inegalites-dans-lespace-geographique\/#breadcrumb","itemListElement":[{"@type":"ListItem","position":1,"name":"Home","item":"https:\/\/www.istegroup.com\/"},{"@type":"ListItem","position":2,"name":"Shop","item":"https:\/\/www.istegroup.com\/fr\/nouveautes\/"},{"@type":"ListItem","position":3,"name":"Les in\u00e9galit\u00e9s dans l\u2019espace g\u00e9ographique"}]},{"@type":"WebSite","@id":"https:\/\/www.istegroup.com\/#website","url":"https:\/\/www.istegroup.com\/","name":"ISTE Group","description":"Publishing Knowledge","potentialAction":[{"@type":"SearchAction","target":{"@type":"EntryPoint","urlTemplate":"https:\/\/www.istegroup.com\/?s={search_term_string}"},"query-input":{"@type":"PropertyValueSpecification","valueRequired":true,"valueName":"search_term_string"}}],"inLanguage":"en-US"}]}},"_links":{"self":[{"href":"https:\/\/www.istegroup.com\/en\/wp-json\/wp\/v2\/product\/23768","targetHints":{"allow":["GET"]}}],"collection":[{"href":"https:\/\/www.istegroup.com\/en\/wp-json\/wp\/v2\/product"}],"about":[{"href":"https:\/\/www.istegroup.com\/en\/wp-json\/wp\/v2\/types\/product"}],"wp:featuredmedia":[{"embeddable":true,"href":"https:\/\/www.istegroup.com\/en\/wp-json\/wp\/v2\/media\/47121"}],"wp:attachment":[{"href":"https:\/\/www.istegroup.com\/en\/wp-json\/wp\/v2\/media?parent=23768"}],"wp:term":[{"taxonomy":"product_brand","embeddable":true,"href":"https:\/\/www.istegroup.com\/en\/wp-json\/wp\/v2\/product_brand?post=23768"},{"taxonomy":"product_cat","embeddable":true,"href":"https:\/\/www.istegroup.com\/en\/wp-json\/wp\/v2\/product_cat?post=23768"},{"taxonomy":"product_tag","embeddable":true,"href":"https:\/\/www.istegroup.com\/en\/wp-json\/wp\/v2\/product_tag?post=23768"}],"curies":[{"name":"wp","href":"https:\/\/api.w.org\/{rel}","templated":true}]}}