{"id":23714,"date":"2023-07-11T16:45:34","date_gmt":"2023-07-11T15:45:34","guid":{"rendered":"https:\/\/www.istegroup.com\/?post_type=product&#038;p=23714"},"modified":"2025-01-03T11:08:15","modified_gmt":"2025-01-03T11:08:15","slug":"systemes-frigorifiques-pompes-a-chaleur-et-machines-a-cycle-inverse","status":"publish","type":"product","link":"https:\/\/www.istegroup.com\/en\/produit\/systemes-frigorifiques-pompes-a-chaleur-et-machines-a-cycle-inverse\/","title":{"rendered":"Syst\u00e8mes frigorifiques, pompes \u00e0 chaleur et machines \u00e0 cycle inverse"},"content":{"rendered":"<p class=\"qtranxs-available-languages-message qtranxs-available-languages-message-en\">Sorry, this entry is only available in <a href=\"https:\/\/www.istegroup.com\/fr\/wp-json\/wp\/v2\/product\/23714\" class=\"qtranxs-available-language-link qtranxs-available-language-link-fr\" title=\"FR\">FR<\/a>.<\/p>","protected":false},"excerpt":{"rendered":"<p>Sorry, this entry is only available in FR.<\/p>\n","protected":false},"featured_media":52370,"template":"","meta":{"_acf_changed":false,"_links_to":"","_links_to_target":""},"product_brand":[],"product_cat":[4289],"product_tag":[],"class_list":{"0":"post-23714","1":"product","2":"type-product","3":"status-publish","4":"has-post-thumbnail","6":"product_cat-sciences","8":"first","9":"instock","10":"shipping-taxable","11":"purchasable","12":"product-type-variable"},"acf":[],"yoast_head":"<!-- This site is optimized with the Yoast SEO plugin v27.2 - https:\/\/yoast.com\/product\/yoast-seo-wordpress\/ -->\n<title>Syst\u00e8mes frigorifiques, pompes \u00e0 chaleur et machines \u00e0 cycle inverse - ISTE Group<\/title>\n<meta name=\"description\" content=\"Cet ouvrage propose un \u00e9tat de l\u2019art scientifique et technique des machines thermiques \u00e0 cycle inverse, dont le principe de fonctionnement est parfois ancien, mais dont l\u2019analyse des performances et l\u2019optimisation ont pu \u00eatre d\u00e9laiss\u00e9es.\" \/>\n<meta name=\"robots\" content=\"index, follow, max-snippet:-1, max-image-preview:large, max-video-preview:-1\" \/>\n<link rel=\"canonical\" href=\"https:\/\/www.istegroup.com\/fr\/produit\/systemes-frigorifiques-pompes-a-chaleur-et-machines-a-cycle-inverse\/\" \/>\n<meta property=\"og:locale\" content=\"en_US\" \/>\n<meta property=\"og:type\" content=\"article\" \/>\n<meta property=\"og:title\" content=\"Syst\u00e8mes frigorifiques, pompes \u00e0 chaleur et machines \u00e0 cycle inverse - ISTE Group\" \/>\n<meta property=\"og:description\" content=\"Cet ouvrage propose un \u00e9tat de l\u2019art scientifique et technique des machines thermiques \u00e0 cycle inverse, dont le principe de fonctionnement est parfois ancien, mais dont l\u2019analyse des performances et l\u2019optimisation ont pu \u00eatre d\u00e9laiss\u00e9es.\" \/>\n<meta property=\"og:url\" content=\"https:\/\/www.istegroup.com\/fr\/produit\/systemes-frigorifiques-pompes-a-chaleur-et-machines-a-cycle-inverse\/\" \/>\n<meta property=\"og:site_name\" content=\"ISTE Group\" \/>\n<meta property=\"article:modified_time\" content=\"2025-01-03T11:08:15+00:00\" \/>\n<meta property=\"og:image\" content=\"https:\/\/www.istegroup.com\/wp-content\/uploads\/2023\/07\/Bonjour_couv_300x450-1.jpg\" \/>\n\t<meta property=\"og:image:width\" content=\"300\" \/>\n\t<meta property=\"og:image:height\" content=\"450\" \/>\n\t<meta property=\"og:image:type\" content=\"image\/jpeg\" \/>\n<meta name=\"twitter:card\" content=\"summary_large_image\" \/>\n<meta name=\"twitter:label1\" content=\"Est. reading time\" \/>\n\t<meta name=\"twitter:data1\" content=\"1 minute\" \/>\n<script type=\"application\/ld+json\" class=\"yoast-schema-graph\">{\"@context\":\"https:\/\/schema.org\",\"@graph\":[{\"@type\":\"WebPage\",\"@id\":\"https:\/\/www.istegroup.com\/fr\/produit\/systemes-frigorifiques-pompes-a-chaleur-et-machines-a-cycle-inverse\/\",\"url\":\"https:\/\/www.istegroup.com\/fr\/produit\/systemes-frigorifiques-pompes-a-chaleur-et-machines-a-cycle-inverse\/\",\"name\":\"Syst\u00e8mes frigorifiques, pompes \u00e0 chaleur et machines \u00e0 cycle inverse - ISTE Group\",\"isPartOf\":{\"@id\":\"https:\/\/www.istegroup.com\/#website\"},\"primaryImageOfPage\":{\"@id\":\"https:\/\/www.istegroup.com\/fr\/produit\/systemes-frigorifiques-pompes-a-chaleur-et-machines-a-cycle-inverse\/#primaryimage\"},\"image\":{\"@id\":\"https:\/\/www.istegroup.com\/fr\/produit\/systemes-frigorifiques-pompes-a-chaleur-et-machines-a-cycle-inverse\/#primaryimage\"},\"thumbnailUrl\":\"https:\/\/www.istegroup.com\/wp-content\/uploads\/2023\/07\/Bonjour_couv_300x450-1.jpg\",\"datePublished\":\"2023-07-11T15:45:34+00:00\",\"dateModified\":\"2025-01-03T11:08:15+00:00\",\"description\":\"Cet ouvrage propose un \u00e9tat de l\u2019art scientifique et technique des machines thermiques \u00e0 cycle inverse, dont le principe de fonctionnement est parfois ancien, mais dont l\u2019analyse des performances et l\u2019optimisation ont pu \u00eatre d\u00e9laiss\u00e9es.\",\"breadcrumb\":{\"@id\":\"https:\/\/www.istegroup.com\/fr\/produit\/systemes-frigorifiques-pompes-a-chaleur-et-machines-a-cycle-inverse\/#breadcrumb\"},\"inLanguage\":\"en-US\",\"potentialAction\":[{\"@type\":\"ReadAction\",\"target\":[\"https:\/\/www.istegroup.com\/fr\/produit\/systemes-frigorifiques-pompes-a-chaleur-et-machines-a-cycle-inverse\/\"]}]},{\"@type\":\"ImageObject\",\"inLanguage\":\"en-US\",\"@id\":\"https:\/\/www.istegroup.com\/fr\/produit\/systemes-frigorifiques-pompes-a-chaleur-et-machines-a-cycle-inverse\/#primaryimage\",\"url\":\"https:\/\/www.istegroup.com\/wp-content\/uploads\/2023\/07\/Bonjour_couv_300x450-1.jpg\",\"contentUrl\":\"https:\/\/www.istegroup.com\/wp-content\/uploads\/2023\/07\/Bonjour_couv_300x450-1.jpg\",\"width\":300,\"height\":450},{\"@type\":\"BreadcrumbList\",\"@id\":\"https:\/\/www.istegroup.com\/fr\/produit\/systemes-frigorifiques-pompes-a-chaleur-et-machines-a-cycle-inverse\/#breadcrumb\",\"itemListElement\":[{\"@type\":\"ListItem\",\"position\":1,\"name\":\"Home\",\"item\":\"https:\/\/www.istegroup.com\/\"},{\"@type\":\"ListItem\",\"position\":2,\"name\":\"Shop\",\"item\":\"https:\/\/www.istegroup.com\/fr\/nouveautes\/\"},{\"@type\":\"ListItem\",\"position\":3,\"name\":\"Syst\u00e8mes frigorifiques, pompes \u00e0 chaleur et machines \u00e0 cycle inverse\"}]},{\"@type\":\"WebSite\",\"@id\":\"https:\/\/www.istegroup.com\/#website\",\"url\":\"https:\/\/www.istegroup.com\/\",\"name\":\"ISTE Group\",\"description\":\"Publishing Knowledge\",\"potentialAction\":[{\"@type\":\"SearchAction\",\"target\":{\"@type\":\"EntryPoint\",\"urlTemplate\":\"https:\/\/www.istegroup.com\/?s={search_term_string}\"},\"query-input\":{\"@type\":\"PropertyValueSpecification\",\"valueRequired\":true,\"valueName\":\"search_term_string\"}}],\"inLanguage\":\"en-US\"}]}<\/script>\n<!-- \/ Yoast SEO plugin. -->","yoast_head_json":{"title":"Syst\u00e8mes frigorifiques, pompes \u00e0 chaleur et machines \u00e0 cycle inverse - ISTE Group","description":"Cet ouvrage propose un \u00e9tat de l\u2019art scientifique et technique des machines thermiques \u00e0 cycle inverse, dont le principe de fonctionnement est parfois ancien, mais dont l\u2019analyse des performances et l\u2019optimisation ont pu \u00eatre d\u00e9laiss\u00e9es.","robots":{"index":"index","follow":"follow","max-snippet":"max-snippet:-1","max-image-preview":"max-image-preview:large","max-video-preview":"max-video-preview:-1"},"canonical":"https:\/\/www.istegroup.com\/fr\/produit\/systemes-frigorifiques-pompes-a-chaleur-et-machines-a-cycle-inverse\/","og_locale":"en_US","og_type":"article","og_title":"Syst\u00e8mes frigorifiques, pompes \u00e0 chaleur et machines \u00e0 cycle inverse - ISTE Group","og_description":"Cet ouvrage propose un \u00e9tat de l\u2019art scientifique et technique des machines thermiques \u00e0 cycle inverse, dont le principe de fonctionnement est parfois ancien, mais dont l\u2019analyse des performances et l\u2019optimisation ont pu \u00eatre d\u00e9laiss\u00e9es.","og_url":"https:\/\/www.istegroup.com\/fr\/produit\/systemes-frigorifiques-pompes-a-chaleur-et-machines-a-cycle-inverse\/","og_site_name":"ISTE Group","article_modified_time":"2025-01-03T11:08:15+00:00","og_image":[{"width":300,"height":450,"url":"https:\/\/www.istegroup.com\/wp-content\/uploads\/2023\/07\/Bonjour_couv_300x450-1.jpg","type":"image\/jpeg"}],"twitter_card":"summary_large_image","twitter_misc":{"Est. reading time":"1 minute"},"schema":{"@context":"https:\/\/schema.org","@graph":[{"@type":"WebPage","@id":"https:\/\/www.istegroup.com\/fr\/produit\/systemes-frigorifiques-pompes-a-chaleur-et-machines-a-cycle-inverse\/","url":"https:\/\/www.istegroup.com\/fr\/produit\/systemes-frigorifiques-pompes-a-chaleur-et-machines-a-cycle-inverse\/","name":"Syst\u00e8mes frigorifiques, pompes \u00e0 chaleur et machines \u00e0 cycle inverse - ISTE Group","isPartOf":{"@id":"https:\/\/www.istegroup.com\/#website"},"primaryImageOfPage":{"@id":"https:\/\/www.istegroup.com\/fr\/produit\/systemes-frigorifiques-pompes-a-chaleur-et-machines-a-cycle-inverse\/#primaryimage"},"image":{"@id":"https:\/\/www.istegroup.com\/fr\/produit\/systemes-frigorifiques-pompes-a-chaleur-et-machines-a-cycle-inverse\/#primaryimage"},"thumbnailUrl":"https:\/\/www.istegroup.com\/wp-content\/uploads\/2023\/07\/Bonjour_couv_300x450-1.jpg","datePublished":"2023-07-11T15:45:34+00:00","dateModified":"2025-01-03T11:08:15+00:00","description":"Cet ouvrage propose un \u00e9tat de l\u2019art scientifique et technique des machines thermiques \u00e0 cycle inverse, dont le principe de fonctionnement est parfois ancien, mais dont l\u2019analyse des performances et l\u2019optimisation ont pu \u00eatre d\u00e9laiss\u00e9es.","breadcrumb":{"@id":"https:\/\/www.istegroup.com\/fr\/produit\/systemes-frigorifiques-pompes-a-chaleur-et-machines-a-cycle-inverse\/#breadcrumb"},"inLanguage":"en-US","potentialAction":[{"@type":"ReadAction","target":["https:\/\/www.istegroup.com\/fr\/produit\/systemes-frigorifiques-pompes-a-chaleur-et-machines-a-cycle-inverse\/"]}]},{"@type":"ImageObject","inLanguage":"en-US","@id":"https:\/\/www.istegroup.com\/fr\/produit\/systemes-frigorifiques-pompes-a-chaleur-et-machines-a-cycle-inverse\/#primaryimage","url":"https:\/\/www.istegroup.com\/wp-content\/uploads\/2023\/07\/Bonjour_couv_300x450-1.jpg","contentUrl":"https:\/\/www.istegroup.com\/wp-content\/uploads\/2023\/07\/Bonjour_couv_300x450-1.jpg","width":300,"height":450},{"@type":"BreadcrumbList","@id":"https:\/\/www.istegroup.com\/fr\/produit\/systemes-frigorifiques-pompes-a-chaleur-et-machines-a-cycle-inverse\/#breadcrumb","itemListElement":[{"@type":"ListItem","position":1,"name":"Home","item":"https:\/\/www.istegroup.com\/"},{"@type":"ListItem","position":2,"name":"Shop","item":"https:\/\/www.istegroup.com\/fr\/nouveautes\/"},{"@type":"ListItem","position":3,"name":"Syst\u00e8mes frigorifiques, pompes \u00e0 chaleur et machines \u00e0 cycle inverse"}]},{"@type":"WebSite","@id":"https:\/\/www.istegroup.com\/#website","url":"https:\/\/www.istegroup.com\/","name":"ISTE Group","description":"Publishing Knowledge","potentialAction":[{"@type":"SearchAction","target":{"@type":"EntryPoint","urlTemplate":"https:\/\/www.istegroup.com\/?s={search_term_string}"},"query-input":{"@type":"PropertyValueSpecification","valueRequired":true,"valueName":"search_term_string"}}],"inLanguage":"en-US"}]}},"_links":{"self":[{"href":"https:\/\/www.istegroup.com\/en\/wp-json\/wp\/v2\/product\/23714","targetHints":{"allow":["GET"]}}],"collection":[{"href":"https:\/\/www.istegroup.com\/en\/wp-json\/wp\/v2\/product"}],"about":[{"href":"https:\/\/www.istegroup.com\/en\/wp-json\/wp\/v2\/types\/product"}],"wp:featuredmedia":[{"embeddable":true,"href":"https:\/\/www.istegroup.com\/en\/wp-json\/wp\/v2\/media\/52370"}],"wp:attachment":[{"href":"https:\/\/www.istegroup.com\/en\/wp-json\/wp\/v2\/media?parent=23714"}],"wp:term":[{"taxonomy":"product_brand","embeddable":true,"href":"https:\/\/www.istegroup.com\/en\/wp-json\/wp\/v2\/product_brand?post=23714"},{"taxonomy":"product_cat","embeddable":true,"href":"https:\/\/www.istegroup.com\/en\/wp-json\/wp\/v2\/product_cat?post=23714"},{"taxonomy":"product_tag","embeddable":true,"href":"https:\/\/www.istegroup.com\/en\/wp-json\/wp\/v2\/product_tag?post=23714"}],"curies":[{"name":"wp","href":"https:\/\/api.w.org\/{rel}","templated":true}]}}