{"id":23700,"date":"2023-05-09T16:33:37","date_gmt":"2023-05-09T15:33:37","guid":{"rendered":"https:\/\/www.istegroup.com\/?post_type=product&#038;p=23700"},"modified":"2025-01-03T11:09:52","modified_gmt":"2025-01-03T11:09:52","slug":"le-solaire-a-concentration","status":"publish","type":"product","link":"https:\/\/www.istegroup.com\/en\/produit\/le-solaire-a-concentration\/","title":{"rendered":"Le solaire \u00e0 concentration"},"content":{"rendered":"<p class=\"qtranxs-available-languages-message qtranxs-available-languages-message-en\">Sorry, this entry is only available in <a href=\"https:\/\/www.istegroup.com\/fr\/wp-json\/wp\/v2\/product\/23700\" class=\"qtranxs-available-language-link qtranxs-available-language-link-fr\" title=\"FR\">FR<\/a>.<\/p>","protected":false},"excerpt":{"rendered":"<p>Sorry, this entry is only available in FR.<\/p>\n","protected":false},"featured_media":51449,"template":"","meta":{"_acf_changed":false,"_links_to":"","_links_to_target":""},"product_brand":[],"product_cat":[4289],"product_tag":[],"class_list":{"0":"post-23700","1":"product","2":"type-product","3":"status-publish","4":"has-post-thumbnail","6":"product_cat-sciences","8":"first","9":"instock","10":"shipping-taxable","11":"purchasable","12":"product-type-variable"},"acf":[],"yoast_head":"<!-- This site is optimized with the Yoast SEO plugin v27.2 - https:\/\/yoast.com\/product\/yoast-seo-wordpress\/ -->\n<title>Le solaire \u00e0 concentration - ISTE Group<\/title>\n<meta name=\"description\" content=\"La technologie du solaire \u00e0 concentration offre une solution originale en compl\u00e9ment de l\u2019\u00e9olien et du photovolta\u00efque. Elle pr\u00e9sente des solutions de stockage thermique massif \u00e0 faible co\u00fbt, des options de conversion hybrides et se d\u00e9cline dans des domaines d\u2019applications connexes \u00e0 l\u2019\u00e9lectricit\u00e9 comme la chaleur industrielle ou les combustibles de synth\u00e8se.\" \/>\n<meta name=\"robots\" content=\"index, follow, max-snippet:-1, max-image-preview:large, max-video-preview:-1\" \/>\n<link rel=\"canonical\" href=\"https:\/\/www.istegroup.com\/en\/produit\/le-solaire-a-concentration\/\" \/>\n<meta property=\"og:locale\" content=\"en_US\" \/>\n<meta property=\"og:type\" content=\"article\" \/>\n<meta property=\"og:title\" content=\"Le solaire \u00e0 concentration - ISTE Group\" \/>\n<meta property=\"og:description\" content=\"La technologie du solaire \u00e0 concentration offre une solution originale en compl\u00e9ment de l\u2019\u00e9olien et du photovolta\u00efque. Elle pr\u00e9sente des solutions de stockage thermique massif \u00e0 faible co\u00fbt, des options de conversion hybrides et se d\u00e9cline dans des domaines d\u2019applications connexes \u00e0 l\u2019\u00e9lectricit\u00e9 comme la chaleur industrielle ou les combustibles de synth\u00e8se.\" \/>\n<meta property=\"og:url\" content=\"https:\/\/www.istegroup.com\/en\/produit\/le-solaire-a-concentration\/\" \/>\n<meta property=\"og:site_name\" content=\"ISTE Group\" \/>\n<meta property=\"article:modified_time\" content=\"2025-01-03T11:09:52+00:00\" \/>\n<meta property=\"og:image\" content=\"https:\/\/www.istegroup.com\/wp-content\/uploads\/2019\/11\/Le-solaire-a-concentration.jpeg\" \/>\n\t<meta property=\"og:image:width\" content=\"300\" \/>\n\t<meta property=\"og:image:height\" content=\"450\" \/>\n\t<meta property=\"og:image:type\" content=\"image\/jpeg\" \/>\n<meta name=\"twitter:card\" content=\"summary_large_image\" \/>\n<meta name=\"twitter:label1\" content=\"Est. reading time\" \/>\n\t<meta name=\"twitter:data1\" content=\"1 minute\" \/>\n<script type=\"application\/ld+json\" class=\"yoast-schema-graph\">{\"@context\":\"https:\/\/schema.org\",\"@graph\":[{\"@type\":\"WebPage\",\"@id\":\"https:\/\/www.istegroup.com\/en\/produit\/le-solaire-a-concentration\/\",\"url\":\"https:\/\/www.istegroup.com\/en\/produit\/le-solaire-a-concentration\/\",\"name\":\"Le solaire \u00e0 concentration - ISTE Group\",\"isPartOf\":{\"@id\":\"https:\/\/www.istegroup.com\/#website\"},\"primaryImageOfPage\":{\"@id\":\"https:\/\/www.istegroup.com\/en\/produit\/le-solaire-a-concentration\/#primaryimage\"},\"image\":{\"@id\":\"https:\/\/www.istegroup.com\/en\/produit\/le-solaire-a-concentration\/#primaryimage\"},\"thumbnailUrl\":\"https:\/\/www.istegroup.com\/wp-content\/uploads\/2019\/11\/Le-solaire-a-concentration.jpeg\",\"datePublished\":\"2023-05-09T15:33:37+00:00\",\"dateModified\":\"2025-01-03T11:09:52+00:00\",\"description\":\"La technologie du solaire \u00e0 concentration offre une solution originale en compl\u00e9ment de l\u2019\u00e9olien et du photovolta\u00efque. Elle pr\u00e9sente des solutions de stockage thermique massif \u00e0 faible co\u00fbt, des options de conversion hybrides et se d\u00e9cline dans des domaines d\u2019applications connexes \u00e0 l\u2019\u00e9lectricit\u00e9 comme la chaleur industrielle ou les combustibles de synth\u00e8se.\",\"breadcrumb\":{\"@id\":\"https:\/\/www.istegroup.com\/en\/produit\/le-solaire-a-concentration\/#breadcrumb\"},\"inLanguage\":\"en-US\",\"potentialAction\":[{\"@type\":\"ReadAction\",\"target\":[\"https:\/\/www.istegroup.com\/en\/produit\/le-solaire-a-concentration\/\"]}]},{\"@type\":\"ImageObject\",\"inLanguage\":\"en-US\",\"@id\":\"https:\/\/www.istegroup.com\/en\/produit\/le-solaire-a-concentration\/#primaryimage\",\"url\":\"https:\/\/www.istegroup.com\/wp-content\/uploads\/2019\/11\/Le-solaire-a-concentration.jpeg\",\"contentUrl\":\"https:\/\/www.istegroup.com\/wp-content\/uploads\/2019\/11\/Le-solaire-a-concentration.jpeg\",\"width\":300,\"height\":450,\"caption\":\"Livre scientifique - Le solaire \u00e0 concentration - Encyclop\u00e9die SCIENCES\"},{\"@type\":\"BreadcrumbList\",\"@id\":\"https:\/\/www.istegroup.com\/en\/produit\/le-solaire-a-concentration\/#breadcrumb\",\"itemListElement\":[{\"@type\":\"ListItem\",\"position\":1,\"name\":\"Home\",\"item\":\"https:\/\/www.istegroup.com\/\"},{\"@type\":\"ListItem\",\"position\":2,\"name\":\"Shop\",\"item\":\"https:\/\/www.istegroup.com\/fr\/nouveautes\/\"},{\"@type\":\"ListItem\",\"position\":3,\"name\":\"Le solaire \u00e0 concentration\"}]},{\"@type\":\"WebSite\",\"@id\":\"https:\/\/www.istegroup.com\/#website\",\"url\":\"https:\/\/www.istegroup.com\/\",\"name\":\"ISTE Group\",\"description\":\"Publishing Knowledge\",\"potentialAction\":[{\"@type\":\"SearchAction\",\"target\":{\"@type\":\"EntryPoint\",\"urlTemplate\":\"https:\/\/www.istegroup.com\/?s={search_term_string}\"},\"query-input\":{\"@type\":\"PropertyValueSpecification\",\"valueRequired\":true,\"valueName\":\"search_term_string\"}}],\"inLanguage\":\"en-US\"}]}<\/script>\n<!-- \/ Yoast SEO plugin. -->","yoast_head_json":{"title":"Le solaire \u00e0 concentration - ISTE Group","description":"La technologie du solaire \u00e0 concentration offre une solution originale en compl\u00e9ment de l\u2019\u00e9olien et du photovolta\u00efque. Elle pr\u00e9sente des solutions de stockage thermique massif \u00e0 faible co\u00fbt, des options de conversion hybrides et se d\u00e9cline dans des domaines d\u2019applications connexes \u00e0 l\u2019\u00e9lectricit\u00e9 comme la chaleur industrielle ou les combustibles de synth\u00e8se.","robots":{"index":"index","follow":"follow","max-snippet":"max-snippet:-1","max-image-preview":"max-image-preview:large","max-video-preview":"max-video-preview:-1"},"canonical":"https:\/\/www.istegroup.com\/en\/produit\/le-solaire-a-concentration\/","og_locale":"en_US","og_type":"article","og_title":"Le solaire \u00e0 concentration - ISTE Group","og_description":"La technologie du solaire \u00e0 concentration offre une solution originale en compl\u00e9ment de l\u2019\u00e9olien et du photovolta\u00efque. Elle pr\u00e9sente des solutions de stockage thermique massif \u00e0 faible co\u00fbt, des options de conversion hybrides et se d\u00e9cline dans des domaines d\u2019applications connexes \u00e0 l\u2019\u00e9lectricit\u00e9 comme la chaleur industrielle ou les combustibles de synth\u00e8se.","og_url":"https:\/\/www.istegroup.com\/en\/produit\/le-solaire-a-concentration\/","og_site_name":"ISTE Group","article_modified_time":"2025-01-03T11:09:52+00:00","og_image":[{"width":300,"height":450,"url":"https:\/\/www.istegroup.com\/wp-content\/uploads\/2019\/11\/Le-solaire-a-concentration.jpeg","type":"image\/jpeg"}],"twitter_card":"summary_large_image","twitter_misc":{"Est. reading time":"1 minute"},"schema":{"@context":"https:\/\/schema.org","@graph":[{"@type":"WebPage","@id":"https:\/\/www.istegroup.com\/en\/produit\/le-solaire-a-concentration\/","url":"https:\/\/www.istegroup.com\/en\/produit\/le-solaire-a-concentration\/","name":"Le solaire \u00e0 concentration - ISTE Group","isPartOf":{"@id":"https:\/\/www.istegroup.com\/#website"},"primaryImageOfPage":{"@id":"https:\/\/www.istegroup.com\/en\/produit\/le-solaire-a-concentration\/#primaryimage"},"image":{"@id":"https:\/\/www.istegroup.com\/en\/produit\/le-solaire-a-concentration\/#primaryimage"},"thumbnailUrl":"https:\/\/www.istegroup.com\/wp-content\/uploads\/2019\/11\/Le-solaire-a-concentration.jpeg","datePublished":"2023-05-09T15:33:37+00:00","dateModified":"2025-01-03T11:09:52+00:00","description":"La technologie du solaire \u00e0 concentration offre une solution originale en compl\u00e9ment de l\u2019\u00e9olien et du photovolta\u00efque. Elle pr\u00e9sente des solutions de stockage thermique massif \u00e0 faible co\u00fbt, des options de conversion hybrides et se d\u00e9cline dans des domaines d\u2019applications connexes \u00e0 l\u2019\u00e9lectricit\u00e9 comme la chaleur industrielle ou les combustibles de synth\u00e8se.","breadcrumb":{"@id":"https:\/\/www.istegroup.com\/en\/produit\/le-solaire-a-concentration\/#breadcrumb"},"inLanguage":"en-US","potentialAction":[{"@type":"ReadAction","target":["https:\/\/www.istegroup.com\/en\/produit\/le-solaire-a-concentration\/"]}]},{"@type":"ImageObject","inLanguage":"en-US","@id":"https:\/\/www.istegroup.com\/en\/produit\/le-solaire-a-concentration\/#primaryimage","url":"https:\/\/www.istegroup.com\/wp-content\/uploads\/2019\/11\/Le-solaire-a-concentration.jpeg","contentUrl":"https:\/\/www.istegroup.com\/wp-content\/uploads\/2019\/11\/Le-solaire-a-concentration.jpeg","width":300,"height":450,"caption":"Livre scientifique - Le solaire \u00e0 concentration - Encyclop\u00e9die SCIENCES"},{"@type":"BreadcrumbList","@id":"https:\/\/www.istegroup.com\/en\/produit\/le-solaire-a-concentration\/#breadcrumb","itemListElement":[{"@type":"ListItem","position":1,"name":"Home","item":"https:\/\/www.istegroup.com\/"},{"@type":"ListItem","position":2,"name":"Shop","item":"https:\/\/www.istegroup.com\/fr\/nouveautes\/"},{"@type":"ListItem","position":3,"name":"Le solaire \u00e0 concentration"}]},{"@type":"WebSite","@id":"https:\/\/www.istegroup.com\/#website","url":"https:\/\/www.istegroup.com\/","name":"ISTE Group","description":"Publishing Knowledge","potentialAction":[{"@type":"SearchAction","target":{"@type":"EntryPoint","urlTemplate":"https:\/\/www.istegroup.com\/?s={search_term_string}"},"query-input":{"@type":"PropertyValueSpecification","valueRequired":true,"valueName":"search_term_string"}}],"inLanguage":"en-US"}]}},"_links":{"self":[{"href":"https:\/\/www.istegroup.com\/en\/wp-json\/wp\/v2\/product\/23700","targetHints":{"allow":["GET"]}}],"collection":[{"href":"https:\/\/www.istegroup.com\/en\/wp-json\/wp\/v2\/product"}],"about":[{"href":"https:\/\/www.istegroup.com\/en\/wp-json\/wp\/v2\/types\/product"}],"wp:featuredmedia":[{"embeddable":true,"href":"https:\/\/www.istegroup.com\/en\/wp-json\/wp\/v2\/media\/51449"}],"wp:attachment":[{"href":"https:\/\/www.istegroup.com\/en\/wp-json\/wp\/v2\/media?parent=23700"}],"wp:term":[{"taxonomy":"product_brand","embeddable":true,"href":"https:\/\/www.istegroup.com\/en\/wp-json\/wp\/v2\/product_brand?post=23700"},{"taxonomy":"product_cat","embeddable":true,"href":"https:\/\/www.istegroup.com\/en\/wp-json\/wp\/v2\/product_cat?post=23700"},{"taxonomy":"product_tag","embeddable":true,"href":"https:\/\/www.istegroup.com\/en\/wp-json\/wp\/v2\/product_tag?post=23700"}],"curies":[{"name":"wp","href":"https:\/\/api.w.org\/{rel}","templated":true}]}}