{"id":237,"date":"2017-07-28T11:14:54","date_gmt":"2017-07-28T09:14:54","guid":{"rendered":"https:\/\/iste.yhello.co\/product\/equations-du-mouvement-2\/"},"modified":"2024-01-03T14:20:45","modified_gmt":"2024-01-03T14:20:45","slug":"equations-du-mouvement-2","status":"publish","type":"product","link":"https:\/\/www.istegroup.com\/en\/produit\/equations-du-mouvement-2\/","title":{"rendered":"Equations du mouvement 2"},"content":{"rendered":"<p>Cet ouvrage est le deuxi\u00e8me volume de la s\u00e9rie\u00a0<em>M\u00e9canique des solides ind\u00e9formables<\/em>. Il rassemble des expos\u00e9s math\u00e9matiques utiles pour accompagner le d\u00e9veloppement du formalisme de la m\u00e9canique.<\/p>\n<p><em>Equations du mouvement 2<\/em>\u00a0s\u2019int\u00e9resse aux vecteurs, aux torseurs, et \u00e0 leurs d\u00e9riv\u00e9es, ainsi qu\u2019aux op\u00e9rateurs lin\u00e9aires qui tiennent une grande place dans le formalisme de la m\u00e9canique. Il traite \u00e9galement des rep\u00e8res locaux associ\u00e9s aux courbes, aux surfaces et aux volumes, repr\u00e9sentatifs des fonctions vectorielles \u00e0 une, deux ou trois variables. Il rappelle enfin le principe des \u00e9quations aux dimensions, particuli\u00e8rement utiles pour s\u2019assurer de l\u2019homog\u00e9n\u00e9it\u00e9 dimensionnelle des \u00e9quations du mouvement.<\/p>\n<p>Cet ouvrage s\u2019adresse \u00e0 celui qui, comme l\u2019\u00e9tudiant, veut acqu\u00e9rir une connaissance suffisamment rigoureuse de la discipline, ou \u00e0 celui qui, dans l\u2019exercice de sa profession, \u00e9prouve le besoin de d\u00e9velopper sa propre approche du probl\u00e8me qu\u2019il doit traiter, ou \u00e0 tout autre que le sujet int\u00e9resse et qui souhaite l\u2019approfondir.<\/p>\n","protected":false},"excerpt":{"rendered":"<p>Cet ouvrage est le deuxi\u00e8me volume de la s\u00e9rie\u00a0M\u00e9canique des solides ind\u00e9formables. Il rassemble des expos\u00e9s math\u00e9matiques utiles pour accompagner le d\u00e9veloppement du formalisme de la m\u00e9canique. Equations du mouvement 2\u00a0s\u2019int\u00e9resse aux vecteurs, aux torseurs, et \u00e0 leurs d\u00e9riv\u00e9es, ainsi qu\u2019aux op\u00e9rateurs lin\u00e9aires qui tiennent une grande place dans le formalisme de la m\u00e9canique. Il [&hellip;]<\/p>\n","protected":false},"featured_media":238,"template":"","meta":{"_acf_changed":false,"_links_to":"","_links_to_target":""},"product_brand":[],"product_cat":[664,675,716],"product_tag":[18,19,20,75,76,21,22,26,27,77,38,28],"class_list":{"0":"post-237","1":"product","2":"type-product","3":"status-publish","4":"has-post-thumbnail","6":"product_cat-gnie-mcanique-et-mcanique-des-solides-12506462","7":"product_cat-nouveauts-12519446","8":"product_cat-srie-mcanique-des-solides-indformables-412769553","9":"product_tag-edition-scientifique","10":"product_tag-editions-francaise","11":"product_tag-editions-technique","12":"product_tag-equations-du-mouvement-2","13":"product_tag-georges-venizelo","14":"product_tag-iste-group","15":"product_tag-istegroup","16":"product_tag-livre-scientifique-francais","17":"product_tag-livre-technique-francais","18":"product_tag-michel-borel","19":"product_tag-ouvrage-numerique","20":"product_tag-ouvrage-scientifique-francais","22":"first","23":"instock","24":"shipping-taxable","25":"purchasable","26":"product-type-variable"},"acf":[],"yoast_head":"<!-- This site is optimized with the Yoast SEO plugin v27.2 - https:\/\/yoast.com\/product\/yoast-seo-wordpress\/ -->\n<title>Equations du mouvement 2 - ISTE Group<\/title>\n<meta name=\"description\" content=\"L&#039;ouvrage s\u2019int\u00e9resse aux vecteurs, aux torseurs, \u00e0 leurs d\u00e9riv\u00e9es ainsi qu&#039;aux op\u00e9rateurs lin\u00e9aires tenant une grande place dans le formalisme de la m\u00e9canique.\" \/>\n<meta name=\"robots\" content=\"index, follow, max-snippet:-1, max-image-preview:large, max-video-preview:-1\" \/>\n<link rel=\"canonical\" href=\"https:\/\/www.istegroup.com\/fr\/produit\/equations-du-mouvement-2\/\" \/>\n<meta property=\"og:locale\" content=\"en_US\" \/>\n<meta property=\"og:type\" content=\"article\" \/>\n<meta property=\"og:title\" content=\"Equations du mouvement 2 - ISTE Group\" \/>\n<meta property=\"og:description\" content=\"L&#039;ouvrage s\u2019int\u00e9resse aux vecteurs, aux torseurs, \u00e0 leurs d\u00e9riv\u00e9es ainsi qu&#039;aux op\u00e9rateurs lin\u00e9aires tenant une grande place dans le formalisme de la m\u00e9canique.\" \/>\n<meta property=\"og:url\" content=\"https:\/\/www.istegroup.com\/fr\/produit\/equations-du-mouvement-2\/\" \/>\n<meta property=\"og:site_name\" content=\"ISTE Group\" \/>\n<meta property=\"article:modified_time\" content=\"2024-01-03T14:20:45+00:00\" \/>\n<meta property=\"og:image\" content=\"https:\/\/www.istegroup.com\/wp-content\/uploads\/2017\/07\/21573249233_9637215953-1.jpg\" \/>\n\t<meta property=\"og:image:width\" content=\"300\" \/>\n\t<meta property=\"og:image:height\" content=\"450\" \/>\n\t<meta property=\"og:image:type\" content=\"image\/jpeg\" \/>\n<meta name=\"twitter:card\" content=\"summary_large_image\" \/>\n<meta name=\"twitter:label1\" content=\"Est. reading time\" \/>\n\t<meta name=\"twitter:data1\" content=\"1 minute\" \/>\n<script type=\"application\/ld+json\" class=\"yoast-schema-graph\">{\"@context\":\"https:\/\/schema.org\",\"@graph\":[{\"@type\":\"WebPage\",\"@id\":\"https:\/\/www.istegroup.com\/fr\/produit\/equations-du-mouvement-2\/\",\"url\":\"https:\/\/www.istegroup.com\/fr\/produit\/equations-du-mouvement-2\/\",\"name\":\"Equations du mouvement 2 - ISTE Group\",\"isPartOf\":{\"@id\":\"https:\/\/www.istegroup.com\/#website\"},\"primaryImageOfPage\":{\"@id\":\"https:\/\/www.istegroup.com\/fr\/produit\/equations-du-mouvement-2\/#primaryimage\"},\"image\":{\"@id\":\"https:\/\/www.istegroup.com\/fr\/produit\/equations-du-mouvement-2\/#primaryimage\"},\"thumbnailUrl\":\"https:\/\/www.istegroup.com\/wp-content\/uploads\/2017\/07\/21573249233_9637215953-1.jpg\",\"datePublished\":\"2017-07-28T09:14:54+00:00\",\"dateModified\":\"2024-01-03T14:20:45+00:00\",\"description\":\"L'ouvrage s\u2019int\u00e9resse aux vecteurs, aux torseurs, \u00e0 leurs d\u00e9riv\u00e9es ainsi qu'aux op\u00e9rateurs lin\u00e9aires tenant une grande place dans le formalisme de la m\u00e9canique.\",\"breadcrumb\":{\"@id\":\"https:\/\/www.istegroup.com\/fr\/produit\/equations-du-mouvement-2\/#breadcrumb\"},\"inLanguage\":\"en-US\",\"potentialAction\":[{\"@type\":\"ReadAction\",\"target\":[\"https:\/\/www.istegroup.com\/fr\/produit\/equations-du-mouvement-2\/\"]}]},{\"@type\":\"ImageObject\",\"inLanguage\":\"en-US\",\"@id\":\"https:\/\/www.istegroup.com\/fr\/produit\/equations-du-mouvement-2\/#primaryimage\",\"url\":\"https:\/\/www.istegroup.com\/wp-content\/uploads\/2017\/07\/21573249233_9637215953-1.jpg\",\"contentUrl\":\"https:\/\/www.istegroup.com\/wp-content\/uploads\/2017\/07\/21573249233_9637215953-1.jpg\",\"width\":300,\"height\":450,\"caption\":\"Suppl\u00e9ments math\u00e9matiques et m\u00e9thodologiques\"},{\"@type\":\"BreadcrumbList\",\"@id\":\"https:\/\/www.istegroup.com\/fr\/produit\/equations-du-mouvement-2\/#breadcrumb\",\"itemListElement\":[{\"@type\":\"ListItem\",\"position\":1,\"name\":\"Home\",\"item\":\"https:\/\/www.istegroup.com\/\"},{\"@type\":\"ListItem\",\"position\":2,\"name\":\"Shop\",\"item\":\"https:\/\/www.istegroup.com\/fr\/nouveautes\/\"},{\"@type\":\"ListItem\",\"position\":3,\"name\":\"Equations du mouvement 2\"}]},{\"@type\":\"WebSite\",\"@id\":\"https:\/\/www.istegroup.com\/#website\",\"url\":\"https:\/\/www.istegroup.com\/\",\"name\":\"ISTE Group\",\"description\":\"Publishing Knowledge\",\"potentialAction\":[{\"@type\":\"SearchAction\",\"target\":{\"@type\":\"EntryPoint\",\"urlTemplate\":\"https:\/\/www.istegroup.com\/?s={search_term_string}\"},\"query-input\":{\"@type\":\"PropertyValueSpecification\",\"valueRequired\":true,\"valueName\":\"search_term_string\"}}],\"inLanguage\":\"en-US\"}]}<\/script>\n<!-- \/ Yoast SEO plugin. -->","yoast_head_json":{"title":"Equations du mouvement 2 - ISTE Group","description":"L'ouvrage s\u2019int\u00e9resse aux vecteurs, aux torseurs, \u00e0 leurs d\u00e9riv\u00e9es ainsi qu'aux op\u00e9rateurs lin\u00e9aires tenant une grande place dans le formalisme de la m\u00e9canique.","robots":{"index":"index","follow":"follow","max-snippet":"max-snippet:-1","max-image-preview":"max-image-preview:large","max-video-preview":"max-video-preview:-1"},"canonical":"https:\/\/www.istegroup.com\/fr\/produit\/equations-du-mouvement-2\/","og_locale":"en_US","og_type":"article","og_title":"Equations du mouvement 2 - ISTE Group","og_description":"L'ouvrage s\u2019int\u00e9resse aux vecteurs, aux torseurs, \u00e0 leurs d\u00e9riv\u00e9es ainsi qu'aux op\u00e9rateurs lin\u00e9aires tenant une grande place dans le formalisme de la m\u00e9canique.","og_url":"https:\/\/www.istegroup.com\/fr\/produit\/equations-du-mouvement-2\/","og_site_name":"ISTE Group","article_modified_time":"2024-01-03T14:20:45+00:00","og_image":[{"width":300,"height":450,"url":"https:\/\/www.istegroup.com\/wp-content\/uploads\/2017\/07\/21573249233_9637215953-1.jpg","type":"image\/jpeg"}],"twitter_card":"summary_large_image","twitter_misc":{"Est. reading time":"1 minute"},"schema":{"@context":"https:\/\/schema.org","@graph":[{"@type":"WebPage","@id":"https:\/\/www.istegroup.com\/fr\/produit\/equations-du-mouvement-2\/","url":"https:\/\/www.istegroup.com\/fr\/produit\/equations-du-mouvement-2\/","name":"Equations du mouvement 2 - ISTE Group","isPartOf":{"@id":"https:\/\/www.istegroup.com\/#website"},"primaryImageOfPage":{"@id":"https:\/\/www.istegroup.com\/fr\/produit\/equations-du-mouvement-2\/#primaryimage"},"image":{"@id":"https:\/\/www.istegroup.com\/fr\/produit\/equations-du-mouvement-2\/#primaryimage"},"thumbnailUrl":"https:\/\/www.istegroup.com\/wp-content\/uploads\/2017\/07\/21573249233_9637215953-1.jpg","datePublished":"2017-07-28T09:14:54+00:00","dateModified":"2024-01-03T14:20:45+00:00","description":"L'ouvrage s\u2019int\u00e9resse aux vecteurs, aux torseurs, \u00e0 leurs d\u00e9riv\u00e9es ainsi qu'aux op\u00e9rateurs lin\u00e9aires tenant une grande place dans le formalisme de la m\u00e9canique.","breadcrumb":{"@id":"https:\/\/www.istegroup.com\/fr\/produit\/equations-du-mouvement-2\/#breadcrumb"},"inLanguage":"en-US","potentialAction":[{"@type":"ReadAction","target":["https:\/\/www.istegroup.com\/fr\/produit\/equations-du-mouvement-2\/"]}]},{"@type":"ImageObject","inLanguage":"en-US","@id":"https:\/\/www.istegroup.com\/fr\/produit\/equations-du-mouvement-2\/#primaryimage","url":"https:\/\/www.istegroup.com\/wp-content\/uploads\/2017\/07\/21573249233_9637215953-1.jpg","contentUrl":"https:\/\/www.istegroup.com\/wp-content\/uploads\/2017\/07\/21573249233_9637215953-1.jpg","width":300,"height":450,"caption":"Suppl\u00e9ments math\u00e9matiques et m\u00e9thodologiques"},{"@type":"BreadcrumbList","@id":"https:\/\/www.istegroup.com\/fr\/produit\/equations-du-mouvement-2\/#breadcrumb","itemListElement":[{"@type":"ListItem","position":1,"name":"Home","item":"https:\/\/www.istegroup.com\/"},{"@type":"ListItem","position":2,"name":"Shop","item":"https:\/\/www.istegroup.com\/fr\/nouveautes\/"},{"@type":"ListItem","position":3,"name":"Equations du mouvement 2"}]},{"@type":"WebSite","@id":"https:\/\/www.istegroup.com\/#website","url":"https:\/\/www.istegroup.com\/","name":"ISTE Group","description":"Publishing Knowledge","potentialAction":[{"@type":"SearchAction","target":{"@type":"EntryPoint","urlTemplate":"https:\/\/www.istegroup.com\/?s={search_term_string}"},"query-input":{"@type":"PropertyValueSpecification","valueRequired":true,"valueName":"search_term_string"}}],"inLanguage":"en-US"}]}},"_links":{"self":[{"href":"https:\/\/www.istegroup.com\/en\/wp-json\/wp\/v2\/product\/237","targetHints":{"allow":["GET"]}}],"collection":[{"href":"https:\/\/www.istegroup.com\/en\/wp-json\/wp\/v2\/product"}],"about":[{"href":"https:\/\/www.istegroup.com\/en\/wp-json\/wp\/v2\/types\/product"}],"wp:featuredmedia":[{"embeddable":true,"href":"https:\/\/www.istegroup.com\/en\/wp-json\/wp\/v2\/media\/238"}],"wp:attachment":[{"href":"https:\/\/www.istegroup.com\/en\/wp-json\/wp\/v2\/media?parent=237"}],"wp:term":[{"taxonomy":"product_brand","embeddable":true,"href":"https:\/\/www.istegroup.com\/en\/wp-json\/wp\/v2\/product_brand?post=237"},{"taxonomy":"product_cat","embeddable":true,"href":"https:\/\/www.istegroup.com\/en\/wp-json\/wp\/v2\/product_cat?post=237"},{"taxonomy":"product_tag","embeddable":true,"href":"https:\/\/www.istegroup.com\/en\/wp-json\/wp\/v2\/product_tag?post=237"}],"curies":[{"name":"wp","href":"https:\/\/api.w.org\/{rel}","templated":true}]}}