{"id":23660,"date":"2021-06-19T14:49:48","date_gmt":"2021-06-19T13:49:48","guid":{"rendered":"https:\/\/www.istegroup.com\/?post_type=product&#038;p=23660"},"modified":"2025-01-03T12:15:04","modified_gmt":"2025-01-03T12:15:04","slug":"laccessibilite-ou-la-reinvention-de-lecole","status":"publish","type":"product","link":"https:\/\/www.istegroup.com\/en\/produit\/laccessibilite-ou-la-reinvention-de-lecole\/","title":{"rendered":"L\u2019accessibilit\u00e9 ou la r\u00e9invention de l\u2019\u00e9cole"},"content":{"rendered":"<p>L\u2019imp\u00e9ratif d\u2019accessibilit\u00e9 qui pr\u00e9side aux politiques \u00e9ducatives consacre une r\u00e9invention de l\u2019\u00e9cole par-del\u00e0 la scolarisation d\u2019\u00e9l\u00e8ves handicap\u00e9s.<\/p>\n<p><em>L\u2019accessibilit\u00e9 ou la r\u00e9invention de l\u2019\u00e9cole<\/em> \u00e9tudie les mutations qui ont red\u00e9fini les r\u00f4les et les missions de l\u2019\u00e9cole en lui demandant de porter le regard sur les obstacles aux apprentissages impos\u00e9s aux \u00e9l\u00e8ves, quelle que soit leur particularit\u00e9, pour se rendre accessible au plus grand nombre. L\u2019ouvrage analyse \u00e9galement la mani\u00e8re dont les acteurs de l\u2019\u00e9cole se saisissent de l\u2019imp\u00e9ratif d\u2019accessibilit\u00e9 pour faire vivre au quotidien ses principes, ainsi que les strat\u00e9gies d\u00e9velopp\u00e9es par les enseignants pour rendre accessibles les environnements scolaires, les conditions de mobilisation des technologies num\u00e9riques et la red\u00e9finition des relations entre les enseignants et les enseignants sp\u00e9cialis\u00e9s. Il appr\u00e9hende, enfin, les nouvelles figures de l\u2019in\u00e9ducabilit\u00e9 institu\u00e9es par l\u2019imp\u00e9ratif d\u2019accessibilit\u00e9 et propose une grammaire de l\u2019accessibilit\u00e9 dont le respect conditionne l\u2019accessibilisation des environnements scolaires et la mise en oeuvre des politiques inclusives.<\/p>\n","protected":false},"excerpt":{"rendered":"<p>L\u2019imp\u00e9ratif d\u2019accessibilit\u00e9 qui pr\u00e9side aux politiques \u00e9ducatives consacre une r\u00e9invention de l\u2019\u00e9cole par-del\u00e0 la scolarisation d\u2019\u00e9l\u00e8ves handicap\u00e9s. L\u2019accessibilit\u00e9 ou la r\u00e9invention de l\u2019\u00e9cole \u00e9tudie les mutations qui ont red\u00e9fini les r\u00f4les et les missions de l\u2019\u00e9cole en lui demandant de porter le regard sur les obstacles aux apprentissages impos\u00e9s aux \u00e9l\u00e8ves, quelle que soit leur [&hellip;]<\/p>\n","protected":false},"featured_media":38146,"template":"","meta":{"_acf_changed":false,"_links_to":"","_links_to_target":""},"product_brand":[],"product_cat":[4289],"product_tag":[],"class_list":{"0":"post-23660","1":"product","2":"type-product","3":"status-publish","4":"has-post-thumbnail","6":"product_cat-sciences","8":"first","9":"instock","10":"shipping-taxable","11":"purchasable","12":"product-type-variable"},"acf":[],"yoast_head":"<!-- This site is optimized with the Yoast SEO plugin v27.2 - https:\/\/yoast.com\/product\/yoast-seo-wordpress\/ -->\n<title>L\u2019accessibilit\u00e9 ou la r\u00e9invention de l\u2019\u00e9cole - ISTE Group<\/title>\n<meta name=\"description\" content=\"L\u2019accessibilit\u00e9 ou la r\u00e9invention de l\u2019\u00e9cole \u00e9tudie les mutations qui ont red\u00e9fini les r\u00f4les et les missions de l\u2019\u00e9cole en lui demandant de porter le regard sur les obstacles aux apprentissages impos\u00e9s aux \u00e9l\u00e8ves, quelle que soit leur particularit\u00e9, pour se rendre accessible au plus grand nombre.\" \/>\n<meta name=\"robots\" content=\"index, follow, max-snippet:-1, max-image-preview:large, max-video-preview:-1\" \/>\n<link rel=\"canonical\" href=\"https:\/\/www.istegroup.com\/en\/produit\/laccessibilite-ou-la-reinvention-de-lecole\/\" \/>\n<meta property=\"og:locale\" content=\"en_US\" \/>\n<meta property=\"og:type\" content=\"article\" \/>\n<meta property=\"og:title\" content=\"L\u2019accessibilit\u00e9 ou la r\u00e9invention de l\u2019\u00e9cole - ISTE Group\" \/>\n<meta property=\"og:description\" content=\"L\u2019accessibilit\u00e9 ou la r\u00e9invention de l\u2019\u00e9cole \u00e9tudie les mutations qui ont red\u00e9fini les r\u00f4les et les missions de l\u2019\u00e9cole en lui demandant de porter le regard sur les obstacles aux apprentissages impos\u00e9s aux \u00e9l\u00e8ves, quelle que soit leur particularit\u00e9, pour se rendre accessible au plus grand nombre.\" \/>\n<meta property=\"og:url\" content=\"https:\/\/www.istegroup.com\/en\/produit\/laccessibilite-ou-la-reinvention-de-lecole\/\" \/>\n<meta property=\"og:site_name\" content=\"ISTE Group\" \/>\n<meta property=\"article:modified_time\" content=\"2025-01-03T12:15:04+00:00\" \/>\n<meta property=\"og:image\" content=\"https:\/\/www.istegroup.com\/wp-content\/uploads\/2020\/12\/Laccessibilite-ou-la-reinvention-de-lecole-sciences.jpeg\" \/>\n\t<meta property=\"og:image:width\" content=\"300\" \/>\n\t<meta property=\"og:image:height\" content=\"453\" \/>\n\t<meta property=\"og:image:type\" content=\"image\/jpeg\" \/>\n<meta name=\"twitter:card\" content=\"summary_large_image\" \/>\n<meta name=\"twitter:label1\" content=\"Est. reading time\" \/>\n\t<meta name=\"twitter:data1\" content=\"1 minute\" \/>\n<script type=\"application\/ld+json\" class=\"yoast-schema-graph\">{\"@context\":\"https:\/\/schema.org\",\"@graph\":[{\"@type\":\"WebPage\",\"@id\":\"https:\/\/www.istegroup.com\/en\/produit\/laccessibilite-ou-la-reinvention-de-lecole\/\",\"url\":\"https:\/\/www.istegroup.com\/en\/produit\/laccessibilite-ou-la-reinvention-de-lecole\/\",\"name\":\"L\u2019accessibilit\u00e9 ou la r\u00e9invention de l\u2019\u00e9cole - ISTE Group\",\"isPartOf\":{\"@id\":\"https:\/\/www.istegroup.com\/#website\"},\"primaryImageOfPage\":{\"@id\":\"https:\/\/www.istegroup.com\/en\/produit\/laccessibilite-ou-la-reinvention-de-lecole\/#primaryimage\"},\"image\":{\"@id\":\"https:\/\/www.istegroup.com\/en\/produit\/laccessibilite-ou-la-reinvention-de-lecole\/#primaryimage\"},\"thumbnailUrl\":\"https:\/\/www.istegroup.com\/wp-content\/uploads\/2020\/12\/Laccessibilite-ou-la-reinvention-de-lecole-sciences.jpeg\",\"datePublished\":\"2021-06-19T13:49:48+00:00\",\"dateModified\":\"2025-01-03T12:15:04+00:00\",\"description\":\"L\u2019accessibilit\u00e9 ou la r\u00e9invention de l\u2019\u00e9cole \u00e9tudie les mutations qui ont red\u00e9fini les r\u00f4les et les missions de l\u2019\u00e9cole en lui demandant de porter le regard sur les obstacles aux apprentissages impos\u00e9s aux \u00e9l\u00e8ves, quelle que soit leur particularit\u00e9, pour se rendre accessible au plus grand nombre.\",\"breadcrumb\":{\"@id\":\"https:\/\/www.istegroup.com\/en\/produit\/laccessibilite-ou-la-reinvention-de-lecole\/#breadcrumb\"},\"inLanguage\":\"en-US\",\"potentialAction\":[{\"@type\":\"ReadAction\",\"target\":[\"https:\/\/www.istegroup.com\/en\/produit\/laccessibilite-ou-la-reinvention-de-lecole\/\"]}]},{\"@type\":\"ImageObject\",\"inLanguage\":\"en-US\",\"@id\":\"https:\/\/www.istegroup.com\/en\/produit\/laccessibilite-ou-la-reinvention-de-lecole\/#primaryimage\",\"url\":\"https:\/\/www.istegroup.com\/wp-content\/uploads\/2020\/12\/Laccessibilite-ou-la-reinvention-de-lecole-sciences.jpeg\",\"contentUrl\":\"https:\/\/www.istegroup.com\/wp-content\/uploads\/2020\/12\/Laccessibilite-ou-la-reinvention-de-lecole-sciences.jpeg\",\"width\":300,\"height\":453,\"caption\":\"Encyclop\u00e9die SCIENCES\"},{\"@type\":\"BreadcrumbList\",\"@id\":\"https:\/\/www.istegroup.com\/en\/produit\/laccessibilite-ou-la-reinvention-de-lecole\/#breadcrumb\",\"itemListElement\":[{\"@type\":\"ListItem\",\"position\":1,\"name\":\"Home\",\"item\":\"https:\/\/www.istegroup.com\/\"},{\"@type\":\"ListItem\",\"position\":2,\"name\":\"Shop\",\"item\":\"https:\/\/www.istegroup.com\/fr\/nouveautes\/\"},{\"@type\":\"ListItem\",\"position\":3,\"name\":\"L\u2019accessibilit\u00e9 ou la r\u00e9invention de l\u2019\u00e9cole\"}]},{\"@type\":\"WebSite\",\"@id\":\"https:\/\/www.istegroup.com\/#website\",\"url\":\"https:\/\/www.istegroup.com\/\",\"name\":\"ISTE Group\",\"description\":\"Publishing Knowledge\",\"potentialAction\":[{\"@type\":\"SearchAction\",\"target\":{\"@type\":\"EntryPoint\",\"urlTemplate\":\"https:\/\/www.istegroup.com\/?s={search_term_string}\"},\"query-input\":{\"@type\":\"PropertyValueSpecification\",\"valueRequired\":true,\"valueName\":\"search_term_string\"}}],\"inLanguage\":\"en-US\"}]}<\/script>\n<!-- \/ Yoast SEO plugin. -->","yoast_head_json":{"title":"L\u2019accessibilit\u00e9 ou la r\u00e9invention de l\u2019\u00e9cole - ISTE Group","description":"L\u2019accessibilit\u00e9 ou la r\u00e9invention de l\u2019\u00e9cole \u00e9tudie les mutations qui ont red\u00e9fini les r\u00f4les et les missions de l\u2019\u00e9cole en lui demandant de porter le regard sur les obstacles aux apprentissages impos\u00e9s aux \u00e9l\u00e8ves, quelle que soit leur particularit\u00e9, pour se rendre accessible au plus grand nombre.","robots":{"index":"index","follow":"follow","max-snippet":"max-snippet:-1","max-image-preview":"max-image-preview:large","max-video-preview":"max-video-preview:-1"},"canonical":"https:\/\/www.istegroup.com\/en\/produit\/laccessibilite-ou-la-reinvention-de-lecole\/","og_locale":"en_US","og_type":"article","og_title":"L\u2019accessibilit\u00e9 ou la r\u00e9invention de l\u2019\u00e9cole - ISTE Group","og_description":"L\u2019accessibilit\u00e9 ou la r\u00e9invention de l\u2019\u00e9cole \u00e9tudie les mutations qui ont red\u00e9fini les r\u00f4les et les missions de l\u2019\u00e9cole en lui demandant de porter le regard sur les obstacles aux apprentissages impos\u00e9s aux \u00e9l\u00e8ves, quelle que soit leur particularit\u00e9, pour se rendre accessible au plus grand nombre.","og_url":"https:\/\/www.istegroup.com\/en\/produit\/laccessibilite-ou-la-reinvention-de-lecole\/","og_site_name":"ISTE Group","article_modified_time":"2025-01-03T12:15:04+00:00","og_image":[{"width":300,"height":453,"url":"https:\/\/www.istegroup.com\/wp-content\/uploads\/2020\/12\/Laccessibilite-ou-la-reinvention-de-lecole-sciences.jpeg","type":"image\/jpeg"}],"twitter_card":"summary_large_image","twitter_misc":{"Est. reading time":"1 minute"},"schema":{"@context":"https:\/\/schema.org","@graph":[{"@type":"WebPage","@id":"https:\/\/www.istegroup.com\/en\/produit\/laccessibilite-ou-la-reinvention-de-lecole\/","url":"https:\/\/www.istegroup.com\/en\/produit\/laccessibilite-ou-la-reinvention-de-lecole\/","name":"L\u2019accessibilit\u00e9 ou la r\u00e9invention de l\u2019\u00e9cole - ISTE Group","isPartOf":{"@id":"https:\/\/www.istegroup.com\/#website"},"primaryImageOfPage":{"@id":"https:\/\/www.istegroup.com\/en\/produit\/laccessibilite-ou-la-reinvention-de-lecole\/#primaryimage"},"image":{"@id":"https:\/\/www.istegroup.com\/en\/produit\/laccessibilite-ou-la-reinvention-de-lecole\/#primaryimage"},"thumbnailUrl":"https:\/\/www.istegroup.com\/wp-content\/uploads\/2020\/12\/Laccessibilite-ou-la-reinvention-de-lecole-sciences.jpeg","datePublished":"2021-06-19T13:49:48+00:00","dateModified":"2025-01-03T12:15:04+00:00","description":"L\u2019accessibilit\u00e9 ou la r\u00e9invention de l\u2019\u00e9cole \u00e9tudie les mutations qui ont red\u00e9fini les r\u00f4les et les missions de l\u2019\u00e9cole en lui demandant de porter le regard sur les obstacles aux apprentissages impos\u00e9s aux \u00e9l\u00e8ves, quelle que soit leur particularit\u00e9, pour se rendre accessible au plus grand nombre.","breadcrumb":{"@id":"https:\/\/www.istegroup.com\/en\/produit\/laccessibilite-ou-la-reinvention-de-lecole\/#breadcrumb"},"inLanguage":"en-US","potentialAction":[{"@type":"ReadAction","target":["https:\/\/www.istegroup.com\/en\/produit\/laccessibilite-ou-la-reinvention-de-lecole\/"]}]},{"@type":"ImageObject","inLanguage":"en-US","@id":"https:\/\/www.istegroup.com\/en\/produit\/laccessibilite-ou-la-reinvention-de-lecole\/#primaryimage","url":"https:\/\/www.istegroup.com\/wp-content\/uploads\/2020\/12\/Laccessibilite-ou-la-reinvention-de-lecole-sciences.jpeg","contentUrl":"https:\/\/www.istegroup.com\/wp-content\/uploads\/2020\/12\/Laccessibilite-ou-la-reinvention-de-lecole-sciences.jpeg","width":300,"height":453,"caption":"Encyclop\u00e9die SCIENCES"},{"@type":"BreadcrumbList","@id":"https:\/\/www.istegroup.com\/en\/produit\/laccessibilite-ou-la-reinvention-de-lecole\/#breadcrumb","itemListElement":[{"@type":"ListItem","position":1,"name":"Home","item":"https:\/\/www.istegroup.com\/"},{"@type":"ListItem","position":2,"name":"Shop","item":"https:\/\/www.istegroup.com\/fr\/nouveautes\/"},{"@type":"ListItem","position":3,"name":"L\u2019accessibilit\u00e9 ou la r\u00e9invention de l\u2019\u00e9cole"}]},{"@type":"WebSite","@id":"https:\/\/www.istegroup.com\/#website","url":"https:\/\/www.istegroup.com\/","name":"ISTE Group","description":"Publishing Knowledge","potentialAction":[{"@type":"SearchAction","target":{"@type":"EntryPoint","urlTemplate":"https:\/\/www.istegroup.com\/?s={search_term_string}"},"query-input":{"@type":"PropertyValueSpecification","valueRequired":true,"valueName":"search_term_string"}}],"inLanguage":"en-US"}]}},"_links":{"self":[{"href":"https:\/\/www.istegroup.com\/en\/wp-json\/wp\/v2\/product\/23660","targetHints":{"allow":["GET"]}}],"collection":[{"href":"https:\/\/www.istegroup.com\/en\/wp-json\/wp\/v2\/product"}],"about":[{"href":"https:\/\/www.istegroup.com\/en\/wp-json\/wp\/v2\/types\/product"}],"wp:featuredmedia":[{"embeddable":true,"href":"https:\/\/www.istegroup.com\/en\/wp-json\/wp\/v2\/media\/38146"}],"wp:attachment":[{"href":"https:\/\/www.istegroup.com\/en\/wp-json\/wp\/v2\/media?parent=23660"}],"wp:term":[{"taxonomy":"product_brand","embeddable":true,"href":"https:\/\/www.istegroup.com\/en\/wp-json\/wp\/v2\/product_brand?post=23660"},{"taxonomy":"product_cat","embeddable":true,"href":"https:\/\/www.istegroup.com\/en\/wp-json\/wp\/v2\/product_cat?post=23660"},{"taxonomy":"product_tag","embeddable":true,"href":"https:\/\/www.istegroup.com\/en\/wp-json\/wp\/v2\/product_tag?post=23660"}],"curies":[{"name":"wp","href":"https:\/\/api.w.org\/{rel}","templated":true}]}}