{"id":23658,"date":"2022-04-14T11:00:58","date_gmt":"2022-04-14T10:00:58","guid":{"rendered":"https:\/\/www.istegroup.com\/?post_type=product&#038;p=23658"},"modified":"2025-01-03T12:03:59","modified_gmt":"2025-01-03T12:03:59","slug":"approches-semiotiques-en-didactique-des-sciences","status":"publish","type":"product","link":"https:\/\/www.istegroup.com\/en\/produit\/approches-semiotiques-en-didactique-des-sciences\/","title":{"rendered":"Approches s\u00e9miotiques en didactique des sciences"},"content":{"rendered":"<p class=\"qtranxs-available-languages-message qtranxs-available-languages-message-en\">Sorry, this entry is only available in <a href=\"https:\/\/www.istegroup.com\/fr\/wp-json\/wp\/v2\/product\/23658\" class=\"qtranxs-available-language-link qtranxs-available-language-link-fr\" title=\"FR\">FR<\/a>.<\/p>","protected":false},"excerpt":{"rendered":"<p>Sorry, this entry is only available in FR.<\/p>\n","protected":false},"featured_media":46236,"template":"","meta":{"_acf_changed":false,"_links_to":"","_links_to_target":""},"product_brand":[],"product_cat":[4289],"product_tag":[],"class_list":{"0":"post-23658","1":"product","2":"type-product","3":"status-publish","4":"has-post-thumbnail","6":"product_cat-sciences","8":"first","9":"instock","10":"shipping-taxable","11":"purchasable","12":"product-type-variable"},"acf":[],"yoast_head":"<!-- This site is optimized with the Yoast SEO plugin v27.2 - https:\/\/yoast.com\/product\/yoast-seo-wordpress\/ -->\n<title>Approches s\u00e9miotiques en didactique des sciences - ISTE Group<\/title>\n<meta name=\"description\" content=\"Approches s\u00e9miotiques en didactique des sciences rassemble des contributions issues de travaux de recherche en didactique engageant des disciplines vari\u00e9es comme les math\u00e9matiques, la chimie, la physique et la g\u00e9ographie, qui mobilisent des supports s\u00e9miotiques de diff\u00e9rentes natures\" \/>\n<meta name=\"robots\" content=\"index, follow, max-snippet:-1, max-image-preview:large, max-video-preview:-1\" \/>\n<link rel=\"canonical\" href=\"https:\/\/www.istegroup.com\/en\/produit\/approches-semiotiques-en-didactique-des-sciences\/\" \/>\n<meta property=\"og:locale\" content=\"en_US\" \/>\n<meta property=\"og:type\" content=\"article\" \/>\n<meta property=\"og:title\" content=\"Approches s\u00e9miotiques en didactique des sciences - ISTE Group\" \/>\n<meta property=\"og:description\" content=\"Approches s\u00e9miotiques en didactique des sciences rassemble des contributions issues de travaux de recherche en didactique engageant des disciplines vari\u00e9es comme les math\u00e9matiques, la chimie, la physique et la g\u00e9ographie, qui mobilisent des supports s\u00e9miotiques de diff\u00e9rentes natures\" \/>\n<meta property=\"og:url\" content=\"https:\/\/www.istegroup.com\/en\/produit\/approches-semiotiques-en-didactique-des-sciences\/\" \/>\n<meta property=\"og:site_name\" content=\"ISTE Group\" \/>\n<meta property=\"article:modified_time\" content=\"2025-01-03T12:03:59+00:00\" \/>\n<meta property=\"og:image\" content=\"https:\/\/www.istegroup.com\/wp-content\/uploads\/2022\/04\/Approches-semiotiques-en-didactique-des-sciences.jpeg\" \/>\n\t<meta property=\"og:image:width\" content=\"300\" \/>\n\t<meta property=\"og:image:height\" content=\"450\" \/>\n\t<meta property=\"og:image:type\" content=\"image\/jpeg\" \/>\n<meta name=\"twitter:card\" content=\"summary_large_image\" \/>\n<meta name=\"twitter:label1\" content=\"Est. reading time\" \/>\n\t<meta name=\"twitter:data1\" content=\"1 minute\" \/>\n<script type=\"application\/ld+json\" class=\"yoast-schema-graph\">{\"@context\":\"https:\/\/schema.org\",\"@graph\":[{\"@type\":\"WebPage\",\"@id\":\"https:\/\/www.istegroup.com\/en\/produit\/approches-semiotiques-en-didactique-des-sciences\/\",\"url\":\"https:\/\/www.istegroup.com\/en\/produit\/approches-semiotiques-en-didactique-des-sciences\/\",\"name\":\"Approches s\u00e9miotiques en didactique des sciences - ISTE Group\",\"isPartOf\":{\"@id\":\"https:\/\/www.istegroup.com\/#website\"},\"primaryImageOfPage\":{\"@id\":\"https:\/\/www.istegroup.com\/en\/produit\/approches-semiotiques-en-didactique-des-sciences\/#primaryimage\"},\"image\":{\"@id\":\"https:\/\/www.istegroup.com\/en\/produit\/approches-semiotiques-en-didactique-des-sciences\/#primaryimage\"},\"thumbnailUrl\":\"https:\/\/www.istegroup.com\/wp-content\/uploads\/2022\/04\/Approches-semiotiques-en-didactique-des-sciences.jpeg\",\"datePublished\":\"2022-04-14T10:00:58+00:00\",\"dateModified\":\"2025-01-03T12:03:59+00:00\",\"description\":\"Approches s\u00e9miotiques en didactique des sciences rassemble des contributions issues de travaux de recherche en didactique engageant des disciplines vari\u00e9es comme les math\u00e9matiques, la chimie, la physique et la g\u00e9ographie, qui mobilisent des supports s\u00e9miotiques de diff\u00e9rentes natures\",\"breadcrumb\":{\"@id\":\"https:\/\/www.istegroup.com\/en\/produit\/approches-semiotiques-en-didactique-des-sciences\/#breadcrumb\"},\"inLanguage\":\"en-US\",\"potentialAction\":[{\"@type\":\"ReadAction\",\"target\":[\"https:\/\/www.istegroup.com\/en\/produit\/approches-semiotiques-en-didactique-des-sciences\/\"]}]},{\"@type\":\"ImageObject\",\"inLanguage\":\"en-US\",\"@id\":\"https:\/\/www.istegroup.com\/en\/produit\/approches-semiotiques-en-didactique-des-sciences\/#primaryimage\",\"url\":\"https:\/\/www.istegroup.com\/wp-content\/uploads\/2022\/04\/Approches-semiotiques-en-didactique-des-sciences.jpeg\",\"contentUrl\":\"https:\/\/www.istegroup.com\/wp-content\/uploads\/2022\/04\/Approches-semiotiques-en-didactique-des-sciences.jpeg\",\"width\":300,\"height\":450,\"caption\":\"Livre scientifique - Approches s\u00e9miotiques en didactique des sciences - Encyclop\u00e9die SCIENCES\"},{\"@type\":\"BreadcrumbList\",\"@id\":\"https:\/\/www.istegroup.com\/en\/produit\/approches-semiotiques-en-didactique-des-sciences\/#breadcrumb\",\"itemListElement\":[{\"@type\":\"ListItem\",\"position\":1,\"name\":\"Home\",\"item\":\"https:\/\/www.istegroup.com\/\"},{\"@type\":\"ListItem\",\"position\":2,\"name\":\"Shop\",\"item\":\"https:\/\/www.istegroup.com\/fr\/nouveautes\/\"},{\"@type\":\"ListItem\",\"position\":3,\"name\":\"Approches s\u00e9miotiques en didactique des sciences\"}]},{\"@type\":\"WebSite\",\"@id\":\"https:\/\/www.istegroup.com\/#website\",\"url\":\"https:\/\/www.istegroup.com\/\",\"name\":\"ISTE Group\",\"description\":\"Publishing Knowledge\",\"potentialAction\":[{\"@type\":\"SearchAction\",\"target\":{\"@type\":\"EntryPoint\",\"urlTemplate\":\"https:\/\/www.istegroup.com\/?s={search_term_string}\"},\"query-input\":{\"@type\":\"PropertyValueSpecification\",\"valueRequired\":true,\"valueName\":\"search_term_string\"}}],\"inLanguage\":\"en-US\"}]}<\/script>\n<!-- \/ Yoast SEO plugin. -->","yoast_head_json":{"title":"Approches s\u00e9miotiques en didactique des sciences - ISTE Group","description":"Approches s\u00e9miotiques en didactique des sciences rassemble des contributions issues de travaux de recherche en didactique engageant des disciplines vari\u00e9es comme les math\u00e9matiques, la chimie, la physique et la g\u00e9ographie, qui mobilisent des supports s\u00e9miotiques de diff\u00e9rentes natures","robots":{"index":"index","follow":"follow","max-snippet":"max-snippet:-1","max-image-preview":"max-image-preview:large","max-video-preview":"max-video-preview:-1"},"canonical":"https:\/\/www.istegroup.com\/en\/produit\/approches-semiotiques-en-didactique-des-sciences\/","og_locale":"en_US","og_type":"article","og_title":"Approches s\u00e9miotiques en didactique des sciences - ISTE Group","og_description":"Approches s\u00e9miotiques en didactique des sciences rassemble des contributions issues de travaux de recherche en didactique engageant des disciplines vari\u00e9es comme les math\u00e9matiques, la chimie, la physique et la g\u00e9ographie, qui mobilisent des supports s\u00e9miotiques de diff\u00e9rentes natures","og_url":"https:\/\/www.istegroup.com\/en\/produit\/approches-semiotiques-en-didactique-des-sciences\/","og_site_name":"ISTE Group","article_modified_time":"2025-01-03T12:03:59+00:00","og_image":[{"width":300,"height":450,"url":"https:\/\/www.istegroup.com\/wp-content\/uploads\/2022\/04\/Approches-semiotiques-en-didactique-des-sciences.jpeg","type":"image\/jpeg"}],"twitter_card":"summary_large_image","twitter_misc":{"Est. reading time":"1 minute"},"schema":{"@context":"https:\/\/schema.org","@graph":[{"@type":"WebPage","@id":"https:\/\/www.istegroup.com\/en\/produit\/approches-semiotiques-en-didactique-des-sciences\/","url":"https:\/\/www.istegroup.com\/en\/produit\/approches-semiotiques-en-didactique-des-sciences\/","name":"Approches s\u00e9miotiques en didactique des sciences - ISTE Group","isPartOf":{"@id":"https:\/\/www.istegroup.com\/#website"},"primaryImageOfPage":{"@id":"https:\/\/www.istegroup.com\/en\/produit\/approches-semiotiques-en-didactique-des-sciences\/#primaryimage"},"image":{"@id":"https:\/\/www.istegroup.com\/en\/produit\/approches-semiotiques-en-didactique-des-sciences\/#primaryimage"},"thumbnailUrl":"https:\/\/www.istegroup.com\/wp-content\/uploads\/2022\/04\/Approches-semiotiques-en-didactique-des-sciences.jpeg","datePublished":"2022-04-14T10:00:58+00:00","dateModified":"2025-01-03T12:03:59+00:00","description":"Approches s\u00e9miotiques en didactique des sciences rassemble des contributions issues de travaux de recherche en didactique engageant des disciplines vari\u00e9es comme les math\u00e9matiques, la chimie, la physique et la g\u00e9ographie, qui mobilisent des supports s\u00e9miotiques de diff\u00e9rentes natures","breadcrumb":{"@id":"https:\/\/www.istegroup.com\/en\/produit\/approches-semiotiques-en-didactique-des-sciences\/#breadcrumb"},"inLanguage":"en-US","potentialAction":[{"@type":"ReadAction","target":["https:\/\/www.istegroup.com\/en\/produit\/approches-semiotiques-en-didactique-des-sciences\/"]}]},{"@type":"ImageObject","inLanguage":"en-US","@id":"https:\/\/www.istegroup.com\/en\/produit\/approches-semiotiques-en-didactique-des-sciences\/#primaryimage","url":"https:\/\/www.istegroup.com\/wp-content\/uploads\/2022\/04\/Approches-semiotiques-en-didactique-des-sciences.jpeg","contentUrl":"https:\/\/www.istegroup.com\/wp-content\/uploads\/2022\/04\/Approches-semiotiques-en-didactique-des-sciences.jpeg","width":300,"height":450,"caption":"Livre scientifique - Approches s\u00e9miotiques en didactique des sciences - Encyclop\u00e9die SCIENCES"},{"@type":"BreadcrumbList","@id":"https:\/\/www.istegroup.com\/en\/produit\/approches-semiotiques-en-didactique-des-sciences\/#breadcrumb","itemListElement":[{"@type":"ListItem","position":1,"name":"Home","item":"https:\/\/www.istegroup.com\/"},{"@type":"ListItem","position":2,"name":"Shop","item":"https:\/\/www.istegroup.com\/fr\/nouveautes\/"},{"@type":"ListItem","position":3,"name":"Approches s\u00e9miotiques en didactique des sciences"}]},{"@type":"WebSite","@id":"https:\/\/www.istegroup.com\/#website","url":"https:\/\/www.istegroup.com\/","name":"ISTE Group","description":"Publishing Knowledge","potentialAction":[{"@type":"SearchAction","target":{"@type":"EntryPoint","urlTemplate":"https:\/\/www.istegroup.com\/?s={search_term_string}"},"query-input":{"@type":"PropertyValueSpecification","valueRequired":true,"valueName":"search_term_string"}}],"inLanguage":"en-US"}]}},"_links":{"self":[{"href":"https:\/\/www.istegroup.com\/en\/wp-json\/wp\/v2\/product\/23658","targetHints":{"allow":["GET"]}}],"collection":[{"href":"https:\/\/www.istegroup.com\/en\/wp-json\/wp\/v2\/product"}],"about":[{"href":"https:\/\/www.istegroup.com\/en\/wp-json\/wp\/v2\/types\/product"}],"wp:featuredmedia":[{"embeddable":true,"href":"https:\/\/www.istegroup.com\/en\/wp-json\/wp\/v2\/media\/46236"}],"wp:attachment":[{"href":"https:\/\/www.istegroup.com\/en\/wp-json\/wp\/v2\/media?parent=23658"}],"wp:term":[{"taxonomy":"product_brand","embeddable":true,"href":"https:\/\/www.istegroup.com\/en\/wp-json\/wp\/v2\/product_brand?post=23658"},{"taxonomy":"product_cat","embeddable":true,"href":"https:\/\/www.istegroup.com\/en\/wp-json\/wp\/v2\/product_cat?post=23658"},{"taxonomy":"product_tag","embeddable":true,"href":"https:\/\/www.istegroup.com\/en\/wp-json\/wp\/v2\/product_tag?post=23658"}],"curies":[{"name":"wp","href":"https:\/\/api.w.org\/{rel}","templated":true}]}}