{"id":23544,"date":"2024-06-25T10:47:44","date_gmt":"2024-06-25T09:47:44","guid":{"rendered":"https:\/\/www.istegroup.com\/?post_type=product&#038;p=23544"},"modified":"2025-04-16T11:43:28","modified_gmt":"2025-04-16T10:43:28","slug":"les-archees-micro-organismes-du-troisieme-domaine-du-vivant-2","status":"publish","type":"product","link":"https:\/\/www.istegroup.com\/en\/produit\/les-archees-micro-organismes-du-troisieme-domaine-du-vivant-2\/","title":{"rendered":"Les arch\u00e9es, micro-organismes du troisi\u00e8me domaine du vivant 2"},"content":{"rendered":"<p class=\"qtranxs-available-languages-message qtranxs-available-languages-message-en\">Sorry, this entry is only available in <a href=\"https:\/\/www.istegroup.com\/fr\/wp-json\/wp\/v2\/product\/23544\" class=\"qtranxs-available-language-link qtranxs-available-language-link-fr\" title=\"FR\">FR<\/a>.<\/p>","protected":false},"excerpt":{"rendered":"<p>Sorry, this entry is only available in FR.<\/p>\n","protected":false},"featured_media":57204,"template":"","meta":{"_acf_changed":false,"_links_to":"","_links_to_target":""},"product_brand":[],"product_cat":[4289],"product_tag":[],"class_list":{"0":"post-23544","1":"product","2":"type-product","3":"status-publish","4":"has-post-thumbnail","6":"product_cat-sciences","8":"first","9":"instock","10":"shipping-taxable","11":"purchasable","12":"product-type-variable"},"acf":[],"yoast_head":"<!-- This site is optimized with the Yoast SEO plugin v27.2 - https:\/\/yoast.com\/product\/yoast-seo-wordpress\/ -->\n<title>Les arch\u00e9es, micro-organismes du troisi\u00e8me domaine du vivant 2 - ISTE Group<\/title>\n<meta name=\"description\" content=\"Les arch\u00e9es, micro-organismes du troisi\u00e8me domaine du vivant 2 expose les divers m\u00e9canismes mol\u00e9culaires impliqu\u00e9s dans les processus fondamentaux du maintien des g\u00e9nomes et de la r\u00e9gulation de l\u2019expression g\u00e9nique des cellules d\u2019arch\u00e9es.\" \/>\n<meta name=\"robots\" content=\"index, follow, max-snippet:-1, max-image-preview:large, max-video-preview:-1\" \/>\n<link rel=\"canonical\" href=\"https:\/\/www.istegroup.com\/produit\/les-archees-micro-organismes-du-troisieme-domaine-du-vivant-2\/\" \/>\n<meta property=\"og:locale\" content=\"en_US\" \/>\n<meta property=\"og:type\" content=\"article\" \/>\n<meta property=\"og:title\" content=\"Les arch\u00e9es, micro-organismes du troisi\u00e8me domaine du vivant 2 - ISTE Group\" \/>\n<meta property=\"og:description\" content=\"Les arch\u00e9es, micro-organismes du troisi\u00e8me domaine du vivant 2 expose les divers m\u00e9canismes mol\u00e9culaires impliqu\u00e9s dans les processus fondamentaux du maintien des g\u00e9nomes et de la r\u00e9gulation de l\u2019expression g\u00e9nique des cellules d\u2019arch\u00e9es.\" \/>\n<meta property=\"og:url\" content=\"https:\/\/www.istegroup.com\/produit\/les-archees-micro-organismes-du-troisieme-domaine-du-vivant-2\/\" \/>\n<meta property=\"og:site_name\" content=\"ISTE Group\" \/>\n<meta property=\"article:modified_time\" content=\"2025-04-16T10:43:28+00:00\" \/>\n<meta property=\"og:image\" content=\"https:\/\/www.istegroup.com\/wp-content\/uploads\/2019\/11\/Les-archees-micro-organismes-du-troisieme-domaine-du-vivant-2.jpeg\" \/>\n\t<meta property=\"og:image:width\" content=\"300\" \/>\n\t<meta property=\"og:image:height\" content=\"450\" \/>\n\t<meta property=\"og:image:type\" content=\"image\/jpeg\" \/>\n<meta name=\"twitter:card\" content=\"summary_large_image\" \/>\n<meta name=\"twitter:label1\" content=\"Est. reading time\" \/>\n\t<meta name=\"twitter:data1\" content=\"2 minutes\" \/>\n<script type=\"application\/ld+json\" class=\"yoast-schema-graph\">{\"@context\":\"https:\/\/schema.org\",\"@graph\":[{\"@type\":\"WebPage\",\"@id\":\"https:\/\/www.istegroup.com\/produit\/les-archees-micro-organismes-du-troisieme-domaine-du-vivant-2\/\",\"url\":\"https:\/\/www.istegroup.com\/produit\/les-archees-micro-organismes-du-troisieme-domaine-du-vivant-2\/\",\"name\":\"Les arch\u00e9es, micro-organismes du troisi\u00e8me domaine du vivant 2 - ISTE Group\",\"isPartOf\":{\"@id\":\"https:\/\/www.istegroup.com\/#website\"},\"primaryImageOfPage\":{\"@id\":\"https:\/\/www.istegroup.com\/produit\/les-archees-micro-organismes-du-troisieme-domaine-du-vivant-2\/#primaryimage\"},\"image\":{\"@id\":\"https:\/\/www.istegroup.com\/produit\/les-archees-micro-organismes-du-troisieme-domaine-du-vivant-2\/#primaryimage\"},\"thumbnailUrl\":\"https:\/\/www.istegroup.com\/wp-content\/uploads\/2019\/11\/Les-archees-micro-organismes-du-troisieme-domaine-du-vivant-2.jpeg\",\"datePublished\":\"2024-06-25T09:47:44+00:00\",\"dateModified\":\"2025-04-16T10:43:28+00:00\",\"description\":\"Les arch\u00e9es, micro-organismes du troisi\u00e8me domaine du vivant 2 expose les divers m\u00e9canismes mol\u00e9culaires impliqu\u00e9s dans les processus fondamentaux du maintien des g\u00e9nomes et de la r\u00e9gulation de l\u2019expression g\u00e9nique des cellules d\u2019arch\u00e9es.\",\"breadcrumb\":{\"@id\":\"https:\/\/www.istegroup.com\/produit\/les-archees-micro-organismes-du-troisieme-domaine-du-vivant-2\/#breadcrumb\"},\"inLanguage\":\"en-US\",\"potentialAction\":[{\"@type\":\"ReadAction\",\"target\":[\"https:\/\/www.istegroup.com\/produit\/les-archees-micro-organismes-du-troisieme-domaine-du-vivant-2\/\"]}]},{\"@type\":\"ImageObject\",\"inLanguage\":\"en-US\",\"@id\":\"https:\/\/www.istegroup.com\/produit\/les-archees-micro-organismes-du-troisieme-domaine-du-vivant-2\/#primaryimage\",\"url\":\"https:\/\/www.istegroup.com\/wp-content\/uploads\/2019\/11\/Les-archees-micro-organismes-du-troisieme-domaine-du-vivant-2.jpeg\",\"contentUrl\":\"https:\/\/www.istegroup.com\/wp-content\/uploads\/2019\/11\/Les-archees-micro-organismes-du-troisieme-domaine-du-vivant-2.jpeg\",\"width\":300,\"height\":450,\"caption\":\"Livre scientifique - Les arch\u00e9es, micro-organismes du troisi\u00e8me domaine du vivant 2\"},{\"@type\":\"BreadcrumbList\",\"@id\":\"https:\/\/www.istegroup.com\/produit\/les-archees-micro-organismes-du-troisieme-domaine-du-vivant-2\/#breadcrumb\",\"itemListElement\":[{\"@type\":\"ListItem\",\"position\":1,\"name\":\"Home\",\"item\":\"https:\/\/www.istegroup.com\/\"},{\"@type\":\"ListItem\",\"position\":2,\"name\":\"Shop\",\"item\":\"https:\/\/www.istegroup.com\/fr\/nouveautes\/\"},{\"@type\":\"ListItem\",\"position\":3,\"name\":\"Les arch\u00e9es, micro-organismes du troisi\u00e8me domaine du vivant 2\"}]},{\"@type\":\"WebSite\",\"@id\":\"https:\/\/www.istegroup.com\/#website\",\"url\":\"https:\/\/www.istegroup.com\/\",\"name\":\"ISTE Group\",\"description\":\"Publishing Knowledge\",\"potentialAction\":[{\"@type\":\"SearchAction\",\"target\":{\"@type\":\"EntryPoint\",\"urlTemplate\":\"https:\/\/www.istegroup.com\/?s={search_term_string}\"},\"query-input\":{\"@type\":\"PropertyValueSpecification\",\"valueRequired\":true,\"valueName\":\"search_term_string\"}}],\"inLanguage\":\"en-US\"}]}<\/script>\n<!-- \/ Yoast SEO plugin. -->","yoast_head_json":{"title":"Les arch\u00e9es, micro-organismes du troisi\u00e8me domaine du vivant 2 - ISTE Group","description":"Les arch\u00e9es, micro-organismes du troisi\u00e8me domaine du vivant 2 expose les divers m\u00e9canismes mol\u00e9culaires impliqu\u00e9s dans les processus fondamentaux du maintien des g\u00e9nomes et de la r\u00e9gulation de l\u2019expression g\u00e9nique des cellules d\u2019arch\u00e9es.","robots":{"index":"index","follow":"follow","max-snippet":"max-snippet:-1","max-image-preview":"max-image-preview:large","max-video-preview":"max-video-preview:-1"},"canonical":"https:\/\/www.istegroup.com\/produit\/les-archees-micro-organismes-du-troisieme-domaine-du-vivant-2\/","og_locale":"en_US","og_type":"article","og_title":"Les arch\u00e9es, micro-organismes du troisi\u00e8me domaine du vivant 2 - ISTE Group","og_description":"Les arch\u00e9es, micro-organismes du troisi\u00e8me domaine du vivant 2 expose les divers m\u00e9canismes mol\u00e9culaires impliqu\u00e9s dans les processus fondamentaux du maintien des g\u00e9nomes et de la r\u00e9gulation de l\u2019expression g\u00e9nique des cellules d\u2019arch\u00e9es.","og_url":"https:\/\/www.istegroup.com\/produit\/les-archees-micro-organismes-du-troisieme-domaine-du-vivant-2\/","og_site_name":"ISTE Group","article_modified_time":"2025-04-16T10:43:28+00:00","og_image":[{"width":300,"height":450,"url":"https:\/\/www.istegroup.com\/wp-content\/uploads\/2019\/11\/Les-archees-micro-organismes-du-troisieme-domaine-du-vivant-2.jpeg","type":"image\/jpeg"}],"twitter_card":"summary_large_image","twitter_misc":{"Est. reading time":"2 minutes"},"schema":{"@context":"https:\/\/schema.org","@graph":[{"@type":"WebPage","@id":"https:\/\/www.istegroup.com\/produit\/les-archees-micro-organismes-du-troisieme-domaine-du-vivant-2\/","url":"https:\/\/www.istegroup.com\/produit\/les-archees-micro-organismes-du-troisieme-domaine-du-vivant-2\/","name":"Les arch\u00e9es, micro-organismes du troisi\u00e8me domaine du vivant 2 - ISTE Group","isPartOf":{"@id":"https:\/\/www.istegroup.com\/#website"},"primaryImageOfPage":{"@id":"https:\/\/www.istegroup.com\/produit\/les-archees-micro-organismes-du-troisieme-domaine-du-vivant-2\/#primaryimage"},"image":{"@id":"https:\/\/www.istegroup.com\/produit\/les-archees-micro-organismes-du-troisieme-domaine-du-vivant-2\/#primaryimage"},"thumbnailUrl":"https:\/\/www.istegroup.com\/wp-content\/uploads\/2019\/11\/Les-archees-micro-organismes-du-troisieme-domaine-du-vivant-2.jpeg","datePublished":"2024-06-25T09:47:44+00:00","dateModified":"2025-04-16T10:43:28+00:00","description":"Les arch\u00e9es, micro-organismes du troisi\u00e8me domaine du vivant 2 expose les divers m\u00e9canismes mol\u00e9culaires impliqu\u00e9s dans les processus fondamentaux du maintien des g\u00e9nomes et de la r\u00e9gulation de l\u2019expression g\u00e9nique des cellules d\u2019arch\u00e9es.","breadcrumb":{"@id":"https:\/\/www.istegroup.com\/produit\/les-archees-micro-organismes-du-troisieme-domaine-du-vivant-2\/#breadcrumb"},"inLanguage":"en-US","potentialAction":[{"@type":"ReadAction","target":["https:\/\/www.istegroup.com\/produit\/les-archees-micro-organismes-du-troisieme-domaine-du-vivant-2\/"]}]},{"@type":"ImageObject","inLanguage":"en-US","@id":"https:\/\/www.istegroup.com\/produit\/les-archees-micro-organismes-du-troisieme-domaine-du-vivant-2\/#primaryimage","url":"https:\/\/www.istegroup.com\/wp-content\/uploads\/2019\/11\/Les-archees-micro-organismes-du-troisieme-domaine-du-vivant-2.jpeg","contentUrl":"https:\/\/www.istegroup.com\/wp-content\/uploads\/2019\/11\/Les-archees-micro-organismes-du-troisieme-domaine-du-vivant-2.jpeg","width":300,"height":450,"caption":"Livre scientifique - Les arch\u00e9es, micro-organismes du troisi\u00e8me domaine du vivant 2"},{"@type":"BreadcrumbList","@id":"https:\/\/www.istegroup.com\/produit\/les-archees-micro-organismes-du-troisieme-domaine-du-vivant-2\/#breadcrumb","itemListElement":[{"@type":"ListItem","position":1,"name":"Home","item":"https:\/\/www.istegroup.com\/"},{"@type":"ListItem","position":2,"name":"Shop","item":"https:\/\/www.istegroup.com\/fr\/nouveautes\/"},{"@type":"ListItem","position":3,"name":"Les arch\u00e9es, micro-organismes du troisi\u00e8me domaine du vivant 2"}]},{"@type":"WebSite","@id":"https:\/\/www.istegroup.com\/#website","url":"https:\/\/www.istegroup.com\/","name":"ISTE Group","description":"Publishing Knowledge","potentialAction":[{"@type":"SearchAction","target":{"@type":"EntryPoint","urlTemplate":"https:\/\/www.istegroup.com\/?s={search_term_string}"},"query-input":{"@type":"PropertyValueSpecification","valueRequired":true,"valueName":"search_term_string"}}],"inLanguage":"en-US"}]}},"_links":{"self":[{"href":"https:\/\/www.istegroup.com\/en\/wp-json\/wp\/v2\/product\/23544","targetHints":{"allow":["GET"]}}],"collection":[{"href":"https:\/\/www.istegroup.com\/en\/wp-json\/wp\/v2\/product"}],"about":[{"href":"https:\/\/www.istegroup.com\/en\/wp-json\/wp\/v2\/types\/product"}],"wp:featuredmedia":[{"embeddable":true,"href":"https:\/\/www.istegroup.com\/en\/wp-json\/wp\/v2\/media\/57204"}],"wp:attachment":[{"href":"https:\/\/www.istegroup.com\/en\/wp-json\/wp\/v2\/media?parent=23544"}],"wp:term":[{"taxonomy":"product_brand","embeddable":true,"href":"https:\/\/www.istegroup.com\/en\/wp-json\/wp\/v2\/product_brand?post=23544"},{"taxonomy":"product_cat","embeddable":true,"href":"https:\/\/www.istegroup.com\/en\/wp-json\/wp\/v2\/product_cat?post=23544"},{"taxonomy":"product_tag","embeddable":true,"href":"https:\/\/www.istegroup.com\/en\/wp-json\/wp\/v2\/product_tag?post=23544"}],"curies":[{"name":"wp","href":"https:\/\/api.w.org\/{rel}","templated":true}]}}