{"id":23508,"date":"2025-03-20T17:05:52","date_gmt":"2025-03-20T17:05:52","guid":{"rendered":"https:\/\/www.istegroup.com\/?post_type=product&#038;p=23508"},"modified":"2025-06-13T11:13:47","modified_gmt":"2025-06-13T10:13:47","slug":"lait-et-produits-laitiers","status":"publish","type":"product","link":"https:\/\/www.istegroup.com\/en\/produit\/lait-et-produits-laitiers\/","title":{"rendered":"Lait et produits laitiers"},"content":{"rendered":"<p>Le lait, aliment complet consomm\u00e9 \u00e0 tous les stades de la vie, est transform\u00e9 en de nombreux ingr\u00e9dients et produits laitiers, ferment\u00e9s ou non, afin de le stabiliser et de le conserver.<\/p>\n<p>Ce livre pr\u00e9sente les proc\u00e9d\u00e9s de transformation innovants pour pr\u00e9server la naturalit\u00e9 des composants laitiers et r\u00e9duire leur empreinte environnementale. Diff\u00e9rents d\u00e9fis auxquels est confront\u00e9e l\u2019industrie laiti\u00e8re sont abord\u00e9s concernant : les progr\u00e8s pour d\u00e9velopper des formules infantiles en phase avec les besoins physiologiques des nouveau-n\u00e9s et les mod\u00e8les de digestion in vitro associ\u00e9s ; les changements combinant tradition et nouvelles attentes des consommateurs pour r\u00e9inventer le yaourt et les laits ferment\u00e9s ; les pratiques optimales de fabrication fromag\u00e8re pour contr\u00f4ler \u00e0 la fois la qualit\u00e9 du fromage et les performances de production ; les recherches actuelles pour r\u00e9pondre aux demandes des \u00ab consomm&#8217;acteurs \u00bb ; et la compr\u00e9hension des m\u00e9canismes d&#8217;encrassement et la ma\u00eetrise du nettoyage des \u00e9quipements de transformation pour limiter les consommations d&#8217;eau et d\u2019\u00e9nergie.<\/p>\n","protected":false},"excerpt":{"rendered":"<p>Le lait, aliment complet consomm\u00e9 \u00e0 tous les stades de la vie, est transform\u00e9 en de nombreux ingr\u00e9dients et produits laitiers, ferment\u00e9s ou non, afin de le stabiliser et de le conserver. Ce livre pr\u00e9sente les proc\u00e9d\u00e9s de transformation innovants pour pr\u00e9server la naturalit\u00e9 des composants laitiers et r\u00e9duire leur empreinte environnementale. Diff\u00e9rents d\u00e9fis auxquels [&hellip;]<\/p>\n","protected":false},"featured_media":59746,"template":"","meta":{"_acf_changed":false,"_links_to":"","_links_to_target":""},"product_brand":[],"product_cat":[4289],"product_tag":[],"class_list":{"0":"post-23508","1":"product","2":"type-product","3":"status-publish","4":"has-post-thumbnail","6":"product_cat-sciences","8":"first","9":"instock","10":"shipping-taxable","11":"purchasable","12":"product-type-variable"},"acf":[],"yoast_head":"<!-- This site is optimized with the Yoast SEO plugin v27.2 - https:\/\/yoast.com\/product\/yoast-seo-wordpress\/ -->\n<title>Lait et produits laitiers - ISTE Group<\/title>\n<meta name=\"description\" content=\"Ce livre pr\u00e9sente les proc\u00e9d\u00e9s de transformation innovants pour pr\u00e9server la naturalit\u00e9 des composants laitiers et r\u00e9duire leur empreinte environnementale.\" \/>\n<meta name=\"robots\" content=\"index, follow, max-snippet:-1, max-image-preview:large, max-video-preview:-1\" \/>\n<link rel=\"canonical\" href=\"https:\/\/www.istegroup.com\/produit\/lait-et-produits-laitiers\/\" \/>\n<meta property=\"og:locale\" content=\"en_US\" \/>\n<meta property=\"og:type\" content=\"article\" \/>\n<meta property=\"og:title\" content=\"Lait et produits laitiers - ISTE Group\" \/>\n<meta property=\"og:description\" content=\"Ce livre pr\u00e9sente les proc\u00e9d\u00e9s de transformation innovants pour pr\u00e9server la naturalit\u00e9 des composants laitiers et r\u00e9duire leur empreinte environnementale.\" \/>\n<meta property=\"og:url\" content=\"https:\/\/www.istegroup.com\/produit\/lait-et-produits-laitiers\/\" \/>\n<meta property=\"og:site_name\" content=\"ISTE Group\" \/>\n<meta property=\"article:modified_time\" content=\"2025-06-13T10:13:47+00:00\" \/>\n<meta property=\"og:image\" content=\"https:\/\/www.istegroup.com\/wp-content\/uploads\/2019\/11\/171_Laits-et-produits-laitiers.png\" \/>\n\t<meta property=\"og:image:width\" content=\"300\" \/>\n\t<meta property=\"og:image:height\" content=\"450\" \/>\n\t<meta property=\"og:image:type\" content=\"image\/png\" \/>\n<meta name=\"twitter:card\" content=\"summary_large_image\" \/>\n<meta name=\"twitter:label1\" content=\"Est. reading time\" \/>\n\t<meta name=\"twitter:data1\" content=\"1 minute\" \/>\n<script type=\"application\/ld+json\" class=\"yoast-schema-graph\">{\"@context\":\"https:\/\/schema.org\",\"@graph\":[{\"@type\":\"WebPage\",\"@id\":\"https:\/\/www.istegroup.com\/produit\/lait-et-produits-laitiers\/\",\"url\":\"https:\/\/www.istegroup.com\/produit\/lait-et-produits-laitiers\/\",\"name\":\"Lait et produits laitiers - ISTE Group\",\"isPartOf\":{\"@id\":\"https:\/\/www.istegroup.com\/#website\"},\"primaryImageOfPage\":{\"@id\":\"https:\/\/www.istegroup.com\/produit\/lait-et-produits-laitiers\/#primaryimage\"},\"image\":{\"@id\":\"https:\/\/www.istegroup.com\/produit\/lait-et-produits-laitiers\/#primaryimage\"},\"thumbnailUrl\":\"https:\/\/www.istegroup.com\/wp-content\/uploads\/2019\/11\/171_Laits-et-produits-laitiers.png\",\"datePublished\":\"2025-03-20T17:05:52+00:00\",\"dateModified\":\"2025-06-13T10:13:47+00:00\",\"description\":\"Ce livre pr\u00e9sente les proc\u00e9d\u00e9s de transformation innovants pour pr\u00e9server la naturalit\u00e9 des composants laitiers et r\u00e9duire leur empreinte environnementale.\",\"breadcrumb\":{\"@id\":\"https:\/\/www.istegroup.com\/produit\/lait-et-produits-laitiers\/#breadcrumb\"},\"inLanguage\":\"en-US\",\"potentialAction\":[{\"@type\":\"ReadAction\",\"target\":[\"https:\/\/www.istegroup.com\/produit\/lait-et-produits-laitiers\/\"]}]},{\"@type\":\"ImageObject\",\"inLanguage\":\"en-US\",\"@id\":\"https:\/\/www.istegroup.com\/produit\/lait-et-produits-laitiers\/#primaryimage\",\"url\":\"https:\/\/www.istegroup.com\/wp-content\/uploads\/2019\/11\/171_Laits-et-produits-laitiers.png\",\"contentUrl\":\"https:\/\/www.istegroup.com\/wp-content\/uploads\/2019\/11\/171_Laits-et-produits-laitiers.png\",\"width\":300,\"height\":450,\"caption\":\"Livre scientifique - Laits et produits laitiers\"},{\"@type\":\"BreadcrumbList\",\"@id\":\"https:\/\/www.istegroup.com\/produit\/lait-et-produits-laitiers\/#breadcrumb\",\"itemListElement\":[{\"@type\":\"ListItem\",\"position\":1,\"name\":\"Home\",\"item\":\"https:\/\/www.istegroup.com\/\"},{\"@type\":\"ListItem\",\"position\":2,\"name\":\"Shop\",\"item\":\"https:\/\/www.istegroup.com\/fr\/nouveautes\/\"},{\"@type\":\"ListItem\",\"position\":3,\"name\":\"Lait et produits laitiers\"}]},{\"@type\":\"WebSite\",\"@id\":\"https:\/\/www.istegroup.com\/#website\",\"url\":\"https:\/\/www.istegroup.com\/\",\"name\":\"ISTE Group\",\"description\":\"Publishing Knowledge\",\"potentialAction\":[{\"@type\":\"SearchAction\",\"target\":{\"@type\":\"EntryPoint\",\"urlTemplate\":\"https:\/\/www.istegroup.com\/?s={search_term_string}\"},\"query-input\":{\"@type\":\"PropertyValueSpecification\",\"valueRequired\":true,\"valueName\":\"search_term_string\"}}],\"inLanguage\":\"en-US\"}]}<\/script>\n<!-- \/ Yoast SEO plugin. -->","yoast_head_json":{"title":"Lait et produits laitiers - ISTE Group","description":"Ce livre pr\u00e9sente les proc\u00e9d\u00e9s de transformation innovants pour pr\u00e9server la naturalit\u00e9 des composants laitiers et r\u00e9duire leur empreinte environnementale.","robots":{"index":"index","follow":"follow","max-snippet":"max-snippet:-1","max-image-preview":"max-image-preview:large","max-video-preview":"max-video-preview:-1"},"canonical":"https:\/\/www.istegroup.com\/produit\/lait-et-produits-laitiers\/","og_locale":"en_US","og_type":"article","og_title":"Lait et produits laitiers - ISTE Group","og_description":"Ce livre pr\u00e9sente les proc\u00e9d\u00e9s de transformation innovants pour pr\u00e9server la naturalit\u00e9 des composants laitiers et r\u00e9duire leur empreinte environnementale.","og_url":"https:\/\/www.istegroup.com\/produit\/lait-et-produits-laitiers\/","og_site_name":"ISTE Group","article_modified_time":"2025-06-13T10:13:47+00:00","og_image":[{"width":300,"height":450,"url":"https:\/\/www.istegroup.com\/wp-content\/uploads\/2019\/11\/171_Laits-et-produits-laitiers.png","type":"image\/png"}],"twitter_card":"summary_large_image","twitter_misc":{"Est. reading time":"1 minute"},"schema":{"@context":"https:\/\/schema.org","@graph":[{"@type":"WebPage","@id":"https:\/\/www.istegroup.com\/produit\/lait-et-produits-laitiers\/","url":"https:\/\/www.istegroup.com\/produit\/lait-et-produits-laitiers\/","name":"Lait et produits laitiers - ISTE Group","isPartOf":{"@id":"https:\/\/www.istegroup.com\/#website"},"primaryImageOfPage":{"@id":"https:\/\/www.istegroup.com\/produit\/lait-et-produits-laitiers\/#primaryimage"},"image":{"@id":"https:\/\/www.istegroup.com\/produit\/lait-et-produits-laitiers\/#primaryimage"},"thumbnailUrl":"https:\/\/www.istegroup.com\/wp-content\/uploads\/2019\/11\/171_Laits-et-produits-laitiers.png","datePublished":"2025-03-20T17:05:52+00:00","dateModified":"2025-06-13T10:13:47+00:00","description":"Ce livre pr\u00e9sente les proc\u00e9d\u00e9s de transformation innovants pour pr\u00e9server la naturalit\u00e9 des composants laitiers et r\u00e9duire leur empreinte environnementale.","breadcrumb":{"@id":"https:\/\/www.istegroup.com\/produit\/lait-et-produits-laitiers\/#breadcrumb"},"inLanguage":"en-US","potentialAction":[{"@type":"ReadAction","target":["https:\/\/www.istegroup.com\/produit\/lait-et-produits-laitiers\/"]}]},{"@type":"ImageObject","inLanguage":"en-US","@id":"https:\/\/www.istegroup.com\/produit\/lait-et-produits-laitiers\/#primaryimage","url":"https:\/\/www.istegroup.com\/wp-content\/uploads\/2019\/11\/171_Laits-et-produits-laitiers.png","contentUrl":"https:\/\/www.istegroup.com\/wp-content\/uploads\/2019\/11\/171_Laits-et-produits-laitiers.png","width":300,"height":450,"caption":"Livre scientifique - Laits et produits laitiers"},{"@type":"BreadcrumbList","@id":"https:\/\/www.istegroup.com\/produit\/lait-et-produits-laitiers\/#breadcrumb","itemListElement":[{"@type":"ListItem","position":1,"name":"Home","item":"https:\/\/www.istegroup.com\/"},{"@type":"ListItem","position":2,"name":"Shop","item":"https:\/\/www.istegroup.com\/fr\/nouveautes\/"},{"@type":"ListItem","position":3,"name":"Lait et produits laitiers"}]},{"@type":"WebSite","@id":"https:\/\/www.istegroup.com\/#website","url":"https:\/\/www.istegroup.com\/","name":"ISTE Group","description":"Publishing Knowledge","potentialAction":[{"@type":"SearchAction","target":{"@type":"EntryPoint","urlTemplate":"https:\/\/www.istegroup.com\/?s={search_term_string}"},"query-input":{"@type":"PropertyValueSpecification","valueRequired":true,"valueName":"search_term_string"}}],"inLanguage":"en-US"}]}},"_links":{"self":[{"href":"https:\/\/www.istegroup.com\/en\/wp-json\/wp\/v2\/product\/23508","targetHints":{"allow":["GET"]}}],"collection":[{"href":"https:\/\/www.istegroup.com\/en\/wp-json\/wp\/v2\/product"}],"about":[{"href":"https:\/\/www.istegroup.com\/en\/wp-json\/wp\/v2\/types\/product"}],"wp:featuredmedia":[{"embeddable":true,"href":"https:\/\/www.istegroup.com\/en\/wp-json\/wp\/v2\/media\/59746"}],"wp:attachment":[{"href":"https:\/\/www.istegroup.com\/en\/wp-json\/wp\/v2\/media?parent=23508"}],"wp:term":[{"taxonomy":"product_brand","embeddable":true,"href":"https:\/\/www.istegroup.com\/en\/wp-json\/wp\/v2\/product_brand?post=23508"},{"taxonomy":"product_cat","embeddable":true,"href":"https:\/\/www.istegroup.com\/en\/wp-json\/wp\/v2\/product_cat?post=23508"},{"taxonomy":"product_tag","embeddable":true,"href":"https:\/\/www.istegroup.com\/en\/wp-json\/wp\/v2\/product_tag?post=23508"}],"curies":[{"name":"wp","href":"https:\/\/api.w.org\/{rel}","templated":true}]}}