{"id":23350,"date":"2020-03-23T09:01:13","date_gmt":"2020-03-23T09:01:13","guid":{"rendered":"https:\/\/www.istegroup.com\/?post_type=product&#038;p=23350"},"modified":"2024-01-03T13:43:30","modified_gmt":"2024-01-03T13:43:30","slug":"architecture-systeme-et-complexite","status":"publish","type":"product","link":"https:\/\/www.istegroup.com\/en\/produit\/architecture-systeme-et-complexite\/","title":{"rendered":"Architecture syst\u00e8me et complexit\u00e9"},"content":{"rendered":"<p>Les ann\u00e9es 1990 sont une d\u00e9cennie de ruptures. Les machines de petite taille, puissantes, consommant peu d\u2019\u00e9nergie, se substituent aux <em>mainframes<\/em>, symboles des syst\u00e8mes centralis\u00e9s des ann\u00e9es 1970-1980. L\u2019organisation du syst\u00e8me limite la puissance de traitement qui va se distribuer l\u00e0 o\u00f9 elle est requise.<\/p>\n<p>Gr\u00e2ce aux nouveaux r\u00e9seaux, tout s\u2019interconnecte en temps r\u00e9el dans des architectures sym\u00e9triques clients-serveurs ; en parall\u00e8le les syst\u00e8mes se sp\u00e9cialisent. La mod\u00e9lisation syst\u00e9mique d\u00e9veloppe une vision plus robuste, plus r\u00e9siliente, entre des entit\u00e9s qui sont elles-m\u00eames des syst\u00e8mes \u00e0 part enti\u00e8re ayant obligation de coop\u00e9rer entre eux et avec leurs usagers.<\/p>\n<p><em>Architecture syst\u00e8me et complexit\u00e9<\/em> pr\u00e9sente cette notion s\u00e9mantique nouvelle qui \u00e9merge au coeur de la syst\u00e9mique : l\u2019interop\u00e9rabilit\u00e9. Le mod\u00e8le d\u2019\u00e9change d\u2019information au sein du syst\u00e8me de syst\u00e8mes ainsi form\u00e9 constitue le sujet central de cet ouvrage.<\/p>\n","protected":false},"excerpt":{"rendered":"<p>Les ann\u00e9es 1990 sont une d\u00e9cennie de ruptures. Les machines de petite taille, puissantes, consommant peu d\u2019\u00e9nergie, se substituent aux mainframes, symboles des syst\u00e8mes centralis\u00e9s des ann\u00e9es 1970-1980. L\u2019organisation du syst\u00e8me limite la puissance de traitement qui va se distribuer l\u00e0 o\u00f9 elle est requise. Gr\u00e2ce aux nouveaux r\u00e9seaux, tout s\u2019interconnecte en temps r\u00e9el dans [&hellip;]<\/p>\n","protected":false},"featured_media":23363,"template":"","meta":{"_acf_changed":false,"_links_to":"","_links_to_target":""},"product_brand":[],"product_cat":[708],"product_tag":[],"class_list":{"0":"post-23350","1":"product","2":"type-product","3":"status-publish","4":"has-post-thumbnail","6":"product_cat-systmes-et-gnie-industriel-11476925","8":"first","9":"instock","10":"shipping-taxable","11":"purchasable","12":"product-type-variable"},"acf":[],"yoast_head":"<!-- This site is optimized with the Yoast SEO plugin v27.2 - https:\/\/yoast.com\/product\/yoast-seo-wordpress\/ -->\n<title>Architecture syst\u00e8me et complexit\u00e9 - ISTE Group<\/title>\n<meta name=\"description\" content=\"Architecture syst\u00e8me et complexit\u00e9 pr\u00e9sente cette notion s\u00e9mantique nouvelle qui \u00e9merge au coeur de la syst\u00e9mique : l\u2019interop\u00e9rabilit\u00e9.\" \/>\n<meta name=\"robots\" content=\"index, follow, max-snippet:-1, max-image-preview:large, max-video-preview:-1\" \/>\n<link rel=\"canonical\" href=\"https:\/\/www.istegroup.com\/en\/produit\/architecture-systeme-et-complexite\/\" \/>\n<meta property=\"og:locale\" content=\"en_US\" \/>\n<meta property=\"og:type\" content=\"article\" \/>\n<meta property=\"og:title\" content=\"Architecture syst\u00e8me et complexit\u00e9 - ISTE Group\" \/>\n<meta property=\"og:description\" content=\"Architecture syst\u00e8me et complexit\u00e9 pr\u00e9sente cette notion s\u00e9mantique nouvelle qui \u00e9merge au coeur de la syst\u00e9mique : l\u2019interop\u00e9rabilit\u00e9.\" \/>\n<meta property=\"og:url\" content=\"https:\/\/www.istegroup.com\/en\/produit\/architecture-systeme-et-complexite\/\" \/>\n<meta property=\"og:site_name\" content=\"ISTE Group\" \/>\n<meta property=\"article:modified_time\" content=\"2024-01-03T13:43:30+00:00\" \/>\n<meta property=\"og:image\" content=\"https:\/\/www.istegroup.com\/wp-content\/uploads\/2019\/10\/Architecture-syst\u00e8me-et-complexit\u00e9.jpg\" \/>\n\t<meta property=\"og:image:width\" content=\"300\" \/>\n\t<meta property=\"og:image:height\" content=\"452\" \/>\n\t<meta property=\"og:image:type\" content=\"image\/jpeg\" \/>\n<meta name=\"twitter:card\" content=\"summary_large_image\" \/>\n<meta name=\"twitter:label1\" content=\"Est. reading time\" \/>\n\t<meta name=\"twitter:data1\" content=\"1 minute\" \/>\n<script type=\"application\/ld+json\" class=\"yoast-schema-graph\">{\"@context\":\"https:\/\/schema.org\",\"@graph\":[{\"@type\":\"WebPage\",\"@id\":\"https:\/\/www.istegroup.com\/en\/produit\/architecture-systeme-et-complexite\/\",\"url\":\"https:\/\/www.istegroup.com\/en\/produit\/architecture-systeme-et-complexite\/\",\"name\":\"Architecture syst\u00e8me et complexit\u00e9 - ISTE Group\",\"isPartOf\":{\"@id\":\"https:\/\/www.istegroup.com\/#website\"},\"primaryImageOfPage\":{\"@id\":\"https:\/\/www.istegroup.com\/en\/produit\/architecture-systeme-et-complexite\/#primaryimage\"},\"image\":{\"@id\":\"https:\/\/www.istegroup.com\/en\/produit\/architecture-systeme-et-complexite\/#primaryimage\"},\"thumbnailUrl\":\"https:\/\/www.istegroup.com\/wp-content\/uploads\/2019\/10\/Architecture-syst\u00e8me-et-complexit\u00e9.jpg\",\"datePublished\":\"2020-03-23T09:01:13+00:00\",\"dateModified\":\"2024-01-03T13:43:30+00:00\",\"description\":\"Architecture syst\u00e8me et complexit\u00e9 pr\u00e9sente cette notion s\u00e9mantique nouvelle qui \u00e9merge au coeur de la syst\u00e9mique : l\u2019interop\u00e9rabilit\u00e9.\",\"breadcrumb\":{\"@id\":\"https:\/\/www.istegroup.com\/en\/produit\/architecture-systeme-et-complexite\/#breadcrumb\"},\"inLanguage\":\"en-US\",\"potentialAction\":[{\"@type\":\"ReadAction\",\"target\":[\"https:\/\/www.istegroup.com\/en\/produit\/architecture-systeme-et-complexite\/\"]}]},{\"@type\":\"ImageObject\",\"inLanguage\":\"en-US\",\"@id\":\"https:\/\/www.istegroup.com\/en\/produit\/architecture-systeme-et-complexite\/#primaryimage\",\"url\":\"https:\/\/www.istegroup.com\/wp-content\/uploads\/2019\/10\/Architecture-syst\u00e8me-et-complexit\u00e9.jpg\",\"contentUrl\":\"https:\/\/www.istegroup.com\/wp-content\/uploads\/2019\/10\/Architecture-syst\u00e8me-et-complexit\u00e9.jpg\",\"width\":300,\"height\":452,\"caption\":\"Apport des syst\u00e8mes de syst\u00e8mes \u00e0 la pens\u00e9e syst\u00e9mique\"},{\"@type\":\"BreadcrumbList\",\"@id\":\"https:\/\/www.istegroup.com\/en\/produit\/architecture-systeme-et-complexite\/#breadcrumb\",\"itemListElement\":[{\"@type\":\"ListItem\",\"position\":1,\"name\":\"Home\",\"item\":\"https:\/\/www.istegroup.com\/\"},{\"@type\":\"ListItem\",\"position\":2,\"name\":\"Shop\",\"item\":\"https:\/\/www.istegroup.com\/fr\/nouveautes\/\"},{\"@type\":\"ListItem\",\"position\":3,\"name\":\"Architecture syst\u00e8me et complexit\u00e9\"}]},{\"@type\":\"WebSite\",\"@id\":\"https:\/\/www.istegroup.com\/#website\",\"url\":\"https:\/\/www.istegroup.com\/\",\"name\":\"ISTE Group\",\"description\":\"Publishing Knowledge\",\"potentialAction\":[{\"@type\":\"SearchAction\",\"target\":{\"@type\":\"EntryPoint\",\"urlTemplate\":\"https:\/\/www.istegroup.com\/?s={search_term_string}\"},\"query-input\":{\"@type\":\"PropertyValueSpecification\",\"valueRequired\":true,\"valueName\":\"search_term_string\"}}],\"inLanguage\":\"en-US\"}]}<\/script>\n<!-- \/ Yoast SEO plugin. -->","yoast_head_json":{"title":"Architecture syst\u00e8me et complexit\u00e9 - ISTE Group","description":"Architecture syst\u00e8me et complexit\u00e9 pr\u00e9sente cette notion s\u00e9mantique nouvelle qui \u00e9merge au coeur de la syst\u00e9mique : l\u2019interop\u00e9rabilit\u00e9.","robots":{"index":"index","follow":"follow","max-snippet":"max-snippet:-1","max-image-preview":"max-image-preview:large","max-video-preview":"max-video-preview:-1"},"canonical":"https:\/\/www.istegroup.com\/en\/produit\/architecture-systeme-et-complexite\/","og_locale":"en_US","og_type":"article","og_title":"Architecture syst\u00e8me et complexit\u00e9 - ISTE Group","og_description":"Architecture syst\u00e8me et complexit\u00e9 pr\u00e9sente cette notion s\u00e9mantique nouvelle qui \u00e9merge au coeur de la syst\u00e9mique : l\u2019interop\u00e9rabilit\u00e9.","og_url":"https:\/\/www.istegroup.com\/en\/produit\/architecture-systeme-et-complexite\/","og_site_name":"ISTE Group","article_modified_time":"2024-01-03T13:43:30+00:00","og_image":[{"width":300,"height":452,"url":"https:\/\/www.istegroup.com\/wp-content\/uploads\/2019\/10\/Architecture-syst\u00e8me-et-complexit\u00e9.jpg","type":"image\/jpeg"}],"twitter_card":"summary_large_image","twitter_misc":{"Est. reading time":"1 minute"},"schema":{"@context":"https:\/\/schema.org","@graph":[{"@type":"WebPage","@id":"https:\/\/www.istegroup.com\/en\/produit\/architecture-systeme-et-complexite\/","url":"https:\/\/www.istegroup.com\/en\/produit\/architecture-systeme-et-complexite\/","name":"Architecture syst\u00e8me et complexit\u00e9 - ISTE Group","isPartOf":{"@id":"https:\/\/www.istegroup.com\/#website"},"primaryImageOfPage":{"@id":"https:\/\/www.istegroup.com\/en\/produit\/architecture-systeme-et-complexite\/#primaryimage"},"image":{"@id":"https:\/\/www.istegroup.com\/en\/produit\/architecture-systeme-et-complexite\/#primaryimage"},"thumbnailUrl":"https:\/\/www.istegroup.com\/wp-content\/uploads\/2019\/10\/Architecture-syst\u00e8me-et-complexit\u00e9.jpg","datePublished":"2020-03-23T09:01:13+00:00","dateModified":"2024-01-03T13:43:30+00:00","description":"Architecture syst\u00e8me et complexit\u00e9 pr\u00e9sente cette notion s\u00e9mantique nouvelle qui \u00e9merge au coeur de la syst\u00e9mique : l\u2019interop\u00e9rabilit\u00e9.","breadcrumb":{"@id":"https:\/\/www.istegroup.com\/en\/produit\/architecture-systeme-et-complexite\/#breadcrumb"},"inLanguage":"en-US","potentialAction":[{"@type":"ReadAction","target":["https:\/\/www.istegroup.com\/en\/produit\/architecture-systeme-et-complexite\/"]}]},{"@type":"ImageObject","inLanguage":"en-US","@id":"https:\/\/www.istegroup.com\/en\/produit\/architecture-systeme-et-complexite\/#primaryimage","url":"https:\/\/www.istegroup.com\/wp-content\/uploads\/2019\/10\/Architecture-syst\u00e8me-et-complexit\u00e9.jpg","contentUrl":"https:\/\/www.istegroup.com\/wp-content\/uploads\/2019\/10\/Architecture-syst\u00e8me-et-complexit\u00e9.jpg","width":300,"height":452,"caption":"Apport des syst\u00e8mes de syst\u00e8mes \u00e0 la pens\u00e9e syst\u00e9mique"},{"@type":"BreadcrumbList","@id":"https:\/\/www.istegroup.com\/en\/produit\/architecture-systeme-et-complexite\/#breadcrumb","itemListElement":[{"@type":"ListItem","position":1,"name":"Home","item":"https:\/\/www.istegroup.com\/"},{"@type":"ListItem","position":2,"name":"Shop","item":"https:\/\/www.istegroup.com\/fr\/nouveautes\/"},{"@type":"ListItem","position":3,"name":"Architecture syst\u00e8me et complexit\u00e9"}]},{"@type":"WebSite","@id":"https:\/\/www.istegroup.com\/#website","url":"https:\/\/www.istegroup.com\/","name":"ISTE Group","description":"Publishing Knowledge","potentialAction":[{"@type":"SearchAction","target":{"@type":"EntryPoint","urlTemplate":"https:\/\/www.istegroup.com\/?s={search_term_string}"},"query-input":{"@type":"PropertyValueSpecification","valueRequired":true,"valueName":"search_term_string"}}],"inLanguage":"en-US"}]}},"_links":{"self":[{"href":"https:\/\/www.istegroup.com\/en\/wp-json\/wp\/v2\/product\/23350","targetHints":{"allow":["GET"]}}],"collection":[{"href":"https:\/\/www.istegroup.com\/en\/wp-json\/wp\/v2\/product"}],"about":[{"href":"https:\/\/www.istegroup.com\/en\/wp-json\/wp\/v2\/types\/product"}],"wp:featuredmedia":[{"embeddable":true,"href":"https:\/\/www.istegroup.com\/en\/wp-json\/wp\/v2\/media\/23363"}],"wp:attachment":[{"href":"https:\/\/www.istegroup.com\/en\/wp-json\/wp\/v2\/media?parent=23350"}],"wp:term":[{"taxonomy":"product_brand","embeddable":true,"href":"https:\/\/www.istegroup.com\/en\/wp-json\/wp\/v2\/product_brand?post=23350"},{"taxonomy":"product_cat","embeddable":true,"href":"https:\/\/www.istegroup.com\/en\/wp-json\/wp\/v2\/product_cat?post=23350"},{"taxonomy":"product_tag","embeddable":true,"href":"https:\/\/www.istegroup.com\/en\/wp-json\/wp\/v2\/product_tag?post=23350"}],"curies":[{"name":"wp","href":"https:\/\/api.w.org\/{rel}","templated":true}]}}