{"id":23341,"date":"2020-03-23T09:19:47","date_gmt":"2020-03-23T09:19:47","guid":{"rendered":"https:\/\/www.istegroup.com\/?post_type=product&#038;p=23341"},"modified":"2024-01-03T13:43:30","modified_gmt":"2024-01-03T13:43:30","slug":"figures-de-lemploi-touristique","status":"publish","type":"product","link":"https:\/\/www.istegroup.com\/en\/produit\/figures-de-lemploi-touristique\/","title":{"rendered":"Figures de l\u2019emploi touristique"},"content":{"rendered":"<p><em>Figures de l\u2019emploi touristique<\/em> pr\u00e9sente la condition du salari\u00e9 dans les grandes organisations touristiques de deux secteurs cl\u00e9s, l\u2019h\u00f4tellerie et le transport a\u00e9rien de passagers, selon leur \u00e9volution en r\u00e9ponse \u00e0 l\u2019av\u00e8nement de la soci\u00e9t\u00e9 de loisirs.<\/p>\n<p>Confront\u00e9e \u00e0 des al\u00e9as strat\u00e9giques et financiers, la gestion des ressources humaines doit composer avec des professionnels dont la relation \u00e0 l\u2019emploi oscille entre choix et contrainte, au gr\u00e9 de leur position hi\u00e9rarchique ou sociale.<\/p>\n<p>Cet ouvrage explore les mondes complexes de ces deux secteurs, du <em>front office<\/em> au <em>back office<\/em>, du r\u00e9ceptionniste \u00e0 l\u2019h\u00f4tesse, jusqu\u2019au general manager et au commandant de bord. Les comp\u00e9tences humaines de ceux-ci sont mises en exergue afin de r\u00e9pondre aux nouvelles fa\u00e7ons d\u2019aborder les relations professionnelles, moins hi\u00e9rarchis\u00e9es.<\/p>\n","protected":false},"excerpt":{"rendered":"<p>Figures de l\u2019emploi touristique pr\u00e9sente la condition du salari\u00e9 dans les grandes organisations touristiques de deux secteurs cl\u00e9s, l\u2019h\u00f4tellerie et le transport a\u00e9rien de passagers, selon leur \u00e9volution en r\u00e9ponse \u00e0 l\u2019av\u00e8nement de la soci\u00e9t\u00e9 de loisirs. Confront\u00e9e \u00e0 des al\u00e9as strat\u00e9giques et financiers, la gestion des ressources humaines doit composer avec des professionnels dont [&hellip;]<\/p>\n","protected":false},"featured_media":23349,"template":"","meta":{"_acf_changed":false,"_links_to":"","_links_to_target":""},"product_brand":[],"product_cat":[684],"product_tag":[],"class_list":{"0":"post-23341","1":"product","2":"type-product","3":"status-publish","4":"has-post-thumbnail","6":"product_cat-sciences-socit-et-nouvelles-technologies-188422468","8":"first","9":"instock","10":"shipping-taxable","11":"purchasable","12":"product-type-variable"},"acf":[],"yoast_head":"<!-- This site is optimized with the Yoast SEO plugin v27.2 - https:\/\/yoast.com\/product\/yoast-seo-wordpress\/ -->\n<title>Figures de l\u2019emploi touristique - ISTE Group<\/title>\n<meta name=\"description\" content=\"Figures de l\u2019emploi touristique pr\u00e9sente la condition du salari\u00e9 dans les grandes organisations touristiques de deux secteurs cl\u00e9s, l\u2019h\u00f4tellerie et le transport a\u00e9rien de passagers,\" \/>\n<meta name=\"robots\" content=\"index, follow, max-snippet:-1, max-image-preview:large, max-video-preview:-1\" \/>\n<link rel=\"canonical\" href=\"https:\/\/www.istegroup.com\/fr\/produit\/figures-de-lemploi-touristique\/\" \/>\n<meta property=\"og:locale\" content=\"en_US\" \/>\n<meta property=\"og:type\" content=\"article\" \/>\n<meta property=\"og:title\" content=\"Figures de l\u2019emploi touristique - ISTE Group\" \/>\n<meta property=\"og:description\" content=\"Figures de l\u2019emploi touristique pr\u00e9sente la condition du salari\u00e9 dans les grandes organisations touristiques de deux secteurs cl\u00e9s, l\u2019h\u00f4tellerie et le transport a\u00e9rien de passagers,\" \/>\n<meta property=\"og:url\" content=\"https:\/\/www.istegroup.com\/fr\/produit\/figures-de-lemploi-touristique\/\" \/>\n<meta property=\"og:site_name\" content=\"ISTE Group\" \/>\n<meta property=\"article:modified_time\" content=\"2024-01-03T13:43:30+00:00\" \/>\n<meta property=\"og:image\" content=\"https:\/\/www.istegroup.com\/wp-content\/uploads\/2019\/10\/Figures-de-lemploi-touristique.jpg\" \/>\n\t<meta property=\"og:image:width\" content=\"300\" \/>\n\t<meta property=\"og:image:height\" content=\"452\" \/>\n\t<meta property=\"og:image:type\" content=\"image\/jpeg\" \/>\n<meta name=\"twitter:card\" content=\"summary_large_image\" \/>\n<meta name=\"twitter:label1\" content=\"Est. reading time\" \/>\n\t<meta name=\"twitter:data1\" content=\"1 minute\" \/>\n<script type=\"application\/ld+json\" class=\"yoast-schema-graph\">{\"@context\":\"https:\/\/schema.org\",\"@graph\":[{\"@type\":\"WebPage\",\"@id\":\"https:\/\/www.istegroup.com\/fr\/produit\/figures-de-lemploi-touristique\/\",\"url\":\"https:\/\/www.istegroup.com\/fr\/produit\/figures-de-lemploi-touristique\/\",\"name\":\"Figures de l\u2019emploi touristique - ISTE Group\",\"isPartOf\":{\"@id\":\"https:\/\/www.istegroup.com\/#website\"},\"primaryImageOfPage\":{\"@id\":\"https:\/\/www.istegroup.com\/fr\/produit\/figures-de-lemploi-touristique\/#primaryimage\"},\"image\":{\"@id\":\"https:\/\/www.istegroup.com\/fr\/produit\/figures-de-lemploi-touristique\/#primaryimage\"},\"thumbnailUrl\":\"https:\/\/www.istegroup.com\/wp-content\/uploads\/2019\/10\/Figures-de-lemploi-touristique.jpg\",\"datePublished\":\"2020-03-23T09:19:47+00:00\",\"dateModified\":\"2024-01-03T13:43:30+00:00\",\"description\":\"Figures de l\u2019emploi touristique pr\u00e9sente la condition du salari\u00e9 dans les grandes organisations touristiques de deux secteurs cl\u00e9s, l\u2019h\u00f4tellerie et le transport a\u00e9rien de passagers,\",\"breadcrumb\":{\"@id\":\"https:\/\/www.istegroup.com\/fr\/produit\/figures-de-lemploi-touristique\/#breadcrumb\"},\"inLanguage\":\"en-US\",\"potentialAction\":[{\"@type\":\"ReadAction\",\"target\":[\"https:\/\/www.istegroup.com\/fr\/produit\/figures-de-lemploi-touristique\/\"]}]},{\"@type\":\"ImageObject\",\"inLanguage\":\"en-US\",\"@id\":\"https:\/\/www.istegroup.com\/fr\/produit\/figures-de-lemploi-touristique\/#primaryimage\",\"url\":\"https:\/\/www.istegroup.com\/wp-content\/uploads\/2019\/10\/Figures-de-lemploi-touristique.jpg\",\"contentUrl\":\"https:\/\/www.istegroup.com\/wp-content\/uploads\/2019\/10\/Figures-de-lemploi-touristique.jpg\",\"width\":300,\"height\":452,\"caption\":\"La GRH des mondes de l\u2019h\u00f4tellerie et du transport a\u00e9rien\"},{\"@type\":\"BreadcrumbList\",\"@id\":\"https:\/\/www.istegroup.com\/fr\/produit\/figures-de-lemploi-touristique\/#breadcrumb\",\"itemListElement\":[{\"@type\":\"ListItem\",\"position\":1,\"name\":\"Home\",\"item\":\"https:\/\/www.istegroup.com\/\"},{\"@type\":\"ListItem\",\"position\":2,\"name\":\"Shop\",\"item\":\"https:\/\/www.istegroup.com\/fr\/nouveautes\/\"},{\"@type\":\"ListItem\",\"position\":3,\"name\":\"Figures de l\u2019emploi touristique\"}]},{\"@type\":\"WebSite\",\"@id\":\"https:\/\/www.istegroup.com\/#website\",\"url\":\"https:\/\/www.istegroup.com\/\",\"name\":\"ISTE Group\",\"description\":\"Publishing Knowledge\",\"potentialAction\":[{\"@type\":\"SearchAction\",\"target\":{\"@type\":\"EntryPoint\",\"urlTemplate\":\"https:\/\/www.istegroup.com\/?s={search_term_string}\"},\"query-input\":{\"@type\":\"PropertyValueSpecification\",\"valueRequired\":true,\"valueName\":\"search_term_string\"}}],\"inLanguage\":\"en-US\"}]}<\/script>\n<!-- \/ Yoast SEO plugin. -->","yoast_head_json":{"title":"Figures de l\u2019emploi touristique - ISTE Group","description":"Figures de l\u2019emploi touristique pr\u00e9sente la condition du salari\u00e9 dans les grandes organisations touristiques de deux secteurs cl\u00e9s, l\u2019h\u00f4tellerie et le transport a\u00e9rien de passagers,","robots":{"index":"index","follow":"follow","max-snippet":"max-snippet:-1","max-image-preview":"max-image-preview:large","max-video-preview":"max-video-preview:-1"},"canonical":"https:\/\/www.istegroup.com\/fr\/produit\/figures-de-lemploi-touristique\/","og_locale":"en_US","og_type":"article","og_title":"Figures de l\u2019emploi touristique - ISTE Group","og_description":"Figures de l\u2019emploi touristique pr\u00e9sente la condition du salari\u00e9 dans les grandes organisations touristiques de deux secteurs cl\u00e9s, l\u2019h\u00f4tellerie et le transport a\u00e9rien de passagers,","og_url":"https:\/\/www.istegroup.com\/fr\/produit\/figures-de-lemploi-touristique\/","og_site_name":"ISTE Group","article_modified_time":"2024-01-03T13:43:30+00:00","og_image":[{"width":300,"height":452,"url":"https:\/\/www.istegroup.com\/wp-content\/uploads\/2019\/10\/Figures-de-lemploi-touristique.jpg","type":"image\/jpeg"}],"twitter_card":"summary_large_image","twitter_misc":{"Est. reading time":"1 minute"},"schema":{"@context":"https:\/\/schema.org","@graph":[{"@type":"WebPage","@id":"https:\/\/www.istegroup.com\/fr\/produit\/figures-de-lemploi-touristique\/","url":"https:\/\/www.istegroup.com\/fr\/produit\/figures-de-lemploi-touristique\/","name":"Figures de l\u2019emploi touristique - ISTE Group","isPartOf":{"@id":"https:\/\/www.istegroup.com\/#website"},"primaryImageOfPage":{"@id":"https:\/\/www.istegroup.com\/fr\/produit\/figures-de-lemploi-touristique\/#primaryimage"},"image":{"@id":"https:\/\/www.istegroup.com\/fr\/produit\/figures-de-lemploi-touristique\/#primaryimage"},"thumbnailUrl":"https:\/\/www.istegroup.com\/wp-content\/uploads\/2019\/10\/Figures-de-lemploi-touristique.jpg","datePublished":"2020-03-23T09:19:47+00:00","dateModified":"2024-01-03T13:43:30+00:00","description":"Figures de l\u2019emploi touristique pr\u00e9sente la condition du salari\u00e9 dans les grandes organisations touristiques de deux secteurs cl\u00e9s, l\u2019h\u00f4tellerie et le transport a\u00e9rien de passagers,","breadcrumb":{"@id":"https:\/\/www.istegroup.com\/fr\/produit\/figures-de-lemploi-touristique\/#breadcrumb"},"inLanguage":"en-US","potentialAction":[{"@type":"ReadAction","target":["https:\/\/www.istegroup.com\/fr\/produit\/figures-de-lemploi-touristique\/"]}]},{"@type":"ImageObject","inLanguage":"en-US","@id":"https:\/\/www.istegroup.com\/fr\/produit\/figures-de-lemploi-touristique\/#primaryimage","url":"https:\/\/www.istegroup.com\/wp-content\/uploads\/2019\/10\/Figures-de-lemploi-touristique.jpg","contentUrl":"https:\/\/www.istegroup.com\/wp-content\/uploads\/2019\/10\/Figures-de-lemploi-touristique.jpg","width":300,"height":452,"caption":"La GRH des mondes de l\u2019h\u00f4tellerie et du transport a\u00e9rien"},{"@type":"BreadcrumbList","@id":"https:\/\/www.istegroup.com\/fr\/produit\/figures-de-lemploi-touristique\/#breadcrumb","itemListElement":[{"@type":"ListItem","position":1,"name":"Home","item":"https:\/\/www.istegroup.com\/"},{"@type":"ListItem","position":2,"name":"Shop","item":"https:\/\/www.istegroup.com\/fr\/nouveautes\/"},{"@type":"ListItem","position":3,"name":"Figures de l\u2019emploi touristique"}]},{"@type":"WebSite","@id":"https:\/\/www.istegroup.com\/#website","url":"https:\/\/www.istegroup.com\/","name":"ISTE Group","description":"Publishing Knowledge","potentialAction":[{"@type":"SearchAction","target":{"@type":"EntryPoint","urlTemplate":"https:\/\/www.istegroup.com\/?s={search_term_string}"},"query-input":{"@type":"PropertyValueSpecification","valueRequired":true,"valueName":"search_term_string"}}],"inLanguage":"en-US"}]}},"_links":{"self":[{"href":"https:\/\/www.istegroup.com\/en\/wp-json\/wp\/v2\/product\/23341","targetHints":{"allow":["GET"]}}],"collection":[{"href":"https:\/\/www.istegroup.com\/en\/wp-json\/wp\/v2\/product"}],"about":[{"href":"https:\/\/www.istegroup.com\/en\/wp-json\/wp\/v2\/types\/product"}],"wp:featuredmedia":[{"embeddable":true,"href":"https:\/\/www.istegroup.com\/en\/wp-json\/wp\/v2\/media\/23349"}],"wp:attachment":[{"href":"https:\/\/www.istegroup.com\/en\/wp-json\/wp\/v2\/media?parent=23341"}],"wp:term":[{"taxonomy":"product_brand","embeddable":true,"href":"https:\/\/www.istegroup.com\/en\/wp-json\/wp\/v2\/product_brand?post=23341"},{"taxonomy":"product_cat","embeddable":true,"href":"https:\/\/www.istegroup.com\/en\/wp-json\/wp\/v2\/product_cat?post=23341"},{"taxonomy":"product_tag","embeddable":true,"href":"https:\/\/www.istegroup.com\/en\/wp-json\/wp\/v2\/product_tag?post=23341"}],"curies":[{"name":"wp","href":"https:\/\/api.w.org\/{rel}","templated":true}]}}