{"id":233,"date":"2017-07-28T11:14:43","date_gmt":"2017-07-28T09:14:43","guid":{"rendered":"https:\/\/iste.yhello.co\/product\/empathie-et-compassion-en-entreprise\/"},"modified":"2024-01-03T14:19:38","modified_gmt":"2024-01-03T14:19:38","slug":"empathie-et-compassion-en-entreprise","status":"publish","type":"product","link":"https:\/\/www.istegroup.com\/en\/produit\/empathie-et-compassion-en-entreprise\/","title":{"rendered":"Empathie et compassion en entreprise"},"content":{"rendered":"<p>Les entreprises sont capables de rebond et de r\u00e9silience. Lors de crises organisationnelles, certaines ressources \u00e9mergent pour aider autrui. Ces ressources rares, appel\u00e9es les toxic handlers, sauvent les entreprises par acte de compassion.<\/p>\n<p>De quelle mani\u00e8re ces individus qui ne laissent rien para\u00eetre au regard de leur entreprise se trouvent subitement pris de compassion pour leurs coll\u00e8gues ?<\/p>\n<p><em>Empathie et compassion en entreprise<\/em>\u00a0dresse un mod\u00e8le d\u2019analyse bas\u00e9 sur un questionnaire de la r\u00e9silience de compassion, appliqu\u00e9 sur plusieurs entreprises de grandes tailles traversant une crise.<\/p>\n<p>Ouvrant un champ de recherches large, cet ouvrage am\u00e8ne de nombreuses perspectives au regard de la probl\u00e9matique de l\u2019empathie et de la compassion en entreprise.<\/p>\n","protected":false},"excerpt":{"rendered":"<p>Les entreprises sont capables de rebond et de r\u00e9silience. Lors de crises organisationnelles, certaines ressources \u00e9mergent pour aider autrui. Ces ressources rares, appel\u00e9es les toxic handlers, sauvent les entreprises par acte de compassion. De quelle mani\u00e8re ces individus qui ne laissent rien para\u00eetre au regard de leur entreprise se trouvent subitement pris de compassion pour [&hellip;]<\/p>\n","protected":false},"featured_media":234,"template":"","meta":{"_acf_changed":false,"_links_to":"","_links_to_target":""},"product_brand":[],"product_cat":[670],"product_tag":[1215,1216,31,196,1114,1217,1218,135,1219,1220,1221,1222,197,198,199,200,201,203,204,63,25,172,209,1008,212,38,192,145,28],"class_list":{"0":"post-233","1":"product","2":"type-product","3":"status-publish","4":"has-post-thumbnail","6":"product_cat-innovation-entrepreneuriat-et-gestion-11041751","7":"product_tag-business","8":"product_tag-compassion","9":"product_tag-ebook","10":"product_tag-ebooks","11":"product_tag-economie","12":"product_tag-empathie","13":"product_tag-empathie-et-compassion-en-entreprise","14":"product_tag-entreprise","15":"product_tag-entreprises","16":"product_tag-finance","17":"product_tag-gestion-marketing","18":"product_tag-gilles-teneau","19":"product_tag-iste","20":"product_tag-iste-edition","21":"product_tag-iste-editions","22":"product_tag-isteedition","23":"product_tag-kindle","24":"product_tag-liseuse","25":"product_tag-livre","26":"product_tag-livre-electronique","27":"product_tag-livre-numerique","28":"product_tag-livre-scientifique","29":"product_tag-livres-scientifiques","30":"product_tag-management","31":"product_tag-ouvrage","32":"product_tag-ouvrage-numerique","33":"product_tag-ouvrage-science","34":"product_tag-ouvrage-scientifique","35":"product_tag-ouvrage-scientifique-francais","37":"first","38":"instock","39":"shipping-taxable","40":"purchasable","41":"product-type-variable"},"acf":[],"yoast_head":"<!-- This site is optimized with the Yoast SEO plugin v27.2 - https:\/\/yoast.com\/product\/yoast-seo-wordpress\/ -->\n<title>Empathie et compassion en entreprise - ISTE Group<\/title>\n<meta name=\"description\" content=\"L&#039;ouvrage dresse un mod\u00e8le d\u2019analyse bas\u00e9 sur un questionnaire de la r\u00e9silience de compassion, appliqu\u00e9 sur plusieurs entreprises traversant une crise.\" \/>\n<meta name=\"robots\" content=\"index, follow, max-snippet:-1, max-image-preview:large, max-video-preview:-1\" \/>\n<link rel=\"canonical\" href=\"https:\/\/www.istegroup.com\/fr\/produit\/empathie-et-compassion-en-entreprise\/\" \/>\n<meta property=\"og:locale\" content=\"en_US\" \/>\n<meta property=\"og:type\" content=\"article\" \/>\n<meta property=\"og:title\" content=\"Empathie et compassion en entreprise - ISTE Group\" \/>\n<meta property=\"og:description\" content=\"L&#039;ouvrage dresse un mod\u00e8le d\u2019analyse bas\u00e9 sur un questionnaire de la r\u00e9silience de compassion, appliqu\u00e9 sur plusieurs entreprises traversant une crise.\" \/>\n<meta property=\"og:url\" content=\"https:\/\/www.istegroup.com\/fr\/produit\/empathie-et-compassion-en-entreprise\/\" \/>\n<meta property=\"og:site_name\" content=\"ISTE Group\" \/>\n<meta property=\"article:modified_time\" content=\"2024-01-03T14:19:38+00:00\" \/>\n<meta property=\"og:image\" content=\"https:\/\/www.istegroup.com\/wp-content\/uploads\/2017\/07\/513355217_243513377-1.jpg\" \/>\n\t<meta property=\"og:image:width\" content=\"300\" \/>\n\t<meta property=\"og:image:height\" content=\"452\" \/>\n\t<meta property=\"og:image:type\" content=\"image\/jpeg\" \/>\n<meta name=\"twitter:card\" content=\"summary_large_image\" \/>\n<meta name=\"twitter:label1\" content=\"Est. reading time\" \/>\n\t<meta name=\"twitter:data1\" content=\"1 minute\" \/>\n<script type=\"application\/ld+json\" class=\"yoast-schema-graph\">{\"@context\":\"https:\/\/schema.org\",\"@graph\":[{\"@type\":\"WebPage\",\"@id\":\"https:\/\/www.istegroup.com\/fr\/produit\/empathie-et-compassion-en-entreprise\/\",\"url\":\"https:\/\/www.istegroup.com\/fr\/produit\/empathie-et-compassion-en-entreprise\/\",\"name\":\"Empathie et compassion en entreprise - ISTE Group\",\"isPartOf\":{\"@id\":\"https:\/\/www.istegroup.com\/#website\"},\"primaryImageOfPage\":{\"@id\":\"https:\/\/www.istegroup.com\/fr\/produit\/empathie-et-compassion-en-entreprise\/#primaryimage\"},\"image\":{\"@id\":\"https:\/\/www.istegroup.com\/fr\/produit\/empathie-et-compassion-en-entreprise\/#primaryimage\"},\"thumbnailUrl\":\"https:\/\/www.istegroup.com\/wp-content\/uploads\/2017\/07\/513355217_243513377-1.jpg\",\"datePublished\":\"2017-07-28T09:14:43+00:00\",\"dateModified\":\"2024-01-03T14:19:38+00:00\",\"description\":\"L'ouvrage dresse un mod\u00e8le d\u2019analyse bas\u00e9 sur un questionnaire de la r\u00e9silience de compassion, appliqu\u00e9 sur plusieurs entreprises traversant une crise.\",\"breadcrumb\":{\"@id\":\"https:\/\/www.istegroup.com\/fr\/produit\/empathie-et-compassion-en-entreprise\/#breadcrumb\"},\"inLanguage\":\"en-US\",\"potentialAction\":[{\"@type\":\"ReadAction\",\"target\":[\"https:\/\/www.istegroup.com\/fr\/produit\/empathie-et-compassion-en-entreprise\/\"]}]},{\"@type\":\"ImageObject\",\"inLanguage\":\"en-US\",\"@id\":\"https:\/\/www.istegroup.com\/fr\/produit\/empathie-et-compassion-en-entreprise\/#primaryimage\",\"url\":\"https:\/\/www.istegroup.com\/wp-content\/uploads\/2017\/07\/513355217_243513377-1.jpg\",\"contentUrl\":\"https:\/\/www.istegroup.com\/wp-content\/uploads\/2017\/07\/513355217_243513377-1.jpg\",\"width\":300,\"height\":452,\"caption\":\"Empathie et compassion en entreprise\"},{\"@type\":\"BreadcrumbList\",\"@id\":\"https:\/\/www.istegroup.com\/fr\/produit\/empathie-et-compassion-en-entreprise\/#breadcrumb\",\"itemListElement\":[{\"@type\":\"ListItem\",\"position\":1,\"name\":\"Home\",\"item\":\"https:\/\/www.istegroup.com\/\"},{\"@type\":\"ListItem\",\"position\":2,\"name\":\"Shop\",\"item\":\"https:\/\/www.istegroup.com\/fr\/nouveautes\/\"},{\"@type\":\"ListItem\",\"position\":3,\"name\":\"Empathie et compassion en entreprise\"}]},{\"@type\":\"WebSite\",\"@id\":\"https:\/\/www.istegroup.com\/#website\",\"url\":\"https:\/\/www.istegroup.com\/\",\"name\":\"ISTE Group\",\"description\":\"Publishing Knowledge\",\"potentialAction\":[{\"@type\":\"SearchAction\",\"target\":{\"@type\":\"EntryPoint\",\"urlTemplate\":\"https:\/\/www.istegroup.com\/?s={search_term_string}\"},\"query-input\":{\"@type\":\"PropertyValueSpecification\",\"valueRequired\":true,\"valueName\":\"search_term_string\"}}],\"inLanguage\":\"en-US\"}]}<\/script>\n<!-- \/ Yoast SEO plugin. -->","yoast_head_json":{"title":"Empathie et compassion en entreprise - ISTE Group","description":"L'ouvrage dresse un mod\u00e8le d\u2019analyse bas\u00e9 sur un questionnaire de la r\u00e9silience de compassion, appliqu\u00e9 sur plusieurs entreprises traversant une crise.","robots":{"index":"index","follow":"follow","max-snippet":"max-snippet:-1","max-image-preview":"max-image-preview:large","max-video-preview":"max-video-preview:-1"},"canonical":"https:\/\/www.istegroup.com\/fr\/produit\/empathie-et-compassion-en-entreprise\/","og_locale":"en_US","og_type":"article","og_title":"Empathie et compassion en entreprise - ISTE Group","og_description":"L'ouvrage dresse un mod\u00e8le d\u2019analyse bas\u00e9 sur un questionnaire de la r\u00e9silience de compassion, appliqu\u00e9 sur plusieurs entreprises traversant une crise.","og_url":"https:\/\/www.istegroup.com\/fr\/produit\/empathie-et-compassion-en-entreprise\/","og_site_name":"ISTE Group","article_modified_time":"2024-01-03T14:19:38+00:00","og_image":[{"width":300,"height":452,"url":"https:\/\/www.istegroup.com\/wp-content\/uploads\/2017\/07\/513355217_243513377-1.jpg","type":"image\/jpeg"}],"twitter_card":"summary_large_image","twitter_misc":{"Est. reading time":"1 minute"},"schema":{"@context":"https:\/\/schema.org","@graph":[{"@type":"WebPage","@id":"https:\/\/www.istegroup.com\/fr\/produit\/empathie-et-compassion-en-entreprise\/","url":"https:\/\/www.istegroup.com\/fr\/produit\/empathie-et-compassion-en-entreprise\/","name":"Empathie et compassion en entreprise - ISTE Group","isPartOf":{"@id":"https:\/\/www.istegroup.com\/#website"},"primaryImageOfPage":{"@id":"https:\/\/www.istegroup.com\/fr\/produit\/empathie-et-compassion-en-entreprise\/#primaryimage"},"image":{"@id":"https:\/\/www.istegroup.com\/fr\/produit\/empathie-et-compassion-en-entreprise\/#primaryimage"},"thumbnailUrl":"https:\/\/www.istegroup.com\/wp-content\/uploads\/2017\/07\/513355217_243513377-1.jpg","datePublished":"2017-07-28T09:14:43+00:00","dateModified":"2024-01-03T14:19:38+00:00","description":"L'ouvrage dresse un mod\u00e8le d\u2019analyse bas\u00e9 sur un questionnaire de la r\u00e9silience de compassion, appliqu\u00e9 sur plusieurs entreprises traversant une crise.","breadcrumb":{"@id":"https:\/\/www.istegroup.com\/fr\/produit\/empathie-et-compassion-en-entreprise\/#breadcrumb"},"inLanguage":"en-US","potentialAction":[{"@type":"ReadAction","target":["https:\/\/www.istegroup.com\/fr\/produit\/empathie-et-compassion-en-entreprise\/"]}]},{"@type":"ImageObject","inLanguage":"en-US","@id":"https:\/\/www.istegroup.com\/fr\/produit\/empathie-et-compassion-en-entreprise\/#primaryimage","url":"https:\/\/www.istegroup.com\/wp-content\/uploads\/2017\/07\/513355217_243513377-1.jpg","contentUrl":"https:\/\/www.istegroup.com\/wp-content\/uploads\/2017\/07\/513355217_243513377-1.jpg","width":300,"height":452,"caption":"Empathie et compassion en entreprise"},{"@type":"BreadcrumbList","@id":"https:\/\/www.istegroup.com\/fr\/produit\/empathie-et-compassion-en-entreprise\/#breadcrumb","itemListElement":[{"@type":"ListItem","position":1,"name":"Home","item":"https:\/\/www.istegroup.com\/"},{"@type":"ListItem","position":2,"name":"Shop","item":"https:\/\/www.istegroup.com\/fr\/nouveautes\/"},{"@type":"ListItem","position":3,"name":"Empathie et compassion en entreprise"}]},{"@type":"WebSite","@id":"https:\/\/www.istegroup.com\/#website","url":"https:\/\/www.istegroup.com\/","name":"ISTE Group","description":"Publishing Knowledge","potentialAction":[{"@type":"SearchAction","target":{"@type":"EntryPoint","urlTemplate":"https:\/\/www.istegroup.com\/?s={search_term_string}"},"query-input":{"@type":"PropertyValueSpecification","valueRequired":true,"valueName":"search_term_string"}}],"inLanguage":"en-US"}]}},"_links":{"self":[{"href":"https:\/\/www.istegroup.com\/en\/wp-json\/wp\/v2\/product\/233","targetHints":{"allow":["GET"]}}],"collection":[{"href":"https:\/\/www.istegroup.com\/en\/wp-json\/wp\/v2\/product"}],"about":[{"href":"https:\/\/www.istegroup.com\/en\/wp-json\/wp\/v2\/types\/product"}],"wp:featuredmedia":[{"embeddable":true,"href":"https:\/\/www.istegroup.com\/en\/wp-json\/wp\/v2\/media\/234"}],"wp:attachment":[{"href":"https:\/\/www.istegroup.com\/en\/wp-json\/wp\/v2\/media?parent=233"}],"wp:term":[{"taxonomy":"product_brand","embeddable":true,"href":"https:\/\/www.istegroup.com\/en\/wp-json\/wp\/v2\/product_brand?post=233"},{"taxonomy":"product_cat","embeddable":true,"href":"https:\/\/www.istegroup.com\/en\/wp-json\/wp\/v2\/product_cat?post=233"},{"taxonomy":"product_tag","embeddable":true,"href":"https:\/\/www.istegroup.com\/en\/wp-json\/wp\/v2\/product_tag?post=233"}],"curies":[{"name":"wp","href":"https:\/\/api.w.org\/{rel}","templated":true}]}}