{"id":23196,"date":"2020-03-22T12:16:42","date_gmt":"2020-03-22T12:16:42","guid":{"rendered":"https:\/\/www.istegroup.com\/?post_type=product&#038;p=23196"},"modified":"2024-01-03T13:43:27","modified_gmt":"2024-01-03T13:43:27","slug":"le-restaurant-une-approche-geographique","status":"publish","type":"product","link":"https:\/\/www.istegroup.com\/en\/produit\/le-restaurant-une-approche-geographique\/","title":{"rendered":"Le restaurant, une approche g\u00e9ographique"},"content":{"rendered":"<p>Cet ouvrage analyse la mani\u00e8re dont les restaurants sont des objets g\u00e9ographiques qui r\u00e9v\u00e8lent des logiques et des strat\u00e9gies de localisation et tissent des rapports \u00e9troits avec leur espace d\u2019implantation. N\u00e9s en ville, les restaurants se nourrissent de l\u2019urbain autant qu\u2019ils l\u2019alimentent, et participent \u00e0 la qualification, \u00e0 la diff\u00e9renciation et \u00e0 la hi\u00e9rarchisation des villes.<\/p>\n<p>En ville comme \u00e0 la campagne, les restaurants entretiennent des relations dialogiques avec le tourisme, tiennent une place dans l\u2019\u00e9mergence de formes de tourisme gourmand et constituent parfois m\u00eame des destinations touristiques gourmandes \u00e0 part enti\u00e8re. Ils participent \u00e0 la mise en place des conditions n\u00e9cessaires au d\u00e9veloppement local. Certains, enfin, sont d\u00e9sign\u00e9s comme des monuments historiques et reconnus comme faisant partie du patrimoine, ce qui renforce leur localisation et leur identification comme destination touristique gourmande.<\/p>","protected":false},"excerpt":{"rendered":"<p>Cet ouvrage analyse la mani\u00e8re dont les restaurants sont des objets g\u00e9ographiques qui r\u00e9v\u00e8lent des logiques et des strat\u00e9gies de localisation et tissent des rapports \u00e9troits avec leur espace d\u2019implantation. N\u00e9s en ville, les restaurants se nourrissent de l\u2019urbain autant qu\u2019ils l\u2019alimentent, et participent \u00e0 la qualification, \u00e0 la diff\u00e9renciation et \u00e0 la hi\u00e9rarchisation des [&hellip;]<\/p>\n","protected":false},"featured_media":25934,"template":"","meta":{"_acf_changed":false,"_links_to":"","_links_to_target":""},"product_brand":[],"product_cat":[684],"product_tag":[],"class_list":{"0":"post-23196","1":"product","2":"type-product","3":"status-publish","4":"has-post-thumbnail","6":"product_cat-sciences-socit-et-nouvelles-technologies-188422468","8":"first","9":"instock","10":"shipping-taxable","11":"purchasable","12":"product-type-variable"},"acf":[],"yoast_head":"<!-- This site is optimized with the Yoast SEO plugin v27.2 - https:\/\/yoast.com\/product\/yoast-seo-wordpress\/ -->\n<title>Le restaurant, une approche g\u00e9ographique - ISTE Group<\/title>\n<meta name=\"description\" content=\"Cet ouvrage analyse la mani\u00e8re dont les restaurants sont des objets g\u00e9ographiques qui r\u00e9v\u00e8lent des logiques et des strat\u00e9gies de localisation et tissent des rapports \u00e9troits avec leur espace d\u2019implantation.\" \/>\n<meta name=\"robots\" content=\"index, follow, max-snippet:-1, max-image-preview:large, max-video-preview:-1\" \/>\n<link rel=\"canonical\" href=\"https:\/\/www.istegroup.com\/fr\/produit\/le-restaurant-une-approche-geographique\/\" \/>\n<meta property=\"og:locale\" content=\"en_US\" \/>\n<meta property=\"og:type\" content=\"article\" \/>\n<meta property=\"og:title\" content=\"Le restaurant, une approche g\u00e9ographique - ISTE Group\" \/>\n<meta property=\"og:description\" content=\"Cet ouvrage analyse la mani\u00e8re dont les restaurants sont des objets g\u00e9ographiques qui r\u00e9v\u00e8lent des logiques et des strat\u00e9gies de localisation et tissent des rapports \u00e9troits avec leur espace d\u2019implantation.\" \/>\n<meta property=\"og:url\" content=\"https:\/\/www.istegroup.com\/fr\/produit\/le-restaurant-une-approche-geographique\/\" \/>\n<meta property=\"og:site_name\" content=\"ISTE Group\" \/>\n<meta property=\"article:modified_time\" content=\"2024-01-03T13:43:27+00:00\" \/>\n<meta property=\"og:image\" content=\"https:\/\/www.istegroup.com\/wp-content\/uploads\/2020\/04\/Le-restaurant-une-approche-g\u00e9ographique_bandeau.jpg\" \/>\n\t<meta property=\"og:image:width\" content=\"319\" \/>\n\t<meta property=\"og:image:height\" content=\"476\" \/>\n\t<meta property=\"og:image:type\" content=\"image\/jpeg\" \/>\n<meta name=\"twitter:card\" content=\"summary_large_image\" \/>\n<meta name=\"twitter:label1\" content=\"Est. reading time\" \/>\n\t<meta name=\"twitter:data1\" content=\"2 minutes\" \/>\n<script type=\"application\/ld+json\" class=\"yoast-schema-graph\">{\"@context\":\"https:\/\/schema.org\",\"@graph\":[{\"@type\":\"WebPage\",\"@id\":\"https:\/\/www.istegroup.com\/fr\/produit\/le-restaurant-une-approche-geographique\/\",\"url\":\"https:\/\/www.istegroup.com\/fr\/produit\/le-restaurant-une-approche-geographique\/\",\"name\":\"Le restaurant, une approche g\u00e9ographique - ISTE Group\",\"isPartOf\":{\"@id\":\"https:\/\/www.istegroup.com\/#website\"},\"primaryImageOfPage\":{\"@id\":\"https:\/\/www.istegroup.com\/fr\/produit\/le-restaurant-une-approche-geographique\/#primaryimage\"},\"image\":{\"@id\":\"https:\/\/www.istegroup.com\/fr\/produit\/le-restaurant-une-approche-geographique\/#primaryimage\"},\"thumbnailUrl\":\"https:\/\/www.istegroup.com\/wp-content\/uploads\/2020\/04\/Le-restaurant-une-approche-g\u00e9ographique_bandeau.jpg\",\"datePublished\":\"2020-03-22T12:16:42+00:00\",\"dateModified\":\"2024-01-03T13:43:27+00:00\",\"description\":\"Cet ouvrage analyse la mani\u00e8re dont les restaurants sont des objets g\u00e9ographiques qui r\u00e9v\u00e8lent des logiques et des strat\u00e9gies de localisation et tissent des rapports \u00e9troits avec leur espace d\u2019implantation.\",\"breadcrumb\":{\"@id\":\"https:\/\/www.istegroup.com\/fr\/produit\/le-restaurant-une-approche-geographique\/#breadcrumb\"},\"inLanguage\":\"en-US\",\"potentialAction\":[{\"@type\":\"ReadAction\",\"target\":[\"https:\/\/www.istegroup.com\/fr\/produit\/le-restaurant-une-approche-geographique\/\"]}]},{\"@type\":\"ImageObject\",\"inLanguage\":\"en-US\",\"@id\":\"https:\/\/www.istegroup.com\/fr\/produit\/le-restaurant-une-approche-geographique\/#primaryimage\",\"url\":\"https:\/\/www.istegroup.com\/wp-content\/uploads\/2020\/04\/Le-restaurant-une-approche-g\u00e9ographique_bandeau.jpg\",\"contentUrl\":\"https:\/\/www.istegroup.com\/wp-content\/uploads\/2020\/04\/Le-restaurant-une-approche-g\u00e9ographique_bandeau.jpg\",\"width\":319,\"height\":476,\"caption\":\"Livre scientifique - Le restaurant, une approche g\u00e9ographique - Olivier Etcheverria\"},{\"@type\":\"BreadcrumbList\",\"@id\":\"https:\/\/www.istegroup.com\/fr\/produit\/le-restaurant-une-approche-geographique\/#breadcrumb\",\"itemListElement\":[{\"@type\":\"ListItem\",\"position\":1,\"name\":\"Home\",\"item\":\"https:\/\/www.istegroup.com\/\"},{\"@type\":\"ListItem\",\"position\":2,\"name\":\"Shop\",\"item\":\"https:\/\/www.istegroup.com\/fr\/nouveautes\/\"},{\"@type\":\"ListItem\",\"position\":3,\"name\":\"Le restaurant, une approche g\u00e9ographique\"}]},{\"@type\":\"WebSite\",\"@id\":\"https:\/\/www.istegroup.com\/#website\",\"url\":\"https:\/\/www.istegroup.com\/\",\"name\":\"ISTE Group\",\"description\":\"Publishing Knowledge\",\"potentialAction\":[{\"@type\":\"SearchAction\",\"target\":{\"@type\":\"EntryPoint\",\"urlTemplate\":\"https:\/\/www.istegroup.com\/?s={search_term_string}\"},\"query-input\":{\"@type\":\"PropertyValueSpecification\",\"valueRequired\":true,\"valueName\":\"search_term_string\"}}],\"inLanguage\":\"en-US\"}]}<\/script>\n<!-- \/ Yoast SEO plugin. -->","yoast_head_json":{"title":"Le restaurant, une approche g\u00e9ographique - ISTE Group","description":"Cet ouvrage analyse la mani\u00e8re dont les restaurants sont des objets g\u00e9ographiques qui r\u00e9v\u00e8lent des logiques et des strat\u00e9gies de localisation et tissent des rapports \u00e9troits avec leur espace d\u2019implantation.","robots":{"index":"index","follow":"follow","max-snippet":"max-snippet:-1","max-image-preview":"max-image-preview:large","max-video-preview":"max-video-preview:-1"},"canonical":"https:\/\/www.istegroup.com\/fr\/produit\/le-restaurant-une-approche-geographique\/","og_locale":"en_US","og_type":"article","og_title":"Le restaurant, une approche g\u00e9ographique - ISTE Group","og_description":"Cet ouvrage analyse la mani\u00e8re dont les restaurants sont des objets g\u00e9ographiques qui r\u00e9v\u00e8lent des logiques et des strat\u00e9gies de localisation et tissent des rapports \u00e9troits avec leur espace d\u2019implantation.","og_url":"https:\/\/www.istegroup.com\/fr\/produit\/le-restaurant-une-approche-geographique\/","og_site_name":"ISTE Group","article_modified_time":"2024-01-03T13:43:27+00:00","og_image":[{"width":319,"height":476,"url":"https:\/\/www.istegroup.com\/wp-content\/uploads\/2020\/04\/Le-restaurant-une-approche-g\u00e9ographique_bandeau.jpg","type":"image\/jpeg"}],"twitter_card":"summary_large_image","twitter_misc":{"Est. reading time":"2 minutes"},"schema":{"@context":"https:\/\/schema.org","@graph":[{"@type":"WebPage","@id":"https:\/\/www.istegroup.com\/fr\/produit\/le-restaurant-une-approche-geographique\/","url":"https:\/\/www.istegroup.com\/fr\/produit\/le-restaurant-une-approche-geographique\/","name":"Le restaurant, une approche g\u00e9ographique - ISTE Group","isPartOf":{"@id":"https:\/\/www.istegroup.com\/#website"},"primaryImageOfPage":{"@id":"https:\/\/www.istegroup.com\/fr\/produit\/le-restaurant-une-approche-geographique\/#primaryimage"},"image":{"@id":"https:\/\/www.istegroup.com\/fr\/produit\/le-restaurant-une-approche-geographique\/#primaryimage"},"thumbnailUrl":"https:\/\/www.istegroup.com\/wp-content\/uploads\/2020\/04\/Le-restaurant-une-approche-g\u00e9ographique_bandeau.jpg","datePublished":"2020-03-22T12:16:42+00:00","dateModified":"2024-01-03T13:43:27+00:00","description":"Cet ouvrage analyse la mani\u00e8re dont les restaurants sont des objets g\u00e9ographiques qui r\u00e9v\u00e8lent des logiques et des strat\u00e9gies de localisation et tissent des rapports \u00e9troits avec leur espace d\u2019implantation.","breadcrumb":{"@id":"https:\/\/www.istegroup.com\/fr\/produit\/le-restaurant-une-approche-geographique\/#breadcrumb"},"inLanguage":"en-US","potentialAction":[{"@type":"ReadAction","target":["https:\/\/www.istegroup.com\/fr\/produit\/le-restaurant-une-approche-geographique\/"]}]},{"@type":"ImageObject","inLanguage":"en-US","@id":"https:\/\/www.istegroup.com\/fr\/produit\/le-restaurant-une-approche-geographique\/#primaryimage","url":"https:\/\/www.istegroup.com\/wp-content\/uploads\/2020\/04\/Le-restaurant-une-approche-g\u00e9ographique_bandeau.jpg","contentUrl":"https:\/\/www.istegroup.com\/wp-content\/uploads\/2020\/04\/Le-restaurant-une-approche-g\u00e9ographique_bandeau.jpg","width":319,"height":476,"caption":"Livre scientifique - Le restaurant, une approche g\u00e9ographique - Olivier Etcheverria"},{"@type":"BreadcrumbList","@id":"https:\/\/www.istegroup.com\/fr\/produit\/le-restaurant-une-approche-geographique\/#breadcrumb","itemListElement":[{"@type":"ListItem","position":1,"name":"Home","item":"https:\/\/www.istegroup.com\/"},{"@type":"ListItem","position":2,"name":"Shop","item":"https:\/\/www.istegroup.com\/fr\/nouveautes\/"},{"@type":"ListItem","position":3,"name":"Le restaurant, une approche g\u00e9ographique"}]},{"@type":"WebSite","@id":"https:\/\/www.istegroup.com\/#website","url":"https:\/\/www.istegroup.com\/","name":"ISTE Group","description":"Publishing Knowledge","potentialAction":[{"@type":"SearchAction","target":{"@type":"EntryPoint","urlTemplate":"https:\/\/www.istegroup.com\/?s={search_term_string}"},"query-input":{"@type":"PropertyValueSpecification","valueRequired":true,"valueName":"search_term_string"}}],"inLanguage":"en-US"}]}},"_links":{"self":[{"href":"https:\/\/www.istegroup.com\/en\/wp-json\/wp\/v2\/product\/23196","targetHints":{"allow":["GET"]}}],"collection":[{"href":"https:\/\/www.istegroup.com\/en\/wp-json\/wp\/v2\/product"}],"about":[{"href":"https:\/\/www.istegroup.com\/en\/wp-json\/wp\/v2\/types\/product"}],"wp:featuredmedia":[{"embeddable":true,"href":"https:\/\/www.istegroup.com\/en\/wp-json\/wp\/v2\/media\/25934"}],"wp:attachment":[{"href":"https:\/\/www.istegroup.com\/en\/wp-json\/wp\/v2\/media?parent=23196"}],"wp:term":[{"taxonomy":"product_brand","embeddable":true,"href":"https:\/\/www.istegroup.com\/en\/wp-json\/wp\/v2\/product_brand?post=23196"},{"taxonomy":"product_cat","embeddable":true,"href":"https:\/\/www.istegroup.com\/en\/wp-json\/wp\/v2\/product_cat?post=23196"},{"taxonomy":"product_tag","embeddable":true,"href":"https:\/\/www.istegroup.com\/en\/wp-json\/wp\/v2\/product_tag?post=23196"}],"curies":[{"name":"wp","href":"https:\/\/api.w.org\/{rel}","templated":true}]}}