{"id":23184,"date":"2020-03-22T10:51:24","date_gmt":"2020-03-22T10:51:24","guid":{"rendered":"https:\/\/www.istegroup.com\/?post_type=product&#038;p=23184"},"modified":"2024-01-03T13:43:27","modified_gmt":"2024-01-03T13:43:27","slug":"le-changement-technologique","status":"publish","type":"product","link":"https:\/\/www.istegroup.com\/en\/produit\/le-changement-technologique\/","title":{"rendered":"Le changement technologique"},"content":{"rendered":"<p>Le changement technologique stimule autant qu\u2019il inqui\u00e8te. L\u2019arriv\u00e9e des nouveaux outils num\u00e9riques bouleverse notamment les mod\u00e8les de consommation, les formes d\u2019emploi et les conditions de travail, et pose de nombreux d\u00e9fis aux organisations comme aux individus. S\u2019il est acquis que le changement technologique est un facteur d\u00e9terminant de la croissance \u00e9conomique, il est non moins vrai qu\u2019il peut aussi \u00eatre un amplificateur, voire un catalyseur, d\u2019in\u00e9galit\u00e9s. Le changement technologique est \u00e9galement un changement social avec lequel il entretient des interactions complexes : la technique est autant la source que la cons\u00e9quence des transformations sociales.<\/p>\n<p>Pour comprendre le changement technologique et en ma\u00eetriser les effets, cet ouvrage \u00e9tudie ces mutations \u00e0 diff\u00e9rentes \u00e9chelles (soci\u00e9tale, organisationnelle et individuelle). Il fait \u00e9galement appel, dans son analyse du sujet, \u00e0 de nombreuses disciplines des sciences humaines et sociales, telles que l\u2019anthropologie, la sociologie ou encore la psychologie.<\/p>\n","protected":false},"excerpt":{"rendered":"<p>Le changement technologique stimule autant qu\u2019il inqui\u00e8te. L\u2019arriv\u00e9e des nouveaux outils num\u00e9riques bouleverse notamment les mod\u00e8les de consommation, les formes d\u2019emploi et les conditions de travail, et pose de nombreux d\u00e9fis aux organisations comme aux individus. S\u2019il est acquis que le changement technologique est un facteur d\u00e9terminant de la croissance \u00e9conomique, il est non moins [&hellip;]<\/p>\n","protected":false},"featured_media":29157,"template":"","meta":{"_acf_changed":false,"_links_to":"","_links_to_target":""},"product_brand":[],"product_cat":[670],"product_tag":[],"class_list":{"0":"post-23184","1":"product","2":"type-product","3":"status-publish","4":"has-post-thumbnail","6":"product_cat-innovation-entrepreneuriat-et-gestion-11041751","8":"first","9":"instock","10":"shipping-taxable","11":"purchasable","12":"product-type-variable"},"acf":[],"yoast_head":"<!-- This site is optimized with the Yoast SEO plugin v27.2 - https:\/\/yoast.com\/product\/yoast-seo-wordpress\/ -->\n<title>Le changement technologique - ISTE Group<\/title>\n<meta name=\"robots\" content=\"index, follow, max-snippet:-1, max-image-preview:large, max-video-preview:-1\" \/>\n<link rel=\"canonical\" href=\"https:\/\/www.istegroup.com\/fr\/produit\/le-changement-technologique\/\" \/>\n<meta property=\"og:locale\" content=\"en_US\" \/>\n<meta property=\"og:type\" content=\"article\" \/>\n<meta property=\"og:title\" content=\"Le changement technologique - ISTE Group\" \/>\n<meta property=\"og:description\" content=\"Le changement technologique stimule autant qu\u2019il inqui\u00e8te. L\u2019arriv\u00e9e des nouveaux outils num\u00e9riques bouleverse notamment les mod\u00e8les de consommation, les formes d\u2019emploi et les conditions de travail, et pose de nombreux d\u00e9fis aux organisations comme aux individus. S\u2019il est acquis que le changement technologique est un facteur d\u00e9terminant de la croissance \u00e9conomique, il est non moins [&hellip;]\" \/>\n<meta property=\"og:url\" content=\"https:\/\/www.istegroup.com\/fr\/produit\/le-changement-technologique\/\" \/>\n<meta property=\"og:site_name\" content=\"ISTE Group\" \/>\n<meta property=\"article:modified_time\" content=\"2024-01-03T13:43:27+00:00\" \/>\n<meta property=\"og:image\" content=\"https:\/\/www.istegroup.com\/wp-content\/uploads\/2020\/05\/Le-changement-technologique.png\" \/>\n\t<meta property=\"og:image:width\" content=\"614\" \/>\n\t<meta property=\"og:image:height\" content=\"926\" \/>\n\t<meta property=\"og:image:type\" content=\"image\/png\" \/>\n<meta name=\"twitter:card\" content=\"summary_large_image\" \/>\n<meta name=\"twitter:label1\" content=\"Est. reading time\" \/>\n\t<meta name=\"twitter:data1\" content=\"1 minute\" \/>\n<script type=\"application\/ld+json\" class=\"yoast-schema-graph\">{\"@context\":\"https:\/\/schema.org\",\"@graph\":[{\"@type\":\"WebPage\",\"@id\":\"https:\/\/www.istegroup.com\/fr\/produit\/le-changement-technologique\/\",\"url\":\"https:\/\/www.istegroup.com\/fr\/produit\/le-changement-technologique\/\",\"name\":\"Le changement technologique - ISTE Group\",\"isPartOf\":{\"@id\":\"https:\/\/www.istegroup.com\/#website\"},\"primaryImageOfPage\":{\"@id\":\"https:\/\/www.istegroup.com\/fr\/produit\/le-changement-technologique\/#primaryimage\"},\"image\":{\"@id\":\"https:\/\/www.istegroup.com\/fr\/produit\/le-changement-technologique\/#primaryimage\"},\"thumbnailUrl\":\"https:\/\/www.istegroup.com\/wp-content\/uploads\/2020\/05\/Le-changement-technologique.png\",\"datePublished\":\"2020-03-22T10:51:24+00:00\",\"dateModified\":\"2024-01-03T13:43:27+00:00\",\"breadcrumb\":{\"@id\":\"https:\/\/www.istegroup.com\/fr\/produit\/le-changement-technologique\/#breadcrumb\"},\"inLanguage\":\"en-US\",\"potentialAction\":[{\"@type\":\"ReadAction\",\"target\":[\"https:\/\/www.istegroup.com\/fr\/produit\/le-changement-technologique\/\"]}]},{\"@type\":\"ImageObject\",\"inLanguage\":\"en-US\",\"@id\":\"https:\/\/www.istegroup.com\/fr\/produit\/le-changement-technologique\/#primaryimage\",\"url\":\"https:\/\/www.istegroup.com\/wp-content\/uploads\/2020\/05\/Le-changement-technologique.png\",\"contentUrl\":\"https:\/\/www.istegroup.com\/wp-content\/uploads\/2020\/05\/Le-changement-technologique.png\",\"width\":614,\"height\":926,\"caption\":\"Livre Le changement technologique - Clotilde Coron et Patrick Gilbert\"},{\"@type\":\"BreadcrumbList\",\"@id\":\"https:\/\/www.istegroup.com\/fr\/produit\/le-changement-technologique\/#breadcrumb\",\"itemListElement\":[{\"@type\":\"ListItem\",\"position\":1,\"name\":\"Home\",\"item\":\"https:\/\/www.istegroup.com\/\"},{\"@type\":\"ListItem\",\"position\":2,\"name\":\"Shop\",\"item\":\"https:\/\/www.istegroup.com\/fr\/nouveautes\/\"},{\"@type\":\"ListItem\",\"position\":3,\"name\":\"Le changement technologique\"}]},{\"@type\":\"WebSite\",\"@id\":\"https:\/\/www.istegroup.com\/#website\",\"url\":\"https:\/\/www.istegroup.com\/\",\"name\":\"ISTE Group\",\"description\":\"Publishing Knowledge\",\"potentialAction\":[{\"@type\":\"SearchAction\",\"target\":{\"@type\":\"EntryPoint\",\"urlTemplate\":\"https:\/\/www.istegroup.com\/?s={search_term_string}\"},\"query-input\":{\"@type\":\"PropertyValueSpecification\",\"valueRequired\":true,\"valueName\":\"search_term_string\"}}],\"inLanguage\":\"en-US\"}]}<\/script>\n<!-- \/ Yoast SEO plugin. -->","yoast_head_json":{"title":"Le changement technologique - ISTE Group","robots":{"index":"index","follow":"follow","max-snippet":"max-snippet:-1","max-image-preview":"max-image-preview:large","max-video-preview":"max-video-preview:-1"},"canonical":"https:\/\/www.istegroup.com\/fr\/produit\/le-changement-technologique\/","og_locale":"en_US","og_type":"article","og_title":"Le changement technologique - ISTE Group","og_description":"Le changement technologique stimule autant qu\u2019il inqui\u00e8te. L\u2019arriv\u00e9e des nouveaux outils num\u00e9riques bouleverse notamment les mod\u00e8les de consommation, les formes d\u2019emploi et les conditions de travail, et pose de nombreux d\u00e9fis aux organisations comme aux individus. S\u2019il est acquis que le changement technologique est un facteur d\u00e9terminant de la croissance \u00e9conomique, il est non moins [&hellip;]","og_url":"https:\/\/www.istegroup.com\/fr\/produit\/le-changement-technologique\/","og_site_name":"ISTE Group","article_modified_time":"2024-01-03T13:43:27+00:00","og_image":[{"width":614,"height":926,"url":"https:\/\/www.istegroup.com\/wp-content\/uploads\/2020\/05\/Le-changement-technologique.png","type":"image\/png"}],"twitter_card":"summary_large_image","twitter_misc":{"Est. reading time":"1 minute"},"schema":{"@context":"https:\/\/schema.org","@graph":[{"@type":"WebPage","@id":"https:\/\/www.istegroup.com\/fr\/produit\/le-changement-technologique\/","url":"https:\/\/www.istegroup.com\/fr\/produit\/le-changement-technologique\/","name":"Le changement technologique - ISTE Group","isPartOf":{"@id":"https:\/\/www.istegroup.com\/#website"},"primaryImageOfPage":{"@id":"https:\/\/www.istegroup.com\/fr\/produit\/le-changement-technologique\/#primaryimage"},"image":{"@id":"https:\/\/www.istegroup.com\/fr\/produit\/le-changement-technologique\/#primaryimage"},"thumbnailUrl":"https:\/\/www.istegroup.com\/wp-content\/uploads\/2020\/05\/Le-changement-technologique.png","datePublished":"2020-03-22T10:51:24+00:00","dateModified":"2024-01-03T13:43:27+00:00","breadcrumb":{"@id":"https:\/\/www.istegroup.com\/fr\/produit\/le-changement-technologique\/#breadcrumb"},"inLanguage":"en-US","potentialAction":[{"@type":"ReadAction","target":["https:\/\/www.istegroup.com\/fr\/produit\/le-changement-technologique\/"]}]},{"@type":"ImageObject","inLanguage":"en-US","@id":"https:\/\/www.istegroup.com\/fr\/produit\/le-changement-technologique\/#primaryimage","url":"https:\/\/www.istegroup.com\/wp-content\/uploads\/2020\/05\/Le-changement-technologique.png","contentUrl":"https:\/\/www.istegroup.com\/wp-content\/uploads\/2020\/05\/Le-changement-technologique.png","width":614,"height":926,"caption":"Livre Le changement technologique - Clotilde Coron et Patrick Gilbert"},{"@type":"BreadcrumbList","@id":"https:\/\/www.istegroup.com\/fr\/produit\/le-changement-technologique\/#breadcrumb","itemListElement":[{"@type":"ListItem","position":1,"name":"Home","item":"https:\/\/www.istegroup.com\/"},{"@type":"ListItem","position":2,"name":"Shop","item":"https:\/\/www.istegroup.com\/fr\/nouveautes\/"},{"@type":"ListItem","position":3,"name":"Le changement technologique"}]},{"@type":"WebSite","@id":"https:\/\/www.istegroup.com\/#website","url":"https:\/\/www.istegroup.com\/","name":"ISTE Group","description":"Publishing Knowledge","potentialAction":[{"@type":"SearchAction","target":{"@type":"EntryPoint","urlTemplate":"https:\/\/www.istegroup.com\/?s={search_term_string}"},"query-input":{"@type":"PropertyValueSpecification","valueRequired":true,"valueName":"search_term_string"}}],"inLanguage":"en-US"}]}},"_links":{"self":[{"href":"https:\/\/www.istegroup.com\/en\/wp-json\/wp\/v2\/product\/23184","targetHints":{"allow":["GET"]}}],"collection":[{"href":"https:\/\/www.istegroup.com\/en\/wp-json\/wp\/v2\/product"}],"about":[{"href":"https:\/\/www.istegroup.com\/en\/wp-json\/wp\/v2\/types\/product"}],"wp:featuredmedia":[{"embeddable":true,"href":"https:\/\/www.istegroup.com\/en\/wp-json\/wp\/v2\/media\/29157"}],"wp:attachment":[{"href":"https:\/\/www.istegroup.com\/en\/wp-json\/wp\/v2\/media?parent=23184"}],"wp:term":[{"taxonomy":"product_brand","embeddable":true,"href":"https:\/\/www.istegroup.com\/en\/wp-json\/wp\/v2\/product_brand?post=23184"},{"taxonomy":"product_cat","embeddable":true,"href":"https:\/\/www.istegroup.com\/en\/wp-json\/wp\/v2\/product_cat?post=23184"},{"taxonomy":"product_tag","embeddable":true,"href":"https:\/\/www.istegroup.com\/en\/wp-json\/wp\/v2\/product_tag?post=23184"}],"curies":[{"name":"wp","href":"https:\/\/api.w.org\/{rel}","templated":true}]}}