{"id":23170,"date":"2020-03-22T09:58:06","date_gmt":"2020-03-22T09:58:06","guid":{"rendered":"https:\/\/www.istegroup.com\/?post_type=product&#038;p=23170"},"modified":"2024-01-03T13:43:27","modified_gmt":"2024-01-03T13:43:27","slug":"les-comportements-des-poissons-1","status":"publish","type":"product","link":"https:\/\/www.istegroup.com\/en\/produit\/les-comportements-des-poissons-1\/","title":{"rendered":"Les comportements des poissons 1"},"content":{"rendered":"<p>Les progr\u00e8s relatifs \u00e0 la p\u00e9n\u00e9tration dans le monde subaquatique, \u00e0 l\u2019observation<em> in situ<\/em> des peuplements de poissons et au d\u00e9veloppement de technologies de pointe offrent un \u00e9clairage moderne sur les strat\u00e9gies et les comportements des poissons dont les aptitudes cognitives ont \u00e9t\u00e9 longtemps sous-estim\u00e9es.<\/p>\n<p><em>Les comportements des poissons 1<\/em> pr\u00e9sente l\u2019\u00e9tat actuel des connaissances relatives \u00e0 la biologie, \u00e0 l\u2019\u00e9cologie et \u00e0 l\u2019\u00e9thologie des poissons. \u00c0 la lumi\u00e8re des travaux scientifiques les plus r\u00e9cents, il examine les habitats exploit\u00e9s par les poissons ainsi que les strat\u00e9gies et tactiques adopt\u00e9es par ces deniers en mati\u00e8re d\u2019occupation des territoires disponibles. Il traite \u00e9galement des questions de communication entre les individus au cours de leurs interactions sociales.<\/p>\n<p>Cet ouvrage est destin\u00e9 aux chercheurs, enseignants, \u00e9tudiants de masters et doctorants en biologie et biog\u00e9ographie, aux halieutes, aux ing\u00e9nieurs et techniciens responsables de l\u2019am\u00e9nagement et de la protection des milieux naturels et des aquariums publics, ainsi qu\u2019aux aquaculteurs, p\u00eacheurs et \u00e9cologistes.<\/p>\n","protected":false},"excerpt":{"rendered":"<p>Les progr\u00e8s relatifs \u00e0 la p\u00e9n\u00e9tration dans le monde subaquatique, \u00e0 l\u2019observation in situ des peuplements de poissons et au d\u00e9veloppement de technologies de pointe offrent un \u00e9clairage moderne sur les strat\u00e9gies et les comportements des poissons dont les aptitudes cognitives ont \u00e9t\u00e9 longtemps sous-estim\u00e9es. Les comportements des poissons 1 pr\u00e9sente l\u2019\u00e9tat actuel des connaissances [&hellip;]<\/p>\n","protected":false},"featured_media":23178,"template":"","meta":{"_acf_changed":false,"_links_to":"","_links_to_target":""},"product_brand":[],"product_cat":[658],"product_tag":[],"class_list":{"0":"post-23170","1":"product","2":"type-product","3":"status-publish","4":"has-post-thumbnail","6":"product_cat-ecologie-14419669","8":"first","9":"instock","10":"shipping-taxable","11":"purchasable","12":"product-type-variable"},"acf":[],"yoast_head":"<!-- This site is optimized with the Yoast SEO plugin v27.2 - https:\/\/yoast.com\/product\/yoast-seo-wordpress\/ -->\n<title>Les comportements des poissons 1 - ISTE Group<\/title>\n<meta name=\"description\" content=\"Les comportements des poissons 1 pr\u00e9sente l\u2019\u00e9tat actuel des connaissances relatives \u00e0 la biologie, \u00e0 l\u2019\u00e9cologie et \u00e0 l\u2019\u00e9thologie des poissons.\" \/>\n<meta name=\"robots\" content=\"index, follow, max-snippet:-1, max-image-preview:large, max-video-preview:-1\" \/>\n<link rel=\"canonical\" href=\"https:\/\/www.istegroup.com\/en\/produit\/les-comportements-des-poissons-1\/\" \/>\n<meta property=\"og:locale\" content=\"en_US\" \/>\n<meta property=\"og:type\" content=\"article\" \/>\n<meta property=\"og:title\" content=\"Les comportements des poissons 1 - ISTE Group\" \/>\n<meta property=\"og:description\" content=\"Les comportements des poissons 1 pr\u00e9sente l\u2019\u00e9tat actuel des connaissances relatives \u00e0 la biologie, \u00e0 l\u2019\u00e9cologie et \u00e0 l\u2019\u00e9thologie des poissons.\" \/>\n<meta property=\"og:url\" content=\"https:\/\/www.istegroup.com\/en\/produit\/les-comportements-des-poissons-1\/\" \/>\n<meta property=\"og:site_name\" content=\"ISTE Group\" \/>\n<meta property=\"article:modified_time\" content=\"2024-01-03T13:43:27+00:00\" \/>\n<meta property=\"og:image\" content=\"https:\/\/www.istegroup.com\/wp-content\/uploads\/2019\/10\/Les-comportements-des-poissons-1.jpg\" \/>\n\t<meta property=\"og:image:width\" content=\"300\" \/>\n\t<meta property=\"og:image:height\" content=\"451\" \/>\n\t<meta property=\"og:image:type\" content=\"image\/jpeg\" \/>\n<meta name=\"twitter:card\" content=\"summary_large_image\" \/>\n<meta name=\"twitter:label1\" content=\"Est. reading time\" \/>\n\t<meta name=\"twitter:data1\" content=\"1 minute\" \/>\n<script type=\"application\/ld+json\" class=\"yoast-schema-graph\">{\"@context\":\"https:\/\/schema.org\",\"@graph\":[{\"@type\":\"WebPage\",\"@id\":\"https:\/\/www.istegroup.com\/en\/produit\/les-comportements-des-poissons-1\/\",\"url\":\"https:\/\/www.istegroup.com\/en\/produit\/les-comportements-des-poissons-1\/\",\"name\":\"Les comportements des poissons 1 - ISTE Group\",\"isPartOf\":{\"@id\":\"https:\/\/www.istegroup.com\/#website\"},\"primaryImageOfPage\":{\"@id\":\"https:\/\/www.istegroup.com\/en\/produit\/les-comportements-des-poissons-1\/#primaryimage\"},\"image\":{\"@id\":\"https:\/\/www.istegroup.com\/en\/produit\/les-comportements-des-poissons-1\/#primaryimage\"},\"thumbnailUrl\":\"https:\/\/www.istegroup.com\/wp-content\/uploads\/2019\/10\/Les-comportements-des-poissons-1.jpg\",\"datePublished\":\"2020-03-22T09:58:06+00:00\",\"dateModified\":\"2024-01-03T13:43:27+00:00\",\"description\":\"Les comportements des poissons 1 pr\u00e9sente l\u2019\u00e9tat actuel des connaissances relatives \u00e0 la biologie, \u00e0 l\u2019\u00e9cologie et \u00e0 l\u2019\u00e9thologie des poissons.\",\"breadcrumb\":{\"@id\":\"https:\/\/www.istegroup.com\/en\/produit\/les-comportements-des-poissons-1\/#breadcrumb\"},\"inLanguage\":\"en-US\",\"potentialAction\":[{\"@type\":\"ReadAction\",\"target\":[\"https:\/\/www.istegroup.com\/en\/produit\/les-comportements-des-poissons-1\/\"]}]},{\"@type\":\"ImageObject\",\"inLanguage\":\"en-US\",\"@id\":\"https:\/\/www.istegroup.com\/en\/produit\/les-comportements-des-poissons-1\/#primaryimage\",\"url\":\"https:\/\/www.istegroup.com\/wp-content\/uploads\/2019\/10\/Les-comportements-des-poissons-1.jpg\",\"contentUrl\":\"https:\/\/www.istegroup.com\/wp-content\/uploads\/2019\/10\/Les-comportements-des-poissons-1.jpg\",\"width\":300,\"height\":451,\"caption\":\"\u00c9co-\u00e9thologie\"},{\"@type\":\"BreadcrumbList\",\"@id\":\"https:\/\/www.istegroup.com\/en\/produit\/les-comportements-des-poissons-1\/#breadcrumb\",\"itemListElement\":[{\"@type\":\"ListItem\",\"position\":1,\"name\":\"Home\",\"item\":\"https:\/\/www.istegroup.com\/\"},{\"@type\":\"ListItem\",\"position\":2,\"name\":\"Shop\",\"item\":\"https:\/\/www.istegroup.com\/fr\/nouveautes\/\"},{\"@type\":\"ListItem\",\"position\":3,\"name\":\"Les comportements des poissons 1\"}]},{\"@type\":\"WebSite\",\"@id\":\"https:\/\/www.istegroup.com\/#website\",\"url\":\"https:\/\/www.istegroup.com\/\",\"name\":\"ISTE Group\",\"description\":\"Publishing Knowledge\",\"potentialAction\":[{\"@type\":\"SearchAction\",\"target\":{\"@type\":\"EntryPoint\",\"urlTemplate\":\"https:\/\/www.istegroup.com\/?s={search_term_string}\"},\"query-input\":{\"@type\":\"PropertyValueSpecification\",\"valueRequired\":true,\"valueName\":\"search_term_string\"}}],\"inLanguage\":\"en-US\"}]}<\/script>\n<!-- \/ Yoast SEO plugin. -->","yoast_head_json":{"title":"Les comportements des poissons 1 - ISTE Group","description":"Les comportements des poissons 1 pr\u00e9sente l\u2019\u00e9tat actuel des connaissances relatives \u00e0 la biologie, \u00e0 l\u2019\u00e9cologie et \u00e0 l\u2019\u00e9thologie des poissons.","robots":{"index":"index","follow":"follow","max-snippet":"max-snippet:-1","max-image-preview":"max-image-preview:large","max-video-preview":"max-video-preview:-1"},"canonical":"https:\/\/www.istegroup.com\/en\/produit\/les-comportements-des-poissons-1\/","og_locale":"en_US","og_type":"article","og_title":"Les comportements des poissons 1 - ISTE Group","og_description":"Les comportements des poissons 1 pr\u00e9sente l\u2019\u00e9tat actuel des connaissances relatives \u00e0 la biologie, \u00e0 l\u2019\u00e9cologie et \u00e0 l\u2019\u00e9thologie des poissons.","og_url":"https:\/\/www.istegroup.com\/en\/produit\/les-comportements-des-poissons-1\/","og_site_name":"ISTE Group","article_modified_time":"2024-01-03T13:43:27+00:00","og_image":[{"width":300,"height":451,"url":"https:\/\/www.istegroup.com\/wp-content\/uploads\/2019\/10\/Les-comportements-des-poissons-1.jpg","type":"image\/jpeg"}],"twitter_card":"summary_large_image","twitter_misc":{"Est. reading time":"1 minute"},"schema":{"@context":"https:\/\/schema.org","@graph":[{"@type":"WebPage","@id":"https:\/\/www.istegroup.com\/en\/produit\/les-comportements-des-poissons-1\/","url":"https:\/\/www.istegroup.com\/en\/produit\/les-comportements-des-poissons-1\/","name":"Les comportements des poissons 1 - ISTE Group","isPartOf":{"@id":"https:\/\/www.istegroup.com\/#website"},"primaryImageOfPage":{"@id":"https:\/\/www.istegroup.com\/en\/produit\/les-comportements-des-poissons-1\/#primaryimage"},"image":{"@id":"https:\/\/www.istegroup.com\/en\/produit\/les-comportements-des-poissons-1\/#primaryimage"},"thumbnailUrl":"https:\/\/www.istegroup.com\/wp-content\/uploads\/2019\/10\/Les-comportements-des-poissons-1.jpg","datePublished":"2020-03-22T09:58:06+00:00","dateModified":"2024-01-03T13:43:27+00:00","description":"Les comportements des poissons 1 pr\u00e9sente l\u2019\u00e9tat actuel des connaissances relatives \u00e0 la biologie, \u00e0 l\u2019\u00e9cologie et \u00e0 l\u2019\u00e9thologie des poissons.","breadcrumb":{"@id":"https:\/\/www.istegroup.com\/en\/produit\/les-comportements-des-poissons-1\/#breadcrumb"},"inLanguage":"en-US","potentialAction":[{"@type":"ReadAction","target":["https:\/\/www.istegroup.com\/en\/produit\/les-comportements-des-poissons-1\/"]}]},{"@type":"ImageObject","inLanguage":"en-US","@id":"https:\/\/www.istegroup.com\/en\/produit\/les-comportements-des-poissons-1\/#primaryimage","url":"https:\/\/www.istegroup.com\/wp-content\/uploads\/2019\/10\/Les-comportements-des-poissons-1.jpg","contentUrl":"https:\/\/www.istegroup.com\/wp-content\/uploads\/2019\/10\/Les-comportements-des-poissons-1.jpg","width":300,"height":451,"caption":"\u00c9co-\u00e9thologie"},{"@type":"BreadcrumbList","@id":"https:\/\/www.istegroup.com\/en\/produit\/les-comportements-des-poissons-1\/#breadcrumb","itemListElement":[{"@type":"ListItem","position":1,"name":"Home","item":"https:\/\/www.istegroup.com\/"},{"@type":"ListItem","position":2,"name":"Shop","item":"https:\/\/www.istegroup.com\/fr\/nouveautes\/"},{"@type":"ListItem","position":3,"name":"Les comportements des poissons 1"}]},{"@type":"WebSite","@id":"https:\/\/www.istegroup.com\/#website","url":"https:\/\/www.istegroup.com\/","name":"ISTE Group","description":"Publishing Knowledge","potentialAction":[{"@type":"SearchAction","target":{"@type":"EntryPoint","urlTemplate":"https:\/\/www.istegroup.com\/?s={search_term_string}"},"query-input":{"@type":"PropertyValueSpecification","valueRequired":true,"valueName":"search_term_string"}}],"inLanguage":"en-US"}]}},"_links":{"self":[{"href":"https:\/\/www.istegroup.com\/en\/wp-json\/wp\/v2\/product\/23170","targetHints":{"allow":["GET"]}}],"collection":[{"href":"https:\/\/www.istegroup.com\/en\/wp-json\/wp\/v2\/product"}],"about":[{"href":"https:\/\/www.istegroup.com\/en\/wp-json\/wp\/v2\/types\/product"}],"wp:featuredmedia":[{"embeddable":true,"href":"https:\/\/www.istegroup.com\/en\/wp-json\/wp\/v2\/media\/23178"}],"wp:attachment":[{"href":"https:\/\/www.istegroup.com\/en\/wp-json\/wp\/v2\/media?parent=23170"}],"wp:term":[{"taxonomy":"product_brand","embeddable":true,"href":"https:\/\/www.istegroup.com\/en\/wp-json\/wp\/v2\/product_brand?post=23170"},{"taxonomy":"product_cat","embeddable":true,"href":"https:\/\/www.istegroup.com\/en\/wp-json\/wp\/v2\/product_cat?post=23170"},{"taxonomy":"product_tag","embeddable":true,"href":"https:\/\/www.istegroup.com\/en\/wp-json\/wp\/v2\/product_tag?post=23170"}],"curies":[{"name":"wp","href":"https:\/\/api.w.org\/{rel}","templated":true}]}}