{"id":231,"date":"2017-07-28T11:14:36","date_gmt":"2017-07-28T09:14:36","guid":{"rendered":"https:\/\/iste.yhello.co\/product\/emergie\/"},"modified":"2024-01-03T13:39:00","modified_gmt":"2024-01-03T13:39:00","slug":"emergie","status":"publish","type":"product","link":"https:\/\/www.istegroup.com\/en\/produit\/emergie\/","title":{"rendered":"Emergie"},"content":{"rendered":"<p>La s\u00e9rie\u00a0<em>Thermodynamique &#8211; Energie, Environnement, Economie<\/em>\u00a0est un outil pluridisciplinaire qui s\u2019int\u00e9resse au domaine de l\u2019\u00e9nergie (conversion et usage) en relation avec les probl\u00e9matiques environnementales et \u00e9conomiques. Elle traite \u00e9galement des aspects fondamentaux actuels li\u00e9s \u00e0 l\u2019\u00e9volution de notre Monde et de l\u2019Univers.<\/p>\n<p>La th\u00e9orie de l\u2019\u00e9mergie, de l\u2019anglais <em>embodied energy<\/em>, caract\u00e9rise la valeur intrins\u00e8que d\u2019une ressource ou d\u2019un produit en partant du principe que tout objet fabriqu\u00e9 par l\u2019Homme est issu de l\u2019exploitation de ressources naturelles. Alors que la prise de conscience de l\u2019activit\u00e9 anthropique sur l\u2019environnement est de plus en plus pr\u00e9gnante, le concept holistique d\u2019\u00e9mergie permet de comparer diff\u00e9rentes solutions techniques et leur impact \u00e9nerg\u00e9tique et environnemental sur une m\u00eame base : l\u2019\u00e9nergie solaire \u00e9quivalente.<\/p>\n<p>Rappelant les paradigmes fondamentaux de l\u2019\u00e9mergie, cet ouvrage d\u00e9crit les r\u00e8gles et les calculs n\u00e9cessaires \u00e0 l\u2019analyse \u00e9merg\u00e9tique de la g\u00e9obiosph\u00e8re. Il pr\u00e9sente \u00e9galement diff\u00e9rents exemples d\u2019application dans le cadre de la politique \u00e9nerg\u00e9tique de l\u2019Union europ\u00e9enne. Ces solutions applicables aux \u00e9nergies renouvelables (r\u00e9seau de chaleur bois, \u00e9olienne, solaire thermique et photovolta\u00efque, huile de palme, algue) et au recyclage continu ou discontinu avec ou sans perte de mati\u00e8re (aluminium, acier, verre, etc.) permettent de limiter le recours aux ressources terrestres.<\/p>\n","protected":false},"excerpt":{"rendered":"<p>La s\u00e9rie\u00a0Thermodynamique &#8211; Energie, Environnement, Economie\u00a0est un outil pluridisciplinaire qui s\u2019int\u00e9resse au domaine de l\u2019\u00e9nergie (conversion et usage) en relation avec les probl\u00e9matiques environnementales et \u00e9conomiques. Elle traite \u00e9galement des aspects fondamentaux actuels li\u00e9s \u00e0 l\u2019\u00e9volution de notre Monde et de l\u2019Univers. La th\u00e9orie de l\u2019\u00e9mergie, de l\u2019anglais embodied energy, caract\u00e9rise la valeur intrins\u00e8que d\u2019une [&hellip;]<\/p>\n","protected":false},"featured_media":232,"template":"","meta":{"_acf_changed":false,"_links_to":"","_links_to_target":""},"product_brand":[],"product_cat":[660,675,724],"product_tag":[31,196,1211,474,1212,296,1213,1214,329,197,198,199,21,22,201,203,204,63,25,172,209,1209,212,38,192,145,28,1210,253,455],"class_list":{"0":"post-231","1":"product","2":"type-product","3":"status-publish","4":"has-post-thumbnail","6":"product_cat-energie-12506414","7":"product_cat-nouveauts-12519446","8":"product_cat-srie-thermodynamique-energie-environnement-economie-coordonne-191529668","9":"product_tag-ebook","10":"product_tag-ebooks","11":"product_tag-eco-conception","12":"product_tag-ecologie","13":"product_tag-emergie","14":"product_tag-energie","15":"product_tag-energie-solaire","16":"product_tag-energies-renouvelables","17":"product_tag-environnement","18":"product_tag-iste","19":"product_tag-iste-edition","20":"product_tag-iste-editions","21":"product_tag-iste-group","22":"product_tag-istegroup","23":"product_tag-kindle","24":"product_tag-liseuse","25":"product_tag-livre","26":"product_tag-livre-electronique","27":"product_tag-livre-numerique","28":"product_tag-livre-scientifique","29":"product_tag-livres-scientifiques","30":"product_tag-olivier-le-corre","31":"product_tag-ouvrage","32":"product_tag-ouvrage-numerique","33":"product_tag-ouvrage-science","34":"product_tag-ouvrage-scientifique","35":"product_tag-ouvrage-scientifique-francais","36":"product_tag-ressources-naturelles","37":"product_tag-technologie","38":"product_tag-thermodynamique","40":"first","41":"instock","42":"shipping-taxable","43":"purchasable","44":"product-type-variable"},"acf":[],"yoast_head":"<!-- This site is optimized with the Yoast SEO plugin v27.2 - https:\/\/yoast.com\/product\/yoast-seo-wordpress\/ -->\n<title>Emergie - ISTE Group<\/title>\n<meta name=\"description\" content=\"Emergie d\u00e9crit les r\u00e8gles et les calculs n\u00e9cessaires \u00e0 l\u2019analyse \u00e9merg\u00e9tique de la g\u00e9obiosph\u00e8re et pr\u00e9sente diff\u00e9rents exemples d\u2019application.\" \/>\n<meta name=\"robots\" content=\"index, follow, max-snippet:-1, max-image-preview:large, max-video-preview:-1\" \/>\n<link rel=\"canonical\" href=\"https:\/\/www.istegroup.com\/fr\/produit\/emergie\/\" \/>\n<meta property=\"og:locale\" content=\"en_US\" \/>\n<meta property=\"og:type\" content=\"article\" \/>\n<meta property=\"og:title\" content=\"Emergie - ISTE Group\" \/>\n<meta property=\"og:description\" content=\"Emergie d\u00e9crit les r\u00e8gles et les calculs n\u00e9cessaires \u00e0 l\u2019analyse \u00e9merg\u00e9tique de la g\u00e9obiosph\u00e8re et pr\u00e9sente diff\u00e9rents exemples d\u2019application.\" \/>\n<meta property=\"og:url\" content=\"https:\/\/www.istegroup.com\/fr\/produit\/emergie\/\" \/>\n<meta property=\"og:site_name\" content=\"ISTE Group\" \/>\n<meta property=\"article:modified_time\" content=\"2024-01-03T13:39:00+00:00\" \/>\n<meta property=\"og:image\" content=\"https:\/\/www.istegroup.com\/wp-content\/uploads\/2017\/07\/14968402244_6403349124-1.jpg\" \/>\n\t<meta property=\"og:image:width\" content=\"1356\" \/>\n\t<meta property=\"og:image:height\" content=\"2048\" \/>\n\t<meta property=\"og:image:type\" content=\"image\/jpeg\" \/>\n<meta name=\"twitter:card\" content=\"summary_large_image\" \/>\n<meta name=\"twitter:label1\" content=\"Est. reading time\" \/>\n\t<meta name=\"twitter:data1\" content=\"1 minute\" \/>\n<script type=\"application\/ld+json\" class=\"yoast-schema-graph\">{\"@context\":\"https:\/\/schema.org\",\"@graph\":[{\"@type\":\"WebPage\",\"@id\":\"https:\/\/www.istegroup.com\/fr\/produit\/emergie\/\",\"url\":\"https:\/\/www.istegroup.com\/fr\/produit\/emergie\/\",\"name\":\"Emergie - ISTE Group\",\"isPartOf\":{\"@id\":\"https:\/\/www.istegroup.com\/#website\"},\"primaryImageOfPage\":{\"@id\":\"https:\/\/www.istegroup.com\/fr\/produit\/emergie\/#primaryimage\"},\"image\":{\"@id\":\"https:\/\/www.istegroup.com\/fr\/produit\/emergie\/#primaryimage\"},\"thumbnailUrl\":\"https:\/\/www.istegroup.com\/wp-content\/uploads\/2017\/07\/14968402244_6403349124-1.jpg\",\"datePublished\":\"2017-07-28T09:14:36+00:00\",\"dateModified\":\"2024-01-03T13:39:00+00:00\",\"description\":\"Emergie d\u00e9crit les r\u00e8gles et les calculs n\u00e9cessaires \u00e0 l\u2019analyse \u00e9merg\u00e9tique de la g\u00e9obiosph\u00e8re et pr\u00e9sente diff\u00e9rents exemples d\u2019application.\",\"breadcrumb\":{\"@id\":\"https:\/\/www.istegroup.com\/fr\/produit\/emergie\/#breadcrumb\"},\"inLanguage\":\"en-US\",\"potentialAction\":[{\"@type\":\"ReadAction\",\"target\":[\"https:\/\/www.istegroup.com\/fr\/produit\/emergie\/\"]}]},{\"@type\":\"ImageObject\",\"inLanguage\":\"en-US\",\"@id\":\"https:\/\/www.istegroup.com\/fr\/produit\/emergie\/#primaryimage\",\"url\":\"https:\/\/www.istegroup.com\/wp-content\/uploads\/2017\/07\/14968402244_6403349124-1.jpg\",\"contentUrl\":\"https:\/\/www.istegroup.com\/wp-content\/uploads\/2017\/07\/14968402244_6403349124-1.jpg\",\"width\":1356,\"height\":2048,\"caption\":\"Approche holistique pour l\u2019\u00e9co-conception\"},{\"@type\":\"BreadcrumbList\",\"@id\":\"https:\/\/www.istegroup.com\/fr\/produit\/emergie\/#breadcrumb\",\"itemListElement\":[{\"@type\":\"ListItem\",\"position\":1,\"name\":\"Home\",\"item\":\"https:\/\/www.istegroup.com\/\"},{\"@type\":\"ListItem\",\"position\":2,\"name\":\"Shop\",\"item\":\"https:\/\/www.istegroup.com\/fr\/nouveautes\/\"},{\"@type\":\"ListItem\",\"position\":3,\"name\":\"Emergie\"}]},{\"@type\":\"WebSite\",\"@id\":\"https:\/\/www.istegroup.com\/#website\",\"url\":\"https:\/\/www.istegroup.com\/\",\"name\":\"ISTE Group\",\"description\":\"Publishing Knowledge\",\"potentialAction\":[{\"@type\":\"SearchAction\",\"target\":{\"@type\":\"EntryPoint\",\"urlTemplate\":\"https:\/\/www.istegroup.com\/?s={search_term_string}\"},\"query-input\":{\"@type\":\"PropertyValueSpecification\",\"valueRequired\":true,\"valueName\":\"search_term_string\"}}],\"inLanguage\":\"en-US\"}]}<\/script>\n<!-- \/ Yoast SEO plugin. -->","yoast_head_json":{"title":"Emergie - ISTE Group","description":"Emergie d\u00e9crit les r\u00e8gles et les calculs n\u00e9cessaires \u00e0 l\u2019analyse \u00e9merg\u00e9tique de la g\u00e9obiosph\u00e8re et pr\u00e9sente diff\u00e9rents exemples d\u2019application.","robots":{"index":"index","follow":"follow","max-snippet":"max-snippet:-1","max-image-preview":"max-image-preview:large","max-video-preview":"max-video-preview:-1"},"canonical":"https:\/\/www.istegroup.com\/fr\/produit\/emergie\/","og_locale":"en_US","og_type":"article","og_title":"Emergie - ISTE Group","og_description":"Emergie d\u00e9crit les r\u00e8gles et les calculs n\u00e9cessaires \u00e0 l\u2019analyse \u00e9merg\u00e9tique de la g\u00e9obiosph\u00e8re et pr\u00e9sente diff\u00e9rents exemples d\u2019application.","og_url":"https:\/\/www.istegroup.com\/fr\/produit\/emergie\/","og_site_name":"ISTE Group","article_modified_time":"2024-01-03T13:39:00+00:00","og_image":[{"width":1356,"height":2048,"url":"https:\/\/www.istegroup.com\/wp-content\/uploads\/2017\/07\/14968402244_6403349124-1.jpg","type":"image\/jpeg"}],"twitter_card":"summary_large_image","twitter_misc":{"Est. reading time":"1 minute"},"schema":{"@context":"https:\/\/schema.org","@graph":[{"@type":"WebPage","@id":"https:\/\/www.istegroup.com\/fr\/produit\/emergie\/","url":"https:\/\/www.istegroup.com\/fr\/produit\/emergie\/","name":"Emergie - ISTE Group","isPartOf":{"@id":"https:\/\/www.istegroup.com\/#website"},"primaryImageOfPage":{"@id":"https:\/\/www.istegroup.com\/fr\/produit\/emergie\/#primaryimage"},"image":{"@id":"https:\/\/www.istegroup.com\/fr\/produit\/emergie\/#primaryimage"},"thumbnailUrl":"https:\/\/www.istegroup.com\/wp-content\/uploads\/2017\/07\/14968402244_6403349124-1.jpg","datePublished":"2017-07-28T09:14:36+00:00","dateModified":"2024-01-03T13:39:00+00:00","description":"Emergie d\u00e9crit les r\u00e8gles et les calculs n\u00e9cessaires \u00e0 l\u2019analyse \u00e9merg\u00e9tique de la g\u00e9obiosph\u00e8re et pr\u00e9sente diff\u00e9rents exemples d\u2019application.","breadcrumb":{"@id":"https:\/\/www.istegroup.com\/fr\/produit\/emergie\/#breadcrumb"},"inLanguage":"en-US","potentialAction":[{"@type":"ReadAction","target":["https:\/\/www.istegroup.com\/fr\/produit\/emergie\/"]}]},{"@type":"ImageObject","inLanguage":"en-US","@id":"https:\/\/www.istegroup.com\/fr\/produit\/emergie\/#primaryimage","url":"https:\/\/www.istegroup.com\/wp-content\/uploads\/2017\/07\/14968402244_6403349124-1.jpg","contentUrl":"https:\/\/www.istegroup.com\/wp-content\/uploads\/2017\/07\/14968402244_6403349124-1.jpg","width":1356,"height":2048,"caption":"Approche holistique pour l\u2019\u00e9co-conception"},{"@type":"BreadcrumbList","@id":"https:\/\/www.istegroup.com\/fr\/produit\/emergie\/#breadcrumb","itemListElement":[{"@type":"ListItem","position":1,"name":"Home","item":"https:\/\/www.istegroup.com\/"},{"@type":"ListItem","position":2,"name":"Shop","item":"https:\/\/www.istegroup.com\/fr\/nouveautes\/"},{"@type":"ListItem","position":3,"name":"Emergie"}]},{"@type":"WebSite","@id":"https:\/\/www.istegroup.com\/#website","url":"https:\/\/www.istegroup.com\/","name":"ISTE Group","description":"Publishing Knowledge","potentialAction":[{"@type":"SearchAction","target":{"@type":"EntryPoint","urlTemplate":"https:\/\/www.istegroup.com\/?s={search_term_string}"},"query-input":{"@type":"PropertyValueSpecification","valueRequired":true,"valueName":"search_term_string"}}],"inLanguage":"en-US"}]}},"_links":{"self":[{"href":"https:\/\/www.istegroup.com\/en\/wp-json\/wp\/v2\/product\/231","targetHints":{"allow":["GET"]}}],"collection":[{"href":"https:\/\/www.istegroup.com\/en\/wp-json\/wp\/v2\/product"}],"about":[{"href":"https:\/\/www.istegroup.com\/en\/wp-json\/wp\/v2\/types\/product"}],"wp:featuredmedia":[{"embeddable":true,"href":"https:\/\/www.istegroup.com\/en\/wp-json\/wp\/v2\/media\/232"}],"wp:attachment":[{"href":"https:\/\/www.istegroup.com\/en\/wp-json\/wp\/v2\/media?parent=231"}],"wp:term":[{"taxonomy":"product_brand","embeddable":true,"href":"https:\/\/www.istegroup.com\/en\/wp-json\/wp\/v2\/product_brand?post=231"},{"taxonomy":"product_cat","embeddable":true,"href":"https:\/\/www.istegroup.com\/en\/wp-json\/wp\/v2\/product_cat?post=231"},{"taxonomy":"product_tag","embeddable":true,"href":"https:\/\/www.istegroup.com\/en\/wp-json\/wp\/v2\/product_tag?post=231"}],"curies":[{"name":"wp","href":"https:\/\/api.w.org\/{rel}","templated":true}]}}