{"id":22934,"date":"2020-03-21T15:42:13","date_gmt":"2020-03-21T15:42:13","guid":{"rendered":"https:\/\/www.istegroup.com\/?post_type=product&#038;p=22934"},"modified":"2024-01-03T13:43:27","modified_gmt":"2024-01-03T13:43:27","slug":"fonctions-continues","status":"publish","type":"product","link":"https:\/\/www.istegroup.com\/en\/produit\/fonctions-continues\/","title":{"rendered":"Fonctions continues"},"content":{"rendered":"<p>Les fonctions continues sont utiles pour la r\u00e9solution des \u00e9quations aux d\u00e9riv\u00e9es partielles, et plus particuli\u00e8rement pour la construction des distributions \u00e0 valeurs dans un espace de Neumann o\u00f9 toute suite de Cauchy converge.<\/p>\n<p>Cet ouvrage examine la d\u00e9rivation partielle, la construction de primitive (qui en est l\u2019application r\u00e9ciproque), l\u2019int\u00e9gration ainsi que la pond\u00e9ration des fonctions \u00e0 valeurs dans un espace de Neumann. Il pr\u00e9sente des g\u00e9n\u00e9ralisations, nouvelles, de propri\u00e9t\u00e9s classiques pour les valeurs dans un espace de Banach.<\/p>\n<p><em>Fonctions continues<\/em> privil\u00e9gie les m\u00e9thodes simples, les semi-normes, les propri\u00e9t\u00e9s s\u00e9quentielles, afin de rendre ces outils accessibles au plus grand nombre sans en restreindre la g\u00e9n\u00e9ralit\u00e9.<\/p>\n","protected":false},"excerpt":{"rendered":"<p>Les fonctions continues sont utiles pour la r\u00e9solution des \u00e9quations aux d\u00e9riv\u00e9es partielles, et plus particuli\u00e8rement pour la construction des distributions \u00e0 valeurs dans un espace de Neumann o\u00f9 toute suite de Cauchy converge. Cet ouvrage examine la d\u00e9rivation partielle, la construction de primitive (qui en est l\u2019application r\u00e9ciproque), l\u2019int\u00e9gration ainsi que la pond\u00e9ration des [&hellip;]<\/p>\n","protected":false},"featured_media":22938,"template":"","meta":{"_acf_changed":false,"_links_to":"","_links_to_target":""},"product_brand":[],"product_cat":[671],"product_tag":[],"class_list":{"0":"post-22934","1":"product","2":"type-product","3":"status-publish","4":"has-post-thumbnail","6":"product_cat-mathmatiques-et-statistiques-12506494","8":"first","9":"instock","10":"shipping-taxable","11":"purchasable","12":"product-type-variable"},"acf":[],"yoast_head":"<!-- This site is optimized with the Yoast SEO plugin v27.2 - https:\/\/yoast.com\/product\/yoast-seo-wordpress\/ -->\n<title>Fonctions continues - ISTE Group<\/title>\n<meta name=\"description\" content=\"Cet ouvrage examine la d\u00e9rivation partielle, la construction de primitive (qui en est l\u2019application r\u00e9ciproque), l\u2019int\u00e9gration ainsi que la pond\u00e9ration des fonctions \u00e0 valeurs dans un espace de Neumann.\" \/>\n<meta name=\"robots\" content=\"index, follow, max-snippet:-1, max-image-preview:large, max-video-preview:-1\" \/>\n<link rel=\"canonical\" href=\"https:\/\/www.istegroup.com\/fr\/produit\/fonctions-continues\/\" \/>\n<meta property=\"og:locale\" content=\"en_US\" \/>\n<meta property=\"og:type\" content=\"article\" \/>\n<meta property=\"og:title\" content=\"Fonctions continues - ISTE Group\" \/>\n<meta property=\"og:description\" content=\"Cet ouvrage examine la d\u00e9rivation partielle, la construction de primitive (qui en est l\u2019application r\u00e9ciproque), l\u2019int\u00e9gration ainsi que la pond\u00e9ration des fonctions \u00e0 valeurs dans un espace de Neumann.\" \/>\n<meta property=\"og:url\" content=\"https:\/\/www.istegroup.com\/fr\/produit\/fonctions-continues\/\" \/>\n<meta property=\"og:site_name\" content=\"ISTE Group\" \/>\n<meta property=\"article:modified_time\" content=\"2024-01-03T13:43:27+00:00\" \/>\n<meta property=\"og:image\" content=\"https:\/\/www.istegroup.com\/wp-content\/uploads\/2019\/09\/Fonctions-continues.jpg\" \/>\n\t<meta property=\"og:image:width\" content=\"300\" \/>\n\t<meta property=\"og:image:height\" content=\"452\" \/>\n\t<meta property=\"og:image:type\" content=\"image\/jpeg\" \/>\n<meta name=\"twitter:card\" content=\"summary_large_image\" \/>\n<meta name=\"twitter:label1\" content=\"Est. reading time\" \/>\n\t<meta name=\"twitter:data1\" content=\"1 minute\" \/>\n<script type=\"application\/ld+json\" class=\"yoast-schema-graph\">{\"@context\":\"https:\/\/schema.org\",\"@graph\":[{\"@type\":\"WebPage\",\"@id\":\"https:\/\/www.istegroup.com\/fr\/produit\/fonctions-continues\/\",\"url\":\"https:\/\/www.istegroup.com\/fr\/produit\/fonctions-continues\/\",\"name\":\"Fonctions continues - ISTE Group\",\"isPartOf\":{\"@id\":\"https:\/\/www.istegroup.com\/#website\"},\"primaryImageOfPage\":{\"@id\":\"https:\/\/www.istegroup.com\/fr\/produit\/fonctions-continues\/#primaryimage\"},\"image\":{\"@id\":\"https:\/\/www.istegroup.com\/fr\/produit\/fonctions-continues\/#primaryimage\"},\"thumbnailUrl\":\"https:\/\/www.istegroup.com\/wp-content\/uploads\/2019\/09\/Fonctions-continues.jpg\",\"datePublished\":\"2020-03-21T15:42:13+00:00\",\"dateModified\":\"2024-01-03T13:43:27+00:00\",\"description\":\"Cet ouvrage examine la d\u00e9rivation partielle, la construction de primitive (qui en est l\u2019application r\u00e9ciproque), l\u2019int\u00e9gration ainsi que la pond\u00e9ration des fonctions \u00e0 valeurs dans un espace de Neumann.\",\"breadcrumb\":{\"@id\":\"https:\/\/www.istegroup.com\/fr\/produit\/fonctions-continues\/#breadcrumb\"},\"inLanguage\":\"en-US\",\"potentialAction\":[{\"@type\":\"ReadAction\",\"target\":[\"https:\/\/www.istegroup.com\/fr\/produit\/fonctions-continues\/\"]}]},{\"@type\":\"ImageObject\",\"inLanguage\":\"en-US\",\"@id\":\"https:\/\/www.istegroup.com\/fr\/produit\/fonctions-continues\/#primaryimage\",\"url\":\"https:\/\/www.istegroup.com\/wp-content\/uploads\/2019\/09\/Fonctions-continues.jpg\",\"contentUrl\":\"https:\/\/www.istegroup.com\/wp-content\/uploads\/2019\/09\/Fonctions-continues.jpg\",\"width\":300,\"height\":452},{\"@type\":\"BreadcrumbList\",\"@id\":\"https:\/\/www.istegroup.com\/fr\/produit\/fonctions-continues\/#breadcrumb\",\"itemListElement\":[{\"@type\":\"ListItem\",\"position\":1,\"name\":\"Home\",\"item\":\"https:\/\/www.istegroup.com\/\"},{\"@type\":\"ListItem\",\"position\":2,\"name\":\"Shop\",\"item\":\"https:\/\/www.istegroup.com\/fr\/nouveautes\/\"},{\"@type\":\"ListItem\",\"position\":3,\"name\":\"Fonctions continues\"}]},{\"@type\":\"WebSite\",\"@id\":\"https:\/\/www.istegroup.com\/#website\",\"url\":\"https:\/\/www.istegroup.com\/\",\"name\":\"ISTE Group\",\"description\":\"Publishing Knowledge\",\"potentialAction\":[{\"@type\":\"SearchAction\",\"target\":{\"@type\":\"EntryPoint\",\"urlTemplate\":\"https:\/\/www.istegroup.com\/?s={search_term_string}\"},\"query-input\":{\"@type\":\"PropertyValueSpecification\",\"valueRequired\":true,\"valueName\":\"search_term_string\"}}],\"inLanguage\":\"en-US\"}]}<\/script>\n<!-- \/ Yoast SEO plugin. -->","yoast_head_json":{"title":"Fonctions continues - ISTE Group","description":"Cet ouvrage examine la d\u00e9rivation partielle, la construction de primitive (qui en est l\u2019application r\u00e9ciproque), l\u2019int\u00e9gration ainsi que la pond\u00e9ration des fonctions \u00e0 valeurs dans un espace de Neumann.","robots":{"index":"index","follow":"follow","max-snippet":"max-snippet:-1","max-image-preview":"max-image-preview:large","max-video-preview":"max-video-preview:-1"},"canonical":"https:\/\/www.istegroup.com\/fr\/produit\/fonctions-continues\/","og_locale":"en_US","og_type":"article","og_title":"Fonctions continues - ISTE Group","og_description":"Cet ouvrage examine la d\u00e9rivation partielle, la construction de primitive (qui en est l\u2019application r\u00e9ciproque), l\u2019int\u00e9gration ainsi que la pond\u00e9ration des fonctions \u00e0 valeurs dans un espace de Neumann.","og_url":"https:\/\/www.istegroup.com\/fr\/produit\/fonctions-continues\/","og_site_name":"ISTE Group","article_modified_time":"2024-01-03T13:43:27+00:00","og_image":[{"width":300,"height":452,"url":"https:\/\/www.istegroup.com\/wp-content\/uploads\/2019\/09\/Fonctions-continues.jpg","type":"image\/jpeg"}],"twitter_card":"summary_large_image","twitter_misc":{"Est. reading time":"1 minute"},"schema":{"@context":"https:\/\/schema.org","@graph":[{"@type":"WebPage","@id":"https:\/\/www.istegroup.com\/fr\/produit\/fonctions-continues\/","url":"https:\/\/www.istegroup.com\/fr\/produit\/fonctions-continues\/","name":"Fonctions continues - ISTE Group","isPartOf":{"@id":"https:\/\/www.istegroup.com\/#website"},"primaryImageOfPage":{"@id":"https:\/\/www.istegroup.com\/fr\/produit\/fonctions-continues\/#primaryimage"},"image":{"@id":"https:\/\/www.istegroup.com\/fr\/produit\/fonctions-continues\/#primaryimage"},"thumbnailUrl":"https:\/\/www.istegroup.com\/wp-content\/uploads\/2019\/09\/Fonctions-continues.jpg","datePublished":"2020-03-21T15:42:13+00:00","dateModified":"2024-01-03T13:43:27+00:00","description":"Cet ouvrage examine la d\u00e9rivation partielle, la construction de primitive (qui en est l\u2019application r\u00e9ciproque), l\u2019int\u00e9gration ainsi que la pond\u00e9ration des fonctions \u00e0 valeurs dans un espace de Neumann.","breadcrumb":{"@id":"https:\/\/www.istegroup.com\/fr\/produit\/fonctions-continues\/#breadcrumb"},"inLanguage":"en-US","potentialAction":[{"@type":"ReadAction","target":["https:\/\/www.istegroup.com\/fr\/produit\/fonctions-continues\/"]}]},{"@type":"ImageObject","inLanguage":"en-US","@id":"https:\/\/www.istegroup.com\/fr\/produit\/fonctions-continues\/#primaryimage","url":"https:\/\/www.istegroup.com\/wp-content\/uploads\/2019\/09\/Fonctions-continues.jpg","contentUrl":"https:\/\/www.istegroup.com\/wp-content\/uploads\/2019\/09\/Fonctions-continues.jpg","width":300,"height":452},{"@type":"BreadcrumbList","@id":"https:\/\/www.istegroup.com\/fr\/produit\/fonctions-continues\/#breadcrumb","itemListElement":[{"@type":"ListItem","position":1,"name":"Home","item":"https:\/\/www.istegroup.com\/"},{"@type":"ListItem","position":2,"name":"Shop","item":"https:\/\/www.istegroup.com\/fr\/nouveautes\/"},{"@type":"ListItem","position":3,"name":"Fonctions continues"}]},{"@type":"WebSite","@id":"https:\/\/www.istegroup.com\/#website","url":"https:\/\/www.istegroup.com\/","name":"ISTE Group","description":"Publishing Knowledge","potentialAction":[{"@type":"SearchAction","target":{"@type":"EntryPoint","urlTemplate":"https:\/\/www.istegroup.com\/?s={search_term_string}"},"query-input":{"@type":"PropertyValueSpecification","valueRequired":true,"valueName":"search_term_string"}}],"inLanguage":"en-US"}]}},"_links":{"self":[{"href":"https:\/\/www.istegroup.com\/en\/wp-json\/wp\/v2\/product\/22934","targetHints":{"allow":["GET"]}}],"collection":[{"href":"https:\/\/www.istegroup.com\/en\/wp-json\/wp\/v2\/product"}],"about":[{"href":"https:\/\/www.istegroup.com\/en\/wp-json\/wp\/v2\/types\/product"}],"wp:featuredmedia":[{"embeddable":true,"href":"https:\/\/www.istegroup.com\/en\/wp-json\/wp\/v2\/media\/22938"}],"wp:attachment":[{"href":"https:\/\/www.istegroup.com\/en\/wp-json\/wp\/v2\/media?parent=22934"}],"wp:term":[{"taxonomy":"product_brand","embeddable":true,"href":"https:\/\/www.istegroup.com\/en\/wp-json\/wp\/v2\/product_brand?post=22934"},{"taxonomy":"product_cat","embeddable":true,"href":"https:\/\/www.istegroup.com\/en\/wp-json\/wp\/v2\/product_cat?post=22934"},{"taxonomy":"product_tag","embeddable":true,"href":"https:\/\/www.istegroup.com\/en\/wp-json\/wp\/v2\/product_tag?post=22934"}],"curies":[{"name":"wp","href":"https:\/\/api.w.org\/{rel}","templated":true}]}}