{"id":229,"date":"2017-07-28T11:14:30","date_gmt":"2017-07-28T09:14:30","guid":{"rendered":"https:\/\/iste.yhello.co\/product\/electronique-tres-basse-consommation-et-solutions-adiabatiques\/"},"modified":"2024-01-03T13:39:00","modified_gmt":"2024-01-03T13:39:00","slug":"electronique-tres-basse-consommation-et-solutions-adiabatiques","status":"publish","type":"product","link":"https:\/\/www.istegroup.com\/en\/produit\/electronique-tres-basse-consommation-et-solutions-adiabatiques\/","title":{"rendered":"Electronique tr\u00e8s basse consommation et solutions adiabatiques"},"content":{"rendered":"<p>L\u2019efficacit\u00e9 \u00e9nergique vise \u00e0 limiter la dissipation de chaleur dans les circuits et les co\u00fbts associ\u00e9s.\u00a0<em>Electronique tr\u00e8s basse consommation et solutions adiabatiques<\/em>\u00a0d\u00e9taille les sources de dissipation d\u2019\u00e9nergie dans les circuits<br \/>\n\u00e9lectroniques et explique les optimisations n\u00e9cessaires dans la conception des portes logiques et des circuits complexes.<\/p>\n<p>Il fournit les bases physiques n\u00e9cessaires \u00e0 la compr\u00e9hension de la technologie CMOS. Des solutions novatrices sont expos\u00e9es \u00e0 la fois pour les architectures dites adiabatiques ou r\u00e9versibles et pour les composants utilis\u00e9s \u2013 microsyst\u00e8mes \u00e9lectrom\u00e9caniques.<\/p>\n","protected":false},"excerpt":{"rendered":"<p>L\u2019efficacit\u00e9 \u00e9nergique vise \u00e0 limiter la dissipation de chaleur dans les circuits et les co\u00fbts associ\u00e9s.\u00a0Electronique tr\u00e8s basse consommation et solutions adiabatiques\u00a0d\u00e9taille les sources de dissipation d\u2019\u00e9nergie dans les circuits \u00e9lectroniques et explique les optimisations n\u00e9cessaires dans la conception des portes logiques et des circuits complexes. Il fournit les bases physiques n\u00e9cessaires \u00e0 la compr\u00e9hension [&hellip;]<\/p>\n","protected":false},"featured_media":230,"template":"","meta":{"_acf_changed":false,"_links_to":"","_links_to_target":""},"product_brand":[],"product_cat":[659,675],"product_tag":[1196,1197,1198,1199,1191,1200,31,196,276,1201,1202,1203,197,198,199,21,200,22,201,203,204,63,25,172,209,1204,212,38,192,145,28,1205,1206,1207,253,1208,455],"class_list":{"0":"post-229","1":"product","2":"type-product","3":"status-publish","4":"has-post-thumbnail","6":"product_cat-electronique-11476903","7":"product_cat-nouveauts-12519446","8":"product_tag-basse-consomation","9":"product_tag-basse-consommation","10":"product_tag-cea-leti","11":"product_tag-circuit-electronique","12":"product_tag-circuits-electroniques","13":"product_tag-collection-electroniqe","14":"product_tag-ebook","15":"product_tag-ebooks","16":"product_tag-electronique","17":"product_tag-electronique-tres-basse-consomation-et-solutions-adiabatiques","18":"product_tag-electronique-tres-basse-consommation-et-solutions-adiabatiques","19":"product_tag-herve-fanet","20":"product_tag-iste","21":"product_tag-iste-edition","22":"product_tag-iste-editions","23":"product_tag-iste-group","24":"product_tag-isteedition","25":"product_tag-istegroup","26":"product_tag-kindle","27":"product_tag-liseuse","28":"product_tag-livre","29":"product_tag-livre-electronique","30":"product_tag-livre-numerique","31":"product_tag-livre-scientifique","32":"product_tag-livres-scientifiques","33":"product_tag-micro-relais","34":"product_tag-ouvrage","35":"product_tag-ouvrage-numerique","36":"product_tag-ouvrage-science","37":"product_tag-ouvrage-scientifique","38":"product_tag-ouvrage-scientifique-francais","39":"product_tag-robert-baptist","40":"product_tag-solution-adiabatique","41":"product_tag-solutions-adiabatiques","42":"product_tag-technologie","43":"product_tag-technologie-cmos","44":"product_tag-thermodynamique","46":"first","47":"instock","48":"shipping-taxable","49":"purchasable","50":"product-type-variable"},"acf":[],"yoast_head":"<!-- This site is optimized with the Yoast SEO plugin v27.2 - https:\/\/yoast.com\/product\/yoast-seo-wordpress\/ -->\n<title>Electronique tr\u00e8s basse consommation et solutions adiabatiques - ISTE Group<\/title>\n<meta name=\"description\" content=\"L&#039;ouvrage d\u00e9taille les sources de dissipation d\u2019\u00e9nergie dans les circuits \u00e9lectroniques et fournit les bases physiques pour comprendre la technologie CMOS.\" \/>\n<meta name=\"robots\" content=\"index, follow, max-snippet:-1, max-image-preview:large, max-video-preview:-1\" \/>\n<link rel=\"canonical\" href=\"https:\/\/www.istegroup.com\/fr\/produit\/electronique-tres-basse-consommation-et-solutions-adiabatiques\/\" \/>\n<meta property=\"og:locale\" content=\"en_US\" \/>\n<meta property=\"og:type\" content=\"article\" \/>\n<meta property=\"og:title\" content=\"Electronique tr\u00e8s basse consommation et solutions adiabatiques - ISTE Group\" \/>\n<meta property=\"og:description\" content=\"L&#039;ouvrage d\u00e9taille les sources de dissipation d\u2019\u00e9nergie dans les circuits \u00e9lectroniques et fournit les bases physiques pour comprendre la technologie CMOS.\" \/>\n<meta property=\"og:url\" content=\"https:\/\/www.istegroup.com\/fr\/produit\/electronique-tres-basse-consommation-et-solutions-adiabatiques\/\" \/>\n<meta property=\"og:site_name\" content=\"ISTE Group\" \/>\n<meta property=\"article:modified_time\" content=\"2024-01-03T13:39:00+00:00\" \/>\n<meta property=\"og:image\" content=\"https:\/\/www.istegroup.com\/wp-content\/uploads\/2017\/07\/18023618705_8440717777-1.jpg\" \/>\n\t<meta property=\"og:image:width\" content=\"1356\" \/>\n\t<meta property=\"og:image:height\" content=\"2048\" \/>\n\t<meta property=\"og:image:type\" content=\"image\/jpeg\" \/>\n<meta name=\"twitter:card\" content=\"summary_large_image\" \/>\n<script type=\"application\/ld+json\" class=\"yoast-schema-graph\">{\"@context\":\"https:\/\/schema.org\",\"@graph\":[{\"@type\":\"WebPage\",\"@id\":\"https:\/\/www.istegroup.com\/fr\/produit\/electronique-tres-basse-consommation-et-solutions-adiabatiques\/\",\"url\":\"https:\/\/www.istegroup.com\/fr\/produit\/electronique-tres-basse-consommation-et-solutions-adiabatiques\/\",\"name\":\"Electronique tr\u00e8s basse consommation et solutions adiabatiques - ISTE Group\",\"isPartOf\":{\"@id\":\"https:\/\/www.istegroup.com\/#website\"},\"primaryImageOfPage\":{\"@id\":\"https:\/\/www.istegroup.com\/fr\/produit\/electronique-tres-basse-consommation-et-solutions-adiabatiques\/#primaryimage\"},\"image\":{\"@id\":\"https:\/\/www.istegroup.com\/fr\/produit\/electronique-tres-basse-consommation-et-solutions-adiabatiques\/#primaryimage\"},\"thumbnailUrl\":\"https:\/\/www.istegroup.com\/wp-content\/uploads\/2017\/07\/18023618705_8440717777-1.jpg\",\"datePublished\":\"2017-07-28T09:14:30+00:00\",\"dateModified\":\"2024-01-03T13:39:00+00:00\",\"description\":\"L'ouvrage d\u00e9taille les sources de dissipation d\u2019\u00e9nergie dans les circuits \u00e9lectroniques et fournit les bases physiques pour comprendre la technologie CMOS.\",\"breadcrumb\":{\"@id\":\"https:\/\/www.istegroup.com\/fr\/produit\/electronique-tres-basse-consommation-et-solutions-adiabatiques\/#breadcrumb\"},\"inLanguage\":\"en-US\",\"potentialAction\":[{\"@type\":\"ReadAction\",\"target\":[\"https:\/\/www.istegroup.com\/fr\/produit\/electronique-tres-basse-consommation-et-solutions-adiabatiques\/\"]}]},{\"@type\":\"ImageObject\",\"inLanguage\":\"en-US\",\"@id\":\"https:\/\/www.istegroup.com\/fr\/produit\/electronique-tres-basse-consommation-et-solutions-adiabatiques\/#primaryimage\",\"url\":\"https:\/\/www.istegroup.com\/wp-content\/uploads\/2017\/07\/18023618705_8440717777-1.jpg\",\"contentUrl\":\"https:\/\/www.istegroup.com\/wp-content\/uploads\/2017\/07\/18023618705_8440717777-1.jpg\",\"width\":1356,\"height\":2048,\"caption\":\"Electronique tr\u00e8s basse consommation et solutions adiabatiques\"},{\"@type\":\"BreadcrumbList\",\"@id\":\"https:\/\/www.istegroup.com\/fr\/produit\/electronique-tres-basse-consommation-et-solutions-adiabatiques\/#breadcrumb\",\"itemListElement\":[{\"@type\":\"ListItem\",\"position\":1,\"name\":\"Home\",\"item\":\"https:\/\/www.istegroup.com\/\"},{\"@type\":\"ListItem\",\"position\":2,\"name\":\"Shop\",\"item\":\"https:\/\/www.istegroup.com\/fr\/nouveautes\/\"},{\"@type\":\"ListItem\",\"position\":3,\"name\":\"Electronique tr\u00e8s basse consommation et solutions adiabatiques\"}]},{\"@type\":\"WebSite\",\"@id\":\"https:\/\/www.istegroup.com\/#website\",\"url\":\"https:\/\/www.istegroup.com\/\",\"name\":\"ISTE Group\",\"description\":\"Publishing Knowledge\",\"potentialAction\":[{\"@type\":\"SearchAction\",\"target\":{\"@type\":\"EntryPoint\",\"urlTemplate\":\"https:\/\/www.istegroup.com\/?s={search_term_string}\"},\"query-input\":{\"@type\":\"PropertyValueSpecification\",\"valueRequired\":true,\"valueName\":\"search_term_string\"}}],\"inLanguage\":\"en-US\"}]}<\/script>\n<!-- \/ Yoast SEO plugin. -->","yoast_head_json":{"title":"Electronique tr\u00e8s basse consommation et solutions adiabatiques - ISTE Group","description":"L'ouvrage d\u00e9taille les sources de dissipation d\u2019\u00e9nergie dans les circuits \u00e9lectroniques et fournit les bases physiques pour comprendre la technologie CMOS.","robots":{"index":"index","follow":"follow","max-snippet":"max-snippet:-1","max-image-preview":"max-image-preview:large","max-video-preview":"max-video-preview:-1"},"canonical":"https:\/\/www.istegroup.com\/fr\/produit\/electronique-tres-basse-consommation-et-solutions-adiabatiques\/","og_locale":"en_US","og_type":"article","og_title":"Electronique tr\u00e8s basse consommation et solutions adiabatiques - ISTE Group","og_description":"L'ouvrage d\u00e9taille les sources de dissipation d\u2019\u00e9nergie dans les circuits \u00e9lectroniques et fournit les bases physiques pour comprendre la technologie CMOS.","og_url":"https:\/\/www.istegroup.com\/fr\/produit\/electronique-tres-basse-consommation-et-solutions-adiabatiques\/","og_site_name":"ISTE Group","article_modified_time":"2024-01-03T13:39:00+00:00","og_image":[{"width":1356,"height":2048,"url":"https:\/\/www.istegroup.com\/wp-content\/uploads\/2017\/07\/18023618705_8440717777-1.jpg","type":"image\/jpeg"}],"twitter_card":"summary_large_image","schema":{"@context":"https:\/\/schema.org","@graph":[{"@type":"WebPage","@id":"https:\/\/www.istegroup.com\/fr\/produit\/electronique-tres-basse-consommation-et-solutions-adiabatiques\/","url":"https:\/\/www.istegroup.com\/fr\/produit\/electronique-tres-basse-consommation-et-solutions-adiabatiques\/","name":"Electronique tr\u00e8s basse consommation et solutions adiabatiques - ISTE Group","isPartOf":{"@id":"https:\/\/www.istegroup.com\/#website"},"primaryImageOfPage":{"@id":"https:\/\/www.istegroup.com\/fr\/produit\/electronique-tres-basse-consommation-et-solutions-adiabatiques\/#primaryimage"},"image":{"@id":"https:\/\/www.istegroup.com\/fr\/produit\/electronique-tres-basse-consommation-et-solutions-adiabatiques\/#primaryimage"},"thumbnailUrl":"https:\/\/www.istegroup.com\/wp-content\/uploads\/2017\/07\/18023618705_8440717777-1.jpg","datePublished":"2017-07-28T09:14:30+00:00","dateModified":"2024-01-03T13:39:00+00:00","description":"L'ouvrage d\u00e9taille les sources de dissipation d\u2019\u00e9nergie dans les circuits \u00e9lectroniques et fournit les bases physiques pour comprendre la technologie CMOS.","breadcrumb":{"@id":"https:\/\/www.istegroup.com\/fr\/produit\/electronique-tres-basse-consommation-et-solutions-adiabatiques\/#breadcrumb"},"inLanguage":"en-US","potentialAction":[{"@type":"ReadAction","target":["https:\/\/www.istegroup.com\/fr\/produit\/electronique-tres-basse-consommation-et-solutions-adiabatiques\/"]}]},{"@type":"ImageObject","inLanguage":"en-US","@id":"https:\/\/www.istegroup.com\/fr\/produit\/electronique-tres-basse-consommation-et-solutions-adiabatiques\/#primaryimage","url":"https:\/\/www.istegroup.com\/wp-content\/uploads\/2017\/07\/18023618705_8440717777-1.jpg","contentUrl":"https:\/\/www.istegroup.com\/wp-content\/uploads\/2017\/07\/18023618705_8440717777-1.jpg","width":1356,"height":2048,"caption":"Electronique tr\u00e8s basse consommation et solutions adiabatiques"},{"@type":"BreadcrumbList","@id":"https:\/\/www.istegroup.com\/fr\/produit\/electronique-tres-basse-consommation-et-solutions-adiabatiques\/#breadcrumb","itemListElement":[{"@type":"ListItem","position":1,"name":"Home","item":"https:\/\/www.istegroup.com\/"},{"@type":"ListItem","position":2,"name":"Shop","item":"https:\/\/www.istegroup.com\/fr\/nouveautes\/"},{"@type":"ListItem","position":3,"name":"Electronique tr\u00e8s basse consommation et solutions adiabatiques"}]},{"@type":"WebSite","@id":"https:\/\/www.istegroup.com\/#website","url":"https:\/\/www.istegroup.com\/","name":"ISTE Group","description":"Publishing Knowledge","potentialAction":[{"@type":"SearchAction","target":{"@type":"EntryPoint","urlTemplate":"https:\/\/www.istegroup.com\/?s={search_term_string}"},"query-input":{"@type":"PropertyValueSpecification","valueRequired":true,"valueName":"search_term_string"}}],"inLanguage":"en-US"}]}},"_links":{"self":[{"href":"https:\/\/www.istegroup.com\/en\/wp-json\/wp\/v2\/product\/229","targetHints":{"allow":["GET"]}}],"collection":[{"href":"https:\/\/www.istegroup.com\/en\/wp-json\/wp\/v2\/product"}],"about":[{"href":"https:\/\/www.istegroup.com\/en\/wp-json\/wp\/v2\/types\/product"}],"wp:featuredmedia":[{"embeddable":true,"href":"https:\/\/www.istegroup.com\/en\/wp-json\/wp\/v2\/media\/230"}],"wp:attachment":[{"href":"https:\/\/www.istegroup.com\/en\/wp-json\/wp\/v2\/media?parent=229"}],"wp:term":[{"taxonomy":"product_brand","embeddable":true,"href":"https:\/\/www.istegroup.com\/en\/wp-json\/wp\/v2\/product_brand?post=229"},{"taxonomy":"product_cat","embeddable":true,"href":"https:\/\/www.istegroup.com\/en\/wp-json\/wp\/v2\/product_cat?post=229"},{"taxonomy":"product_tag","embeddable":true,"href":"https:\/\/www.istegroup.com\/en\/wp-json\/wp\/v2\/product_tag?post=229"}],"curies":[{"name":"wp","href":"https:\/\/api.w.org\/{rel}","templated":true}]}}