{"id":22899,"date":"2020-03-21T14:17:48","date_gmt":"2020-03-21T14:17:48","guid":{"rendered":"https:\/\/www.istegroup.com\/?post_type=product&#038;p=22899"},"modified":"2024-01-03T13:43:26","modified_gmt":"2024-01-03T13:43:26","slug":"h2ptm19","status":"publish","type":"product","link":"https:\/\/www.istegroup.com\/en\/produit\/h2ptm19\/","title":{"rendered":"H2PTM\u201919"},"content":{"rendered":"<p>Les humanit\u00e9s num\u00e9riques constituent un champ mouvant incluant recherche, enseignement, \u00e9tudes et pratiques. L\u2019objectif est ici de comprendre les implications et les opportunit\u00e9s du num\u00e9rique comme un m\u00e9dia, un objet d\u2019\u00e9tude, voire un v\u00e9ritable \u00e9cosyst\u00e8me.<\/p>\n<p>Les sciences humaines et sociales (SHS) semblent aujourd\u2019hui boulevers\u00e9es, tant au plan \u00e9pist\u00e9mologique que m\u00e9thodologique, par les outils num\u00e9riques qui permettent d\u2019analyser des donn\u00e9es \u00e0 la fois h\u00e9t\u00e9rog\u00e8nes et volumineuses. Quant aux sciences de l\u2019information et de la communication (SIC), elles analysent, gr\u00e2ce \u00e0 leur r\u00e9flexion critique sur la gen\u00e8se du num\u00e9rique, l\u2019impact de ce dernier sur le processus de production des donn\u00e9es et de leur interpr\u00e9tation. Les questions r\u00e9currentes pos\u00e9es par les SHS demeurent centrales pour saisir la complexit\u00e9 infocommunicationnelle et d\u00e9passer une approche strictement computationnelle.<\/p>\n<p>Cet ouvrage regroupe l\u2019ensemble des communications de la conf\u00e9rence internationale <em>H2PTM\u201919 : de l\u2019hypertexte aux humanit\u00e9s num\u00e9riques<\/em>.<\/p>\n","protected":false},"excerpt":{"rendered":"<p class=\"qtranxs-available-languages-message qtranxs-available-languages-message-en\">Sorry, this entry is only available in <a href=\"https:\/\/www.istegroup.com\/fr\/wp-json\/wp\/v2\/product\/22899\" class=\"qtranxs-available-language-link qtranxs-available-language-link-fr\" title=\"FR\">FR<\/a>.<\/p>\n","protected":false},"featured_media":22905,"template":"","meta":{"_acf_changed":false,"_links_to":"","_links_to_target":""},"product_brand":[],"product_cat":[707],"product_tag":[],"class_list":{"0":"post-22899","1":"product","2":"type-product","3":"status-publish","4":"has-post-thumbnail","6":"product_cat-systmes-dinformation-web-et-socit-12506570","8":"first","9":"instock","10":"shipping-taxable","11":"purchasable","12":"product-type-variable"},"acf":[],"yoast_head":"<!-- This site is optimized with the Yoast SEO plugin v27.2 - https:\/\/yoast.com\/product\/yoast-seo-wordpress\/ -->\n<title>H2PTM\u201919 - ISTE Group<\/title>\n<meta name=\"description\" content=\"Cet ouvrage regroupe l\u2019ensemble des communications de la conf\u00e9rence internationale H2PTM\u201919 : de l\u2019hypertexte aux humanit\u00e9s num\u00e9riques.\" \/>\n<meta name=\"robots\" content=\"index, follow, max-snippet:-1, max-image-preview:large, max-video-preview:-1\" \/>\n<link rel=\"canonical\" href=\"https:\/\/www.istegroup.com\/fr\/produit\/h2ptm19\/\" \/>\n<meta property=\"og:locale\" content=\"en_US\" \/>\n<meta property=\"og:type\" content=\"article\" \/>\n<meta property=\"og:title\" content=\"H2PTM\u201919 - ISTE Group\" \/>\n<meta property=\"og:description\" content=\"Cet ouvrage regroupe l\u2019ensemble des communications de la conf\u00e9rence internationale H2PTM\u201919 : de l\u2019hypertexte aux humanit\u00e9s num\u00e9riques.\" \/>\n<meta property=\"og:url\" content=\"https:\/\/www.istegroup.com\/fr\/produit\/h2ptm19\/\" \/>\n<meta property=\"og:site_name\" content=\"ISTE Group\" \/>\n<meta property=\"article:modified_time\" content=\"2024-01-03T13:43:26+00:00\" \/>\n<meta property=\"og:image\" content=\"https:\/\/www.istegroup.com\/wp-content\/uploads\/2019\/09\/H2PTM19.jpg\" \/>\n\t<meta property=\"og:image:width\" content=\"300\" \/>\n\t<meta property=\"og:image:height\" content=\"451\" \/>\n\t<meta property=\"og:image:type\" content=\"image\/jpeg\" \/>\n<meta name=\"twitter:card\" content=\"summary_large_image\" \/>\n<meta name=\"twitter:label1\" content=\"Est. reading time\" \/>\n\t<meta name=\"twitter:data1\" content=\"1 minute\" \/>\n<script type=\"application\/ld+json\" class=\"yoast-schema-graph\">{\"@context\":\"https:\/\/schema.org\",\"@graph\":[{\"@type\":\"WebPage\",\"@id\":\"https:\/\/www.istegroup.com\/fr\/produit\/h2ptm19\/\",\"url\":\"https:\/\/www.istegroup.com\/fr\/produit\/h2ptm19\/\",\"name\":\"H2PTM\u201919 - ISTE Group\",\"isPartOf\":{\"@id\":\"https:\/\/www.istegroup.com\/#website\"},\"primaryImageOfPage\":{\"@id\":\"https:\/\/www.istegroup.com\/fr\/produit\/h2ptm19\/#primaryimage\"},\"image\":{\"@id\":\"https:\/\/www.istegroup.com\/fr\/produit\/h2ptm19\/#primaryimage\"},\"thumbnailUrl\":\"https:\/\/www.istegroup.com\/wp-content\/uploads\/2019\/09\/H2PTM19.jpg\",\"datePublished\":\"2020-03-21T14:17:48+00:00\",\"dateModified\":\"2024-01-03T13:43:26+00:00\",\"description\":\"Cet ouvrage regroupe l\u2019ensemble des communications de la conf\u00e9rence internationale H2PTM\u201919 : de l\u2019hypertexte aux humanit\u00e9s num\u00e9riques.\",\"breadcrumb\":{\"@id\":\"https:\/\/www.istegroup.com\/fr\/produit\/h2ptm19\/#breadcrumb\"},\"inLanguage\":\"en-US\",\"potentialAction\":[{\"@type\":\"ReadAction\",\"target\":[\"https:\/\/www.istegroup.com\/fr\/produit\/h2ptm19\/\"]}]},{\"@type\":\"ImageObject\",\"inLanguage\":\"en-US\",\"@id\":\"https:\/\/www.istegroup.com\/fr\/produit\/h2ptm19\/#primaryimage\",\"url\":\"https:\/\/www.istegroup.com\/wp-content\/uploads\/2019\/09\/H2PTM19.jpg\",\"contentUrl\":\"https:\/\/www.istegroup.com\/wp-content\/uploads\/2019\/09\/H2PTM19.jpg\",\"width\":300,\"height\":451},{\"@type\":\"BreadcrumbList\",\"@id\":\"https:\/\/www.istegroup.com\/fr\/produit\/h2ptm19\/#breadcrumb\",\"itemListElement\":[{\"@type\":\"ListItem\",\"position\":1,\"name\":\"Home\",\"item\":\"https:\/\/www.istegroup.com\/\"},{\"@type\":\"ListItem\",\"position\":2,\"name\":\"Shop\",\"item\":\"https:\/\/www.istegroup.com\/fr\/nouveautes\/\"},{\"@type\":\"ListItem\",\"position\":3,\"name\":\"H2PTM\u201919\"}]},{\"@type\":\"WebSite\",\"@id\":\"https:\/\/www.istegroup.com\/#website\",\"url\":\"https:\/\/www.istegroup.com\/\",\"name\":\"ISTE Group\",\"description\":\"Publishing Knowledge\",\"potentialAction\":[{\"@type\":\"SearchAction\",\"target\":{\"@type\":\"EntryPoint\",\"urlTemplate\":\"https:\/\/www.istegroup.com\/?s={search_term_string}\"},\"query-input\":{\"@type\":\"PropertyValueSpecification\",\"valueRequired\":true,\"valueName\":\"search_term_string\"}}],\"inLanguage\":\"en-US\"}]}<\/script>\n<!-- \/ Yoast SEO plugin. -->","yoast_head_json":{"title":"H2PTM\u201919 - ISTE Group","description":"Cet ouvrage regroupe l\u2019ensemble des communications de la conf\u00e9rence internationale H2PTM\u201919 : de l\u2019hypertexte aux humanit\u00e9s num\u00e9riques.","robots":{"index":"index","follow":"follow","max-snippet":"max-snippet:-1","max-image-preview":"max-image-preview:large","max-video-preview":"max-video-preview:-1"},"canonical":"https:\/\/www.istegroup.com\/fr\/produit\/h2ptm19\/","og_locale":"en_US","og_type":"article","og_title":"H2PTM\u201919 - ISTE Group","og_description":"Cet ouvrage regroupe l\u2019ensemble des communications de la conf\u00e9rence internationale H2PTM\u201919 : de l\u2019hypertexte aux humanit\u00e9s num\u00e9riques.","og_url":"https:\/\/www.istegroup.com\/fr\/produit\/h2ptm19\/","og_site_name":"ISTE Group","article_modified_time":"2024-01-03T13:43:26+00:00","og_image":[{"width":300,"height":451,"url":"https:\/\/www.istegroup.com\/wp-content\/uploads\/2019\/09\/H2PTM19.jpg","type":"image\/jpeg"}],"twitter_card":"summary_large_image","twitter_misc":{"Est. reading time":"1 minute"},"schema":{"@context":"https:\/\/schema.org","@graph":[{"@type":"WebPage","@id":"https:\/\/www.istegroup.com\/fr\/produit\/h2ptm19\/","url":"https:\/\/www.istegroup.com\/fr\/produit\/h2ptm19\/","name":"H2PTM\u201919 - ISTE Group","isPartOf":{"@id":"https:\/\/www.istegroup.com\/#website"},"primaryImageOfPage":{"@id":"https:\/\/www.istegroup.com\/fr\/produit\/h2ptm19\/#primaryimage"},"image":{"@id":"https:\/\/www.istegroup.com\/fr\/produit\/h2ptm19\/#primaryimage"},"thumbnailUrl":"https:\/\/www.istegroup.com\/wp-content\/uploads\/2019\/09\/H2PTM19.jpg","datePublished":"2020-03-21T14:17:48+00:00","dateModified":"2024-01-03T13:43:26+00:00","description":"Cet ouvrage regroupe l\u2019ensemble des communications de la conf\u00e9rence internationale H2PTM\u201919 : de l\u2019hypertexte aux humanit\u00e9s num\u00e9riques.","breadcrumb":{"@id":"https:\/\/www.istegroup.com\/fr\/produit\/h2ptm19\/#breadcrumb"},"inLanguage":"en-US","potentialAction":[{"@type":"ReadAction","target":["https:\/\/www.istegroup.com\/fr\/produit\/h2ptm19\/"]}]},{"@type":"ImageObject","inLanguage":"en-US","@id":"https:\/\/www.istegroup.com\/fr\/produit\/h2ptm19\/#primaryimage","url":"https:\/\/www.istegroup.com\/wp-content\/uploads\/2019\/09\/H2PTM19.jpg","contentUrl":"https:\/\/www.istegroup.com\/wp-content\/uploads\/2019\/09\/H2PTM19.jpg","width":300,"height":451},{"@type":"BreadcrumbList","@id":"https:\/\/www.istegroup.com\/fr\/produit\/h2ptm19\/#breadcrumb","itemListElement":[{"@type":"ListItem","position":1,"name":"Home","item":"https:\/\/www.istegroup.com\/"},{"@type":"ListItem","position":2,"name":"Shop","item":"https:\/\/www.istegroup.com\/fr\/nouveautes\/"},{"@type":"ListItem","position":3,"name":"H2PTM\u201919"}]},{"@type":"WebSite","@id":"https:\/\/www.istegroup.com\/#website","url":"https:\/\/www.istegroup.com\/","name":"ISTE Group","description":"Publishing Knowledge","potentialAction":[{"@type":"SearchAction","target":{"@type":"EntryPoint","urlTemplate":"https:\/\/www.istegroup.com\/?s={search_term_string}"},"query-input":{"@type":"PropertyValueSpecification","valueRequired":true,"valueName":"search_term_string"}}],"inLanguage":"en-US"}]}},"_links":{"self":[{"href":"https:\/\/www.istegroup.com\/en\/wp-json\/wp\/v2\/product\/22899","targetHints":{"allow":["GET"]}}],"collection":[{"href":"https:\/\/www.istegroup.com\/en\/wp-json\/wp\/v2\/product"}],"about":[{"href":"https:\/\/www.istegroup.com\/en\/wp-json\/wp\/v2\/types\/product"}],"wp:featuredmedia":[{"embeddable":true,"href":"https:\/\/www.istegroup.com\/en\/wp-json\/wp\/v2\/media\/22905"}],"wp:attachment":[{"href":"https:\/\/www.istegroup.com\/en\/wp-json\/wp\/v2\/media?parent=22899"}],"wp:term":[{"taxonomy":"product_brand","embeddable":true,"href":"https:\/\/www.istegroup.com\/en\/wp-json\/wp\/v2\/product_brand?post=22899"},{"taxonomy":"product_cat","embeddable":true,"href":"https:\/\/www.istegroup.com\/en\/wp-json\/wp\/v2\/product_cat?post=22899"},{"taxonomy":"product_tag","embeddable":true,"href":"https:\/\/www.istegroup.com\/en\/wp-json\/wp\/v2\/product_tag?post=22899"}],"curies":[{"name":"wp","href":"https:\/\/api.w.org\/{rel}","templated":true}]}}