{"id":22869,"date":"2020-02-20T10:31:01","date_gmt":"2020-02-20T10:31:01","guid":{"rendered":"https:\/\/www.istegroup.com\/?post_type=product&#038;p=22869"},"modified":"2024-01-03T13:43:26","modified_gmt":"2024-01-03T13:43:26","slug":"modelisation-multiphysique-des-systemes-technologiques","status":"publish","type":"product","link":"https:\/\/www.istegroup.com\/en\/produit\/modelisation-multiphysique-des-systemes-technologiques\/","title":{"rendered":"Mod\u00e9lisation multiphysique des syst\u00e8mes technologiques"},"content":{"rendered":"<p>Cet ouvrage pr\u00e9sente les concepts fondamentaux de mod\u00e9lisation multiphysique \u00e0 param\u00e8tres localis\u00e9s. Cette approche permet de mod\u00e9liser des syst\u00e8mes technologiques multidomaines de type m\u00e9catronique et donne la possibilit\u00e9 de simuler le comportement de syst\u00e8mes avant que la g\u00e9om\u00e9trie CAO d\u00e9taill\u00e9e ne soit disponible. Elle est impl\u00e9ment\u00e9e aujourd\u2019hui par de nombreux logiciels : Simscape\u2122 (Matlab\u00ae), AMEsim, VHDL-AMS, Dymola (Modelica), OpenModelica (Modelica), etc. L\u2019approche adopt\u00e9e est de partir des concepts physiques pour aller ensuite vers les mod\u00e8les et leur impl\u00e9mentation num\u00e9rique et finir par leur analyse et leur utilisation en conception.<\/p>\n<p><em>Mod\u00e9lisation multiphysique des syst\u00e8mes technologiques<\/em> expose via des exemples pratiques les principaux concepts menant \u00e0 la mise en place et \u00e0 l\u2019utilisation de mod\u00e8les stationnaires et transitoires \u00e0 param\u00e8tres localis\u00e9s. La plupart de ces exemples sont r\u00e9alis\u00e9s \u00e0 l\u2019aide du langage Modelica mais peuvent facilement s\u2019impl\u00e9menter dans d\u2019autres environnements.<\/p>\n","protected":false},"excerpt":{"rendered":"<p>Cet ouvrage pr\u00e9sente les concepts fondamentaux de mod\u00e9lisation multiphysique \u00e0 param\u00e8tres localis\u00e9s. Cette approche permet de mod\u00e9liser des syst\u00e8mes technologiques multidomaines de type m\u00e9catronique et donne la possibilit\u00e9 de simuler le comportement de syst\u00e8mes avant que la g\u00e9om\u00e9trie CAO d\u00e9taill\u00e9e ne soit disponible. Elle est impl\u00e9ment\u00e9e aujourd\u2019hui par de nombreux logiciels : Simscape\u2122 (Matlab\u00ae), AMEsim, [&hellip;]<\/p>\n","protected":false},"featured_media":22886,"template":"","meta":{"_acf_changed":false,"_links_to":"","_links_to_target":""},"product_brand":[],"product_cat":[708],"product_tag":[],"class_list":{"0":"post-22869","1":"product","2":"type-product","3":"status-publish","4":"has-post-thumbnail","6":"product_cat-systmes-et-gnie-industriel-11476925","8":"first","9":"instock","10":"shipping-taxable","11":"purchasable","12":"product-type-variable"},"acf":[],"yoast_head":"<!-- This site is optimized with the Yoast SEO plugin v27.2 - https:\/\/yoast.com\/product\/yoast-seo-wordpress\/ -->\n<title>Mod\u00e9lisation multiphysique des syst\u00e8mes technologiques - ISTE Group<\/title>\n<meta name=\"description\" content=\"Cet ouvrage pr\u00e9sente les concepts fondamentaux de mod\u00e9lisation multiphysique \u00e0 param\u00e8tres localis\u00e9s. Cette approche permet de mod\u00e9liser des syst\u00e8mes technologiques multidomaines de type m\u00e9catronique et donne la possibilit\u00e9 de simuler le comportement de syst\u00e8mes avant que la g\u00e9om\u00e9trie CAO d\u00e9taill\u00e9e ne soit disponible.\" \/>\n<meta name=\"robots\" content=\"index, follow, max-snippet:-1, max-image-preview:large, max-video-preview:-1\" \/>\n<link rel=\"canonical\" href=\"https:\/\/www.istegroup.com\/fr\/produit\/modelisation-multiphysique-des-systemes-technologiques\/\" \/>\n<meta property=\"og:locale\" content=\"en_US\" \/>\n<meta property=\"og:type\" content=\"article\" \/>\n<meta property=\"og:title\" content=\"Mod\u00e9lisation multiphysique des syst\u00e8mes technologiques - ISTE Group\" \/>\n<meta property=\"og:description\" content=\"Cet ouvrage pr\u00e9sente les concepts fondamentaux de mod\u00e9lisation multiphysique \u00e0 param\u00e8tres localis\u00e9s. Cette approche permet de mod\u00e9liser des syst\u00e8mes technologiques multidomaines de type m\u00e9catronique et donne la possibilit\u00e9 de simuler le comportement de syst\u00e8mes avant que la g\u00e9om\u00e9trie CAO d\u00e9taill\u00e9e ne soit disponible.\" \/>\n<meta property=\"og:url\" content=\"https:\/\/www.istegroup.com\/fr\/produit\/modelisation-multiphysique-des-systemes-technologiques\/\" \/>\n<meta property=\"og:site_name\" content=\"ISTE Group\" \/>\n<meta property=\"article:modified_time\" content=\"2024-01-03T13:43:26+00:00\" \/>\n<meta property=\"og:image\" content=\"https:\/\/www.istegroup.com\/wp-content\/uploads\/2019\/09\/Mod\u00e9lisation-multiphysique-des-syst\u00e8mes-technologiques.jpg\" \/>\n\t<meta property=\"og:image:width\" content=\"300\" \/>\n\t<meta property=\"og:image:height\" content=\"451\" \/>\n\t<meta property=\"og:image:type\" content=\"image\/jpeg\" \/>\n<meta name=\"twitter:card\" content=\"summary_large_image\" \/>\n<meta name=\"twitter:label1\" content=\"Est. reading time\" \/>\n\t<meta name=\"twitter:data1\" content=\"1 minute\" \/>\n<script type=\"application\/ld+json\" class=\"yoast-schema-graph\">{\"@context\":\"https:\/\/schema.org\",\"@graph\":[{\"@type\":\"WebPage\",\"@id\":\"https:\/\/www.istegroup.com\/fr\/produit\/modelisation-multiphysique-des-systemes-technologiques\/\",\"url\":\"https:\/\/www.istegroup.com\/fr\/produit\/modelisation-multiphysique-des-systemes-technologiques\/\",\"name\":\"Mod\u00e9lisation multiphysique des syst\u00e8mes technologiques - ISTE Group\",\"isPartOf\":{\"@id\":\"https:\/\/www.istegroup.com\/#website\"},\"primaryImageOfPage\":{\"@id\":\"https:\/\/www.istegroup.com\/fr\/produit\/modelisation-multiphysique-des-systemes-technologiques\/#primaryimage\"},\"image\":{\"@id\":\"https:\/\/www.istegroup.com\/fr\/produit\/modelisation-multiphysique-des-systemes-technologiques\/#primaryimage\"},\"thumbnailUrl\":\"https:\/\/www.istegroup.com\/wp-content\/uploads\/2019\/09\/Mod\u00e9lisation-multiphysique-des-syst\u00e8mes-technologiques.jpg\",\"datePublished\":\"2020-02-20T10:31:01+00:00\",\"dateModified\":\"2024-01-03T13:43:26+00:00\",\"description\":\"Cet ouvrage pr\u00e9sente les concepts fondamentaux de mod\u00e9lisation multiphysique \u00e0 param\u00e8tres localis\u00e9s. Cette approche permet de mod\u00e9liser des syst\u00e8mes technologiques multidomaines de type m\u00e9catronique et donne la possibilit\u00e9 de simuler le comportement de syst\u00e8mes avant que la g\u00e9om\u00e9trie CAO d\u00e9taill\u00e9e ne soit disponible.\",\"breadcrumb\":{\"@id\":\"https:\/\/www.istegroup.com\/fr\/produit\/modelisation-multiphysique-des-systemes-technologiques\/#breadcrumb\"},\"inLanguage\":\"en-US\",\"potentialAction\":[{\"@type\":\"ReadAction\",\"target\":[\"https:\/\/www.istegroup.com\/fr\/produit\/modelisation-multiphysique-des-systemes-technologiques\/\"]}]},{\"@type\":\"ImageObject\",\"inLanguage\":\"en-US\",\"@id\":\"https:\/\/www.istegroup.com\/fr\/produit\/modelisation-multiphysique-des-systemes-technologiques\/#primaryimage\",\"url\":\"https:\/\/www.istegroup.com\/wp-content\/uploads\/2019\/09\/Mod\u00e9lisation-multiphysique-des-syst\u00e8mes-technologiques.jpg\",\"contentUrl\":\"https:\/\/www.istegroup.com\/wp-content\/uploads\/2019\/09\/Mod\u00e9lisation-multiphysique-des-syst\u00e8mes-technologiques.jpg\",\"width\":300,\"height\":451,\"caption\":\"Ouvrage Mod\u00e9lisation multiphysique des syst\u00e8mes technologiques - Marc Budinger, Ion Hazyuk et Cl\u00e9ment Co\u00efc\"},{\"@type\":\"BreadcrumbList\",\"@id\":\"https:\/\/www.istegroup.com\/fr\/produit\/modelisation-multiphysique-des-systemes-technologiques\/#breadcrumb\",\"itemListElement\":[{\"@type\":\"ListItem\",\"position\":1,\"name\":\"Home\",\"item\":\"https:\/\/www.istegroup.com\/\"},{\"@type\":\"ListItem\",\"position\":2,\"name\":\"Shop\",\"item\":\"https:\/\/www.istegroup.com\/fr\/nouveautes\/\"},{\"@type\":\"ListItem\",\"position\":3,\"name\":\"Mod\u00e9lisation multiphysique des syst\u00e8mes technologiques\"}]},{\"@type\":\"WebSite\",\"@id\":\"https:\/\/www.istegroup.com\/#website\",\"url\":\"https:\/\/www.istegroup.com\/\",\"name\":\"ISTE Group\",\"description\":\"Publishing Knowledge\",\"potentialAction\":[{\"@type\":\"SearchAction\",\"target\":{\"@type\":\"EntryPoint\",\"urlTemplate\":\"https:\/\/www.istegroup.com\/?s={search_term_string}\"},\"query-input\":{\"@type\":\"PropertyValueSpecification\",\"valueRequired\":true,\"valueName\":\"search_term_string\"}}],\"inLanguage\":\"en-US\"}]}<\/script>\n<!-- \/ Yoast SEO plugin. -->","yoast_head_json":{"title":"Mod\u00e9lisation multiphysique des syst\u00e8mes technologiques - ISTE Group","description":"Cet ouvrage pr\u00e9sente les concepts fondamentaux de mod\u00e9lisation multiphysique \u00e0 param\u00e8tres localis\u00e9s. Cette approche permet de mod\u00e9liser des syst\u00e8mes technologiques multidomaines de type m\u00e9catronique et donne la possibilit\u00e9 de simuler le comportement de syst\u00e8mes avant que la g\u00e9om\u00e9trie CAO d\u00e9taill\u00e9e ne soit disponible.","robots":{"index":"index","follow":"follow","max-snippet":"max-snippet:-1","max-image-preview":"max-image-preview:large","max-video-preview":"max-video-preview:-1"},"canonical":"https:\/\/www.istegroup.com\/fr\/produit\/modelisation-multiphysique-des-systemes-technologiques\/","og_locale":"en_US","og_type":"article","og_title":"Mod\u00e9lisation multiphysique des syst\u00e8mes technologiques - ISTE Group","og_description":"Cet ouvrage pr\u00e9sente les concepts fondamentaux de mod\u00e9lisation multiphysique \u00e0 param\u00e8tres localis\u00e9s. Cette approche permet de mod\u00e9liser des syst\u00e8mes technologiques multidomaines de type m\u00e9catronique et donne la possibilit\u00e9 de simuler le comportement de syst\u00e8mes avant que la g\u00e9om\u00e9trie CAO d\u00e9taill\u00e9e ne soit disponible.","og_url":"https:\/\/www.istegroup.com\/fr\/produit\/modelisation-multiphysique-des-systemes-technologiques\/","og_site_name":"ISTE Group","article_modified_time":"2024-01-03T13:43:26+00:00","og_image":[{"width":300,"height":451,"url":"https:\/\/www.istegroup.com\/wp-content\/uploads\/2019\/09\/Mod\u00e9lisation-multiphysique-des-syst\u00e8mes-technologiques.jpg","type":"image\/jpeg"}],"twitter_card":"summary_large_image","twitter_misc":{"Est. reading time":"1 minute"},"schema":{"@context":"https:\/\/schema.org","@graph":[{"@type":"WebPage","@id":"https:\/\/www.istegroup.com\/fr\/produit\/modelisation-multiphysique-des-systemes-technologiques\/","url":"https:\/\/www.istegroup.com\/fr\/produit\/modelisation-multiphysique-des-systemes-technologiques\/","name":"Mod\u00e9lisation multiphysique des syst\u00e8mes technologiques - ISTE Group","isPartOf":{"@id":"https:\/\/www.istegroup.com\/#website"},"primaryImageOfPage":{"@id":"https:\/\/www.istegroup.com\/fr\/produit\/modelisation-multiphysique-des-systemes-technologiques\/#primaryimage"},"image":{"@id":"https:\/\/www.istegroup.com\/fr\/produit\/modelisation-multiphysique-des-systemes-technologiques\/#primaryimage"},"thumbnailUrl":"https:\/\/www.istegroup.com\/wp-content\/uploads\/2019\/09\/Mod\u00e9lisation-multiphysique-des-syst\u00e8mes-technologiques.jpg","datePublished":"2020-02-20T10:31:01+00:00","dateModified":"2024-01-03T13:43:26+00:00","description":"Cet ouvrage pr\u00e9sente les concepts fondamentaux de mod\u00e9lisation multiphysique \u00e0 param\u00e8tres localis\u00e9s. Cette approche permet de mod\u00e9liser des syst\u00e8mes technologiques multidomaines de type m\u00e9catronique et donne la possibilit\u00e9 de simuler le comportement de syst\u00e8mes avant que la g\u00e9om\u00e9trie CAO d\u00e9taill\u00e9e ne soit disponible.","breadcrumb":{"@id":"https:\/\/www.istegroup.com\/fr\/produit\/modelisation-multiphysique-des-systemes-technologiques\/#breadcrumb"},"inLanguage":"en-US","potentialAction":[{"@type":"ReadAction","target":["https:\/\/www.istegroup.com\/fr\/produit\/modelisation-multiphysique-des-systemes-technologiques\/"]}]},{"@type":"ImageObject","inLanguage":"en-US","@id":"https:\/\/www.istegroup.com\/fr\/produit\/modelisation-multiphysique-des-systemes-technologiques\/#primaryimage","url":"https:\/\/www.istegroup.com\/wp-content\/uploads\/2019\/09\/Mod\u00e9lisation-multiphysique-des-syst\u00e8mes-technologiques.jpg","contentUrl":"https:\/\/www.istegroup.com\/wp-content\/uploads\/2019\/09\/Mod\u00e9lisation-multiphysique-des-syst\u00e8mes-technologiques.jpg","width":300,"height":451,"caption":"Ouvrage Mod\u00e9lisation multiphysique des syst\u00e8mes technologiques - Marc Budinger, Ion Hazyuk et Cl\u00e9ment Co\u00efc"},{"@type":"BreadcrumbList","@id":"https:\/\/www.istegroup.com\/fr\/produit\/modelisation-multiphysique-des-systemes-technologiques\/#breadcrumb","itemListElement":[{"@type":"ListItem","position":1,"name":"Home","item":"https:\/\/www.istegroup.com\/"},{"@type":"ListItem","position":2,"name":"Shop","item":"https:\/\/www.istegroup.com\/fr\/nouveautes\/"},{"@type":"ListItem","position":3,"name":"Mod\u00e9lisation multiphysique des syst\u00e8mes technologiques"}]},{"@type":"WebSite","@id":"https:\/\/www.istegroup.com\/#website","url":"https:\/\/www.istegroup.com\/","name":"ISTE Group","description":"Publishing Knowledge","potentialAction":[{"@type":"SearchAction","target":{"@type":"EntryPoint","urlTemplate":"https:\/\/www.istegroup.com\/?s={search_term_string}"},"query-input":{"@type":"PropertyValueSpecification","valueRequired":true,"valueName":"search_term_string"}}],"inLanguage":"en-US"}]}},"_links":{"self":[{"href":"https:\/\/www.istegroup.com\/en\/wp-json\/wp\/v2\/product\/22869","targetHints":{"allow":["GET"]}}],"collection":[{"href":"https:\/\/www.istegroup.com\/en\/wp-json\/wp\/v2\/product"}],"about":[{"href":"https:\/\/www.istegroup.com\/en\/wp-json\/wp\/v2\/types\/product"}],"wp:featuredmedia":[{"embeddable":true,"href":"https:\/\/www.istegroup.com\/en\/wp-json\/wp\/v2\/media\/22886"}],"wp:attachment":[{"href":"https:\/\/www.istegroup.com\/en\/wp-json\/wp\/v2\/media?parent=22869"}],"wp:term":[{"taxonomy":"product_brand","embeddable":true,"href":"https:\/\/www.istegroup.com\/en\/wp-json\/wp\/v2\/product_brand?post=22869"},{"taxonomy":"product_cat","embeddable":true,"href":"https:\/\/www.istegroup.com\/en\/wp-json\/wp\/v2\/product_cat?post=22869"},{"taxonomy":"product_tag","embeddable":true,"href":"https:\/\/www.istegroup.com\/en\/wp-json\/wp\/v2\/product_tag?post=22869"}],"curies":[{"name":"wp","href":"https:\/\/api.w.org\/{rel}","templated":true}]}}